{"id":10515,"date":"2024-08-30T16:09:57","date_gmt":"2024-08-30T20:09:57","guid":{"rendered":"https:\/\/cpcx.ufms.br\/?page_id=10515"},"modified":"2025-11-01T22:16:22","modified_gmt":"2025-11-02T02:16:22","slug":"horario-pgd-ufms-cpcx","status":"publish","type":"page","link":"https:\/\/cpcx.ufms.br\/en\/horario-pgd-ufms-cpcx\/","title":{"rendered":"Hor\u00e1rio PGD TAE&#8217;S"},"content":{"rendered":"<p style=\"text-align: justify\" data-start=\"541\" data-end=\"794\">Esta p\u00e1gina apresenta os <strong data-start=\"566\" data-end=\"614\">hor\u00e1rios de trabalho e formas de atendimento<\/strong> dos <strong data-start=\"619\" data-end=\"657\">servidores t\u00e9cnico-administrativos<\/strong> do <strong data-start=\"661\" data-end=\"733\">C\u00e2mpus de Coxim da Universidade Federal de Mato Grosso do Sul (UFMS)<\/strong> que aderiram ao <strong data-start=\"750\" data-end=\"791\">Programa de Gest\u00e3o e Desempenho (PGD)<\/strong>.<\/p>\n<p style=\"text-align: justify\" data-start=\"796\" data-end=\"1012\">O PGD \u00e9 uma iniciativa institucional da UFMS que busca <strong data-start=\"851\" data-end=\"886\">modernizar a gest\u00e3o do trabalho<\/strong>, promovendo <strong data-start=\"899\" data-end=\"919\">maior efici\u00eancia<\/strong>, <strong data-start=\"921\" data-end=\"938\">flexibilidade<\/strong> e <strong data-start=\"941\" data-end=\"963\">foco em resultados<\/strong> nas atividades desempenhadas pelos servidores.<\/p>\n<p style=\"text-align: justify\" data-start=\"1014\" data-end=\"1234\">Por meio deste espa\u00e7o, a comunidade acad\u00eamica pode <strong data-start=\"1065\" data-end=\"1104\">consultar os hor\u00e1rios de expediente<\/strong>, <strong data-start=\"1106\" data-end=\"1131\">canais de atendimento<\/strong> e <strong data-start=\"1134\" data-end=\"1161\">modalidades de trabalho<\/strong> (presencial, teletrabalho parcial ou integral) dos t\u00e9cnicos do c\u00e2mpus.<\/p>\n<p style=\"text-align: justify\" data-start=\"1236\" data-end=\"1321\">As informa\u00e7\u00f5es s\u00e3o atualizadas conforme as portarias e planos de trabalho vigentes.<\/p>\n<table style=\"border-collapse: collapse;width: 100%\">\n<tbody>\n<tr>\n<td style=\"width: 100%\">&nbsp;<\/td>\n<\/tr>\n<tr>\n<td style=\"width: 100%\"><a href=\"https:\/\/cpcx.ufms.br\/files\/2024\/08\/image.png\"><img fetchpriority=\"high\" decoding=\"async\" class=\"aligncenter wp-image-10511 size-full\" src=\"https:\/\/cpcx.ufms.br\/files\/2024\/08\/image-e1725048388216.png\" alt=\"\" width=\"969\" height=\"514\" srcset=\"https:\/\/cpcx.ufms.br\/files\/2024\/08\/image-e1725048388216.png 969w, https:\/\/cpcx.ufms.br\/files\/2024\/08\/image-e1725048388216-300x159.png 300w, https:\/\/cpcx.ufms.br\/files\/2024\/08\/image-e1725048388216-768x407.png 768w, https:\/\/cpcx.ufms.br\/files\/2024\/08\/image-e1725048388216-603x320.png 603w\" sizes=\"(max-width: 969px) 100vw, 969px\" \/><\/a><\/td>\n<\/tr>\n<\/tbody>\n<\/table>\n","protected":false},"excerpt":{"rendered":"<p>Esta p\u00e1gina apresenta os hor\u00e1rios de trabalho e formas de atendimento dos servidores t\u00e9cnico-administrativos do C\u00e2mpus de Coxim da Universidade Federal de Mato Grosso do Sul (UFMS) que aderiram ao Programa de Gest\u00e3o e Desempenho (PGD). O PGD \u00e9 uma iniciativa institucional da UFMS que busca modernizar a gest\u00e3o do trabalho, promovendo maior efici\u00eancia, flexibilidade [&hellip;]<\/p>\n","protected":false},"author":55297,"featured_media":0,"parent":0,"menu_order":0,"comment_status":"closed","ping_status":"closed","template":"page-templates\/full-width.php","meta":{"_eb_attr":"","ngg_post_thumbnail":0,"footnotes":""},"coauthors":[124,116],"class_list":["post-10515","page","type-page","status-publish","hentry"],"_links":{"self":[{"href":"https:\/\/cpcx.ufms.br\/en\/wp-json\/wp\/v2\/pages\/10515","targetHints":{"allow":["GET"]}}],"collection":[{"href":"https:\/\/cpcx.ufms.br\/en\/wp-json\/wp\/v2\/pages"}],"about":[{"href":"https:\/\/cpcx.ufms.br\/en\/wp-json\/wp\/v2\/types\/page"}],"author":[{"embeddable":true,"href":"https:\/\/cpcx.ufms.br\/en\/wp-json\/wp\/v2\/users\/55297"}],"replies":[{"embeddable":true,"href":"https:\/\/cpcx.ufms.br\/en\/wp-json\/wp\/v2\/comments?post=10515"}],"version-history":[{"count":8,"href":"https:\/\/cpcx.ufms.br\/en\/wp-json\/wp\/v2\/pages\/10515\/revisions"}],"predecessor-version":[{"id":13148,"href":"https:\/\/cpcx.ufms.br\/en\/wp-json\/wp\/v2\/pages\/10515\/revisions\/13148"}],"wp:attachment":[{"href":"https:\/\/cpcx.ufms.br\/en\/wp-json\/wp\/v2\/media?parent=10515"}],"wp:term":[{"taxonomy":"author","embeddable":true,"href":"https:\/\/cpcx.ufms.br\/en\/wp-json\/wp\/v2\/coauthors?post=10515"}],"curies":[{"name":"wp","href":"https:\/\/api.w.org\/{rel}","templated":true}]}}