{"id":1066,"date":"2015-04-28T16:53:49","date_gmt":"2015-04-28T20:53:49","guid":{"rendered":"http:\/\/cpcx.draconis.ufms.br\/?page_id=1066"},"modified":"2025-09-08T10:43:50","modified_gmt":"2025-09-08T14:43:50","slug":"coxim","status":"publish","type":"page","link":"https:\/\/cpcx.ufms.br\/en\/coxim\/","title":{"rendered":"Coxim"},"content":{"rendered":"<p style=\"text-align: justify\"><div class=\"panel panel-default\">\n\t\t\t\t<div class=\"panel-heading\">\n\t\t\t\t\t<h4 class=\"panel-title\">\n\t\t\t\t\t\t<a class=\"\" data-toggle=\"collapse\" data-parent=\"#single-collapse\" href=\"#single-collapse-0\">Localiza\u00e7\u00e3o e Caracter\u00edsticas Gerais<\/a>\n\t\t\t\t\t<\/h4>\n\t\t\t\t<\/div>\n\t\t\t\t<div id=\"single-collapse-0\" class=\"panel-collapse in\">\n\t\t\t\t\t<div class=\"panel-body\">\nCoxim \u00e9 um munic\u00edpio brasileiro com pouco mais de 33 mil habitantes distribu\u00eddos em pouco mais de 6,4 mil quil\u00f4metros quadrados, situado ao norte do estado de Mato Grosso do Sul, na microrregi\u00e3o do Alto Taquari, no final do corredor do vale do rio Taquari.<br data-start=\"460\" data-end=\"463\">Tem na pecu\u00e1ria, no com\u00e9rcio, no funcionalismo p\u00fablico e no turismo suas principais fontes de renda, caracterizando-se atualmente como um polo universit\u00e1rio e de sa\u00fade regional.<br \/>\n<\/div>\n\t\t\t\t<\/div>\n\t\t\t<\/div>\n<p style=\"text-align: justify\"><div class=\"panel panel-default\">\n\t\t\t\t<div class=\"panel-heading\">\n\t\t\t\t\t<h4 class=\"panel-title\">\n\t\t\t\t\t\t<a class=\"collapsed\" data-toggle=\"collapse\" data-parent=\"#single-collapse\" href=\"#single-collapse-1\">Origem e Hist\u00f3ria<\/a>\n\t\t\t\t\t<\/h4>\n\t\t\t\t<\/div>\n\t\t\t\t<div id=\"single-collapse-1\" class=\"panel-collapse collapse\">\n\t\t\t\t\t<div class=\"panel-body\">\nIniciou-se como um pequeno povoado, denominado de <strong data-start=\"726\" data-end=\"748\">Arraial de Beliago<\/strong>, em <strong data-start=\"753\" data-end=\"761\">1729<\/strong>, para dar apoio \u00e0s mon\u00e7\u00f5es paulistas que por aqui passavam na corrida rumo ao eldorado cuiabano.<br data-start=\"858\" data-end=\"861\">Foi elevada \u00e0 categoria de n\u00facleo populacional e freguesia at\u00e9 obter, d\u00e9cadas depois, sua <strong data-start=\"951\" data-end=\"998\">emancipa\u00e7\u00e3o pol\u00edtico-administrativa em 1898<\/strong>.<br \/>\n<\/div>\n\t\t\t\t<\/div>\n\t\t\t<\/div>\n<p style=\"text-align: justify\"><div class=\"panel panel-default\">\n\t\t\t\t<div class=\"panel-heading\">\n\t\t\t\t\t<h4 class=\"panel-title\">\n\t\t\t\t\t\t<a class=\"collapsed\" data-toggle=\"collapse\" data-parent=\"#single-collapse\" href=\"#single-collapse-2\">Posi\u00e7\u00e3o Estrat\u00e9gica e Indicadores<\/a>\n\t\t\t\t\t<\/h4>\n\t\t\t\t<\/div>\n\t\t\t\t<div id=\"single-collapse-2\" class=\"panel-collapse collapse\">\n\t\t\t\t\t<div class=\"panel-body\">\nCoxim dista cerca de <strong data-start=\"1072\" data-end=\"1116\">240 km da capital estadual, Campo Grande<\/strong>, e <strong data-start=\"1120\" data-end=\"1142\">980 km de Bras\u00edlia<\/strong>.<br data-start=\"1143\" data-end=\"1146\">Possui a <strong data-start=\"1155\" data-end=\"1190\">229\u00aa maior extens\u00e3o territorial<\/strong> entre os munic\u00edpios brasileiros, a <strong data-start=\"1226\" data-end=\"1251\">12\u00aa maior \u00e1rea urbana<\/strong> de Mato Grosso do Sul e ocupa o <strong data-start=\"1284\" data-end=\"1311\">19\u00ba maior PIB do estado<\/strong>.<br data-start=\"1312\" data-end=\"1315\">Segundo a <strong data-start=\"1325\" data-end=\"1332\">ONU<\/strong>, apresenta um <strong data-start=\"1347\" data-end=\"1402\">\u00cdndice de Desenvolvimento Humano considerado \u201calto\u201d<\/strong>.<br \/>\n<\/div>\n\t\t\t\t<\/div>\n\t\t\t<\/div>\n<div class=\"panel panel-default\">\n\t\t\t\t<div class=\"panel-heading\">\n\t\t\t\t\t<h4 class=\"panel-title\">\n\t\t\t\t\t\t<a class=\"collapsed\" data-toggle=\"collapse\" data-parent=\"#single-collapse\" href=\"#single-collapse-3\">Natureza e Clima<\/a>\n\t\t\t\t\t<\/h4>\n\t\t\t\t<\/div>\n\t\t\t\t<div id=\"single-collapse-3\" class=\"panel-collapse collapse\">\n\t\t\t\t\t<div class=\"panel-body\">\n<p data-start=\"1438\" data-end=\"1595\">Entrecortado por rios, serras, cerrado e pantanais, o munic\u00edpio destaca-se tamb\u00e9m por seu <strong data-start=\"1528\" data-end=\"1564\">clima tropical, com inverno seco<\/strong>.<br data-start=\"1565\" data-end=\"1568\">Esse cen\u00e1rio proporciona:<\/p>\n<p data-start=\"1438\" data-end=\"1595\"><ul class=\"list-group\">\n<li   class=\"list-group-item\">\n<p>Nuances multicoloridas com a florada dos ip\u00eas<\/p>\n<p data-start=\"1438\" data-end=\"1595\"><\/li>\n<li   class=\"list-group-item\">\n<p>A revoada dos p\u00e1ssaros<\/p>\n<p data-start=\"1438\" data-end=\"1595\"><\/li>\n<li   class=\"list-group-item\">\nO espet\u00e1culo da piracema<br \/>\n<\/li><li   class=\"list-group-item\">\nDias ensolarados e c\u00e9u azul-claro por mais de <strong data-start=\"1753\" data-end=\"1772\">300 dias ao ano<\/strong><br \/>\n<\/li>\n<\/ul>\n<p data-start=\"1777\" data-end=\"1927\">Esse ambiente natural impulsiona o turismo, majoritariamente de pesca, mas com crescimento significativo do <strong data-start=\"1885\" data-end=\"1899\">ecoturismo<\/strong> nas \u00faltimas duas d\u00e9cadas.<\/p>\n<\/div>\n\t\t\t\t<\/div>\n\t\t\t<\/div>\n<div class=\"panel panel-default\">\n\t\t\t\t<div class=\"panel-heading\">\n\t\t\t\t\t<h4 class=\"panel-title\">\n\t\t\t\t\t\t<a class=\"collapsed\" data-toggle=\"collapse\" data-parent=\"#single-collapse\" href=\"#single-collapse-4\">Turismo e Atrativos<\/a>\n\t\t\t\t\t<\/h4>\n\t\t\t\t<\/div>\n\t\t\t\t<div id=\"single-collapse-4\" class=\"panel-collapse collapse\">\n\t\t\t\t\t<div class=\"panel-body\">\nCoxim conta com:<\/p>\n<ul class=\"list-group\">\n<li   class=\"list-group-item\">\nDezenas de Balne\u00e1rios<br \/>\n<\/li>\n<li   class=\"list-group-item\">\nCentenas de Pesqueiros e \u00e1reas de camping<br \/>\n<\/li>\n<li   class=\"list-group-item\">\nRios, c\u00f3rregos, cachoeiras, corredeiras ba\u00edas e ilhas<br \/>\n<\/li>\n<\/ul>\n<p>Esses recursos sustentam atividades como:<\/p>\n<ul class=\"list-group\">\n<li   class=\"list-group-item\">\nPasseios de barco e chalana pantaneira<br \/>\n<\/li>\n<li   class=\"list-group-item\">\nExpedi\u00e7\u00f5es tem\u00e1ticas (Rota das Mon\u00e7\u00f5es, Vila dos Diamantes)<br \/>\n<\/li>\n<li   class=\"list-group-item\">\nSaf\u00e1ris terrestres pelo <strong data-start=\"2304\" data-end=\"2328\">Pantanal de Paiagu\u00e1s<\/strong><br \/>\n<\/li><li   class=\"list-group-item\">\nTrilhas ecol\u00f3gicas<br \/>\n<\/li>\n<\/ul>\n<p data-start=\"2357\" data-end=\"2463\">A ess\u00eancia do turismo coxinense \u00e9 pautada no <strong data-start=\"2402\" data-end=\"2460\">descanso e lazer em contato com a natureza e sua gente<\/strong>.<\/p>\n<\/div>\n\t\t\t\t<\/div>\n\t\t\t<\/div>\n<div class=\"panel panel-default\">\n\t\t\t\t<div class=\"panel-heading\">\n\t\t\t\t\t<h4 class=\"panel-title\">\n\t\t\t\t\t\t<a class=\"collapsed\" data-toggle=\"collapse\" data-parent=\"#single-collapse\" href=\"#single-collapse-5\">Denomina\u00e7\u00f5es Populares<\/a>\n\t\t\t\t\t<\/h4>\n\t\t\t\t<\/div>\n\t\t\t\t<div id=\"single-collapse-5\" class=\"panel-collapse collapse\">\n\t\t\t\t\t<div class=\"panel-body\">\nCoxim \u00e9 reconhecida por tr\u00eas denomina\u00e7\u00f5es tradicionais:<\/p>\n<ul class=\"list-group\">\n<li   class=\"list-group-item\">\nCapital Nacional do Peixe<br \/>\n<\/li>\n<li   class=\"list-group-item\">\nTerra do P\u00e9 de Cedro<br \/>\n<\/li>\n<li   class=\"list-group-item\">\nPortal Mon\u00e7oeiro do Pantanal<br \/>\n<\/li>\n<\/ul>\n<\/div>\n\t\t\t\t<\/div>\n\t\t\t<\/div>\n<div class=\"panel panel-default\">\n\t\t\t\t<div class=\"panel-heading\">\n\t\t\t\t\t<h4 class=\"panel-title\">\n\t\t\t\t\t\t<a class=\"collapsed\" data-toggle=\"collapse\" data-parent=\"#single-collapse\" href=\"#single-collapse-6\">Fluxo Tur\u00edstico<\/a>\n\t\t\t\t\t<\/h4>\n\t\t\t\t<\/div>\n\t\t\t\t<div id=\"single-collapse-6\" class=\"panel-collapse collapse\">\n\t\t\t\t\t<div class=\"panel-body\">\nAtualmente, cerca de <strong data-start=\"2712\" data-end=\"2731\">30 mil turistas<\/strong> visitam Coxim anualmente:<\/p>\n<ul class=\"list-group\">\n<li   class=\"list-group-item\">\n<strong data-start=\"2762\" data-end=\"2769\">90%<\/strong> em atividades ligadas \u00e0 pesca e camping<br \/>\n<\/li>\n<li   class=\"list-group-item\">\nO restante em eventos, balne\u00e1rios e ecoturismo<br \/>\n<\/li>\n<\/ul>\n<\/div>\n\t\t\t\t<\/div>\n\t\t\t<\/div>\n<p style=\"text-align: justify\"><div class=\"panel panel-default\">\n\t\t\t\t<div class=\"panel-heading\">\n\t\t\t\t\t<h4 class=\"panel-title\">\n\t\t\t\t\t\t<a class=\"collapsed\" data-toggle=\"collapse\" data-parent=\"#single-collapse\" href=\"#single-collapse-7\">Riqueza dos Biomas<\/a>\n\t\t\t\t\t<\/h4>\n\t\t\t\t<\/div>\n\t\t\t\t<div id=\"single-collapse-7\" class=\"panel-collapse collapse\">\n\t\t\t\t\t<div class=\"panel-body\">\n<strong>Pantanal<\/strong>: Maior santu\u00e1rio ecol\u00f3gico do mundo em n\u00famero de esp\u00e9cies de aves e peixes, al\u00e9m de ser a maior plan\u00edcie inund\u00e1vel de \u00e1gua doce do planeta.<\/p>\n<p style=\"text-align: justify\"><ul class=\"list-group\">\n<li   class=\"list-group-item\">\nEm <strong data-start=\"3062\" data-end=\"3070\">2000<\/strong>, foi elevado \u00e0 categoria de <strong data-start=\"3099\" data-end=\"3135\">Patrim\u00f4nio Natural da Humanidade<\/strong> como <strong data-start=\"3141\" data-end=\"3164\">Reserva da Biosfera<\/strong><br \/>\n<\/li>\n<li   class=\"list-group-item\">\nEm <strong data-start=\"3176\" data-end=\"3184\">2015<\/strong>, foi considerado o <strong data-start=\"3204\" data-end=\"3241\">4\u00ba destino mais desejado do mundo<\/strong> por viajantes internacionais<br \/>\n<\/li>\n<\/ul>\n<p style=\"text-align: justify\"><strong>Cerrado<\/strong>: Bioma de import\u00e2ncia plena, com belezas raras e paisagens t\u00edpicas, sendo considerado um dos ecossistemas com <strong data-start=\"3399\" data-end=\"3434\">maior biodiversidade do planeta<\/strong>.<br \/>\n<\/div>\n\t\t\t\t<\/div>\n\t\t\t<\/div>\n<div class=\"panel panel-default\">\n\t\t\t\t<div class=\"panel-heading\">\n\t\t\t\t\t<h4 class=\"panel-title\">\n\t\t\t\t\t\t<a class=\"collapsed\" data-toggle=\"collapse\" data-parent=\"#single-collapse\" href=\"#single-collapse-8\">Identidade Cultural e Natural<\/a>\n\t\t\t\t\t<\/h4>\n\t\t\t\t<\/div>\n\t\t\t\t<div id=\"single-collapse-8\" class=\"panel-collapse collapse\">\n\t\t\t\t\t<div class=\"panel-body\">\n<p data-start=\"3483\" data-end=\"3657\">Enfim, Coxim \u2014 seja como <strong data-start=\"3508\" data-end=\"3537\">Capital Nacional do Peixe<\/strong>, <strong data-start=\"3539\" data-end=\"3563\">Terra do P\u00e9 de Cedro<\/strong> ou <strong data-start=\"3567\" data-end=\"3599\">Portal Mon\u00e7oeiro do Pantanal<\/strong> \u2014 respira, ainda hoje, <strong data-start=\"3623\" data-end=\"3654\">natureza, cultura e turismo<\/strong>!<\/p>\n<p data-start=\"3483\" data-end=\"3657\"><strong data-start=\"3667\" data-end=\"3677\">Fonte:<\/strong> Centro de Atendimento ao Turista \u2013 <em data-start=\"3713\" data-end=\"3743\">Ariel Albrecht (turism\u00f3logo)<\/em><\/p>\n<p data-start=\"3483\" data-end=\"3657\"><\/div>\n\t\t\t\t<\/div>\n\t\t\t<\/div>\n<hr>\n<h2>Mais Informa\u00e7\u00f5es<\/h2>\n<ul class=\"nav nav-tabs\" id=\"\"><li class=\"active\"><a href=\"#custom-tab-0-989fcd6a6f613b9195605cb90c3720c0\" data-toggle=\"tab\" >HOT\u00c9IS<\/a><\/li><li><a href=\"#custom-tab-0-2379701788f4592b7ddd1e2e6e69585a\" data-toggle=\"tab\" >RESTAURANTES<\/a><\/li><li><a href=\"#custom-tab-0-aca65e021b3a0f70bfffe4fa2544823b\" data-toggle=\"tab\" >MEIOS DE TRANSPORTE EM COXIM<\/a><\/li><li><a href=\"#custom-tab-0-703f9c08bf57b9e6710cd9505260731c\" data-toggle=\"tab\" >GALERIA<\/a><\/li><li><a href=\"#custom-tab-0-6cbbeed6310ef03855b35e648a01d2f3\" data-toggle=\"tab\" >COMO CHEGAR<\/a><\/li><\/ul><div class=\"tab-content\">\n<div id=\"custom-tab-0-989fcd6a6f613b9195605cb90c3720c0\" class=\"tab-pane active\">\n<ul class=\"list-group\">\n<li   class=\"list-group-item\">\n<strong><span style=\"text-decoration: underline\">Hotel Tayam\u00e3<\/span><\/strong><br \/>\nEndere\u00e7o: Avenida Virg\u00ednia Ferreira, n\u00ba 1009, Bairro Fl\u00e1vio Garcia.<br \/>\nTelefone: (67) 3291-3647.<br \/>\n<\/li>\n<li   class=\"list-group-item\">\n<span style=\"text-decoration: underline\"><strong>Hotel Coxim<\/strong><br \/>\n<\/span>Rodovia BR-163 &nbsp;&#8211; Km 726, n\u00ba 500, Bairro Piracema.<br \/>\nTelefone: (67) 3291-1480.<br \/>\n<\/li>\n<li   class=\"list-group-item\">\n<strong><span style=\"text-decoration: underline\">Hotel Avenida<\/span><\/strong><br \/>\n<span class=\"street-address\">Avenida Virginia Ferreira, n\u00ba 479, Bairro<\/span>&nbsp;<span class=\"extended-address\">Flavio Garcia.<br \/>\nTelefone: (67) 3291-5530.<\/span><br \/>\n<\/li>\n<li   class=\"list-group-item\">\n<strong><span style=\"text-decoration: underline\">Hotel Rio<\/span><\/strong><br \/>\n<span class=\"street-address\">Rua Filinto Muller, n\u00ba 651, Bairro&nbsp;<\/span><span class=\"extended-address\">Centro.<br \/>\nTelefone: (67) 3291-1295.<\/span><br \/>\n<\/li>\n<li   class=\"list-group-item\">\n<span style=\"text-decoration: underline\"><strong>Hotel B\u00fafalo Branco<\/strong><br \/>\n<\/span>Endere\u00e7o: Rua Crecencio da Silva, n\u00ba 165, Bairro Piracema.<br \/>\nTelefone: (67) 3291-4444.<br \/>\n<\/li>\n<li   class=\"list-group-item\">\n<span style=\"text-decoration: underline\"><strong>Hotel Piracema<\/strong><br \/>\n<\/span>Endere\u00e7o: Travessa Taquari, n\u00ba 15, Bairro Piracema.<br \/>\nTelefone: (67) 3291-1610.<br \/>\n<\/li>\n<li   class=\"list-group-item\">\n<span style=\"text-decoration: underline\"><strong>Hotel P\u00e9 de Cedro<\/strong><br \/>\n<\/span>Avenida Presidente Vargas, n\u00ba 991, Bairro Centro.<br \/>\nTelefone: (67) 3291-3344.<br \/>\n<\/li>\n<li   class=\"list-group-item\">\n<span style=\"text-decoration: underline\"><strong>Hotel Neves<\/strong><br \/>\n<\/span>Avenida Gaspar Reis Coelho, n\u00ba 1931, Bairro Fl\u00e1vio Garcia.<br \/>\nTelefone: (67) 3291-1273.<br \/>\n<\/li>\n<li   class=\"list-group-item\">\n<span style=\"text-decoration: underline\"><strong>Hotel Esplanada<\/strong><br \/>\n<\/span>BR 163, Km 725, S\/N, Bairro Nova Coxim.<br \/>\nTelefone: (67) 3291-3651.<br \/>\n<\/li>\n<\/ul>\n<\/div>\n<div id=\"custom-tab-0-2379701788f4592b7ddd1e2e6e69585a\" class=\"tab-pane\">\n<ul class=\"list-group\">\n<li   class=\"list-group-item\">\n<span style=\"text-decoration: underline\"><strong>Senzala Restaurante<\/strong><br \/>\n<\/span>Rua Padre Jos\u00e9 Nunes Dias, n\u00ba 20, Bairro Centro.<br \/>\nTelefone: (67) 3291-1904.<br \/>\n<\/li>\n<li   class=\"list-group-item\">\n<span style=\"text-decoration: underline\"><strong>Restaurante Araras<\/strong><br \/>\n<\/span>BR-163 &#8211; Km 727 &#8211; Anexo Posto Petrobras, Bairro Piracema.<br \/>\nTelefone: (67) 3291-8818.<br \/>\n<\/li>\n<li   class=\"list-group-item\">\n<span style=\"text-decoration: underline\"><strong>Restaurante Tapera do Waltinho<\/strong><br \/>\n<\/span>Avenida Virg\u00ednia Ferreira, n\u00ba 1369, Bairro Fl\u00e1vio Garcia.<br \/>\nTelefone: (67) 3291-2803.<br \/>\n<\/li>\n<li   class=\"list-group-item\">\n<span style=\"text-decoration: underline\"><strong>Pizzaria e Lanchonete Comitiva<\/strong><br \/>\n<\/span>Avenida Gaspar Reis Coelho, n\u00ba 940, Bairro Fl\u00e1vio Garcia.<br \/>\nTelefone: (67) 3291-7555.<br \/>\n<\/li>\n<li   class=\"list-group-item\">\n<span style=\"text-decoration: underline\"><strong>Lanchonete Viajando na Maionese<\/strong><br \/>\n<\/span>Rua Bel\u00e9m, n\u00ba 36, Bairro Fl\u00e1vio Garcia.<br \/>\nTelefone: (67) 3291-7811.<br \/>\n<\/li>\n<li   class=\"list-group-item\">\n<span style=\"text-decoration: underline\"><strong>Restaurante Calif\u00f3rnia<\/strong><br \/>\n<\/span>Rua das Orqu\u00eddeas, n\u00ba 52, Bairro Senhor Divino.<br \/>\nTelefone: (67) 3291-2398.<br \/>\n<\/li>\n<li   class=\"list-group-item\">\n<span style=\"text-decoration: underline\"><strong>Pizzaria Nossa Casa<\/strong><br \/>\n<\/span>Rua Miranda Reis, n\u00ba 751, Bairro Mendes Mour\u00e3o.<br \/>\nTelefone: (67) 3291-2388.<br \/>\n<\/li>\n<li   class=\"list-group-item\">\n<span style=\"text-decoration: underline\"><strong>Cabana do Osmar<\/strong><br \/>\n<\/span>Avenida Coronel Pedro Severo, n\u00ba 276, Bairro Vila Santa.<br \/>\nTelefone: (67) 3291-3902.<br \/>\n<\/li>\n<\/ul>\n<\/div>\n<div id=\"custom-tab-0-aca65e021b3a0f70bfffe4fa2544823b\" class=\"tab-pane\">\n<ul class=\"list-group\">\n<li   class=\"list-group-item\">\n<span style=\"text-decoration: underline\"><strong><a href=\"http:\/\/cpcx.draconis.ufms.br\/files\/2016\/07\/horario_onibusX.pdf\" target=\"_blank\" rel=\"noopener\">Hor\u00e1rio e Roteiro dos \u00d4nibus<br \/>\n<\/a><\/strong><\/span>Transporte p\u00fablico municipal.<br \/>\n<\/li>\n<li   class=\"list-group-item\">\n<span style=\"text-decoration: underline\"><strong>Moto T\u00e1xi MS<\/strong><br \/>\n<\/span>Rua Governador Pedro Pedrossian, n\u00ba 417, Bairro Senhor Divino.<br \/>\nTelefone: (67) 3291-6669.<br \/>\n<\/li>\n<li   class=\"list-group-item\">\n<span style=\"text-decoration: underline\"><strong>Moto T\u00e1xi P\u00e9 de Cedro<\/strong><br \/>\n<\/span>Rua Afonso da Costa Campos, n\u00ba 1122, Bairro Senhor Divino.<br \/>\nTelefone: (67) 3291-3600.<br \/>\n<\/li>\n<li   class=\"list-group-item\">\n<span style=\"text-decoration: underline\"><strong>Moto T\u00e1xi P\u00e9 de Coelho<\/strong><br \/>\n<\/span>Rua Ant\u00f4nio S. Mour\u00e3o, n\u00ba 201, Bairro S\u00e3o Judas Tadeu.<br \/>\nTelefone: (67) 3291-3318.<br \/>\n<\/li>\n<\/ul>\n<\/div>\n<div id=\"custom-tab-0-703f9c08bf57b9e6710cd9505260731c\" class=\"tab-pane\">\n<p style=\"text-align: center\"><div id=\"metaslider-id-11862\" style=\"width: 100%;\" class=\"ml-slider-3-98-0 metaslider metaslider-flex metaslider-11862 ml-slider has-onhover-arrows has-dots-onhover-navigation ml-slider-lightbox-1-13-4 lightbox-disabled ms-theme-bitono\" role=\"region\" aria-roledescription=\"Slideshow\" aria-label=\"Coxim\" data-width=\"300\">\n    <div id=\"metaslider_container_11862\">\n        <div id=\"metaslider_11862\">\n            <ul class='slides'>\n                <li style=\"display: block; width: 100%;\" class=\"slide-11888 ms-image \" aria-roledescription=\"slide\" aria-label=\"slide-11888\" data-date=\"2025-08-08 14:49:45\"><img fetchpriority=\"high\" decoding=\"async\" src=\"https:\/\/cpcx.ufms.br\/files\/2025\/08\/hospital-300x225.jpeg\" height=\"225\" width=\"300\" alt=\"\" class=\"slider-11862 slide-11888\" title=\"hospital\" \/><\/li>\n                <li style=\"display: none; width: 100%;\" class=\"slide-11889 ms-image \" aria-roledescription=\"slide\" aria-label=\"slide-11889\" data-date=\"2025-08-08 14:49:46\"><img decoding=\"async\" src=\"https:\/\/cpcx.ufms.br\/files\/2025\/08\/quartel-300x225.jpg\" height=\"225\" width=\"300\" alt=\"\" class=\"slider-11862 slide-11889\" title=\"quartel\" \/><\/li>\n                <li style=\"display: none; width: 100%;\" class=\"slide-11890 ms-image \" aria-roledescription=\"slide\" aria-label=\"slide-11890\" data-date=\"2025-08-08 14:49:46\"><img decoding=\"async\" src=\"https:\/\/cpcx.ufms.br\/files\/2025\/08\/predio_de_coxim_hernandes_jr-300x225.jpg\" height=\"225\" width=\"300\" alt=\"\" class=\"slider-11862 slide-11890\" title=\"predio_de_coxim_hernandes_jr\" \/><\/li>\n                <li style=\"display: none; width: 100%;\" class=\"slide-11891 ms-image \" aria-roledescription=\"slide\" aria-label=\"slide-11891\" data-date=\"2025-08-08 14:49:46\"><img loading=\"lazy\" decoding=\"async\" src=\"https:\/\/cpcx.ufms.br\/files\/2025\/08\/pontes_coxim-300x225.jpg\" height=\"225\" width=\"300\" alt=\"\" class=\"slider-11862 slide-11891\" title=\"pontes_coxim\" \/><\/li>\n                <li style=\"display: none; width: 100%;\" class=\"slide-11892 ms-image \" aria-roledescription=\"slide\" aria-label=\"slide-11892\" data-date=\"2025-08-08 14:49:46\"><img loading=\"lazy\" decoding=\"async\" src=\"https:\/\/cpcx.ufms.br\/files\/2025\/08\/coxim_predio_eduardo_bampi-300x225.jpg\" height=\"225\" width=\"300\" alt=\"\" class=\"slider-11862 slide-11892\" title=\"coxim_predio_eduardo_bampi\" \/><\/li>\n                <li style=\"display: none; width: 100%;\" class=\"slide-11893 ms-image \" aria-roledescription=\"slide\" aria-label=\"slide-11893\" data-date=\"2025-08-08 14:49:46\"><img loading=\"lazy\" decoding=\"async\" src=\"https:\/\/cpcx.ufms.br\/files\/2025\/08\/avenida-scaled-300x225.jpg\" height=\"225\" width=\"300\" alt=\"\" class=\"slider-11862 slide-11893\" title=\"avenida\" \/><\/li>\n                <li style=\"display: none; width: 100%;\" class=\"slide-11894 ms-image \" aria-roledescription=\"slide\" aria-label=\"slide-11894\" data-date=\"2025-08-08 14:49:46\"><img loading=\"lazy\" decoding=\"async\" src=\"https:\/\/cpcx.ufms.br\/files\/2025\/08\/vista_aerea_coxim_eduardo_bampi-300x225.jpg\" height=\"225\" width=\"300\" alt=\"\" class=\"slider-11862 slide-11894\" title=\"vista_aerea_coxim_eduardo_bampi\" \/><\/li>\n                <li style=\"display: none; width: 100%;\" class=\"slide-11895 ms-image \" aria-roledescription=\"slide\" aria-label=\"slide-11895\" data-date=\"2025-08-08 14:49:46\"><img loading=\"lazy\" decoding=\"async\" src=\"https:\/\/cpcx.ufms.br\/files\/2025\/08\/pedalCoxim-300x225.jpg\" height=\"225\" width=\"300\" alt=\"\" class=\"slider-11862 slide-11895\" title=\"*\" \/><div class=\"caption-wrap\"><div class=\"caption\">*<\/div><\/div><\/li>\n                <li style=\"display: none; width: 100%;\" class=\"slide-11896 ms-image \" aria-roledescription=\"slide\" aria-label=\"slide-11896\" data-date=\"2025-08-08 14:49:46\"><img loading=\"lazy\" decoding=\"async\" src=\"https:\/\/cpcx.ufms.br\/files\/2025\/08\/motos-300x225.jpg\" height=\"225\" width=\"300\" alt=\"\" class=\"slider-11862 slide-11896\" title=\"motos\" \/><\/li>\n                <li style=\"display: none; width: 100%;\" class=\"slide-11897 ms-image \" aria-roledescription=\"slide\" aria-label=\"slide-11897\" data-date=\"2025-08-08 14:49:46\"><img loading=\"lazy\" decoding=\"async\" src=\"https:\/\/cpcx.ufms.br\/files\/2025\/08\/foto_assessoria-de-imprensa-300x225.jpg\" height=\"225\" width=\"300\" alt=\"\" class=\"slider-11862 slide-11897\" title=\"foto_assessoria-de-imprensa\" \/><\/li>\n                <li style=\"display: none; width: 100%;\" class=\"slide-11898 ms-image \" aria-roledescription=\"slide\" aria-label=\"slide-11898\" data-date=\"2025-08-08 14:49:46\"><img loading=\"lazy\" decoding=\"async\" src=\"https:\/\/cpcx.ufms.br\/files\/2025\/08\/foto-maikon-leal-pesca-300x225.jpg\" height=\"225\" width=\"300\" alt=\"\" class=\"slider-11862 slide-11898\" title=\"foto-maikon-leal-pesca\" \/><\/li>\n                <li style=\"display: none; width: 100%;\" class=\"slide-11899 ms-image \" aria-roledescription=\"slide\" aria-label=\"slide-11899\" data-date=\"2025-08-08 14:49:47\"><img loading=\"lazy\" decoding=\"async\" src=\"https:\/\/cpcx.ufms.br\/files\/2025\/08\/rio_taquari_adriano_bukowski-300x225.jpg\" height=\"225\" width=\"300\" alt=\"\" class=\"slider-11862 slide-11899\" title=\"rio_taquari_adriano_bukowski\" \/><\/li>\n                <li style=\"display: none; width: 100%;\" class=\"slide-11900 ms-image \" aria-roledescription=\"slide\" aria-label=\"slide-11900\" data-date=\"2025-08-08 14:49:47\"><img loading=\"lazy\" decoding=\"async\" src=\"https:\/\/cpcx.ufms.br\/files\/2025\/08\/ponte_velha_jefferson_ravedutti-300x225.jpg\" height=\"225\" width=\"300\" alt=\"\" class=\"slider-11862 slide-11900\" title=\"ponte_velha_jefferson_ravedutti\" \/><\/li>\n                <li style=\"display: none; width: 100%;\" class=\"slide-11901 ms-image \" aria-roledescription=\"slide\" aria-label=\"slide-11901\" data-date=\"2025-08-08 14:49:47\"><img loading=\"lazy\" decoding=\"async\" src=\"https:\/\/cpcx.ufms.br\/files\/2025\/08\/Coxin-foto-Nelciele3-300x225.jpg\" height=\"225\" width=\"300\" alt=\"\" class=\"slider-11862 slide-11901\" title=\"Coxin-foto-Nelciele3\" \/><\/li>\n                <li style=\"display: none; width: 100%;\" class=\"slide-11902 ms-image \" aria-roledescription=\"slide\" aria-label=\"slide-11902\" data-date=\"2025-08-08 14:49:47\"><img loading=\"lazy\" decoding=\"async\" src=\"https:\/\/cpcx.ufms.br\/files\/2025\/08\/UEMS-300x225.jpeg\" height=\"225\" width=\"300\" alt=\"\" class=\"slider-11862 slide-11902\" title=\"UEMS\" \/><\/li>\n            <\/ul>\n        <\/div>\n        \n    <\/div>\n<\/div>\n<\/div>\n<div id=\"custom-tab-0-6cbbeed6310ef03855b35e648a01d2f3\" class=\"tab-pane\">\n<p>Quer conhecer as belezas e encantos naturais de Coxim? Clique na imagem abaixo para saber como chegar e planejar sua visita!<\/p>\n<p><a href=\"https:\/\/maps.app.goo.gl\/sK3BSdSSaSwjuT7WA\" target=\"_blank\" rel=\"noopener\"><img loading=\"lazy\" decoding=\"async\" class=\"wp-image-11907 size-large aligncenter\" src=\"https:\/\/cpcx.ufms.br\/files\/2025\/08\/Captura-de-tela-2025-08-08-151423-1024x463.png\" alt=\"\" width=\"1024\" height=\"463\" srcset=\"https:\/\/cpcx.ufms.br\/files\/2025\/08\/Captura-de-tela-2025-08-08-151423-1024x463.png 1024w, https:\/\/cpcx.ufms.br\/files\/2025\/08\/Captura-de-tela-2025-08-08-151423-300x136.png 300w, https:\/\/cpcx.ufms.br\/files\/2025\/08\/Captura-de-tela-2025-08-08-151423-768x347.png 768w, https:\/\/cpcx.ufms.br\/files\/2025\/08\/Captura-de-tela-2025-08-08-151423-1536x694.png 1536w, https:\/\/cpcx.ufms.br\/files\/2025\/08\/Captura-de-tela-2025-08-08-151423-708x320.png 708w, https:\/\/cpcx.ufms.br\/files\/2025\/08\/Captura-de-tela-2025-08-08-151423.png 1919w\" sizes=\"(max-width: 1024px) 100vw, 1024px\" \/><\/a><\/p>\n<\/div>\n<\/div>\n","protected":false},"excerpt":{"rendered":"<p>Mais Informa\u00e7\u00f5es<\/p>\n","protected":false},"author":1481,"featured_media":2676,"parent":0,"menu_order":0,"comment_status":"closed","ping_status":"open","template":"page-templates\/page-coordenadorias.php","meta":{"_eb_attr":"","ngg_post_thumbnail":0,"footnotes":""},"coauthors":[129,116],"class_list":["post-1066","page","type-page","status-publish","has-post-thumbnail","hentry"],"_links":{"self":[{"href":"https:\/\/cpcx.ufms.br\/en\/wp-json\/wp\/v2\/pages\/1066","targetHints":{"allow":["GET"]}}],"collection":[{"href":"https:\/\/cpcx.ufms.br\/en\/wp-json\/wp\/v2\/pages"}],"about":[{"href":"https:\/\/cpcx.ufms.br\/en\/wp-json\/wp\/v2\/types\/page"}],"author":[{"embeddable":true,"href":"https:\/\/cpcx.ufms.br\/en\/wp-json\/wp\/v2\/users\/1481"}],"replies":[{"embeddable":true,"href":"https:\/\/cpcx.ufms.br\/en\/wp-json\/wp\/v2\/comments?post=1066"}],"version-history":[{"count":31,"href":"https:\/\/cpcx.ufms.br\/en\/wp-json\/wp\/v2\/pages\/1066\/revisions"}],"predecessor-version":[{"id":12128,"href":"https:\/\/cpcx.ufms.br\/en\/wp-json\/wp\/v2\/pages\/1066\/revisions\/12128"}],"wp:featuredmedia":[{"embeddable":true,"href":"https:\/\/cpcx.ufms.br\/en\/wp-json\/wp\/v2\/media\/2676"}],"wp:attachment":[{"href":"https:\/\/cpcx.ufms.br\/en\/wp-json\/wp\/v2\/media?parent=1066"}],"wp:term":[{"taxonomy":"author","embeddable":true,"href":"https:\/\/cpcx.ufms.br\/en\/wp-json\/wp\/v2\/coauthors?post=1066"}],"curies":[{"name":"wp","href":"https:\/\/api.w.org\/{rel}","templated":true}]}}