{"id":10753,"date":"2024-10-30T08:43:03","date_gmt":"2024-10-30T12:43:03","guid":{"rendered":"https:\/\/cpcx.ufms.br\/?page_id=10753"},"modified":"2024-10-30T08:43:03","modified_gmt":"2024-10-30T12:43:03","slug":"tcc-em-destaque","status":"publish","type":"page","link":"https:\/\/cpcx.ufms.br\/en\/tcc-em-destaque\/","title":{"rendered":"TCC em Destaque"},"content":{"rendered":"<h1 style=\"text-align: center\"><strong><span class=\"T1\">ESPA\u00c7OS DE MEM\u00d3RIA E CULTURA NORDESTINA EM COXIM MS<\/span><\/strong><\/h1>\n<p>&nbsp;<\/p>\n<p class=\"P13\" style=\"text-align: justify\"><span class=\"T2\">A cidade de Coxim-MS \u00e9 conhecida por sua cultura e seus artistas locais. Como reconhecimento de sua import\u00e2ncia foram constru\u00eddas edifica\u00e7\u00f5es que exaltam seus feitos, como a Pra\u00e7a Zacarias Mour\u00e3o, tamb\u00e9m conhecida como Pra\u00e7a do P\u00e9 de Cedro. Entretanto, h\u00e1 personagens an\u00f4nimos que colaboraram na constru\u00e7\u00e3o da identidade local que merecem ser reconhecidos. Desse modo, celebramos no trabalho de conclus\u00e3o de curso a <\/span><span class=\"T4\">exist\u00eancia de alguns espa\u00e7os na cidade de Coxim como locais de mem\u00f3ria ou de encontro entre todos aqueles que possuem la\u00e7os de parentesco ou que s\u00e3o origin\u00e1rios do Nordeste brasileiro. <\/span><\/p>\n<p><!--Next 'div' was a 'text:p'.--><\/p>\n<div class=\"P10\">\n<p><!--Next ' div' is a draw:frame. --><\/p>\n<p style=\"text-align: center\"><!--Next 'div' added for floating.--><\/p>\n<div style=\"text-align: center\"><\/div>\n<div style=\"text-align: center\"><\/div>\n<div style=\"text-align: center\">\n<div id=\"attachment_7050\" style=\"width: 310px\" class=\"wp-caption aligncenter\"><a href=\"https:\/\/cpcx.ufms.br\/files\/2021\/09\/cidade-coxim-ms.jpg\"><img fetchpriority=\"high\" decoding=\"async\" aria-describedby=\"caption-attachment-7050\" class=\"wp-image-7050 size-medium\" src=\"https:\/\/cpcx.ufms.br\/files\/2021\/09\/cidade-coxim-ms-300x225.jpg\" alt=\"Cidade de Coxim MS\" width=\"300\" height=\"225\" srcset=\"https:\/\/cpcx.ufms.br\/files\/2021\/09\/cidade-coxim-ms-300x225.jpg 300w, https:\/\/cpcx.ufms.br\/files\/2021\/09\/cidade-coxim-ms-428x320.jpg 428w, https:\/\/cpcx.ufms.br\/files\/2021\/09\/cidade-coxim-ms.jpg 640w\" sizes=\"(max-width: 300px) 100vw, 300px\" \/><\/a><p id=\"caption-attachment-7050\" class=\"wp-caption-text\">Cidade de Coxim MS<\/p><\/div>\n<\/div>\n<div style=\"text-align: center\"><\/div>\n<\/div>\n<div style=\"clear: both;line-height: 0;width: 0px;height: 0px;margin: 0px;padding: 0px;text-align: center\"><\/div>\n<p class=\"P3\" style=\"text-align: justify\"><span class=\"T7\">Atrav\u00e9s de hist\u00f3rias pessoais de alguns representantes desse grupo que se re\u00fane para celebrar suas narrativas individuais e de grupo, por meio de entrevistas, h\u00e1 <\/span><span class=\"T3\">o reconhecimento e identifica\u00e7\u00e3o da comunidade nordestina,<\/span><span class=\"T7\"> criando espa\u00e7os de preserva\u00e7\u00e3o da mem\u00f3ria que se tornam um referencial da cultura local.<\/span><\/p>\n<p><!--Next 'div' was a 'text:p'.--><\/p>\n<div style=\"clear: both;line-height: 0;width: 0;height: 0;margin: 0;padding: 0\"><\/div>\n<div style=\"text-align: center\">\n<div id=\"attachment_7053\" style=\"width: 310px\" class=\"wp-caption aligncenter\"><a href=\"https:\/\/cpcx.ufms.br\/files\/2021\/09\/titulo.jpg\"><img decoding=\"async\" aria-describedby=\"caption-attachment-7053\" class=\"wp-image-7053 size-medium\" src=\"https:\/\/cpcx.ufms.br\/files\/2021\/09\/titulo-300x169.jpg\" alt=\"T\u00edtulo do trabalho de conclus\u00e3o do curso\" width=\"300\" height=\"169\" srcset=\"https:\/\/cpcx.ufms.br\/files\/2021\/09\/titulo-300x169.jpg 300w, https:\/\/cpcx.ufms.br\/files\/2021\/09\/titulo-1024x576.jpg 1024w, https:\/\/cpcx.ufms.br\/files\/2021\/09\/titulo-768x432.jpg 768w, https:\/\/cpcx.ufms.br\/files\/2021\/09\/titulo-569x320.jpg 569w, https:\/\/cpcx.ufms.br\/files\/2021\/09\/titulo.jpg 1145w\" sizes=\"(max-width: 300px) 100vw, 300px\" \/><\/a><p id=\"caption-attachment-7053\" class=\"wp-caption-text\">T\u00edtulo do trabalho de conclus\u00e3o do curso<\/p><\/div>\n<\/div>\n<p>&nbsp;<\/p>\n<p class=\"P13\" style=\"text-align: justify\"><span class=\"T7\">Espa\u00e7os como a Pra\u00e7as dos <\/span><span class=\"T8\">Nordestinos e o <\/span><span class=\"T9\">Centro de Tradi\u00e7\u00f5es Nordestinas \u201cPadre C\u00edcero\u201d s\u00e3o exemplos da relev\u00e2ncia da comunidade nordestina na cidade de Coxim. A festa dos nordestinos exalta suas ra\u00edzes e relembra seu passado vivo nas lembran\u00e7as de cada nordestino residente no munic\u00edpio.<\/span><\/p>\n<p><!--Next 'div' was a 'text:p'.--><\/p>\n<div class=\"P14\">\n<p><!--Next ' div' is a draw:frame. --><\/p>\n<p><!--Next ' div' is a draw:frame. --><\/p>\n<p><!--Next ' div' is a draw:frame. --><\/p>\n<\/div>\n<div class=\"mceTemp\"><\/div>\n\n\t\t<style type=\"text\/css\">\n\t\t\t#gallery-1 {\n\t\t\t\tmargin: auto;\n\t\t\t}\n\t\t\t#gallery-1 .gallery-item {\n\t\t\t\tfloat: left;\n\t\t\t\tmargin-top: 10px;\n\t\t\t\ttext-align: center;\n\t\t\t\twidth: 50%;\n\t\t\t}\n\t\t\t#gallery-1 img {\n\t\t\t\tborder: 2px solid #cfcfcf;\n\t\t\t}\n\t\t\t#gallery-1 .gallery-caption {\n\t\t\t\tmargin-left: 0;\n\t\t\t}\n\t\t\t\/* see gallery_shortcode() in wp-includes\/media.php *\/\n\t\t<\/style>\n\t\t<div id='gallery-1' class='gallery galleryid-10753 gallery-columns-2 gallery-size-medium'><dl class='gallery-item'>\n\t\t\t<dt class='gallery-icon landscape'>\n\t\t\t\t<a href='https:\/\/cpcx.ufms.br\/en\/tcc\/praca-coxim\/'><img decoding=\"async\" width=\"300\" height=\"157\" src=\"https:\/\/cpcx.ufms.br\/files\/2021\/09\/praca-coxim-300x157.jpg\" class=\"attachment-medium size-medium\" alt=\"\" aria-describedby=\"gallery-1-7052\" srcset=\"https:\/\/cpcx.ufms.br\/files\/2021\/09\/praca-coxim-300x157.jpg 300w, https:\/\/cpcx.ufms.br\/files\/2021\/09\/praca-coxim-611x320.jpg 611w, https:\/\/cpcx.ufms.br\/files\/2021\/09\/praca-coxim.jpg 621w\" sizes=\"(max-width: 300px) 100vw, 300px\" \/><\/a>\n\t\t\t<\/dt>\n\t\t\t\t<dd class='wp-caption-text gallery-caption' id='gallery-1-7052'>\n\t\t\t\tPra\u00e7a dos Nordestinos em Coxim\n\t\t\t\t<\/dd><\/dl><dl class='gallery-item'>\n\t\t\t<dt class='gallery-icon landscape'>\n\t\t\t\t<a href='https:\/\/cpcx.ufms.br\/en\/tcc\/ctn\/'><img loading=\"lazy\" decoding=\"async\" width=\"300\" height=\"204\" src=\"https:\/\/cpcx.ufms.br\/files\/2021\/09\/ctn-300x204.jpg\" class=\"attachment-medium size-medium\" alt=\"\" aria-describedby=\"gallery-1-7051\" srcset=\"https:\/\/cpcx.ufms.br\/files\/2021\/09\/ctn-300x204.jpg 300w, https:\/\/cpcx.ufms.br\/files\/2021\/09\/ctn-471x320.jpg 471w, https:\/\/cpcx.ufms.br\/files\/2021\/09\/ctn.jpg 755w\" sizes=\"(max-width: 300px) 100vw, 300px\" \/><\/a>\n\t\t\t<\/dt>\n\t\t\t\t<dd class='wp-caption-text gallery-caption' id='gallery-1-7051'>\n\t\t\t\tCentro de Tradi\u00e7\u00f5es Nordestinas\n\t\t\t\t<\/dd><\/dl><br style=\"clear: both\" \/>\n\t\t<\/div>\n\n<p>&nbsp;<\/p>\n<p class=\"P13\" style=\"text-align: justify\"><span class=\"T8\">A liga\u00e7\u00e3o da cultura nordestina com a cultura sul-mato-grossense nos proporcionou buscar xilogravuras na apresenta\u00e7\u00e3o de nossos slides que remetiam o contexto desse grupo de pessoas na cidade e a correla\u00e7\u00e3o dos pontos primordiais que compor\u00e3o a escrita do trabalho.<\/span><\/p>\n\n\t\t<style type=\"text\/css\">\n\t\t\t#gallery-2 {\n\t\t\t\tmargin: auto;\n\t\t\t}\n\t\t\t#gallery-2 .gallery-item {\n\t\t\t\tfloat: left;\n\t\t\t\tmargin-top: 10px;\n\t\t\t\ttext-align: center;\n\t\t\t\twidth: 50%;\n\t\t\t}\n\t\t\t#gallery-2 img {\n\t\t\t\tborder: 2px solid #cfcfcf;\n\t\t\t}\n\t\t\t#gallery-2 .gallery-caption {\n\t\t\t\tmargin-left: 0;\n\t\t\t}\n\t\t\t\/* see gallery_shortcode() in wp-includes\/media.php *\/\n\t\t<\/style>\n\t\t<div id='gallery-2' class='gallery galleryid-10753 gallery-columns-2 gallery-size-medium'><dl class='gallery-item'>\n\t\t\t<dt class='gallery-icon landscape'>\n\t\t\t\t<a href='https:\/\/cpcx.ufms.br\/en\/tcc\/cap1\/'><img loading=\"lazy\" decoding=\"async\" width=\"300\" height=\"169\" src=\"https:\/\/cpcx.ufms.br\/files\/2021\/09\/cap1-300x169.jpg\" class=\"attachment-medium size-medium\" alt=\"\" srcset=\"https:\/\/cpcx.ufms.br\/files\/2021\/09\/cap1-300x169.jpg 300w, https:\/\/cpcx.ufms.br\/files\/2021\/09\/cap1-569x320.jpg 569w, https:\/\/cpcx.ufms.br\/files\/2021\/09\/cap1.jpg 708w\" sizes=\"(max-width: 300px) 100vw, 300px\" \/><\/a>\n\t\t\t<\/dt><\/dl><dl class='gallery-item'>\n\t\t\t<dt class='gallery-icon landscape'>\n\t\t\t\t<a href='https:\/\/cpcx.ufms.br\/en\/tcc\/cap2\/'><img loading=\"lazy\" decoding=\"async\" width=\"300\" height=\"169\" src=\"https:\/\/cpcx.ufms.br\/files\/2021\/09\/cap2-300x169.jpg\" class=\"attachment-medium size-medium\" alt=\"\" srcset=\"https:\/\/cpcx.ufms.br\/files\/2021\/09\/cap2-300x169.jpg 300w, https:\/\/cpcx.ufms.br\/files\/2021\/09\/cap2-569x320.jpg 569w, https:\/\/cpcx.ufms.br\/files\/2021\/09\/cap2.jpg 708w\" sizes=\"(max-width: 300px) 100vw, 300px\" \/><\/a>\n\t\t\t<\/dt><\/dl><br style=\"clear: both\" \/><dl class='gallery-item'>\n\t\t\t<dt class='gallery-icon landscape'>\n\t\t\t\t<a href='https:\/\/cpcx.ufms.br\/en\/tcc\/cap3\/'><img loading=\"lazy\" decoding=\"async\" width=\"300\" height=\"169\" src=\"https:\/\/cpcx.ufms.br\/files\/2021\/09\/cap3-300x169.jpg\" class=\"attachment-medium size-medium\" alt=\"\" srcset=\"https:\/\/cpcx.ufms.br\/files\/2021\/09\/cap3-300x169.jpg 300w, https:\/\/cpcx.ufms.br\/files\/2021\/09\/cap3-569x320.jpg 569w, https:\/\/cpcx.ufms.br\/files\/2021\/09\/cap3.jpg 708w\" sizes=\"(max-width: 300px) 100vw, 300px\" \/><\/a>\n\t\t\t<\/dt><\/dl><dl class='gallery-item'>\n\t\t\t<dt class='gallery-icon landscape'>\n\t\t\t\t<a href='https:\/\/cpcx.ufms.br\/en\/tcc\/cap4\/'><img loading=\"lazy\" decoding=\"async\" width=\"300\" height=\"169\" src=\"https:\/\/cpcx.ufms.br\/files\/2021\/09\/cap4-300x169.jpg\" class=\"attachment-medium size-medium\" alt=\"\" srcset=\"https:\/\/cpcx.ufms.br\/files\/2021\/09\/cap4-300x169.jpg 300w, https:\/\/cpcx.ufms.br\/files\/2021\/09\/cap4-568x320.jpg 568w, https:\/\/cpcx.ufms.br\/files\/2021\/09\/cap4.jpg 712w\" sizes=\"(max-width: 300px) 100vw, 300px\" \/><\/a>\n\t\t\t<\/dt><\/dl><br style=\"clear: both\" \/>\n\t\t<\/div>\n\n<p style=\"text-align: center\">Cap\u00edtulos que comp\u00f5em o trabalho de conclus\u00e3o do curso<\/p>\n<p>&nbsp;<\/p>\n<p><!--Next 'div' was a 'text:p'.--><\/p>\n<p><!--Next 'div' was a 'text:p'.--><\/p>\n<p class=\"P4\" style=\"text-align: justify\"><span class=\"T7\">O curso de Letras da UFMS\/campus de Coxim nos ajudou a reconhecer a import\u00e2ncia da valoriza\u00e7\u00e3o dos saberes, da cultura e da mem\u00f3ria, e o resultado do trabalho desenvolvido beneficia tanto a comunidade acad\u00eamica como toda Coxim e regi\u00e3o.<\/span><\/p>\n<p class=\"P5\" style=\"text-align: justify\"><span class=\"T10\">Trabalho de conclus\u00e3o de Curso (TCC) dos\u00a0discentes Marcos Vin\u00edcius Leite e Milena Morais da Cruz. Orienta\u00e7\u00e3o:<\/span><a id=\"_GoBack\"><\/a><span class=\"T10\"> Professora Dra. Marta Francisco de Oliveira.<\/span><\/p>\n<hr \/>\n<p>&nbsp;<\/p>\n","protected":false},"excerpt":{"rendered":"<p>ESPA\u00c7OS DE MEM\u00d3RIA E CULTURA NORDESTINA EM COXIM MS &nbsp; A cidade de Coxim-MS \u00e9 conhecida por sua cultura e seus artistas locais. Como reconhecimento de sua import\u00e2ncia foram constru\u00eddas edifica\u00e7\u00f5es que exaltam seus feitos, como a Pra\u00e7a Zacarias Mour\u00e3o, tamb\u00e9m conhecida como Pra\u00e7a do P\u00e9 de Cedro. Entretanto, h\u00e1 personagens an\u00f4nimos que colaboraram na [&hellip;]<\/p>\n","protected":false},"author":55297,"featured_media":0,"parent":0,"menu_order":0,"comment_status":"closed","ping_status":"closed","template":"","meta":{"_eb_attr":"","ngg_post_thumbnail":0,"footnotes":""},"coauthors":[],"class_list":["post-10753","page","type-page","status-publish","hentry"],"_links":{"self":[{"href":"https:\/\/cpcx.ufms.br\/en\/wp-json\/wp\/v2\/pages\/10753","targetHints":{"allow":["GET"]}}],"collection":[{"href":"https:\/\/cpcx.ufms.br\/en\/wp-json\/wp\/v2\/pages"}],"about":[{"href":"https:\/\/cpcx.ufms.br\/en\/wp-json\/wp\/v2\/types\/page"}],"author":[{"embeddable":true,"href":"https:\/\/cpcx.ufms.br\/en\/wp-json\/wp\/v2\/users\/55297"}],"replies":[{"embeddable":true,"href":"https:\/\/cpcx.ufms.br\/en\/wp-json\/wp\/v2\/comments?post=10753"}],"version-history":[{"count":3,"href":"https:\/\/cpcx.ufms.br\/en\/wp-json\/wp\/v2\/pages\/10753\/revisions"}],"predecessor-version":[{"id":10758,"href":"https:\/\/cpcx.ufms.br\/en\/wp-json\/wp\/v2\/pages\/10753\/revisions\/10758"}],"wp:attachment":[{"href":"https:\/\/cpcx.ufms.br\/en\/wp-json\/wp\/v2\/media?parent=10753"}],"wp:term":[{"taxonomy":"author","embeddable":true,"href":"https:\/\/cpcx.ufms.br\/en\/wp-json\/wp\/v2\/coauthors?post=10753"}],"curies":[{"name":"wp","href":"https:\/\/api.w.org\/{rel}","templated":true}]}}