{"id":10821,"date":"2024-11-05T13:17:52","date_gmt":"2024-11-05T17:17:52","guid":{"rendered":"https:\/\/cpcx.ufms.br\/?page_id=10821"},"modified":"2025-11-02T08:31:54","modified_gmt":"2025-11-02T12:31:54","slug":"curso-de-shantala","status":"publish","type":"page","link":"https:\/\/cpcx.ufms.br\/en\/1-encontro-de-praticas-integrativas-e-complementares-em-saude-da-regiao-norte-de-ms\/curso-de-shantala\/","title":{"rendered":"Shantala"},"content":{"rendered":"<h1 style=\"text-align: center;background-color: #e3f2cd\"><strong><span style=\"font-family: tahoma, arial, helvetica, sans-serif\">Descri\u00e7\u00e3o<\/span><\/strong><\/h1>\n<p><a href=\"https:\/\/cpcx.ufms.br\/files\/2024\/10\/456602954_1777161479357423_1480483398812043625_n.jpg\"><img fetchpriority=\"high\" decoding=\"async\" class=\"aligncenter wp-image-10638 size-medium\" src=\"https:\/\/cpcx.ufms.br\/files\/2024\/10\/456602954_1777161479357423_1480483398812043625_n-300x222.jpg\" alt=\"\" width=\"300\" height=\"222\" srcset=\"https:\/\/cpcx.ufms.br\/files\/2024\/10\/456602954_1777161479357423_1480483398812043625_n-300x222.jpg 300w, https:\/\/cpcx.ufms.br\/files\/2024\/10\/456602954_1777161479357423_1480483398812043625_n-768x568.jpg 768w, https:\/\/cpcx.ufms.br\/files\/2024\/10\/456602954_1777161479357423_1480483398812043625_n-433x320.jpg 433w, https:\/\/cpcx.ufms.br\/files\/2024\/10\/456602954_1777161479357423_1480483398812043625_n.jpg 784w\" sizes=\"(max-width: 300px) 100vw, 300px\" \/><\/a><\/p>\n<p>&nbsp;<\/p>\n<p style=\"text-align: center\"><span style=\"font-size: 14pt\">A Shantala \u00e9 uma t\u00e9cnica tradicional de massagem origin\u00e1ria da \u00cdndia, amplamente utilizada para promover o bem-estar f\u00edsico e emocional de beb\u00eas e crian\u00e7as pequenas. No Brasil, a pr\u00e1tica \u00e9 cada vez mais integrada ao cuidado familiar e \u00e0 sa\u00fade infantil, oferecendo benef\u00edcios comprovados para o desenvolvimento saud\u00e1vel e o fortalecimento do v\u00ednculo afetivo entre pais e filhos.<\/span><\/p>\n<h4 style=\"text-align: center\"><span style=\"color: black;font-size: 14pt\"><strong><a class=\"btn btn-primary\" style=\"background-color: #85a48f\" title=\"Inscri\u00e7\u00f5es\" href=\"https:\/\/link.ufms.br\/cursosnupics\" target=\"_blank\" rel=\"noopener\">Fa\u00e7a sua Inscri\u00e7\u00e3o!<\/a><\/strong><\/span><\/h4>\n<p>&nbsp;<\/p>\n<h1 style=\"text-align: center;background-color: #e3f2cd\"><strong><span style=\"font-family: tahoma, arial, helvetica, sans-serif\">Objetivo<\/span><\/strong><\/h1>\n<p>&nbsp;<\/p>\n<p style=\"text-align: center\"><span style=\"font-size: 14pt\">Este curso visa capacitar profissionais e fam\u00edlias para a aplica\u00e7\u00e3o da Shantala no contexto do Sistema \u00danico de Sa\u00fade (SUS), educa\u00e7\u00e3o infantil e pol\u00edticas p\u00fablicas, abordando cuidados, pr\u00e1ticas seguras e o impacto positivo no desenvolvimento infantil, social e familiar.<\/span><\/p>\n<p>&nbsp;<\/p>\n<h1 style=\"text-align: center;background-color: #e3f2cd\"><strong><span style=\"font-family: tahoma, arial, helvetica, sans-serif\">Detalhamento<\/span><\/strong><\/h1>\n<p>&nbsp;<\/p>\n<p><span style=\"font-size: 14pt\"><strong>Metodologia<\/strong>: Curso online, com videoaulas gravadas, disponibilizadas ao longo de tr\u00eas dias (21, 22 e 23 de novembro);<\/span><\/p>\n<table style=\"border-collapse: collapse;width: 100%;height: 358px\">\n<tbody>\n<tr style=\"height: 27px\">\n<td style=\"width: 6.72511%;height: 27px\">&nbsp;<\/td>\n<td style=\"width: 86.0236%;text-align: center;height: 27px\"><span style=\"font-size: 14pt\"><strong>&nbsp;<\/strong><\/span><\/td>\n<td style=\"width: 7.25114%;height: 27px\">&nbsp;<\/td>\n<\/tr>\n<tr style=\"height: 27px\">\n<td style=\"width: 6.72511%;height: 41px\">&nbsp;<\/td>\n<td style=\"width: 86.0236%;height: 41px;text-align: center;background-color: #e3f2cd\"><span style=\"font-size: 14pt\"><strong>Conte\u00fado Program\u00e1tico<\/strong>:<\/span><\/td>\n<td style=\"width: 7.25114%;height: 41px\">&nbsp;<\/td>\n<\/tr>\n<tr style=\"height: 27px\">\n<td style=\"width: 6.72511%;height: 27px\">&nbsp;<\/td>\n<td style=\"width: 86.0236%;height: 27px;text-align: center;background-color: #f9fff0\"><span style=\"font-size: 14pt\">Shantala no SUS e pol\u00edticas p\u00fablicas associadas;<\/span><\/td>\n<td style=\"width: 7.25114%;height: 27px\">&nbsp;<\/td>\n<\/tr>\n<tr style=\"height: 55px\">\n<td style=\"width: 6.72511%;height: 55px\">&nbsp;<\/td>\n<td style=\"width: 86.0236%;height: 55px;text-align: center\"><span style=\"font-size: 14pt\">Pr\u00e1ticas Integrativas e Complementares em Sa\u00fade;<\/span><\/td>\n<td style=\"width: 7.25114%;height: 55px\">&nbsp;<\/td>\n<\/tr>\n<tr style=\"height: 23px\">\n<td style=\"width: 6.72511%;height: 37px\">&nbsp;<\/td>\n<td style=\"width: 86.0236%;height: 37px;text-align: center;background-color: #f9fff0\"><span style=\"font-size: 14pt\">Conceitos, elementos e cuidados b\u00e1sicos da pr\u00e1tica de Shantala;<\/span><\/td>\n<td style=\"width: 7.25114%;height: 37px\">&nbsp;<\/td>\n<\/tr>\n<tr style=\"height: 23px\">\n<td style=\"width: 6.72511%;height: 46px\">&nbsp;<\/td>\n<td style=\"width: 86.0236%;height: 46px;text-align: center\"><span style=\"font-size: 14pt\">Cen\u00e1rios de oferta, materiais e atores envolvidos;<\/span><\/td>\n<td style=\"width: 7.25114%;height: 46px\">&nbsp;<\/td>\n<\/tr>\n<tr style=\"height: 23px\">\n<td style=\"width: 6.72511%;height: 37px\">&nbsp;<\/td>\n<td style=\"width: 86.0236%;height: 37px;text-align: center;background-color: #f9fff0\"><span style=\"font-size: 14pt\">A pr\u00e1tica segura, os \u00f3leos e cuidados com toque e massagem;<\/span><\/td>\n<td style=\"width: 7.25114%;height: 37px\">&nbsp;<\/td>\n<\/tr>\n<tr style=\"height: 23px\">\n<td style=\"width: 6.72511%;height: 35px\">&nbsp;<\/td>\n<td style=\"width: 86.0236%;height: 35px;text-align: center\"><span style=\"font-size: 14pt\">Forma\u00e7\u00e3o de redes de apoio e a import\u00e2ncia do cuidado familiar.<\/span><\/td>\n<td style=\"width: 7.25114%;height: 35px\">&nbsp;<\/td>\n<\/tr>\n<tr style=\"height: 26px\">\n<td style=\"width: 6.72511%;height: 26px\">&nbsp;<\/td>\n<td style=\"width: 86.0236%;text-align: center;height: 26px;background-color: #e3f2cd\"><span style=\"font-size: 14pt\"><strong>Carga Hor\u00e1ria<\/strong>: 60 horas<\/span><\/td>\n<td style=\"width: 7.25114%;height: 26px\">&nbsp;<\/td>\n<\/tr>\n<tr style=\"height: 27px\">\n<td style=\"width: 6.72511%;height: 27px\">&nbsp;<\/td>\n<td style=\"width: 86.0236%;text-align: center;height: 27px\"><span style=\"font-size: 14pt\">&nbsp;<\/span><\/td>\n<td style=\"width: 7.25114%;height: 27px\">&nbsp;<\/td>\n<\/tr>\n<\/tbody>\n<\/table>\n<h1 style=\"text-align: center;background-color: #e3f2cd\"><strong><span style=\"font-family: tahoma, arial, helvetica, sans-serif\">Compet\u00eancias Desenvolvidas<\/span><\/strong><\/h1>\n<p>&nbsp;<\/p>\n<ul>\n<li><span style=\"font-size: 14pt\">Melhor compreens\u00e3o sobre pr\u00e1ticas de cuidado infantil.<\/span><\/li>\n<li><span style=\"font-size: 14pt\">Capacita\u00e7\u00e3o para atuar em diferentes contextos de sa\u00fade.<\/span><\/li>\n<li><span style=\"font-size: 14pt\">Aperfei\u00e7oamento de habilidades no uso de t\u00e9cnicas de massagem e toque terap\u00eautico.<\/span><\/li>\n<li><span style=\"font-size: 14pt\">Impacto positivo na sa\u00fade f\u00edsica, emocional e social das crian\u00e7as e fam\u00edlias atendidas.<\/span><\/li>\n<\/ul>\n<p>&nbsp;<\/p>\n<h1 style=\"text-align: center;background-color: #e3f2cd\"><strong><span style=\"font-family: tahoma, arial, helvetica, sans-serif\">Ministrante<\/span><\/strong><\/h1>\n<table style=\"border-collapse: collapse;width: 100%;height: 111px\">\n<tbody>\n<tr style=\"height: 55px\">\n<td style=\"width: 27.7987%;height: 19px\">&nbsp;<\/td>\n<td style=\"width: 11.2801%\"><span style=\"font-weight: 400\">&nbsp;<\/span><\/td>\n<td style=\"height: 19px;width: 124.27%\" colspan=\"2\"><span style=\"font-weight: 400\">&nbsp;<\/span><\/td>\n<\/tr>\n<tr style=\"height: 82px\">\n<td style=\"width: 27.7987%;height: 92px\" rowspan=\"2\"><a href=\"https:\/\/cpcx.ufms.br\/files\/2024\/11\/jp.jpg\"><img decoding=\"async\" class=\"wp-image-10834 size-medium aligncenter\" src=\"https:\/\/cpcx.ufms.br\/files\/2024\/11\/jp-190x300.jpg\" alt=\"\" width=\"190\" height=\"300\" srcset=\"https:\/\/cpcx.ufms.br\/files\/2024\/11\/jp-190x300.jpg 190w, https:\/\/cpcx.ufms.br\/files\/2024\/11\/jp.jpg 196w\" sizes=\"(max-width: 190px) 100vw, 190px\" \/><\/a><\/td>\n<td style=\"width: 11.2801%\"><span style=\"font-weight: 400\">&nbsp;<\/span><\/td>\n<td style=\"height: 82px;width: 124.27%\" colspan=\"2\"><span style=\"font-weight: 400\"><span style=\"font-size: 14pt\"><strong>Prof. Dr. Jo\u00e3o Paulo Assun\u00e7\u00e3o Borges<\/strong><\/span><\/span><\/p>\n<p><span style=\"font-size: 12pt\">Bacharel em Enfermagem pela Universidade Federal de Uberl\u00e2ndia (UFU, 2010). Especialista em Sa\u00fade da Crian\u00e7a &#8211; Pediatria e Neonatologia pelo Programa de Resid\u00eancia Multiprofissional em Sa\u00fade (PRMS) da Faculdade de Medicina da Universidade Federal de Uberl\u00e2ndia (FAMED-UFU, 2011). Mestre em Ci\u00eancias da Sa\u00fade pela FAMED-UFU (2013). Doutor em Aten\u00e7\u00e3o \u00e0 Sa\u00fade pela Universidade Federal do Tri\u00e2ngulo Mineiro &#8211; UFTM (2015-2019). Atualmente, atuo como docente do magist\u00e9rio superior na Universidade Federal de Mato Grosso do Sul\/UFMS (c\u00e2mpus Coxim &#8211; CPCX), com destaque para a disciplina de Enfermagem na Sa\u00fade da Crian\u00e7a e do Adolescente e Processo de Enfermagem. Coordenador\/L\u00edder do Grupo de Estudos, Pesquisa, Ensino e Extens\u00e3o em Sa\u00fade da Crian\u00e7a (DGP\/CNPq: GEPEESC &#8211; UFMS\/CPCX). Membro do grupo de pesquisa (DGP\/CNPq) Viver Adulto e Sa\u00fade (UFTM). Membro do Comit\u00ea de \u00c9tica em Pesquisa do Centro Universit\u00e1rio IMEPAC &#8211; Araguari. Coordenador de polo do Programa Universidade Aberta \u00e0 Pessoa Idosa (UnAPI-CPCX). Experi\u00eancia profissional: atuei como enfermeiro assistencial em Terapia Intensiva Neonatal (2012-2013); Unidade de Interna\u00e7\u00e3o Cir\u00fargica (2014-2015); Terapia Intensiva e Unidade Coronariana (2015-2016); enfermeiro da Estrat\u00e9gia Sa\u00fade da Fam\u00edlia (2016-2022); doc\u00eancia no Ensino Superior de Enfermagem (desde 2014 at\u00e9 o momento)<\/span><\/td>\n<\/tr>\n<tr style=\"height: 10px\">\n<td style=\"width: 11.2801%\"><span style=\"font-weight: 400\">&nbsp;<\/span><\/td>\n<td style=\"width: 69.7734%;height: 10px\"><span style=\"font-weight: 400\"><a href=\"http:\/\/lattes.cnpq.br\/9871773467879870\"><img decoding=\"async\" class=\"wp-image-10833 alignleft\" src=\"https:\/\/cpcx.ufms.br\/files\/2024\/11\/lattes-300x148.png\" alt=\"\" width=\"105\" height=\"52\" srcset=\"https:\/\/cpcx.ufms.br\/files\/2024\/11\/lattes-300x148.png 300w, https:\/\/cpcx.ufms.br\/files\/2024\/11\/lattes-768x380.png 768w, https:\/\/cpcx.ufms.br\/files\/2024\/11\/lattes-647x320.png 647w, https:\/\/cpcx.ufms.br\/files\/2024\/11\/lattes.png 920w\" sizes=\"(max-width: 105px) 100vw, 105px\" \/><\/a><\/span><\/td>\n<td style=\"width: 54.4969%;height: 10px\">\n<p style=\"text-align: left\">&nbsp;<\/p>\n<\/td>\n<\/tr>\n<\/tbody>\n<\/table>\n<p>&nbsp;<\/p>\n","protected":false},"excerpt":{"rendered":"<p>Descri\u00e7\u00e3o &nbsp; A Shantala \u00e9 uma t\u00e9cnica tradicional de massagem origin\u00e1ria da \u00cdndia, amplamente utilizada para promover o bem-estar f\u00edsico e emocional de beb\u00eas e crian\u00e7as pequenas. No Brasil, a pr\u00e1tica \u00e9 cada vez mais integrada ao cuidado familiar e \u00e0 sa\u00fade infantil, oferecendo benef\u00edcios comprovados para o desenvolvimento saud\u00e1vel e o fortalecimento do v\u00ednculo [&hellip;]<\/p>\n","protected":false},"author":73247,"featured_media":0,"parent":10619,"menu_order":0,"comment_status":"closed","ping_status":"closed","template":"page-templates\/full-width.php","meta":{"_eb_attr":"","ngg_post_thumbnail":0,"footnotes":""},"coauthors":[116],"class_list":["post-10821","page","type-page","status-publish","hentry"],"_links":{"self":[{"href":"https:\/\/cpcx.ufms.br\/en\/wp-json\/wp\/v2\/pages\/10821","targetHints":{"allow":["GET"]}}],"collection":[{"href":"https:\/\/cpcx.ufms.br\/en\/wp-json\/wp\/v2\/pages"}],"about":[{"href":"https:\/\/cpcx.ufms.br\/en\/wp-json\/wp\/v2\/types\/page"}],"author":[{"embeddable":true,"href":"https:\/\/cpcx.ufms.br\/en\/wp-json\/wp\/v2\/users\/73247"}],"replies":[{"embeddable":true,"href":"https:\/\/cpcx.ufms.br\/en\/wp-json\/wp\/v2\/comments?post=10821"}],"version-history":[{"count":24,"href":"https:\/\/cpcx.ufms.br\/en\/wp-json\/wp\/v2\/pages\/10821\/revisions"}],"predecessor-version":[{"id":13189,"href":"https:\/\/cpcx.ufms.br\/en\/wp-json\/wp\/v2\/pages\/10821\/revisions\/13189"}],"up":[{"embeddable":true,"href":"https:\/\/cpcx.ufms.br\/en\/wp-json\/wp\/v2\/pages\/10619"}],"wp:attachment":[{"href":"https:\/\/cpcx.ufms.br\/en\/wp-json\/wp\/v2\/media?parent=10821"}],"wp:term":[{"taxonomy":"author","embeddable":true,"href":"https:\/\/cpcx.ufms.br\/en\/wp-json\/wp\/v2\/coauthors?post=10821"}],"curies":[{"name":"wp","href":"https:\/\/api.w.org\/{rel}","templated":true}]}}