{"id":10850,"date":"2024-11-05T16:28:57","date_gmt":"2024-11-05T20:28:57","guid":{"rendered":"https:\/\/cpcx.ufms.br\/?page_id=10850"},"modified":"2025-11-01T22:49:49","modified_gmt":"2025-11-02T02:49:49","slug":"reflexologia","status":"publish","type":"page","link":"https:\/\/cpcx.ufms.br\/en\/1-encontro-de-praticas-integrativas-e-complementares-em-saude-da-regiao-norte-de-ms\/reflexologia\/","title":{"rendered":"Reflexologia"},"content":{"rendered":"<h1 style=\"text-align: center;background-color: #e3f2cd\"><strong><span style=\"font-family: tahoma, arial, helvetica, sans-serif\">Descri\u00e7\u00e3o<\/span><\/strong><\/h1>\n<p>&nbsp;<\/p>\n<p><a href=\"https:\/\/cpcx.ufms.br\/files\/2024\/10\/re-e1727823719325.jpg\"><img fetchpriority=\"high\" decoding=\"async\" class=\"size-medium wp-image-10639 aligncenter\" src=\"https:\/\/cpcx.ufms.br\/files\/2024\/10\/re-e1727823719325-300x176.jpg\" alt=\"\" width=\"300\" height=\"176\" srcset=\"https:\/\/cpcx.ufms.br\/files\/2024\/10\/re-e1727823719325-300x176.jpg 300w, https:\/\/cpcx.ufms.br\/files\/2024\/10\/re-e1727823719325-546x320.jpg 546w, https:\/\/cpcx.ufms.br\/files\/2024\/10\/re-e1727823719325.jpg 730w\" sizes=\"(max-width: 300px) 100vw, 300px\" \/><\/a><\/p>\n<p>&nbsp;<\/p>\n<p>&nbsp;<\/p>\n<p style=\"text-align: center\"><span style=\"font-size: 14pt\">A Reflexologia Podal \u00e9 uma t\u00e9cnica terap\u00eautica milenar que busca promover o equil\u00edbrio e o bem-estar por meio da aplica\u00e7\u00e3o de press\u00e3o em pontos espec\u00edficos dos p\u00e9s. Esta pr\u00e1tica \u00e9 reconhecida mundialmente por seus benef\u00edcios na redu\u00e7\u00e3o do estresse, al\u00edvio de dores e promo\u00e7\u00e3o da sa\u00fade integral. Neste curso, voc\u00ea aprender\u00e1 n\u00e3o apenas a hist\u00f3ria da reflexologia, mas tamb\u00e9m como aplic\u00e1-la de forma eficaz no contexto da sa\u00fade p\u00fablica e no registro de procedimentos.<\/span><\/p>\n<h4 style=\"text-align: center\"><span style=\"color: black;font-size: 14pt\"><strong><a class=\"btn btn-primary\" style=\"background-color: #85a48f\" title=\"Inscri\u00e7\u00f5es\" href=\"https:\/\/link.ufms.br\/cursosnupics\" target=\"_blank\" rel=\"noopener\">Fa\u00e7a sua Inscri\u00e7\u00e3o!<\/a><\/strong><\/span><\/h4>\n<p>&nbsp;<\/p>\n<h1 style=\"text-align: center;background-color: #e3f2cd\"><strong><span style=\"font-family: tahoma, arial, helvetica, sans-serif\">Objetivo<\/span><\/strong><\/h1>\n<p>&nbsp;<\/p>\n<p style=\"text-align: center\"><span style=\"font-size: 14pt\">Capacitar os participantes a aplicar a Reflexologia Podal de forma terap\u00eautica, abordando sua hist\u00f3ria, zonas reflexas, anatomia b\u00e1sica dos p\u00e9s e indicac\u00f5es terap\u00eauticas, com \u00eanfase na pr\u00e1tica cl\u00ednica e no registro no e-SUS.<\/span><\/p>\n<p>&nbsp;<\/p>\n<h1 style=\"text-align: center;background-color: #e3f2cd\"><strong><span style=\"font-family: tahoma, arial, helvetica, sans-serif\">Detalhamento<\/span><\/strong><\/h1>\n<table style=\"border-collapse: collapse;width: 100%;height: 506px\">\n<tbody>\n<tr style=\"height: 27px\">\n<td style=\"width: 6.72511%;height: 27px\">&nbsp;<\/td>\n<td style=\"width: 86.0236%;text-align: center;height: 27px\"><span style=\"font-size: 14pt\"><strong>&nbsp;<\/strong><\/span><\/td>\n<td style=\"width: 7.25114%;height: 27px\">&nbsp;<\/td>\n<\/tr>\n<tr style=\"height: 27px\">\n<td style=\"width: 6.72511%;height: 41px\">&nbsp;<\/td>\n<td style=\"width: 86.0236%;height: 41px;background-color: #e3f2cd;text-align: center\"><span style=\"font-size: 14pt\"><strong>Conte\u00fado Program\u00e1tico<\/strong>:<\/span><\/td>\n<td style=\"width: 7.25114%;height: 41px\">&nbsp;<\/td>\n<\/tr>\n<tr style=\"height: 27px\">\n<td style=\"width: 6.72511%;height: 41px\">&nbsp;<\/td>\n<td style=\"width: 86.0236%;background-color: #f9fff0;text-align: center;height: 41px\"><span style=\"font-size: 14pt\">A hist\u00f3ria e origens da Reflexologia Podal<\/span><\/td>\n<td style=\"width: 7.25114%;height: 41px\">&nbsp;<\/td>\n<\/tr>\n<tr style=\"height: 41px\">\n<td style=\"width: 6.72511%;height: 41px\">&nbsp;<\/td>\n<td style=\"width: 86.0236%;text-align: center;height: 41px\"><span style=\"font-size: 14pt\">Inser\u00e7\u00e3o da Reflexologia Podal na Pol\u00edtica Nacional de Pr\u00e1ticas Integrativas e Complementares (PICS)<\/span><\/td>\n<td style=\"width: 7.25114%;height: 41px\">&nbsp;<\/td>\n<\/tr>\n<tr style=\"height: 41px\">\n<td style=\"width: 6.72511%;height: 41px\">&nbsp;<\/td>\n<td style=\"width: 86.0236%;background-color: #f9fff0;height: 41px;text-align: center\"><span style=\"font-size: 14pt\">As principais zonas de reflexoterapia<\/span><\/td>\n<td style=\"width: 7.25114%;height: 41px\">&nbsp;<\/td>\n<\/tr>\n<tr style=\"height: 41px\">\n<td style=\"width: 6.72511%;height: 41px\">&nbsp;<\/td>\n<td style=\"width: 86.0236%;height: 41px;text-align: center\"><span style=\"font-size: 14pt\">Anatomia b\u00e1sica dos p\u00e9s<\/span><\/td>\n<td style=\"width: 7.25114%;height: 41px\">&nbsp;<\/td>\n<\/tr>\n<tr style=\"height: 41px\">\n<td style=\"width: 6.72511%;height: 41px\">&nbsp;<\/td>\n<td style=\"width: 86.0236%;text-align: center;background-color: #f9fff0;height: 41px\"><span style=\"font-size: 14pt\">Pontos reflexos<\/span><\/td>\n<td style=\"width: 7.25114%;height: 41px\">&nbsp;<\/td>\n<\/tr>\n<tr style=\"height: 41px\">\n<td style=\"width: 6.72511%;height: 41px\">&nbsp;<\/td>\n<td style=\"width: 86.0236%;text-align: center;height: 41px\"><span style=\"font-size: 14pt\">Principais indica\u00e7\u00f5es da Reflexologia Podal<\/span><\/td>\n<td style=\"width: 7.25114%;height: 41px\">&nbsp;<\/td>\n<\/tr>\n<tr style=\"height: 41px\">\n<td style=\"width: 6.72511%;height: 41px\">&nbsp;<\/td>\n<td style=\"width: 86.0236%;text-align: center;height: 41px;background-color: #f9fff0\"><span style=\"font-size: 14pt\">Sequ\u00eancia de relaxamento profundo&nbsp;<\/span><\/td>\n<td style=\"width: 7.25114%;height: 41px\">&nbsp;<\/td>\n<\/tr>\n<tr style=\"height: 41px\">\n<td style=\"width: 6.72511%;height: 41px\">&nbsp;<\/td>\n<td style=\"width: 86.0236%;text-align: center;height: 41px\"><span style=\"font-size: 14pt\">Registro do procedimento no e-SUS<\/span><\/td>\n<td style=\"width: 7.25114%;height: 41px\">&nbsp;<\/td>\n<\/tr>\n<tr style=\"height: 41px\">\n<td style=\"width: 6.72511%;height: 41px\">&nbsp;<\/td>\n<td style=\"width: 86.0236%;text-align: center;height: 41px;background-color: #f9fff0\"><span style=\"font-size: 14pt\">Possibilidades de interven\u00e7\u00f5es<\/span><\/td>\n<td style=\"width: 7.25114%;height: 41px\">&nbsp;<\/td>\n<\/tr>\n<tr style=\"height: 28px\">\n<td style=\"width: 6.72511%;height: 28px\">&nbsp;<\/td>\n<td style=\"width: 86.0236%;text-align: center;background-color: #e3f2cd;height: 28px\"><span style=\"font-size: 14pt\"><strong>Carga Hor\u00e1ria<\/strong>: 60 horas<\/span><\/td>\n<td style=\"width: 7.25114%;height: 28px\">&nbsp;<\/td>\n<\/tr>\n<tr style=\"height: 41px\">\n<td style=\"width: 6.72511%;height: 41px\">&nbsp;<\/td>\n<td style=\"width: 86.0236%;text-align: center;height: 41px\"><span style=\"font-size: 14pt\">&nbsp;<\/span><\/td>\n<td style=\"width: 7.25114%;height: 41px\">&nbsp;<\/td>\n<\/tr>\n<\/tbody>\n<\/table>\n<h1 style=\"text-align: center;background-color: #e3f2cd\"><strong><span style=\"font-family: tahoma, arial, helvetica, sans-serif\">Compet\u00eancias Desenvolvidas<\/span><\/strong><\/h1>\n<p>&nbsp;<\/p>\n<ul>\n<li><span style=\"font-size: 14pt\">Aplica\u00e7\u00e3o eficaz de reflexologia podal para promover sa\u00fade e bem-estar.<\/span><\/li>\n<li><span style=\"font-size: 14pt\">Aprofundamento no conhecimento anat\u00f4mico e nas zonas reflexas dos p\u00e9s.<\/span><\/li>\n<li><span style=\"font-size: 14pt\">Capacita\u00e7\u00e3o para registrar procedimentos terap\u00eauticos no e-SUS.<\/span><\/li>\n<li><span style=\"font-size: 14pt\">Integra\u00e7\u00e3o da Reflexologia Podal nas pr\u00e1ticas de sa\u00fade p\u00fablica e cuidados complementares.<\/span><\/li>\n<\/ul>\n<p>&nbsp;<\/p>\n<h1 style=\"text-align: center;background-color: #e3f2cd\"><strong><span style=\"font-family: tahoma, arial, helvetica, sans-serif\">Cronograma<\/span><\/strong><\/h1>\n<table style=\"border-collapse: collapse;width: 100%;height: 96px\">\n<tbody>\n<tr style=\"height: 24px\">\n<td style=\"width: 13.401%;height: 24px\">&nbsp;<\/td>\n<td style=\"width: 24.8587%;height: 24px\">&nbsp;<\/td>\n<td style=\"width: 23.9883%;height: 24px\">&nbsp;<\/td>\n<td style=\"width: 23.8434%;height: 24px\">&nbsp;<\/td>\n<td style=\"width: 13.9086%;height: 24px\">&nbsp;<\/td>\n<\/tr>\n<tr style=\"height: 24px\">\n<td style=\"width: 13.401%;height: 24px\">&nbsp;<\/td>\n<td style=\"width: 24.8587%;height: 24px;text-align: center;background-color: #e3f2cd\"><span style=\"font-size: 14pt\"><strong>Data<\/strong><\/span><\/td>\n<td style=\"width: 23.9883%;height: 24px;text-align: center;background-color: #e3f2cd\"><span style=\"font-size: 14pt\"><strong>Instrutor(a)<\/strong><\/span><\/td>\n<td style=\"width: 23.8434%;height: 24px;text-align: center;background-color: #e3f2cd\"><span style=\"font-size: 14pt\"><strong>Hor\u00e1rio<\/strong><\/span><\/td>\n<td style=\"width: 13.9086%;height: 24px\">&nbsp;<\/td>\n<\/tr>\n<tr style=\"height: 24px\">\n<td style=\"width: 13.401%;height: 24px\">&nbsp;<\/td>\n<td style=\"width: 24.8587%;height: 24px;background-color: #f9fff0;text-align: center\"><span style=\"font-size: 14pt\">18 de Novembro<\/span><\/td>\n<td style=\"width: 23.9883%;height: 24px;background-color: #f9fff0;text-align: center\"><span style=\"font-size: 14pt\">Me. Lucas Silva Peixoto<\/span><\/td>\n<td style=\"width: 23.8434%;height: 24px;background-color: #f9fff0;text-align: center\"><span style=\"font-size: 14pt\">08:00 h<\/span><\/td>\n<td style=\"width: 13.9086%;height: 24px\">&nbsp;<\/td>\n<\/tr>\n<tr style=\"height: 24px\">\n<td style=\"width: 13.401%;height: 24px\">&nbsp;<\/td>\n<td style=\"width: 24.8587%;height: 24px\">&nbsp;<\/td>\n<td style=\"width: 23.9883%;height: 24px\">&nbsp;<\/td>\n<td style=\"width: 23.8434%;height: 24px\">&nbsp;<\/td>\n<td style=\"width: 13.9086%;height: 24px\">&nbsp;<\/td>\n<\/tr>\n<\/tbody>\n<\/table>\n<h1 style=\"text-align: center;background-color: #e3f2cd\"><strong><span style=\"font-family: tahoma, arial, helvetica, sans-serif\">Ministrante<\/span><\/strong><\/h1>\n<table style=\"border-collapse: collapse;width: 100%;height: 111px\">\n<tbody>\n<tr style=\"height: 55px\">\n<td style=\"width: 27.7987%;height: 19px\">&nbsp;<\/td>\n<td style=\"width: 11.2801%\"><span style=\"font-weight: 400\">&nbsp;<\/span><\/td>\n<td style=\"height: 19px;width: 124.27%\" colspan=\"2\"><span style=\"font-weight: 400\">&nbsp;<\/span><\/td>\n<\/tr>\n<tr style=\"height: 82px\">\n<td style=\"width: 27.7987%;height: 92px\" rowspan=\"2\"><a href=\"https:\/\/cpcx.ufms.br\/files\/2024\/11\/lucas.jpg\"><img decoding=\"async\" class=\"size-full wp-image-10906 alignright\" src=\"https:\/\/cpcx.ufms.br\/files\/2024\/11\/lucas.jpg\" alt=\"\" width=\"231\" height=\"304\" srcset=\"https:\/\/cpcx.ufms.br\/files\/2024\/11\/lucas.jpg 231w, https:\/\/cpcx.ufms.br\/files\/2024\/11\/lucas-228x300.jpg 228w\" sizes=\"(max-width: 231px) 100vw, 231px\" \/><\/a><\/td>\n<td style=\"width: 11.2801%\"><strong>&nbsp;<\/strong><\/td>\n<td style=\"height: 82px;width: 124.27%\" colspan=\"2\"><strong><span style=\"font-size: 14pt\">Me. Lucas Silva Peixoto<\/span><\/strong><\/p>\n<p><span style=\"font-weight: 400\">Graduado em Farm\u00e1cia pela Universidade Federal do Mato Grosso campus de Sinop. Especialista em Farmacologia e Intera\u00e7\u00e3o Medicamentosa. Fez Resid\u00eancia Multiprofissional em Sa\u00fade da Fam\u00edlia pela Universidade Federal do Mato Grosso em Rondon\u00f3polis. Especialista em Fitoterapia e Prescri\u00e7\u00e3o de Fitoter\u00e1picos e Acupuntura. Mestre em Tecnologia de Alimentos pelo IFgoiano &#8211; Rio Verde. Em Coxim trabalha na farm\u00e1cia do ESF Rural Argemiro de Souza Barbosa e desde janeiro de 2023 \u00e9 respons\u00e1vel t\u00e9cnico pelas PICS no munic\u00edpio. Auriculoterapia, cromoterapia, Reikiano, Massoterapeuta<\/span><\/td>\n<\/tr>\n<tr style=\"height: 10px\">\n<td style=\"width: 11.2801%\"><span style=\"font-weight: 400\">&nbsp;<\/span><\/td>\n<td style=\"width: 69.7734%;height: 10px\"><span style=\"font-weight: 400\"><a href=\"https:\/\/www.instagram.com\/lucaspeixotofarmacia\"><img decoding=\"async\" class=\"alignnone wp-image-10900 \" src=\"https:\/\/cpcx.ufms.br\/files\/2024\/11\/insta-150x150.jpeg\" alt=\"\" width=\"53\" height=\"53\" srcset=\"https:\/\/cpcx.ufms.br\/files\/2024\/11\/insta-150x150.jpeg 150w, https:\/\/cpcx.ufms.br\/files\/2024\/11\/insta-300x300.jpeg 300w, https:\/\/cpcx.ufms.br\/files\/2024\/11\/insta-320x320.jpeg 320w, https:\/\/cpcx.ufms.br\/files\/2024\/11\/insta.jpeg 626w\" sizes=\"(max-width: 53px) 100vw, 53px\" \/><\/a><a href=\"http:\/\/lattes.cnpq.br\/8446299018824119\"><img loading=\"lazy\" decoding=\"async\" class=\"alignleft wp-image-10833\" src=\"https:\/\/cpcx.ufms.br\/files\/2024\/11\/lattes-300x148.png\" alt=\"\" width=\"105\" height=\"52\" srcset=\"https:\/\/cpcx.ufms.br\/files\/2024\/11\/lattes-300x148.png 300w, https:\/\/cpcx.ufms.br\/files\/2024\/11\/lattes-768x380.png 768w, https:\/\/cpcx.ufms.br\/files\/2024\/11\/lattes-647x320.png 647w, https:\/\/cpcx.ufms.br\/files\/2024\/11\/lattes.png 920w\" sizes=\"(max-width: 105px) 100vw, 105px\" \/><\/a><\/span><\/td>\n<td style=\"width: 54.4969%;height: 10px\">\n<p style=\"text-align: left\">&nbsp;<\/p>\n<\/td>\n<\/tr>\n<\/tbody>\n<\/table>\n<p>&nbsp;<\/p>\n","protected":false},"excerpt":{"rendered":"<p>Descri\u00e7\u00e3o &nbsp; &nbsp; &nbsp; A Reflexologia Podal \u00e9 uma t\u00e9cnica terap\u00eautica milenar que busca promover o equil\u00edbrio e o bem-estar por meio da aplica\u00e7\u00e3o de press\u00e3o em pontos espec\u00edficos dos p\u00e9s. Esta pr\u00e1tica \u00e9 reconhecida mundialmente por seus benef\u00edcios na redu\u00e7\u00e3o do estresse, al\u00edvio de dores e promo\u00e7\u00e3o da sa\u00fade integral. Neste curso, voc\u00ea aprender\u00e1 [&hellip;]<\/p>\n","protected":false},"author":55297,"featured_media":0,"parent":10619,"menu_order":0,"comment_status":"closed","ping_status":"closed","template":"page-templates\/full-width.php","meta":{"_eb_attr":"","ngg_post_thumbnail":0,"footnotes":""},"coauthors":[124,116],"class_list":["post-10850","page","type-page","status-publish","hentry"],"_links":{"self":[{"href":"https:\/\/cpcx.ufms.br\/en\/wp-json\/wp\/v2\/pages\/10850","targetHints":{"allow":["GET"]}}],"collection":[{"href":"https:\/\/cpcx.ufms.br\/en\/wp-json\/wp\/v2\/pages"}],"about":[{"href":"https:\/\/cpcx.ufms.br\/en\/wp-json\/wp\/v2\/types\/page"}],"author":[{"embeddable":true,"href":"https:\/\/cpcx.ufms.br\/en\/wp-json\/wp\/v2\/users\/55297"}],"replies":[{"embeddable":true,"href":"https:\/\/cpcx.ufms.br\/en\/wp-json\/wp\/v2\/comments?post=10850"}],"version-history":[{"count":14,"href":"https:\/\/cpcx.ufms.br\/en\/wp-json\/wp\/v2\/pages\/10850\/revisions"}],"predecessor-version":[{"id":13159,"href":"https:\/\/cpcx.ufms.br\/en\/wp-json\/wp\/v2\/pages\/10850\/revisions\/13159"}],"up":[{"embeddable":true,"href":"https:\/\/cpcx.ufms.br\/en\/wp-json\/wp\/v2\/pages\/10619"}],"wp:attachment":[{"href":"https:\/\/cpcx.ufms.br\/en\/wp-json\/wp\/v2\/media?parent=10850"}],"wp:term":[{"taxonomy":"author","embeddable":true,"href":"https:\/\/cpcx.ufms.br\/en\/wp-json\/wp\/v2\/coauthors?post=10850"}],"curies":[{"name":"wp","href":"https:\/\/api.w.org\/{rel}","templated":true}]}}