{"id":10852,"date":"2024-11-05T16:30:02","date_gmt":"2024-11-05T20:30:02","guid":{"rendered":"https:\/\/cpcx.ufms.br\/?page_id=10852"},"modified":"2025-11-01T22:49:13","modified_gmt":"2025-11-02T02:49:13","slug":"cromoterapia","status":"publish","type":"page","link":"https:\/\/cpcx.ufms.br\/en\/1-encontro-de-praticas-integrativas-e-complementares-em-saude-da-regiao-norte-de-ms\/cromoterapia\/","title":{"rendered":"Cromoterapia"},"content":{"rendered":"<h1 style=\"text-align: center;background-color: #e3f2cd\"><strong><span style=\"font-family: tahoma, arial, helvetica, sans-serif\">Descri\u00e7\u00e3o<\/span><\/strong><\/h1>\n<p><a href=\"https:\/\/cpcx.ufms.br\/files\/2024\/10\/cr.jpg\"><img fetchpriority=\"high\" decoding=\"async\" class=\"wp-image-10640 size-medium aligncenter\" src=\"https:\/\/cpcx.ufms.br\/files\/2024\/10\/cr-300x187.jpg\" alt=\"\" width=\"300\" height=\"187\" srcset=\"https:\/\/cpcx.ufms.br\/files\/2024\/10\/cr-300x187.jpg 300w, https:\/\/cpcx.ufms.br\/files\/2024\/10\/cr-768x479.jpg 768w, https:\/\/cpcx.ufms.br\/files\/2024\/10\/cr-514x320.jpg 514w, https:\/\/cpcx.ufms.br\/files\/2024\/10\/cr.jpg 772w\" sizes=\"(max-width: 300px) 100vw, 300px\" \/><\/a><\/p>\n<p>&nbsp;<\/p>\n<p style=\"text-align: center\"><span style=\"font-size: 14pt\">A Cromoterapia \u00e9 uma t\u00e9cnica terap\u00eautica que utiliza as cores para promover o equil\u00edbrio f\u00edsico, mental e emocional. Ela baseia-se na ideia de que diferentes cores podem influenciar nosso estado de sa\u00fade e bem-estar, trazendo benef\u00edcios desde o al\u00edvio de dores at\u00e9 a redu\u00e7\u00e3o do estresse. Neste curso, vamos explorar os fundamentos da cromoterapia, sua hist\u00f3ria, aplica\u00e7\u00e3o e como ela pode ser integrada ao cuidado moderno e ao sistema de sa\u00fade.<\/span><\/p>\n<h4 style=\"text-align: center\"><span style=\"color: black;font-size: 14pt\"><strong><a class=\"btn btn-primary\" style=\"background-color: #85a48f\" title=\"Inscri\u00e7\u00f5es\" href=\"https:\/\/link.ufms.br\/cursosnupics\" target=\"_blank\" rel=\"noopener\">Fa\u00e7a sua Inscri\u00e7\u00e3o!<\/a><\/strong><\/span><\/h4>\n<p>&nbsp;<\/p>\n<h1 style=\"text-align: center;background-color: #e3f2cd\"><strong><span style=\"font-family: tahoma, arial, helvetica, sans-serif\">Objetivo<\/span><\/strong><\/h1>\n<p>&nbsp;<\/p>\n<p style=\"text-align: center\"><span style=\"font-size: 14pt\">Capacitar os participantes no entendimento e na aplica\u00e7\u00e3o pr\u00e1tica da Cromoterapia, abordando desde suas origens hist\u00f3ricas at\u00e9 suas aplica\u00e7\u00f5es terap\u00eauticas no contexto atual, incluindo o uso das cores para equil\u00edbrio dos chakras e a inser\u00e7\u00e3o da cromoterapia nas pol\u00edticas p\u00fablicas de sa\u00fade.<\/span><\/p>\n<p>&nbsp;<\/p>\n<h1 style=\"text-align: center;background-color: #e3f2cd\"><strong><span style=\"font-family: tahoma, arial, helvetica, sans-serif\">Detalhamento<\/span><\/strong><\/h1>\n<p>&nbsp;<\/p>\n<table style=\"border-collapse: collapse;width: 100%;height: 638px\">\n<tbody>\n<tr style=\"height: 27px\">\n<td style=\"width: 6.72511%;height: 27px\">&nbsp;<\/td>\n<td style=\"width: 86.0236%;text-align: center;height: 27px\"><span style=\"font-size: 14pt\"><strong>&nbsp;<\/strong><\/span><\/td>\n<td style=\"width: 7.25114%;height: 27px\">&nbsp;<\/td>\n<\/tr>\n<tr style=\"height: 27px\">\n<td style=\"width: 6.72511%;height: 41px\">&nbsp;<\/td>\n<td style=\"width: 86.0236%;height: 41px;text-align: center;background-color: #e3f2cd\"><span style=\"font-size: 14pt\"><strong>Conte\u00fado Program\u00e1tico<\/strong>:<\/span><\/td>\n<td style=\"width: 7.25114%;height: 41px\">&nbsp;<\/td>\n<\/tr>\n<tr style=\"height: 27px\">\n<td style=\"width: 6.72511%;height: 41px\">&nbsp;<\/td>\n<td style=\"width: 86.0236%;height: 41px;text-align: center;background-color: #f9fff0\"><span style=\"font-size: 14pt\">O que \u00e9 Cromoterapia<\/span><\/td>\n<td style=\"width: 7.25114%;height: 41px\">&nbsp;<\/td>\n<\/tr>\n<tr style=\"height: 41px\">\n<td style=\"width: 6.72511%;height: 41px\">&nbsp;<\/td>\n<td style=\"width: 86.0236%;height: 41px;text-align: center\"><span style=\"font-size: 14pt\">A Cromoterapia na Antiguidade<\/span><\/td>\n<td style=\"width: 7.25114%;height: 41px\">&nbsp;<\/td>\n<\/tr>\n<tr style=\"height: 23px\">\n<td style=\"width: 6.72511%;height: 41px\">&nbsp;<\/td>\n<td style=\"width: 86.0236%;height: 41px;text-align: center;background-color: #f9fff0\"><span style=\"font-size: 14pt\">A Cromoterapia Atual<\/span><\/td>\n<td style=\"width: 7.25114%;height: 41px\">&nbsp;<\/td>\n<\/tr>\n<tr style=\"height: 23px\">\n<td style=\"width: 6.72511%;height: 41px\">&nbsp;<\/td>\n<td style=\"width: 86.0236%;height: 41px;text-align: center\"><span style=\"font-size: 14pt\">As cores na Cromoterapia (Vermelho &#8211; Amarelo &#8211; Verde &#8211; Azul &#8211; Rosa &#8211; Laranja &#8211; Violeta &#8211; \u00cdndigo &#8211; Branco &#8211; Preto)<\/span><\/td>\n<td style=\"width: 7.25114%;height: 41px\">&nbsp;<\/td>\n<\/tr>\n<tr style=\"height: 23px\">\n<td style=\"width: 6.72511%;height: 41px\">&nbsp;<\/td>\n<td style=\"width: 86.0236%;height: 41px;text-align: center;background-color: #f9fff0\"><span style=\"font-size: 14pt\">A Luz e as Cores<\/span><\/td>\n<td style=\"width: 7.25114%;height: 41px\">&nbsp;<\/td>\n<\/tr>\n<tr style=\"height: 23px\">\n<td style=\"width: 6.72511%;height: 41px\">&nbsp;<\/td>\n<td style=\"width: 86.0236%;height: 41px;text-align: center\"><span style=\"font-size: 14pt\">As cores dos Chakras<\/span><\/td>\n<td style=\"width: 7.25114%;height: 41px\">&nbsp;<\/td>\n<\/tr>\n<tr style=\"height: 28px\">\n<td style=\"width: 6.72511%;height: 41px\">&nbsp;<\/td>\n<td style=\"width: 86.0236%;text-align: center;height: 41px;background-color: #f9fff0\"><span style=\"font-size: 14pt\">Os Chakras<\/span><\/td>\n<td style=\"width: 7.25114%;height: 41px\">&nbsp;<\/td>\n<\/tr>\n<tr style=\"height: 28px\">\n<td style=\"width: 6.72511%;height: 41px\">&nbsp;<\/td>\n<td style=\"width: 86.0236%;text-align: center;height: 41px\"><span style=\"font-size: 14pt\">Princ\u00edpios Fundamentais da Cromoterapia<\/span><\/td>\n<td style=\"width: 7.25114%;height: 41px\">&nbsp;<\/td>\n<\/tr>\n<tr style=\"height: 28px\">\n<td style=\"width: 6.72511%;height: 41px\">&nbsp;<\/td>\n<td style=\"width: 86.0236%;text-align: center;height: 41px;background-color: #f9fff0\"><span style=\"font-size: 14pt\">Ros\u00e1cea das Cores, Aplica\u00e7\u00e3o das Cores<br \/>\n<\/span><\/td>\n<td style=\"width: 7.25114%;height: 41px\">&nbsp;<\/td>\n<\/tr>\n<tr style=\"height: 28px\">\n<td style=\"width: 6.72511%;height: 41px\">&nbsp;<\/td>\n<td style=\"width: 86.0236%;text-align: center;height: 41px\"><span style=\"font-size: 14pt\">Os Efeitos das Cores<br \/>\n<\/span><\/td>\n<td style=\"width: 7.25114%;height: 41px\">&nbsp;<\/td>\n<\/tr>\n<tr style=\"height: 28px\">\n<td style=\"width: 6.72511%;height: 41px\">&nbsp;<\/td>\n<td style=\"width: 86.0236%;text-align: center;height: 41px;background-color: #f9fff0\"><span style=\"font-size: 14pt\">Aplica\u00e7\u00f5es da Cromoterapia<br \/>\n<\/span><\/td>\n<td style=\"width: 7.25114%;height: 41px\">&nbsp;<\/td>\n<\/tr>\n<tr style=\"height: 41px\">\n<td style=\"width: 6.72511%;height: 41px\">&nbsp;<\/td>\n<td style=\"width: 86.0236%;text-align: center;height: 41px\"><span style=\"font-size: 14pt\">Tabela de Correla\u00e7\u00e3o de cores<br \/>\n<\/span><\/td>\n<td style=\"width: 7.25114%;height: 41px\">&nbsp;<\/td>\n<\/tr>\n<tr style=\"height: 28px\">\n<td style=\"width: 6.72511%;height: 41px\">&nbsp;<\/td>\n<td style=\"width: 86.0236%;text-align: center;height: 41px;background-color: #f9fff0\"><span style=\"font-size: 14pt\">Doen\u00e7as e local de aplica\u00e7\u00e3o<\/span><\/td>\n<td style=\"width: 7.25114%;height: 41px\">&nbsp;<\/td>\n<\/tr>\n<tr style=\"height: 28px\">\n<td style=\"width: 6.72511%;height: 41px\">&nbsp;<\/td>\n<td style=\"width: 86.0236%;text-align: center;height: 41px\"><span style=\"font-size: 14pt\">Inser\u00e7\u00e3o da cromoterapia na pol\u00edtica nacional de pics<br \/>\n<\/span><\/td>\n<td style=\"width: 7.25114%;height: 41px\">&nbsp;<\/td>\n<\/tr>\n<tr style=\"height: 28px\">\n<td style=\"width: 6.72511%;height: 41px\">&nbsp;<\/td>\n<td style=\"width: 86.0236%;text-align: center;height: 41px;background-color: #f9fff0\"><span style=\"font-size: 14pt\">Registro do procedimento no esus<\/span><\/td>\n<td style=\"width: 7.25114%;height: 41px\">&nbsp;<\/td>\n<\/tr>\n<tr style=\"height: 28px\">\n<td style=\"width: 6.72511%;height: 41px\">&nbsp;<\/td>\n<td style=\"width: 86.0236%;text-align: center;height: 41px\"><span style=\"font-size: 14pt\">Possibilidade de interven\u00e7\u00f5es<\/span><\/td>\n<td style=\"width: 7.25114%;height: 41px\">&nbsp;<\/td>\n<\/tr>\n<tr style=\"height: 26px\">\n<td style=\"width: 6.72511%;height: 41px\">&nbsp;<\/td>\n<td style=\"width: 86.0236%;text-align: center;height: 41px;background-color: #e3f2cd\"><span style=\"font-size: 14pt\"><strong>Carga Hor\u00e1ria<\/strong>: 60 horas<\/span><\/td>\n<td style=\"width: 7.25114%;height: 41px\">&nbsp;<\/td>\n<\/tr>\n<tr style=\"height: 27px\">\n<td style=\"width: 6.72511%;height: 41px\">&nbsp;<\/td>\n<td style=\"width: 86.0236%;text-align: center;height: 41px\"><span style=\"font-size: 14pt\">&nbsp;<\/span><\/td>\n<td style=\"width: 7.25114%;height: 41px\">&nbsp;<\/td>\n<\/tr>\n<\/tbody>\n<\/table>\n<h1 style=\"text-align: center;background-color: #e3f2cd\"><strong><span style=\"font-family: tahoma, arial, helvetica, sans-serif\">Compet\u00eancias Desenvolvidas<\/span><\/strong><\/h1>\n<p>&nbsp;<\/p>\n<ul>\n<li><span style=\"font-size: 14pt\">Compreens\u00e3o profunda sobre os efeitos terap\u00eauticos das cores no corpo e na mente.<\/span><\/li>\n<li><span style=\"font-size: 14pt\">Habilidades para aplicar a cromoterapia de forma eficaz, tanto em ambientes cl\u00ednicos quanto no autocuidado.<\/span><\/li>\n<li><span style=\"font-size: 14pt\">Capacita\u00e7\u00e3o para utilizar a cromoterapia como uma pr\u00e1tica complementar na sa\u00fade p\u00fablica, especialmente dentro da Pol\u00edtica Nacional de PICS.<\/span><\/li>\n<li><span style=\"font-size: 14pt\">Habilidade para realizar o registro dos procedimentos no e-SUS.<\/span><\/li>\n<\/ul>\n<p>&nbsp;<\/p>\n<h1 style=\"text-align: center;background-color: #e3f2cd\"><strong><span style=\"font-family: tahoma, arial, helvetica, sans-serif\">Cronograma<\/span><\/strong><\/h1>\n<table style=\"border-collapse: collapse;width: 100%;height: 152px\">\n<tbody>\n<tr style=\"height: 24px\">\n<td style=\"width: 9.17845%;height: 24px\">&nbsp;<\/td>\n<td style=\"width: 24.5607%;height: 24px\">&nbsp;<\/td>\n<td style=\"width: 29.3037%;height: 24px\">&nbsp;<\/td>\n<td style=\"width: 26.526%;height: 24px\">&nbsp;<\/td>\n<td style=\"width: 10.4312%;height: 24px\">&nbsp;<\/td>\n<\/tr>\n<tr style=\"height: 24px\">\n<td style=\"width: 9.17845%;height: 24px\">&nbsp;<\/td>\n<td style=\"width: 24.5607%;height: 24px;text-align: center;background-color: #e3f2cd\"><span style=\"font-size: 14pt\"><strong>Data<\/strong><\/span><\/td>\n<td style=\"width: 29.3037%;height: 24px;text-align: center;background-color: #e3f2cd\"><span style=\"font-size: 14pt\"><strong>Instrutor(a)<\/strong><\/span><\/td>\n<td style=\"width: 26.526%;height: 24px;text-align: center;background-color: #e3f2cd\"><span style=\"font-size: 14pt\"><strong>Hor\u00e1rio<\/strong><\/span><\/td>\n<td style=\"width: 10.4312%;height: 24px\">&nbsp;<\/td>\n<\/tr>\n<tr style=\"height: 24px\">\n<td style=\"width: 9.17845%;height: 24px\">&nbsp;<\/td>\n<td style=\"width: 24.5607%;height: 24px;background-color: #f9fff0;text-align: center\"><span style=\"font-size: 14pt\">18 de Novembro<\/span><\/td>\n<td style=\"width: 29.3037%;height: 24px;background-color: #f9fff0;text-align: center\"><span style=\"font-size: 14pt\">Me. Lucas Silva Peixoto<\/span><\/td>\n<td style=\"width: 26.526%;height: 24px;background-color: #f9fff0;text-align: center\"><span style=\"font-size: 14pt\"><span style=\"font-weight: 400\">07:30<\/span> h<\/span><\/td>\n<td style=\"width: 10.4312%;height: 24px\">&nbsp;<\/td>\n<\/tr>\n<tr style=\"height: 28px\">\n<td style=\"width: 9.17845%;height: 28px\">&nbsp;<\/td>\n<td style=\"width: 24.5607%;text-align: center;height: 28px\"><span style=\"font-size: 14pt\"> <span style=\"font-weight: 400\">12 de Novembro<\/span><\/span><\/td>\n<td style=\"width: 29.3037%;text-align: center;height: 28px\"><span style=\"font-size: 14pt\"><span style=\"font-weight: 400\">Mariza da Silva Rodrigues<\/span>&nbsp;<\/span><\/td>\n<td style=\"width: 26.526%;text-align: center;height: 28px\"><span style=\"font-size: 14pt\"><span style=\"font-weight: 400\">07:30<\/span> h&nbsp;<\/span><\/td>\n<td style=\"width: 10.4312%;height: 28px\">&nbsp;<\/td>\n<\/tr>\n<tr style=\"height: 28px\">\n<td style=\"width: 9.17845%;height: 28px\">&nbsp;<\/td>\n<td style=\"width: 24.5607%;background-color: #f9fff0;text-align: center;height: 28px\"><span style=\"font-size: 14pt\"><span style=\"font-weight: 400\">13&nbsp; de Novembro<\/span>&nbsp;<\/span><\/td>\n<td style=\"width: 29.3037%;background-color: #f9fff0;text-align: center;height: 28px\"><span style=\"font-size: 14pt\"> <span style=\"font-weight: 400\">Me. Bruna Andrade dos Santos Oliveira<\/span><\/span><\/td>\n<td style=\"width: 26.526%;background-color: #f9fff0;text-align: center;height: 28px\"><span style=\"font-size: 14pt\">13:00 h<\/span><\/td>\n<td style=\"width: 10.4312%;height: 28px\">&nbsp;<\/td>\n<\/tr>\n<tr style=\"height: 24px\">\n<td style=\"width: 9.17845%;height: 24px\">&nbsp;<\/td>\n<td style=\"width: 24.5607%;height: 24px\">&nbsp;<\/td>\n<td style=\"width: 29.3037%;height: 24px\">&nbsp;<\/td>\n<td style=\"width: 26.526%;height: 24px\">&nbsp;<\/td>\n<td style=\"width: 10.4312%;height: 24px\">&nbsp;<\/td>\n<\/tr>\n<\/tbody>\n<\/table>\n<p>&nbsp;<\/p>\n<h1 style=\"text-align: center;background-color: #e3f2cd\"><strong><span style=\"font-family: tahoma, arial, helvetica, sans-serif\">Ministrante<\/span><\/strong><\/h1>\n<table style=\"border-collapse: collapse;width: 100%;height: 111px\">\n<tbody>\n<tr style=\"height: 55px\">\n<td style=\"width: 27.7987%;height: 19px\">&nbsp;<\/td>\n<td style=\"width: 11.2801%\"><span style=\"font-weight: 400\">&nbsp;<\/span><\/td>\n<td style=\"height: 19px;width: 124.27%\" colspan=\"2\"><span style=\"font-weight: 400\">&nbsp;<\/span><\/td>\n<\/tr>\n<tr style=\"height: 82px\">\n<td style=\"width: 27.7987%;height: 92px\" rowspan=\"2\"><a href=\"https:\/\/cpcx.ufms.br\/files\/2024\/11\/bruna-1.jpg\"><img decoding=\"async\" class=\"wp-image-10904 size-medium aligncenter\" src=\"https:\/\/cpcx.ufms.br\/files\/2024\/11\/bruna-1-154x300.jpg\" alt=\"\" width=\"154\" height=\"300\" srcset=\"https:\/\/cpcx.ufms.br\/files\/2024\/11\/bruna-1-154x300.jpg 154w, https:\/\/cpcx.ufms.br\/files\/2024\/11\/bruna-1-164x320.jpg 164w, https:\/\/cpcx.ufms.br\/files\/2024\/11\/bruna-1.jpg 227w\" sizes=\"(max-width: 154px) 100vw, 154px\" \/><\/a><\/td>\n<td style=\"width: 11.2801%\"><span style=\"font-weight: 400\">&nbsp;<\/span><\/td>\n<td style=\"height: 82px;width: 124.27%\" colspan=\"2\"><span style=\"font-weight: 400\"><span style=\"font-size: 14pt\"><strong>Me. Bruna Andrade dos Santos Oliveira<\/strong><\/span><\/span><\/p>\n<p>Bacharel em Enfermagem pela Universidade Federal de Mato Grosso Sul (ufms\/cpcx). P\u00f3s-graduada em Doc\u00eancia, Linguagens e Tecnologias Educacionais pela UFMS\/CPCX; Sa\u00fade Coletiva pela FAVENI. Mestranda pelo Programa de Mestrado Profissiona em Sa\u00fade da Fam\u00edlia &#8211; PROFSAUDE\/Fiocruz MS. Auriculoterapeuta. Experi\u00eancia profissional como cuidadora de idosos na casa lar Kolping em Coxim-MS; Educa\u00e7\u00e3o superior como professora substituta na UFMS\/CPCX; Atuando no momento em Enfermagem assistencial na Aten\u00e7\u00e3o B\u00e1sica na ESF Ilda Aparecida Cometki S\u00e3o Jos\u00e9 em Coxim-MS.<\/td>\n<\/tr>\n<tr style=\"height: 10px\">\n<td style=\"width: 11.2801%\"><span style=\"font-weight: 400\">&nbsp;<\/span><\/td>\n<td style=\"width: 69.7734%;height: 10px\"><span style=\"font-weight: 400\"><a href=\"https:\/\/www.instagram.com\/brunaasantos19\"><img decoding=\"async\" class=\"alignleft wp-image-10900\" src=\"https:\/\/cpcx.ufms.br\/files\/2024\/11\/insta-150x150.jpeg\" alt=\"\" width=\"47\" height=\"47\" srcset=\"https:\/\/cpcx.ufms.br\/files\/2024\/11\/insta-150x150.jpeg 150w, https:\/\/cpcx.ufms.br\/files\/2024\/11\/insta-300x300.jpeg 300w, https:\/\/cpcx.ufms.br\/files\/2024\/11\/insta-320x320.jpeg 320w, https:\/\/cpcx.ufms.br\/files\/2024\/11\/insta.jpeg 626w\" sizes=\"(max-width: 47px) 100vw, 47px\" \/><\/a><a href=\"http:\/\/lattes.cnpq.br\/1502983502550917\"><img loading=\"lazy\" decoding=\"async\" class=\"alignleft wp-image-10833\" src=\"https:\/\/cpcx.ufms.br\/files\/2024\/11\/lattes-300x148.png\" alt=\"\" width=\"105\" height=\"52\" srcset=\"https:\/\/cpcx.ufms.br\/files\/2024\/11\/lattes-300x148.png 300w, https:\/\/cpcx.ufms.br\/files\/2024\/11\/lattes-768x380.png 768w, https:\/\/cpcx.ufms.br\/files\/2024\/11\/lattes-647x320.png 647w, https:\/\/cpcx.ufms.br\/files\/2024\/11\/lattes.png 920w\" sizes=\"(max-width: 105px) 100vw, 105px\" \/><\/a><\/span><\/td>\n<td style=\"width: 54.4969%;height: 10px\">\n<p style=\"text-align: left\">&nbsp;<\/p>\n<\/td>\n<\/tr>\n<\/tbody>\n<\/table>\n<table style=\"border-collapse: collapse;width: 100%;height: 111px\">\n<tbody>\n<tr style=\"height: 55px\">\n<td style=\"width: 27.7987%;height: 19px\">&nbsp;<\/td>\n<td style=\"width: 11.2801%\"><span style=\"font-weight: 400\">&nbsp;<\/span><\/td>\n<td style=\"height: 19px;width: 124.27%\" colspan=\"2\"><span style=\"font-weight: 400\">&nbsp;<\/span><\/td>\n<\/tr>\n<tr style=\"height: 82px\">\n<td style=\"width: 27.7987%;height: 92px\" rowspan=\"2\"><a href=\"https:\/\/cpcx.ufms.br\/files\/2024\/11\/Mariza.jpg\"><img loading=\"lazy\" decoding=\"async\" class=\"size-full wp-image-10928 aligncenter\" src=\"https:\/\/cpcx.ufms.br\/files\/2024\/11\/Mariza.jpg\" alt=\"\" width=\"179\" height=\"222\"><\/a><\/td>\n<td style=\"width: 11.2801%\"><span style=\"font-weight: 400\">&nbsp;<\/span><\/td>\n<td style=\"height: 82px;width: 124.27%\" colspan=\"2\"><span style=\"font-weight: 400\"><span style=\"font-size: 14pt\"><strong>Mariza da Silva Rodrigues<\/strong><\/span><\/span><\/p>\n<p><span style=\"font-weight: 400\">T\u00e9cnica em Agente de Sa\u00fade com UFRGS, T\u00e9cnico em Meio Ambiente pelo IFMS\/Coxim-MS. Gradua\u00e7\u00e3o em Letras pela UFMS\/CPCX e Gest\u00e3o P\u00fablica, pela Universidade de Fran\u00e7a. Cromoterapeuta, Aromaterapeuta, Reikiana e Automassagem Chinesa. <\/span><span style=\"font-weight: 400\">Atuando como ACS no ESF RURAL Argemiro Barbosa de Souza em Coxim- MS.<\/span><\/td>\n<\/tr>\n<tr style=\"height: 10px\">\n<td style=\"width: 11.2801%\"><span style=\"font-weight: 400\">&nbsp;<\/span><\/td>\n<td style=\"width: 69.7734%;height: 10px\"><a href=\"https:\/\/www.instagram.com\/marysilva9168\"><img loading=\"lazy\" decoding=\"async\" class=\"wp-image-10900 alignleft\" src=\"https:\/\/cpcx.ufms.br\/files\/2024\/11\/insta-150x150.jpeg\" alt=\"\" width=\"47\" height=\"47\" srcset=\"https:\/\/cpcx.ufms.br\/files\/2024\/11\/insta-150x150.jpeg 150w, https:\/\/cpcx.ufms.br\/files\/2024\/11\/insta-300x300.jpeg 300w, https:\/\/cpcx.ufms.br\/files\/2024\/11\/insta-320x320.jpeg 320w, https:\/\/cpcx.ufms.br\/files\/2024\/11\/insta.jpeg 626w\" sizes=\"(max-width: 47px) 100vw, 47px\" \/><\/a><\/td>\n<td style=\"width: 54.4969%;height: 10px\">\n<p style=\"text-align: left\">&nbsp;<\/p>\n<\/td>\n<\/tr>\n<\/tbody>\n<\/table>\n<table style=\"border-collapse: collapse;width: 100%;height: 213px\">\n<tbody>\n<tr style=\"height: 55px\">\n<td style=\"width: 27.7987%;height: 19px\">&nbsp;<\/td>\n<td style=\"width: 11.2801%;height: 19px\"><span style=\"font-weight: 400\">&nbsp;<\/span><\/td>\n<td style=\"height: 19px;width: 124.27%\" colspan=\"2\"><span style=\"font-weight: 400\">&nbsp;<\/span><\/td>\n<\/tr>\n<tr style=\"height: 82px\">\n<td style=\"width: 27.7987%;height: 194px\" rowspan=\"2\"><a href=\"https:\/\/cpcx.ufms.br\/files\/2024\/11\/ligia.jpg\"><img loading=\"lazy\" decoding=\"async\" class=\"aligncenter wp-image-10929 \" src=\"https:\/\/cpcx.ufms.br\/files\/2024\/11\/ligia-150x150.jpg\" alt=\"\" width=\"188\" height=\"188\"><\/a><\/td>\n<td style=\"width: 11.2801%;height: 119px\"><span style=\"font-weight: 400\">&nbsp;<\/span><\/td>\n<td style=\"height: 119px;width: 124.27%\" colspan=\"2\"><span style=\"font-weight: 400\"><span style=\"font-size: 14pt\"><strong>L\u00edgia Beatriz Machado de Sena<\/strong><\/span><\/span><\/p>\n<p><span style=\"font-weight: 400\">Acad\u00eamica do Curso de Farm\u00e1cia, pela universidade Anhanguera . <\/span><span style=\"font-weight: 400\">Aromaterapeuta, Cromoterapeuta. Est\u00e1gio em programas estrat\u00e9gicos e assist\u00eancia farmac\u00eautica.<\/span><\/td>\n<\/tr>\n<tr style=\"height: 10px\">\n<td style=\"width: 11.2801%;height: 75px\"><span style=\"font-weight: 400\">&nbsp;<\/span><\/td>\n<td style=\"width: 69.7734%;height: 75px\"><a href=\"https:\/\/www.instagram.com\/ligiabeatrizsena\"><img decoding=\"async\" class=\"alignleft wp-image-10900\" src=\"https:\/\/cpcx.ufms.br\/files\/2024\/11\/insta-150x150.jpeg\" alt=\"\" width=\"47\" height=\"47\" srcset=\"https:\/\/cpcx.ufms.br\/files\/2024\/11\/insta-150x150.jpeg 150w, https:\/\/cpcx.ufms.br\/files\/2024\/11\/insta-300x300.jpeg 300w, https:\/\/cpcx.ufms.br\/files\/2024\/11\/insta-320x320.jpeg 320w, https:\/\/cpcx.ufms.br\/files\/2024\/11\/insta.jpeg 626w\" sizes=\"(max-width: 47px) 100vw, 47px\" \/><\/a><\/td>\n<td style=\"width: 54.4969%;height: 75px\">\n<p style=\"text-align: left\">&nbsp;<\/p>\n<\/td>\n<\/tr>\n<\/tbody>\n<\/table>\n<table style=\"border-collapse: collapse;width: 100%;height: 111px\">\n<tbody>\n<tr style=\"height: 55px\">\n<td style=\"width: 27.7987%;height: 19px\">&nbsp;<\/td>\n<td style=\"width: 11.2801%\"><span style=\"font-weight: 400\">&nbsp;<\/span><\/td>\n<td style=\"height: 19px;width: 124.27%\" colspan=\"2\"><span style=\"font-weight: 400\">&nbsp;<\/span><\/td>\n<\/tr>\n<tr style=\"height: 82px\">\n<td style=\"width: 27.7987%;height: 92px\" rowspan=\"2\"><a href=\"https:\/\/cpcx.ufms.br\/files\/2024\/11\/lucas.jpg\"><img loading=\"lazy\" decoding=\"async\" class=\"aligncenter wp-image-10906 size-medium\" src=\"https:\/\/cpcx.ufms.br\/files\/2024\/11\/lucas-228x300.jpg\" alt=\"\" width=\"228\" height=\"300\" srcset=\"https:\/\/cpcx.ufms.br\/files\/2024\/11\/lucas-228x300.jpg 228w, https:\/\/cpcx.ufms.br\/files\/2024\/11\/lucas.jpg 231w\" sizes=\"(max-width: 228px) 100vw, 228px\" \/><\/a><\/td>\n<td style=\"width: 11.2801%\"><span style=\"font-weight: 400\">&nbsp;<\/span><\/td>\n<td style=\"height: 82px;width: 124.27%\" colspan=\"2\"><span style=\"font-weight: 400\"><span style=\"font-size: 14pt\"><strong>Me. Lucas Silva Peixoto<\/strong><\/span><\/span><\/p>\n<p><span style=\"font-weight: 400\">Graduado em Farm\u00e1cia pela Universidade Federal do Mato Grosso campus de Sinop. Especialista em Farmacologia e Intera\u00e7\u00e3o Medicamentosa. Fez Resid\u00eancia Multiprofissional em Sa\u00fade da Fam\u00edlia pela Universidade Federal do Mato Grosso em Rondon\u00f3polis. Especialista em Fitoterapia e Prescri\u00e7\u00e3o de Fitoter\u00e1picos e Acupuntura. Mestre em Tecnologia de Alimentos pelo IFgoiano &#8211; Rio Verde. Em Coxim trabalha na farm\u00e1cia do ESF Rural Argemiro de Souza Barbosa e desde janeiro de 2023 \u00e9 respons\u00e1vel t\u00e9cnico pelas PICS no munic\u00edpio. Auriculoterapia, cromoterapia, Reikiano, Massoterapeuta.<\/span><\/td>\n<\/tr>\n<tr style=\"height: 10px\">\n<td style=\"width: 11.2801%\"><span style=\"font-weight: 400\">&nbsp;<\/span><\/td>\n<td style=\"width: 69.7734%;height: 10px\"><span style=\"font-weight: 400\"><a href=\"https:\/\/www.instagram.com\/lucaspeixotofarmacia\"><img decoding=\"async\" class=\"alignleft wp-image-10900\" src=\"https:\/\/cpcx.ufms.br\/files\/2024\/11\/insta-150x150.jpeg\" alt=\"\" width=\"47\" height=\"47\" srcset=\"https:\/\/cpcx.ufms.br\/files\/2024\/11\/insta-150x150.jpeg 150w, https:\/\/cpcx.ufms.br\/files\/2024\/11\/insta-300x300.jpeg 300w, https:\/\/cpcx.ufms.br\/files\/2024\/11\/insta-320x320.jpeg 320w, https:\/\/cpcx.ufms.br\/files\/2024\/11\/insta.jpeg 626w\" sizes=\"(max-width: 47px) 100vw, 47px\" \/><\/a><a href=\"http:\/\/lattes.cnpq.br\/1502983502550917\"><img loading=\"lazy\" decoding=\"async\" class=\"alignleft wp-image-10833\" src=\"https:\/\/cpcx.ufms.br\/files\/2024\/11\/lattes-300x148.png\" alt=\"\" width=\"105\" height=\"52\" srcset=\"https:\/\/cpcx.ufms.br\/files\/2024\/11\/lattes-300x148.png 300w, https:\/\/cpcx.ufms.br\/files\/2024\/11\/lattes-768x380.png 768w, https:\/\/cpcx.ufms.br\/files\/2024\/11\/lattes-647x320.png 647w, https:\/\/cpcx.ufms.br\/files\/2024\/11\/lattes.png 920w\" sizes=\"(max-width: 105px) 100vw, 105px\" \/><\/a><\/span><\/td>\n<td style=\"width: 54.4969%;height: 10px\">\n<p style=\"text-align: left\">&nbsp;<\/p>\n<\/td>\n<\/tr>\n<\/tbody>\n<\/table>\n","protected":false},"excerpt":{"rendered":"<p>Descri\u00e7\u00e3o &nbsp; A Cromoterapia \u00e9 uma t\u00e9cnica terap\u00eautica que utiliza as cores para promover o equil\u00edbrio f\u00edsico, mental e emocional. Ela baseia-se na ideia de que diferentes cores podem influenciar nosso estado de sa\u00fade e bem-estar, trazendo benef\u00edcios desde o al\u00edvio de dores at\u00e9 a redu\u00e7\u00e3o do estresse. Neste curso, vamos explorar os fundamentos da [&hellip;]<\/p>\n","protected":false},"author":55297,"featured_media":0,"parent":10619,"menu_order":0,"comment_status":"closed","ping_status":"closed","template":"page-templates\/full-width.php","meta":{"_eb_attr":"","ngg_post_thumbnail":0,"footnotes":""},"coauthors":[124,116],"class_list":["post-10852","page","type-page","status-publish","hentry"],"_links":{"self":[{"href":"https:\/\/cpcx.ufms.br\/en\/wp-json\/wp\/v2\/pages\/10852","targetHints":{"allow":["GET"]}}],"collection":[{"href":"https:\/\/cpcx.ufms.br\/en\/wp-json\/wp\/v2\/pages"}],"about":[{"href":"https:\/\/cpcx.ufms.br\/en\/wp-json\/wp\/v2\/types\/page"}],"author":[{"embeddable":true,"href":"https:\/\/cpcx.ufms.br\/en\/wp-json\/wp\/v2\/users\/55297"}],"replies":[{"embeddable":true,"href":"https:\/\/cpcx.ufms.br\/en\/wp-json\/wp\/v2\/comments?post=10852"}],"version-history":[{"count":17,"href":"https:\/\/cpcx.ufms.br\/en\/wp-json\/wp\/v2\/pages\/10852\/revisions"}],"predecessor-version":[{"id":13158,"href":"https:\/\/cpcx.ufms.br\/en\/wp-json\/wp\/v2\/pages\/10852\/revisions\/13158"}],"up":[{"embeddable":true,"href":"https:\/\/cpcx.ufms.br\/en\/wp-json\/wp\/v2\/pages\/10619"}],"wp:attachment":[{"href":"https:\/\/cpcx.ufms.br\/en\/wp-json\/wp\/v2\/media?parent=10852"}],"wp:term":[{"taxonomy":"author","embeddable":true,"href":"https:\/\/cpcx.ufms.br\/en\/wp-json\/wp\/v2\/coauthors?post=10852"}],"curies":[{"name":"wp","href":"https:\/\/api.w.org\/{rel}","templated":true}]}}