{"id":1102,"date":"2015-04-28T16:37:07","date_gmt":"2015-04-28T20:37:07","guid":{"rendered":"http:\/\/cpcx.draconis.ufms.br\/?page_id=1102"},"modified":"2025-10-27T14:21:38","modified_gmt":"2025-10-27T18:21:38","slug":"direcao","status":"publish","type":"page","link":"https:\/\/cpcx.ufms.br\/en\/estrutura-organizacional\/direcao\/","title":{"rendered":"Dire\u00e7\u00e3o"},"content":{"rendered":"<p style=\"text-align: justify\" data-start=\"196\" data-end=\"790\">A Dire\u00e7\u00e3o do <strong>C\u00e2mpus de Coxim<\/strong> da Universidade Federal de Mato Grosso do Sul (UFMS) exerce a fun\u00e7\u00e3o de lideran\u00e7a administrativa, acad\u00eamica e institucional da unidade. Cabe \u00e0 Dire\u00e7\u00e3o representar o c\u00e2mpus junto \u00e0 Reitoria e aos \u00f3rg\u00e3os superiores da Universidade, atuando como elo entre a administra\u00e7\u00e3o central e os diversos setores locais. Entre suas atribui\u00e7\u00f5es est\u00e3o o planejamento, a coordena\u00e7\u00e3o e a supervis\u00e3o de a\u00e7\u00f5es voltadas ao ensino, \u00e0 pesquisa, \u00e0 extens\u00e3o e \u00e0 assist\u00eancia estudantil, bem como a condu\u00e7\u00e3o de pol\u00edticas internas que assegurem o pleno funcionamento e desenvolvimento do <strong>CPCX<\/strong>.<\/p>\n<p style=\"text-align: justify\" data-start=\"792\" data-end=\"1210\">A Dire\u00e7\u00e3o \u00e9 tamb\u00e9m respons\u00e1vel por garantir que as decis\u00f5es institucionais sejam aplicadas de forma eficiente no c\u00e2mpus, respeitando as especificidades regionais e dialogando com a comunidade acad\u00eamica local. Trabalha em parceria com as coordena\u00e7\u00f5es de curso, comiss\u00f5es, setores administrativos e discentes para promover uma gest\u00e3o participativa, transparente e comprometida com a qualidade do ensino superior p\u00fablico.<\/p>\n<p style=\"text-align: justify\" data-start=\"1212\" data-end=\"1550\">Ao valorizar a constru\u00e7\u00e3o coletiva e o di\u00e1logo, a Dire\u00e7\u00e3o busca criar um ambiente institucional acolhedor, democr\u00e1tico e inclusivo, promovendo a\u00e7\u00f5es que contribuam para a forma\u00e7\u00e3o cidad\u00e3 dos estudantes, o desenvolvimento profissional dos servidores e o fortalecimento do papel social da universidade na <strong>regi\u00e3o norte de Mato Grosso do Sul<\/strong>.<\/p>\n<hr>\n<p><strong><span style=\"font-size: 18pt\">Dire\u00e7\u00e3o Atual<\/span><\/strong><\/p>\n<table style=\"border-collapse: collapse;width: 100%;height: 719px\">\n<tbody>\n<tr style=\"height: 398px\">\n<td style=\"width: 0.857633%;height: 398px\">&nbsp;<\/td>\n<td style=\"width: 18.7412%;height: 398px\"><strong><a href=\"https:\/\/cpcx.ufms.br\/files\/2025\/03\/Silvana-Aparecida-da-Silva-Zanchett-Campus-de-Coxim-scaled.jpg\"><img fetchpriority=\"high\" decoding=\"async\" class=\"aligncenter wp-image-11279 \" src=\"https:\/\/cpcx.ufms.br\/files\/2025\/03\/Silvana-Aparecida-da-Silva-Zanchett-Campus-de-Coxim-683x1024.jpg\" alt=\"\" width=\"261\" height=\"392\" srcset=\"https:\/\/cpcx.ufms.br\/files\/2025\/03\/Silvana-Aparecida-da-Silva-Zanchett-Campus-de-Coxim-683x1024.jpg 683w, https:\/\/cpcx.ufms.br\/files\/2025\/03\/Silvana-Aparecida-da-Silva-Zanchett-Campus-de-Coxim-200x300.jpg 200w, https:\/\/cpcx.ufms.br\/files\/2025\/03\/Silvana-Aparecida-da-Silva-Zanchett-Campus-de-Coxim-768x1152.jpg 768w, https:\/\/cpcx.ufms.br\/files\/2025\/03\/Silvana-Aparecida-da-Silva-Zanchett-Campus-de-Coxim-1024x1536.jpg 1024w, https:\/\/cpcx.ufms.br\/files\/2025\/03\/Silvana-Aparecida-da-Silva-Zanchett-Campus-de-Coxim-1365x2048.jpg 1365w, https:\/\/cpcx.ufms.br\/files\/2025\/03\/Silvana-Aparecida-da-Silva-Zanchett-Campus-de-Coxim-213x320.jpg 213w, https:\/\/cpcx.ufms.br\/files\/2025\/03\/Silvana-Aparecida-da-Silva-Zanchett-Campus-de-Coxim-scaled.jpg 1707w\" sizes=\"(max-width: 261px) 100vw, 261px\" \/><\/a><br \/>\n<\/strong><\/td>\n<td style=\"width: 0.857633%;height: 398px\">&nbsp;<\/td>\n<\/tr>\n<tr style=\"height: 24px\">\n<td style=\"width: 0.857633%;height: 24px\">&nbsp;<\/td>\n<td style=\"width: 18.7412%;height: 24px\"><strong>Diretora:<br \/>\n<\/strong>Prof. Dra. Silvana Aparecida da Silva Zanchett<\/td>\n<td style=\"width: 0.857633%;height: 24px\">&nbsp;<\/td>\n<\/tr>\n<tr style=\"height: 10px\">\n<td style=\"width: 0.857633%;height: 10px\">&nbsp;<\/td>\n<td style=\"width: 18.7412%;height: 10px\"><strong>&nbsp;<\/strong><\/td>\n<td style=\"width: 0.857633%;height: 10px\">&nbsp;<\/td>\n<\/tr>\n<tr style=\"height: 48px\">\n<td style=\"width: 0.857633%;height: 48px\">&nbsp;<\/td>\n<td style=\"width: 18.7412%;height: 48px\"><strong>Gest\u00e3o:<br \/>\n2025\/2029<\/strong><\/td>\n<td style=\"width: 0.857633%;height: 48px\">&nbsp;<\/td>\n<\/tr>\n<tr style=\"height: 24px\">\n<td style=\"width: 0.857633%;height: 24px\">&nbsp;<\/td>\n<td style=\"width: 18.7412%;height: 24px\"><strong>&nbsp;<\/strong><\/td>\n<td style=\"width: 0.857633%;height: 24px\">&nbsp;<\/td>\n<\/tr>\n<tr style=\"height: 24px\">\n<td style=\"width: 0.857633%;height: 24px\">&nbsp;<\/td>\n<td style=\"width: 18.7412%;height: 24px\"><strong>Telefone:<br \/>\n(67) 3291-0201<\/strong><\/td>\n<td style=\"width: 0.857633%;height: 24px\">&nbsp;<\/td>\n<\/tr>\n<tr style=\"height: 24px\">\n<td style=\"width: 0.857633%;height: 24px\">&nbsp;<\/td>\n<td style=\"width: 18.7412%;height: 24px\"><strong>&nbsp;<\/strong><\/td>\n<td style=\"width: 0.857633%;height: 24px\">&nbsp;<\/td>\n<\/tr>\n<tr style=\"height: 24px\">\n<td style=\"width: 0.857633%;height: 24px\">&nbsp;<\/td>\n<td style=\"width: 18.7412%;height: 24px\"><strong>E-mail:<br \/>\n<\/strong>gab.cpcx@ufms.br<\/td>\n<td style=\"width: 0.857633%;height: 24px\">&nbsp;<\/td>\n<\/tr>\n<tr style=\"height: 24px\">\n<td style=\"width: 0.857633%;height: 24px\">&nbsp;<\/td>\n<td style=\"width: 18.7412%;height: 24px\">&nbsp;<\/td>\n<td style=\"width: 0.857633%;height: 24px\">&nbsp;<\/td>\n<\/tr>\n<tr style=\"height: 61px\">\n<td style=\"width: 0.857633%;height: 61px\">&nbsp;<\/td>\n<td style=\"width: 18.7412%;height: 61px\">\n<p align=\"justify\"><strong>Forma\u00e7\u00e3o acad\u00eamica:<br \/>\n<\/strong><\/p>\n<div align=\"justify\">Possui gradua\u00e7\u00e3o em Hist\u00f3ria pela Universidade Federal de Mato Grosso do Sul (2007) e mestrado em Hist\u00f3ria pela Universidade Federal da Grande Dourados (2013). Doutora em Hist\u00f3ria pela Universidade Federal da Grande Dourados (2019). Membro da Associazione lnternazionale AREIA \u2013 audioarchivio delle migrazioni tra Europa e America Latina, com sede na It\u00e1lia. Professora Adjunta da Universidade Federal de Mato Grosso do Sul, lotada no campus de Coxim\/MS. Atuou como Coordenadora do Curso de Hist\u00f3ria\/Campus Coxim (2020-2021); Foi representante de Campus na Comiss\u00e3o Permanente de Pessoal Docente CPPD\/CPCX; Foi membro da Comiss\u00e3o Setorial de Pesquisa e Comiss\u00e3o Setorial de Extens\u00e3o\/CPCX; docente no Curso de Hist\u00f3ria; docente no Curso de Enfermagem e docente no Curso de Direito. Tem experi\u00eancia na \u00e1rea de Hist\u00f3ria, com \u00eanfase no ensino de hist\u00f3ria, atuando principalmente nos seguintes temas: oralidades, narrativas, identidades, representa\u00e7\u00f5es, viv\u00eancias, trajet\u00f3rias, mem\u00f3rias e cultura popular.<\/div>\n<\/td>\n<td style=\"width: 0.857633%;height: 61px\">&nbsp;<\/td>\n<\/tr>\n<tr style=\"height: 10px\">\n<td style=\"width: 0.857633%;height: 10px\">&nbsp;<\/td>\n<td style=\"width: 18.7412%;height: 10px\">&nbsp;<\/td>\n<td style=\"width: 0.857633%;height: 10px\">&nbsp;<\/td>\n<\/tr>\n<tr style=\"height: 24px\">\n<td style=\"width: 0.857633%;height: 24px\">&nbsp;<\/td>\n<td style=\"width: 18.7412%;height: 24px\"><strong>CV:<\/strong> <a href=\"http:\/\/lattes.cnpq.br\/5427320722484970\">http:\/\/lattes.cnpq.br\/5427320722484970<\/a><\/td>\n<td style=\"width: 0.857633%;height: 24px\">&nbsp;<\/td>\n<\/tr>\n<tr style=\"height: 24px\">\n<td style=\"width: 0.857633%;height: 24px\">&nbsp;<\/td>\n<td style=\"width: 18.7412%;height: 24px\">&nbsp;<\/td>\n<td style=\"width: 0.857633%;height: 24px\">&nbsp;<\/td>\n<\/tr>\n<\/tbody>\n<\/table>\n<hr>\n<div class=\"panel panel-default\">\n\t\t\t\t<div class=\"panel-heading\">\n\t\t\t\t\t<h4 class=\"panel-title\">\n\t\t\t\t\t\t<a class=\"collapsed\" data-toggle=\"collapse\" data-parent=\"#single-collapse\" href=\"#single-collapse-0\">Hist\u00f3rico das Dire\u00e7\u00f5es<\/a>\n\t\t\t\t\t<\/h4>\n\t\t\t\t<\/div>\n\t\t\t\t<div id=\"single-collapse-0\" class=\"panel-collapse collapse\">\n\t\t\t\t\t<div class=\"panel-body\">\n<table style=\"border-collapse: collapse;width: 100%;height: 909px\">\n<tbody>\n<tr style=\"height: 24px\">\n<td style=\"width: 1.05924%;height: 24px\">&nbsp;<\/td>\n<td style=\"width: 29.2521%;height: 24px;text-align: center\">\n<h3><strong>FOTO<\/strong><\/h3>\n<\/td>\n<td style=\"width: 5.20441%;height: 24px\">&nbsp;<\/td>\n<td style=\"width: 32.4686%;text-align: center;height: 24px\">\n<h3><strong>DADOS<\/strong><\/h3>\n<\/td>\n<td style=\"width: 0.945111%;height: 24px\">&nbsp;<\/td>\n<td style=\"width: 1.63243%;height: 24px\">&nbsp;<\/td>\n<\/tr>\n<tr style=\"height: 24px\">\n<td style=\"width: 1.05924%;height: 24px\">&nbsp;<\/td>\n<td style=\"width: 29.2521%;height: 24px\">&nbsp;<\/td>\n<td style=\"width: 5.20441%;height: 24px\">&nbsp;<\/td>\n<td style=\"width: 32.4686%;height: 24px;text-align: center\">&nbsp;<\/td>\n<td style=\"width: 0.945111%;height: 24px\">&nbsp;<\/td>\n<td style=\"width: 1.63243%;height: 24px\">&nbsp;<\/td>\n<\/tr>\n<tr style=\"height: 10px\">\n<td style=\"width: 1.05924%;height: 30px\">&nbsp;<\/td>\n<td style=\"width: 29.2521%;height: 30px;text-align: center\"><a href=\"https:\/\/cpcx.ufms.br\/files\/2025\/08\/26.png\"><img decoding=\"async\" class=\"alignnone wp-image-11603\" src=\"https:\/\/cpcx.ufms.br\/files\/2025\/08\/26-300x300.png\" alt=\"\" width=\"180\" height=\"180\" srcset=\"https:\/\/cpcx.ufms.br\/files\/2025\/08\/26-300x300.png 300w, https:\/\/cpcx.ufms.br\/files\/2025\/08\/26-1024x1024.png 1024w, https:\/\/cpcx.ufms.br\/files\/2025\/08\/26-150x150.png 150w, https:\/\/cpcx.ufms.br\/files\/2025\/08\/26-768x768.png 768w, https:\/\/cpcx.ufms.br\/files\/2025\/08\/26-320x320.png 320w, https:\/\/cpcx.ufms.br\/files\/2025\/08\/26.png 1080w\" sizes=\"(max-width: 180px) 100vw, 180px\" \/><\/a><\/td>\n<td style=\"width: 5.20441%;height: 30px\">&nbsp;<\/td>\n<td style=\"width: 32.4686%;height: 30px;text-align: center\">\n<h4><strong>Maria do Carmo Brasil<\/strong><\/h4>\n<p>2001-2002<\/td>\n<td style=\"width: 0.945111%;height: 30px\">&nbsp;<\/td>\n<td style=\"width: 1.63243%;height: 30px\">&nbsp;<\/td>\n<\/tr>\n<tr style=\"height: 10px\">\n<td style=\"width: 1.05924%;height: 10px\">&nbsp;<\/td>\n<td style=\"width: 29.2521%;height: 10px\">&nbsp;<\/td>\n<td style=\"width: 5.20441%;height: 10px\">&nbsp;<\/td>\n<td style=\"width: 32.4686%;height: 10px;text-align: center\">&nbsp;<\/td>\n<td style=\"width: 0.945111%;height: 10px\">&nbsp;<\/td>\n<td style=\"width: 1.63243%;height: 10px\">&nbsp;<\/td>\n<\/tr>\n<tr style=\"height: 24px\">\n<td style=\"width: 1.05924%;height: 24px\">&nbsp;<\/td>\n<td style=\"width: 29.2521%;height: 24px;text-align: center\"><a href=\"https:\/\/cpcx.ufms.br\/files\/2025\/08\/25.png\"><img decoding=\"async\" class=\"alignnone wp-image-11604\" src=\"https:\/\/cpcx.ufms.br\/files\/2025\/08\/25-300x300.png\" alt=\"\" width=\"180\" height=\"180\" srcset=\"https:\/\/cpcx.ufms.br\/files\/2025\/08\/25-300x300.png 300w, https:\/\/cpcx.ufms.br\/files\/2025\/08\/25-1024x1024.png 1024w, https:\/\/cpcx.ufms.br\/files\/2025\/08\/25-150x150.png 150w, https:\/\/cpcx.ufms.br\/files\/2025\/08\/25-768x768.png 768w, https:\/\/cpcx.ufms.br\/files\/2025\/08\/25-320x320.png 320w, https:\/\/cpcx.ufms.br\/files\/2025\/08\/25.png 1080w\" sizes=\"(max-width: 180px) 100vw, 180px\" \/><\/a><\/td>\n<td style=\"width: 5.20441%;height: 24px\">&nbsp;<\/td>\n<td style=\"width: 32.4686%;text-align: center;height: 24px\">\n<h4>Benedito Rodrigues Brasil<\/h4>\n<p>2002-2004<\/td>\n<td style=\"width: 0.945111%;height: 24px\">&nbsp;<\/td>\n<td style=\"width: 1.63243%;height: 24px\">&nbsp;<\/td>\n<\/tr>\n<tr style=\"height: 24px\">\n<td style=\"width: 1.05924%;height: 24px\">&nbsp;<\/td>\n<td style=\"width: 29.2521%;height: 24px\">&nbsp;<\/td>\n<td style=\"width: 5.20441%;height: 24px\">&nbsp;<\/td>\n<td style=\"width: 32.4686%;text-align: center;height: 24px\">&nbsp;<\/td>\n<td style=\"width: 0.945111%;height: 24px\">&nbsp;<\/td>\n<td style=\"width: 1.63243%;height: 24px\">&nbsp;<\/td>\n<\/tr>\n<tr style=\"height: 186px\">\n<td style=\"width: 1.05924%;height: 186px\">&nbsp;<\/td>\n<td style=\"width: 29.2521%;text-align: center;height: 186px\"><a href=\"https:\/\/cpcx.ufms.br\/files\/2025\/08\/21.png\"><img loading=\"lazy\" decoding=\"async\" class=\"alignnone wp-image-11606\" src=\"https:\/\/cpcx.ufms.br\/files\/2025\/08\/21-300x300.png\" alt=\"\" width=\"180\" height=\"180\" srcset=\"https:\/\/cpcx.ufms.br\/files\/2025\/08\/21-300x300.png 300w, https:\/\/cpcx.ufms.br\/files\/2025\/08\/21-1024x1024.png 1024w, https:\/\/cpcx.ufms.br\/files\/2025\/08\/21-150x150.png 150w, https:\/\/cpcx.ufms.br\/files\/2025\/08\/21-768x768.png 768w, https:\/\/cpcx.ufms.br\/files\/2025\/08\/21-320x320.png 320w, https:\/\/cpcx.ufms.br\/files\/2025\/08\/21.png 1080w\" sizes=\"(max-width: 180px) 100vw, 180px\" \/><\/a><\/td>\n<td style=\"width: 5.20441%;height: 186px\">&nbsp;<\/td>\n<td style=\"width: 32.4686%;text-align: center;height: 186px\">\n<h4>Ana Paula Squinelo<\/h4>\n<p>2004-2006<\/td>\n<td style=\"width: 0.945111%;height: 186px\">&nbsp;<\/td>\n<td style=\"width: 1.63243%;height: 186px\">&nbsp;<\/td>\n<\/tr>\n<tr style=\"height: 24px\">\n<td style=\"width: 1.05924%;height: 24px\">&nbsp;<\/td>\n<td style=\"width: 29.2521%;height: 24px;text-align: center\">&nbsp;<\/td>\n<td style=\"width: 5.20441%;height: 24px\">&nbsp;<\/td>\n<td style=\"width: 32.4686%;text-align: center;height: 24px\">&nbsp;<\/td>\n<td style=\"width: 0.945111%;height: 24px\">&nbsp;<\/td>\n<td style=\"width: 1.63243%;height: 24px\">&nbsp;<\/td>\n<\/tr>\n<tr style=\"height: 186px\">\n<td style=\"width: 1.05924%;height: 186px\">&nbsp;<\/td>\n<td style=\"width: 29.2521%;text-align: center;height: 186px\"><a href=\"https:\/\/cpcx.ufms.br\/files\/2025\/08\/20.png\"><img loading=\"lazy\" decoding=\"async\" class=\"alignnone wp-image-11605\" src=\"https:\/\/cpcx.ufms.br\/files\/2025\/08\/20-300x300.png\" alt=\"\" width=\"180\" height=\"180\" srcset=\"https:\/\/cpcx.ufms.br\/files\/2025\/08\/20-300x300.png 300w, https:\/\/cpcx.ufms.br\/files\/2025\/08\/20-1024x1024.png 1024w, https:\/\/cpcx.ufms.br\/files\/2025\/08\/20-150x150.png 150w, https:\/\/cpcx.ufms.br\/files\/2025\/08\/20-768x768.png 768w, https:\/\/cpcx.ufms.br\/files\/2025\/08\/20-320x320.png 320w, https:\/\/cpcx.ufms.br\/files\/2025\/08\/20.png 1080w\" sizes=\"(max-width: 180px) 100vw, 180px\" \/><\/a><\/td>\n<td style=\"width: 5.20441%;height: 186px\">&nbsp;<\/td>\n<td style=\"width: 32.4686%;text-align: center;height: 186px\">\n<h4>Rosana Carla Gon\u00e7alves Gomes Cintra<\/h4>\n<p>2006-2009<\/td>\n<td style=\"width: 0.945111%;height: 186px\">&nbsp;<\/td>\n<td style=\"width: 1.63243%;height: 186px\">&nbsp;<\/td>\n<\/tr>\n<tr style=\"height: 24px\">\n<td style=\"width: 1.05924%;height: 10px\">&nbsp;<\/td>\n<td style=\"width: 29.2521%;height: 10px;text-align: center\">&nbsp;<\/td>\n<td style=\"width: 5.20441%;height: 10px\">&nbsp;<\/td>\n<td style=\"width: 32.4686%;height: 10px;text-align: center\">&nbsp;<\/td>\n<td style=\"width: 0.945111%;height: 10px\">&nbsp;<\/td>\n<td style=\"width: 1.63243%;height: 10px\">&nbsp;<\/td>\n<\/tr>\n<tr style=\"height: 10px\">\n<td style=\"width: 1.05924%;height: 75px\">&nbsp;<\/td>\n<td style=\"width: 29.2521%;height: 75px;text-align: center\"><a href=\"https:\/\/cpcx.ufms.br\/files\/2025\/08\/22.png\"><img loading=\"lazy\" decoding=\"async\" class=\"alignnone wp-image-11607\" src=\"https:\/\/cpcx.ufms.br\/files\/2025\/08\/22-300x300.png\" alt=\"\" width=\"180\" height=\"180\" srcset=\"https:\/\/cpcx.ufms.br\/files\/2025\/08\/22-300x300.png 300w, https:\/\/cpcx.ufms.br\/files\/2025\/08\/22-1024x1024.png 1024w, https:\/\/cpcx.ufms.br\/files\/2025\/08\/22-150x150.png 150w, https:\/\/cpcx.ufms.br\/files\/2025\/08\/22-768x768.png 768w, https:\/\/cpcx.ufms.br\/files\/2025\/08\/22-320x320.png 320w, https:\/\/cpcx.ufms.br\/files\/2025\/08\/22.png 1080w\" sizes=\"(max-width: 180px) 100vw, 180px\" \/><\/a><\/td>\n<td style=\"width: 5.20441%;height: 75px\">&nbsp;<\/td>\n<td style=\"width: 32.4686%;height: 75px;text-align: center\">\n<h4>Gedson Faria<\/h4>\n<p>2009 &#8211; 2017<\/td>\n<td style=\"width: 0.945111%;height: 75px\">&nbsp;<\/td>\n<td style=\"width: 1.63243%;height: 75px\">&nbsp;<\/td>\n<\/tr>\n<tr style=\"height: 13px\">\n<td style=\"width: 1.05924%;height: 10px\">&nbsp;<\/td>\n<td style=\"width: 29.2521%;height: 10px;text-align: center\">&nbsp;<\/td>\n<td style=\"width: 5.20441%;height: 10px\">&nbsp;<\/td>\n<td style=\"width: 32.4686%;height: 10px;text-align: center\">&nbsp;<\/td>\n<td style=\"width: 0.945111%;height: 10px\">&nbsp;<\/td>\n<td style=\"width: 1.63243%;height: 10px\">&nbsp;<\/td>\n<\/tr>\n<tr style=\"height: 186px\">\n<td style=\"width: 1.05924%;height: 186px\">&nbsp;<\/td>\n<td style=\"width: 29.2521%;text-align: center;height: 186px\"><a href=\"https:\/\/cpcx.ufms.br\/files\/2025\/08\/23.png\"><img loading=\"lazy\" decoding=\"async\" class=\"alignnone wp-image-11608\" src=\"https:\/\/cpcx.ufms.br\/files\/2025\/08\/23-300x300.png\" alt=\"\" width=\"180\" height=\"180\" srcset=\"https:\/\/cpcx.ufms.br\/files\/2025\/08\/23-300x300.png 300w, https:\/\/cpcx.ufms.br\/files\/2025\/08\/23-1024x1024.png 1024w, https:\/\/cpcx.ufms.br\/files\/2025\/08\/23-150x150.png 150w, https:\/\/cpcx.ufms.br\/files\/2025\/08\/23-768x768.png 768w, https:\/\/cpcx.ufms.br\/files\/2025\/08\/23-320x320.png 320w, https:\/\/cpcx.ufms.br\/files\/2025\/08\/23.png 1080w\" sizes=\"(max-width: 180px) 100vw, 180px\" \/><\/a><\/td>\n<td style=\"width: 5.20441%;height: 186px\">&nbsp;<\/td>\n<td style=\"width: 32.4686%;text-align: center;height: 186px\">\n<h4>Eliene Dias de Oliviera<\/h4>\n<p>2017 &#8211; 2021<\/td>\n<td style=\"width: 0.945111%;height: 186px\">&nbsp;<\/td>\n<td style=\"width: 1.63243%;height: 186px\">&nbsp;<\/td>\n<\/tr>\n<tr style=\"height: 24px\">\n<td style=\"width: 1.05924%;height: 24px\">&nbsp;<\/td>\n<td style=\"width: 29.2521%;text-align: center;height: 24px\">&nbsp;<\/td>\n<td style=\"width: 5.20441%;height: 24px\">&nbsp;<\/td>\n<td style=\"width: 32.4686%;text-align: center;height: 24px\">&nbsp;<\/td>\n<td style=\"width: 0.945111%;height: 24px\">&nbsp;<\/td>\n<td style=\"width: 1.63243%;height: 24px\">&nbsp;<\/td>\n<\/tr>\n<tr style=\"height: 24px\">\n<td style=\"width: 1.05924%;height: 24px\">&nbsp;<\/td>\n<td style=\"width: 29.2521%;height: 24px;text-align: center\"><a href=\"https:\/\/cpcx.ufms.br\/files\/2025\/08\/24.png\"><img loading=\"lazy\" decoding=\"async\" class=\"alignnone wp-image-11609\" src=\"https:\/\/cpcx.ufms.br\/files\/2025\/08\/24-300x300.png\" alt=\"\" width=\"180\" height=\"180\" srcset=\"https:\/\/cpcx.ufms.br\/files\/2025\/08\/24-300x300.png 300w, https:\/\/cpcx.ufms.br\/files\/2025\/08\/24-1024x1024.png 1024w, https:\/\/cpcx.ufms.br\/files\/2025\/08\/24-150x150.png 150w, https:\/\/cpcx.ufms.br\/files\/2025\/08\/24-768x768.png 768w, https:\/\/cpcx.ufms.br\/files\/2025\/08\/24-320x320.png 320w, https:\/\/cpcx.ufms.br\/files\/2025\/08\/24.png 1080w\" sizes=\"(max-width: 180px) 100vw, 180px\" \/><\/a><\/td>\n<td style=\"width: 5.20441%;height: 24px\">&nbsp;<\/td>\n<td style=\"width: 32.4686%;height: 24px;text-align: center\">\n<h4>Silvana Aparecida da Silva Zanchett<\/h4>\n<p>2021-2025<\/td>\n<td style=\"width: 0.945111%;height: 24px\">&nbsp;<\/td>\n<td style=\"width: 1.63243%;height: 24px\">&nbsp;<\/td>\n<\/tr>\n<tr style=\"height: 24px\">\n<td style=\"width: 1.05924%;height: 24px\">&nbsp;<\/td>\n<td style=\"width: 29.2521%;text-align: center;height: 24px\">&nbsp;<\/td>\n<td style=\"width: 5.20441%;height: 24px\">&nbsp;<\/td>\n<td style=\"width: 32.4686%;text-align: center;height: 24px\">&nbsp;<\/td>\n<td style=\"width: 0.945111%;height: 24px\">&nbsp;<\/td>\n<td style=\"width: 1.63243%;height: 24px\">&nbsp;<\/td>\n<\/tr>\n<\/tbody>\n<\/table>\n<\/div>\n\t\t\t\t<\/div>\n\t\t\t<\/div>\n","protected":false},"excerpt":{"rendered":"<p>A Dire\u00e7\u00e3o do C\u00e2mpus de Coxim da Universidade Federal de Mato Grosso do Sul (UFMS) exerce a fun\u00e7\u00e3o de lideran\u00e7a administrativa, acad\u00eamica e institucional da unidade. Cabe \u00e0 Dire\u00e7\u00e3o representar o c\u00e2mpus junto \u00e0 Reitoria e aos \u00f3rg\u00e3os superiores da Universidade, atuando como elo entre a administra\u00e7\u00e3o central e os diversos setores locais. Entre suas [&hellip;]<\/p>\n","protected":false},"author":73247,"featured_media":12951,"parent":2030,"menu_order":0,"comment_status":"closed","ping_status":"open","template":"page-templates\/page-coordenadorias.php","meta":{"_eb_attr":"","ngg_post_thumbnail":0,"footnotes":""},"coauthors":[116],"class_list":["post-1102","page","type-page","status-publish","has-post-thumbnail","hentry"],"_links":{"self":[{"href":"https:\/\/cpcx.ufms.br\/en\/wp-json\/wp\/v2\/pages\/1102","targetHints":{"allow":["GET"]}}],"collection":[{"href":"https:\/\/cpcx.ufms.br\/en\/wp-json\/wp\/v2\/pages"}],"about":[{"href":"https:\/\/cpcx.ufms.br\/en\/wp-json\/wp\/v2\/types\/page"}],"author":[{"embeddable":true,"href":"https:\/\/cpcx.ufms.br\/en\/wp-json\/wp\/v2\/users\/73247"}],"replies":[{"embeddable":true,"href":"https:\/\/cpcx.ufms.br\/en\/wp-json\/wp\/v2\/comments?post=1102"}],"version-history":[{"count":68,"href":"https:\/\/cpcx.ufms.br\/en\/wp-json\/wp\/v2\/pages\/1102\/revisions"}],"predecessor-version":[{"id":12718,"href":"https:\/\/cpcx.ufms.br\/en\/wp-json\/wp\/v2\/pages\/1102\/revisions\/12718"}],"up":[{"embeddable":true,"href":"https:\/\/cpcx.ufms.br\/en\/wp-json\/wp\/v2\/pages\/2030"}],"wp:featuredmedia":[{"embeddable":true,"href":"https:\/\/cpcx.ufms.br\/en\/wp-json\/wp\/v2\/media\/12951"}],"wp:attachment":[{"href":"https:\/\/cpcx.ufms.br\/en\/wp-json\/wp\/v2\/media?parent=1102"}],"wp:term":[{"taxonomy":"author","embeddable":true,"href":"https:\/\/cpcx.ufms.br\/en\/wp-json\/wp\/v2\/coauthors?post=1102"}],"curies":[{"name":"wp","href":"https:\/\/api.w.org\/{rel}","templated":true}]}}