{"id":11054,"date":"2025-03-17T07:56:18","date_gmt":"2025-03-17T11:56:18","guid":{"rendered":"https:\/\/cpcx.ufms.br\/?page_id=11054"},"modified":"2026-03-11T15:51:21","modified_gmt":"2026-03-11T19:51:21","slug":"horario-de-aula","status":"publish","type":"page","link":"https:\/\/cpcx.ufms.br\/en\/academico\/horario-de-aula\/","title":{"rendered":"Hor\u00e1rio de Aula"},"content":{"rendered":"<div class=\"panel panel-info\"><div class=\"panel-heading\">Hor\u00e1rio de Aula - Gradua\u00e7\u00e3o<\/div><div class=\"panel-body\">&nbsp;<\/p>\n<table style=\"border-collapse: collapse;width: 100%;height: 306px\">\n<tbody>\n<tr style=\"height: 24px\">\n<td style=\"width: 4.07163%;height: 24px\">&nbsp;<\/td>\n<td style=\"width: 35.9284%;height: 24px\">&nbsp;<\/td>\n<td style=\"width: 20%;height: 24px\">&nbsp;<\/td>\n<td style=\"width: 32.9123%;height: 24px\">&nbsp;<\/td>\n<td style=\"width: 7.08765%;height: 24px\">&nbsp;<\/td>\n<\/tr>\n<tr style=\"height: 154px\">\n<td style=\"width: 4.07163%;height: 154px\">&nbsp;<\/td>\n<td style=\"width: 35.9284%;height: 154px;text-align: center\"><a href=\"https:\/\/cpcx.ufms.br\/direito\/horarios\/\"><img decoding=\"async\" class=\"alignnone wp-image-13610\" src=\"https:\/\/cpcx.ufms.br\/files\/2026\/03\/93-150x150.png\" alt=\"\" width=\"180\" height=\"180\" srcset=\"https:\/\/cpcx.ufms.br\/files\/2026\/03\/93-150x150.png 150w, https:\/\/cpcx.ufms.br\/files\/2026\/03\/93-300x300.png 300w, https:\/\/cpcx.ufms.br\/files\/2026\/03\/93-1024x1024.png 1024w, https:\/\/cpcx.ufms.br\/files\/2026\/03\/93-768x768.png 768w, https:\/\/cpcx.ufms.br\/files\/2026\/03\/93-320x320.png 320w, https:\/\/cpcx.ufms.br\/files\/2026\/03\/93.png 1080w\" sizes=\"(max-width: 180px) 100vw, 180px\" \/><\/a><\/p>\n<p><a href=\"https:\/\/cpcx.ufms.br\/direito\/horarios\/\">DIREITO<\/a><\/td>\n<td style=\"width: 20%;height: 154px\">&nbsp;<\/td>\n<td style=\"width: 32.9123%;height: 154px;text-align: center\"><a href=\"https:\/\/cpcx.ufms.br\/enfermagem\/horarios-enfermagem\/\"><img decoding=\"async\" class=\"alignnone wp-image-13611\" src=\"https:\/\/cpcx.ufms.br\/files\/2026\/03\/94-300x300.png\" alt=\"\" width=\"180\" height=\"180\" srcset=\"https:\/\/cpcx.ufms.br\/files\/2026\/03\/94-300x300.png 300w, https:\/\/cpcx.ufms.br\/files\/2026\/03\/94-1024x1024.png 1024w, https:\/\/cpcx.ufms.br\/files\/2026\/03\/94-150x150.png 150w, https:\/\/cpcx.ufms.br\/files\/2026\/03\/94-768x768.png 768w, https:\/\/cpcx.ufms.br\/files\/2026\/03\/94-320x320.png 320w, https:\/\/cpcx.ufms.br\/files\/2026\/03\/94.png 1080w\" sizes=\"(max-width: 180px) 100vw, 180px\" \/><\/a><\/p>\n<p><a href=\"https:\/\/cpcx.ufms.br\/enfermagem\/horarios-enfermagem\/\">ENFERMAGEM<\/a><\/td>\n<td style=\"width: 7.08765%;height: 154px\">&nbsp;<\/td>\n<\/tr>\n<tr style=\"height: 24px\">\n<td style=\"width: 4.07163%;height: 24px\">&nbsp;<\/td>\n<td style=\"width: 35.9284%;height: 24px\">&nbsp;<\/td>\n<td style=\"width: 20%;height: 24px\">&nbsp;<\/td>\n<td style=\"width: 32.9123%;height: 24px\">&nbsp;<\/td>\n<td style=\"width: 7.08765%;height: 24px\">&nbsp;<\/td>\n<\/tr>\n<tr style=\"height: 80px\">\n<td style=\"width: 4.07163%;height: 80px\">&nbsp;<\/td>\n<td style=\"width: 35.9284%;height: 80px;text-align: center\"><a href=\"https:\/\/cpcx.ufms.br\/letras\/horarios\/\"><img decoding=\"async\" class=\"alignnone wp-image-13612\" src=\"https:\/\/cpcx.ufms.br\/files\/2026\/03\/95-300x300.png\" alt=\"\" width=\"180\" height=\"180\" srcset=\"https:\/\/cpcx.ufms.br\/files\/2026\/03\/95-300x300.png 300w, https:\/\/cpcx.ufms.br\/files\/2026\/03\/95-1024x1024.png 1024w, https:\/\/cpcx.ufms.br\/files\/2026\/03\/95-150x150.png 150w, https:\/\/cpcx.ufms.br\/files\/2026\/03\/95-768x768.png 768w, https:\/\/cpcx.ufms.br\/files\/2026\/03\/95-320x320.png 320w, https:\/\/cpcx.ufms.br\/files\/2026\/03\/95.png 1080w\" sizes=\"(max-width: 180px) 100vw, 180px\" \/><\/a><\/p>\n<p><a href=\"https:\/\/cpcx.ufms.br\/letras\/horarios\/\">LETRAS<\/a><\/td>\n<td style=\"width: 20%;height: 80px\">&nbsp;<\/td>\n<td style=\"width: 32.9123%;height: 80px;text-align: center\"><a href=\"https:\/\/cpcx.ufms.br\/sistemas-de-informacao\/horario-e-ensalamento\/\"><img loading=\"lazy\" decoding=\"async\" class=\"aligncenter wp-image-13613\" src=\"https:\/\/cpcx.ufms.br\/files\/2026\/03\/96-300x300.png\" alt=\"\" width=\"180\" height=\"180\" srcset=\"https:\/\/cpcx.ufms.br\/files\/2026\/03\/96-300x300.png 300w, https:\/\/cpcx.ufms.br\/files\/2026\/03\/96-1024x1024.png 1024w, https:\/\/cpcx.ufms.br\/files\/2026\/03\/96-150x150.png 150w, https:\/\/cpcx.ufms.br\/files\/2026\/03\/96-768x768.png 768w, https:\/\/cpcx.ufms.br\/files\/2026\/03\/96-320x320.png 320w, https:\/\/cpcx.ufms.br\/files\/2026\/03\/96.png 1080w\" sizes=\"(max-width: 180px) 100vw, 180px\" \/><\/a><\/p>\n<p><a href=\"https:\/\/cpcx.ufms.br\/sistemas-de-informacao\/horario-e-ensalamento\/\">SISTEMAS DE INFORMA\u00c7\u00c3O<\/a><\/td>\n<td style=\"width: 7.08765%;height: 80px\">&nbsp;<\/td>\n<\/tr>\n<tr style=\"height: 24px\">\n<td style=\"width: 4.07163%;height: 24px\">&nbsp;<\/td>\n<td style=\"width: 35.9284%;height: 24px\">&nbsp;<\/td>\n<td style=\"width: 20%;height: 24px\">&nbsp;<\/td>\n<td style=\"width: 32.9123%;height: 24px\">&nbsp;<\/td>\n<td style=\"width: 7.08765%;height: 24px\">&nbsp;<\/td>\n<\/tr>\n<\/tbody>\n<\/table>\n<\/div><\/div>\n","protected":false},"excerpt":{"rendered":"","protected":false},"author":73247,"featured_media":0,"parent":11700,"menu_order":0,"comment_status":"closed","ping_status":"closed","template":"","meta":{"_eb_attr":"","ngg_post_thumbnail":0,"footnotes":""},"coauthors":[116],"class_list":["post-11054","page","type-page","status-publish","hentry"],"_links":{"self":[{"href":"https:\/\/cpcx.ufms.br\/en\/wp-json\/wp\/v2\/pages\/11054","targetHints":{"allow":["GET"]}}],"collection":[{"href":"https:\/\/cpcx.ufms.br\/en\/wp-json\/wp\/v2\/pages"}],"about":[{"href":"https:\/\/cpcx.ufms.br\/en\/wp-json\/wp\/v2\/types\/page"}],"author":[{"embeddable":true,"href":"https:\/\/cpcx.ufms.br\/en\/wp-json\/wp\/v2\/users\/73247"}],"replies":[{"embeddable":true,"href":"https:\/\/cpcx.ufms.br\/en\/wp-json\/wp\/v2\/comments?post=11054"}],"version-history":[{"count":11,"href":"https:\/\/cpcx.ufms.br\/en\/wp-json\/wp\/v2\/pages\/11054\/revisions"}],"predecessor-version":[{"id":13616,"href":"https:\/\/cpcx.ufms.br\/en\/wp-json\/wp\/v2\/pages\/11054\/revisions\/13616"}],"up":[{"embeddable":true,"href":"https:\/\/cpcx.ufms.br\/en\/wp-json\/wp\/v2\/pages\/11700"}],"wp:attachment":[{"href":"https:\/\/cpcx.ufms.br\/en\/wp-json\/wp\/v2\/media?parent=11054"}],"wp:term":[{"taxonomy":"author","embeddable":true,"href":"https:\/\/cpcx.ufms.br\/en\/wp-json\/wp\/v2\/coauthors?post=11054"}],"curies":[{"name":"wp","href":"https:\/\/api.w.org\/{rel}","templated":true}]}}