{"id":11248,"date":"2025-03-21T09:13:36","date_gmt":"2025-03-21T13:13:36","guid":{"rendered":"https:\/\/cpcx.ufms.br\/?page_id=11248"},"modified":"2025-11-02T00:38:30","modified_gmt":"2025-11-02T04:38:30","slug":"eleicoes-2025","status":"publish","type":"page","link":"https:\/\/cpcx.ufms.br\/en\/eleicoes\/eleicoes-2025\/","title":{"rendered":"Elei\u00e7\u00f5es 2025"},"content":{"rendered":"<p data-start=\"59\" data-end=\"136\"><span style=\"font-size: 14pt\"><strong data-start=\"59\" data-end=\"134\">Bem-vindo \u00e0 P\u00e1gina Oficial da Elei\u00e7\u00e3o da Diretoria \u2013 UFMS, C\u00e2mpus Coxim<\/strong><\/span><\/p>\n<p data-start=\"138\" data-end=\"596\">A Universidade Federal de Mato Grosso do Sul (UFMS), c\u00e2mpus Coxim, convida toda a comunidade acad\u00eamica a acompanhar e participar ativamente do processo eleitoral que definir\u00e1 a gest\u00e3o respons\u00e1vel por conduzir a institui\u00e7\u00e3o nos pr\u00f3ximos anos. Este \u00e9 um momento fundamental para reafirmar o compromisso com o desenvolvimento do c\u00e2mpus, garantindo que sua administra\u00e7\u00e3o continue alinhada \u00e0s necessidades e expectativas de estudantes, professores e servidores.<\/p>\n<p data-start=\"598\" data-end=\"942\">Nos \u00faltimos anos, o c\u00e2mpus tem vivenciado importantes avan\u00e7os, com melhorias na infraestrutura, incentivo a projetos acad\u00eamicos e fortalecimento das iniciativas voltadas \u00e0 comunidade universit\u00e1ria. Esses progressos refletem o trabalho e a dedica\u00e7\u00e3o da administra\u00e7\u00e3o, que busca constantemente aprimorar a experi\u00eancia acad\u00eamica e institucional.<\/p>\n<p data-start=\"944\" data-end=\"1212\">Com a elei\u00e7\u00e3o se aproximando, \u00e9 essencial que todos participem desse momento democr\u00e1tico, conhecendo os candidatos e suas propostas para a continuidade do crescimento do c\u00e2mpus. Sua voz e seu voto s\u00e3o essenciais para definir os pr\u00f3ximos passos da nossa universidade.<\/p>\n<p data-start=\"1214\" data-end=\"1354\">Acompanhe as atualiza\u00e7\u00f5es, fique por dentro das informa\u00e7\u00f5es e fa\u00e7a parte dessa escolha t\u00e3o importante para o futuro da UFMS, c\u00e2mpus Coxim<span style=\"font-size: 12pt\">!<\/span><\/p>\n<table style=\"border-collapse: collapse;width: 100%;height: 37px\">\n<tbody>\n<tr style=\"height: 37px\">\n<td style=\"width: 100%;height: 37px\">&nbsp;<\/td>\n<\/tr>\n<\/tbody>\n<\/table>\n<p data-start=\"1214\" data-end=\"1354\"><span style=\"font-size: 14pt\">? <strong>PER\u00cdODO DE VOTA\u00c7\u00c3O<\/strong><\/span><\/p>\n<ul>\n<li data-start=\"1214\" data-end=\"1354\"><span style=\"font-size: 14pt\"><strong>02\/04\/2025, das 07:00h \u00e0s 15:00h<\/strong><\/span><\/li>\n<\/ul>\n<table style=\"border-collapse: collapse;width: 100%;height: 40px\">\n<tbody>\n<tr style=\"height: 40px\">\n<td style=\"width: 100%;height: 40px\">&nbsp;<\/td>\n<\/tr>\n<\/tbody>\n<\/table>\n<hr>\n<p><span style=\"font-size: 18pt\"><strong>CANDIDATOS<\/strong><\/span><\/p>\n<table style=\"border-collapse: collapse;width: 100%;height: 284px\">\n<tbody>\n<tr style=\"height: 23px\">\n<td style=\"width: 2.21225%;height: 23px\">&nbsp;<\/td>\n<td style=\"width: 38.082%;height: 23px;text-align: center\"><img fetchpriority=\"high\" decoding=\"async\" class=\"alignnone wp-image-11288\" src=\"https:\/\/cpcx.ufms.br\/files\/2025\/03\/WhatsApp-Image-2025-03-26-at-15.25.52-1-1-232x300.jpeg\" alt=\"\" width=\"240\" height=\"310\" srcset=\"https:\/\/cpcx.ufms.br\/files\/2025\/03\/WhatsApp-Image-2025-03-26-at-15.25.52-1-1-232x300.jpeg 232w, https:\/\/cpcx.ufms.br\/files\/2025\/03\/WhatsApp-Image-2025-03-26-at-15.25.52-1-1-791x1024.jpeg 791w, https:\/\/cpcx.ufms.br\/files\/2025\/03\/WhatsApp-Image-2025-03-26-at-15.25.52-1-1-768x994.jpeg 768w, https:\/\/cpcx.ufms.br\/files\/2025\/03\/WhatsApp-Image-2025-03-26-at-15.25.52-1-1-1187x1536.jpeg 1187w, https:\/\/cpcx.ufms.br\/files\/2025\/03\/WhatsApp-Image-2025-03-26-at-15.25.52-1-1-247x320.jpeg 247w, https:\/\/cpcx.ufms.br\/files\/2025\/03\/WhatsApp-Image-2025-03-26-at-15.25.52-1-1.jpeg 1236w\" sizes=\"(max-width: 240px) 100vw, 240px\" \/><\/td>\n<td style=\"width: 3.41145%;text-align: center;height: 23px\">&nbsp;<\/td>\n<td style=\"width: 39.9345%;height: 23px;text-align: center\"><a href=\"https:\/\/cpcx.ufms.br\/files\/2025\/03\/5C1005C1-131B-4516-B073-5D1F5335A0F4.jpg\"><img decoding=\"async\" class=\"alignnone wp-image-11280\" src=\"https:\/\/cpcx.ufms.br\/files\/2025\/03\/5C1005C1-131B-4516-B073-5D1F5335A0F4-169x300.jpg\" alt=\"\" width=\"173\" height=\"308\" srcset=\"https:\/\/cpcx.ufms.br\/files\/2025\/03\/5C1005C1-131B-4516-B073-5D1F5335A0F4-169x300.jpg 169w, https:\/\/cpcx.ufms.br\/files\/2025\/03\/5C1005C1-131B-4516-B073-5D1F5335A0F4-576x1024.jpg 576w, https:\/\/cpcx.ufms.br\/files\/2025\/03\/5C1005C1-131B-4516-B073-5D1F5335A0F4-768x1365.jpg 768w, https:\/\/cpcx.ufms.br\/files\/2025\/03\/5C1005C1-131B-4516-B073-5D1F5335A0F4-864x1536.jpg 864w, https:\/\/cpcx.ufms.br\/files\/2025\/03\/5C1005C1-131B-4516-B073-5D1F5335A0F4-180x320.jpg 180w, https:\/\/cpcx.ufms.br\/files\/2025\/03\/5C1005C1-131B-4516-B073-5D1F5335A0F4.jpg 900w\" sizes=\"(max-width: 173px) 100vw, 173px\" \/><\/a><\/td>\n<td style=\"width: 2.12839%;height: 23px\">&nbsp;<\/td>\n<\/tr>\n<tr style=\"height: 23px\">\n<td style=\"width: 2.21225%;height: 23px\">&nbsp;<\/td>\n<td style=\"width: 38.082%;height: 23px;text-align: center\"><span style=\"font-size: 14pt\"><strong>Profa. Dra. Silvana Aparecida da Silva Zanchett <span style=\"font-size: 10pt\">(<a href=\"http:\/\/lattes.cnpq.br\/5427320722484970\" target=\"_blank\" rel=\"noopener\">Lattes<\/a>)<\/span><\/strong><\/span><\/td>\n<td style=\"width: 3.41145%;text-align: center;height: 23px\"><strong>&nbsp;<\/strong><\/td>\n<td style=\"width: 39.9345%;height: 23px;text-align: center\"><span style=\"font-size: 14pt\"><strong>Prof. Dr. Carlos Gaudioso <span style=\"font-size: 10pt\">(<a href=\"https:\/\/lattes.cnpq.br\/4394891346170960\" target=\"_blank\" rel=\"noopener\">Lattes<\/a>)<\/span><\/strong><\/span><\/td>\n<td style=\"width: 2.12839%;height: 23px\">&nbsp;<\/td>\n<\/tr>\n<tr style=\"height: 23px\">\n<td style=\"width: 2.21225%;height: 10px\">&nbsp;<\/td>\n<td style=\"width: 38.082%;height: 10px;text-align: center\">&nbsp;<\/td>\n<td style=\"width: 3.41145%;height: 10px\">&nbsp;<\/td>\n<td style=\"width: 39.9345%;height: 10px;text-align: center\">&nbsp;<\/td>\n<td style=\"width: 2.12839%;height: 10px\">&nbsp;<\/td>\n<\/tr>\n<tr style=\"height: 24px\">\n<td style=\"width: 2.21225%;height: 24px\">&nbsp;<\/td>\n<td style=\"width: 38.082%;text-align: center;height: 24px\">&nbsp;<\/td>\n<td style=\"width: 3.41145%;height: 24px\">&nbsp;<\/td>\n<td style=\"width: 39.9345%;text-align: center;height: 24px\">&nbsp;<\/td>\n<td style=\"width: 2.12839%;height: 24px\">&nbsp;<\/td>\n<\/tr>\n<tr style=\"height: 24px\">\n<td style=\"width: 2.21225%;height: 24px\">&nbsp;<\/td>\n<td style=\"width: 38.082%;text-align: center;height: 24px\">&nbsp;<\/td>\n<td style=\"width: 3.41145%;height: 24px\">&nbsp;<\/td>\n<td style=\"width: 39.9345%;text-align: center;height: 24px\">&nbsp;<\/td>\n<td style=\"width: 2.12839%;height: 24px\">&nbsp;<\/td>\n<\/tr>\n<tr style=\"height: 78px\">\n<td style=\"width: 85.7686%;height: 78px\" colspan=\"5\">\n<hr>\n<p><span style=\"font-size: 18pt\"><strong> PROGRAMAS DE TRABALHO<\/strong><\/span><\/td>\n<\/tr>\n<tr style=\"height: 10px\">\n<td style=\"height: 10px;width: 2.21225%\"><span style=\"font-size: 12pt\"><strong>&nbsp;<\/strong><\/span><\/td>\n<td style=\"width: 38.082%;height: 10px\">&nbsp;<\/td>\n<td style=\"width: 3.41145%;height: 10px\"><span style=\"font-size: 12pt\"><strong>&nbsp;<\/strong><\/span><\/td>\n<td style=\"width: 39.9345%;height: 10px\"><span style=\"font-size: 12pt\"><strong>&nbsp;<\/strong><\/span><\/td>\n<td style=\"width: 2.12839%;height: 10px\"><span style=\"font-size: 12pt\"><strong>&nbsp;<\/strong><\/span><\/td>\n<\/tr>\n<tr style=\"height: 23px\">\n<td style=\"width: 2.21225%;height: 23px\">&nbsp;<\/td>\n<td style=\"width: 38.082%;height: 23px;text-align: center\"><a href=\"https:\/\/cpcx.ufms.br\/files\/2025\/03\/Programa-de-Trabalho-Profa-Silvana-Zanchett-2025-2029.pdf\" class=\"pdfemb-viewer\" style=\"\" data-width=\"max\" data-height=\"max\" data-toolbar=\"bottom\" data-toolbar-fixed=\"off\">Programa de Trabalho - Profa Silvana Zanchett (2025-2029)<\/a><\/td>\n<td style=\"width: 3.41145%;height: 23px\">&nbsp;<\/td>\n<td style=\"width: 39.9345%;height: 23px;text-align: center\"><a href=\"https:\/\/cpcx.ufms.br\/files\/2025\/03\/Programa-de-Trabalho-para-a-gestao-2025-1.pdf\" class=\"pdfemb-viewer\" style=\"\" data-width=\"max\" data-height=\"max\" data-toolbar=\"bottom\" data-toolbar-fixed=\"off\">Programa de Trabalho para a gest\u00e3o 2025<\/a><\/td>\n<td style=\"width: 2.12839%;height: 23px\">&nbsp;<\/td>\n<\/tr>\n<tr style=\"height: 23px\">\n<td style=\"width: 2.21225%;height: 23px\">&nbsp;<\/td>\n<td style=\"width: 38.082%;height: 23px;text-align: center\">&nbsp;<\/td>\n<td style=\"width: 3.41145%;height: 23px\">&nbsp;<\/td>\n<td style=\"width: 39.9345%;height: 23px\">&nbsp;<\/td>\n<td style=\"width: 2.12839%;height: 23px\">&nbsp;<\/td>\n<\/tr>\n<tr style=\"height: 23px\">\n<td style=\"width: 2.21225%;height: 23px\">&nbsp;<\/td>\n<td style=\"width: 38.082%;height: 23px;text-align: center\"><a href=\"https:\/\/cpcx.ufms.br\/files\/2025\/03\/Programa-de-Trabalho-Profa-Silvana-Zanchett-2025-2029.pdf\" target=\"_blank\" rel=\"noopener\">DOWLOAD<\/a><\/td>\n<td style=\"width: 3.41145%;height: 23px\">&nbsp;<\/td>\n<td style=\"width: 39.9345%;height: 23px;text-align: center\"><a href=\"https:\/\/cpcx.ufms.br\/files\/2025\/03\/Programa-de-Trabalho-para-a-gestao-2025-1.pdf\" target=\"_blank\" rel=\"noopener\">DOWLOAD<\/a><\/td>\n<td style=\"width: 2.12839%;height: 23px\">&nbsp;<\/td>\n<\/tr>\n<\/tbody>\n<\/table>\n<hr>\n<p><strong><span style=\"font-size: 18pt\">RESOLU\u00c7\u00d5ES<\/span><\/strong><\/p>\n<p>&nbsp;<\/p>\n<ul>\n<li><a href=\"https:\/\/cpcx.ufms.br\/files\/2025\/03\/Resolucao-748.pdf\" target=\"_blank\" rel=\"noopener\">RESOLU\u00c7\u00c3O N\u00ba 748-CAS\/CPCX\/UFMS<\/a><\/li>\n<li><a href=\"https:\/\/cpcx.ufms.br\/files\/2025\/03\/Resolucao-749.pdf\" target=\"_blank\" rel=\"noopener\">RESOLU\u00c7\u00c3O N\u00ba 749-CAS\/CPCX\/UFMS<\/a><\/li>\n<li><a href=\"https:\/\/cpcx.ufms.br\/files\/2025\/03\/Resolucao-750.pdf\" target=\"_blank\" rel=\"noopener\">RESOLU\u00c7\u00c3O N\u00ba 750-CAS\/CPCX\/UFMS<\/a><\/li>\n<\/ul>\n<p>&nbsp;<\/p>\n<hr>\n<p><strong><span style=\"font-size: 18pt\">CADERNO ELEITORAL<\/span><\/strong><\/p>\n<p>&nbsp;<\/p>\n<ul>\n<li><a href=\"https:\/\/cpcx.ufms.br\/files\/2025\/03\/Lista-alunos.pdf\" target=\"_blank\" rel=\"noopener\">LISTA DE DISCENTES<\/a><\/li>\n<li><a href=\"https:\/\/cpcx.ufms.br\/files\/2025\/03\/Lista-docente.pdf\" target=\"_blank\" rel=\"noopener\">LISTA DE DOCENTES<\/a><\/li>\n<li><a href=\"https:\/\/cpcx.ufms.br\/files\/2025\/03\/Lista-tecnicos.pdf\" target=\"_blank\" rel=\"noopener\">LISTA DE T\u00c9CNICOS<\/a><\/li>\n<\/ul>\n<p>&nbsp;<\/p>\n<hr>\n<p><span style=\"font-size: 18pt\"><strong>LINKS PARA VOTA\u00c7\u00c3O<\/strong><\/span><\/p>\n<table style=\"border-collapse: collapse;width: 100%;height: 134px\">\n<tbody>\n<tr style=\"height: 23px\">\n<td style=\"width: 12.4716%;height: 23px\">&nbsp;<\/td>\n<td style=\"width: 16.0998%;height: 23px\">&nbsp;<\/td>\n<td style=\"width: 14.2857%;height: 23px\">&nbsp;<\/td>\n<td style=\"width: 15.4195%;height: 23px\">&nbsp;<\/td>\n<td style=\"width: 13.1519%;height: 23px\">&nbsp;<\/td>\n<td style=\"width: 17.5737%;height: 23px\">&nbsp;<\/td>\n<td style=\"width: 10.9977%;height: 23px\">&nbsp;<\/td>\n<\/tr>\n<tr style=\"height: 88px\">\n<td style=\"width: 12.4716%;height: 88px\">&nbsp;<\/td>\n<td style=\"width: 16.0998%;height: 88px\">\n<h4 style=\"text-align: center\"><span style=\"color: black;font-size: 18pt\"><strong><a class=\"btn btn-primary\" style=\"background-color: #2172b1\" title=\"Inscri\u00e7\u00f5es\" href=\"\/\/link.ufms.br\/CPCX-DISCENTES-CONSULTA-DIRETOR-2ABR\" target=\"_blank\" rel=\"noopener\">DISCENTES<\/a><\/strong><\/span><\/h4>\n<\/td>\n<td style=\"width: 14.2857%;height: 88px\">&nbsp;<\/td>\n<td style=\"width: 15.4195%;height: 88px\">\n<h4 style=\"text-align: center\"><span style=\"color: black;font-size: 18pt\"><strong><a class=\"btn btn-primary\" style=\"background-color: #2172b1\" title=\"Inscri\u00e7\u00f5es\" href=\"\/\/link.ufms.br\/CPCX-DOCENTES-CONSULTA-DIRETOR-2ABR\" target=\"_blank\" rel=\"noopener\">DOCENTES<\/a><\/strong><\/span><\/h4>\n<\/td>\n<td style=\"width: 13.1519%;height: 88px\">&nbsp;<\/td>\n<td style=\"width: 17.5737%;height: 88px\">\n<h4 style=\"text-align: center\"><span style=\"color: black;font-size: 18pt\"><strong><a class=\"btn btn-primary\" style=\"background-color: #2172b1\" title=\"Inscri\u00e7\u00f5es\" href=\"\/\/link.ufms.br\/CPCX-TECNICOS-CONSULTA-DIRETOR-2ABR\" target=\"_blank\" rel=\"noopener\">T\u00c9CNICOS<\/a><\/strong><\/span><\/h4>\n<\/td>\n<td style=\"width: 10.9977%;height: 88px\">&nbsp;<\/td>\n<\/tr>\n<tr style=\"height: 23px\">\n<td style=\"width: 12.4716%;height: 23px\">&nbsp;<\/td>\n<td style=\"width: 16.0998%;height: 23px\">&nbsp;<\/td>\n<td style=\"width: 14.2857%;height: 23px\">&nbsp;<\/td>\n<td style=\"width: 15.4195%;height: 23px\">&nbsp;<\/td>\n<td style=\"width: 13.1519%;height: 23px\">&nbsp;<\/td>\n<td style=\"width: 17.5737%;height: 23px\">&nbsp;<\/td>\n<td style=\"width: 10.9977%;height: 23px\">&nbsp;<\/td>\n<\/tr>\n<\/tbody>\n<\/table>\n<p>&nbsp;<\/p>\n<ul>\n<li><a href=\"https:\/\/cpcx.ufms.br\/files\/2025\/03\/Link-de-votacao.pdf\" target=\"_blank\" rel=\"noopener\">EDITAL DE LINKS<\/a><\/li>\n<\/ul>\n","protected":false},"excerpt":{"rendered":"<p>Bem-vindo \u00e0 P\u00e1gina Oficial da Elei\u00e7\u00e3o da Diretoria \u2013 UFMS, C\u00e2mpus Coxim A Universidade Federal de Mato Grosso do Sul (UFMS), c\u00e2mpus Coxim, convida toda a comunidade acad\u00eamica a acompanhar e participar ativamente do processo eleitoral que definir\u00e1 a gest\u00e3o respons\u00e1vel por conduzir a institui\u00e7\u00e3o nos pr\u00f3ximos anos. Este \u00e9 um momento fundamental para reafirmar [&hellip;]<\/p>\n","protected":false},"author":73247,"featured_media":0,"parent":6567,"menu_order":0,"comment_status":"closed","ping_status":"closed","template":"page-templates\/full-width.php","meta":{"_eb_attr":"","ngg_post_thumbnail":0,"footnotes":""},"coauthors":[116],"class_list":["post-11248","page","type-page","status-publish","hentry"],"_links":{"self":[{"href":"https:\/\/cpcx.ufms.br\/en\/wp-json\/wp\/v2\/pages\/11248","targetHints":{"allow":["GET"]}}],"collection":[{"href":"https:\/\/cpcx.ufms.br\/en\/wp-json\/wp\/v2\/pages"}],"about":[{"href":"https:\/\/cpcx.ufms.br\/en\/wp-json\/wp\/v2\/types\/page"}],"author":[{"embeddable":true,"href":"https:\/\/cpcx.ufms.br\/en\/wp-json\/wp\/v2\/users\/73247"}],"replies":[{"embeddable":true,"href":"https:\/\/cpcx.ufms.br\/en\/wp-json\/wp\/v2\/comments?post=11248"}],"version-history":[{"count":25,"href":"https:\/\/cpcx.ufms.br\/en\/wp-json\/wp\/v2\/pages\/11248\/revisions"}],"predecessor-version":[{"id":13178,"href":"https:\/\/cpcx.ufms.br\/en\/wp-json\/wp\/v2\/pages\/11248\/revisions\/13178"}],"up":[{"embeddable":true,"href":"https:\/\/cpcx.ufms.br\/en\/wp-json\/wp\/v2\/pages\/6567"}],"wp:attachment":[{"href":"https:\/\/cpcx.ufms.br\/en\/wp-json\/wp\/v2\/media?parent=11248"}],"wp:term":[{"taxonomy":"author","embeddable":true,"href":"https:\/\/cpcx.ufms.br\/en\/wp-json\/wp\/v2\/coauthors?post=11248"}],"curies":[{"name":"wp","href":"https:\/\/api.w.org\/{rel}","templated":true}]}}