{"id":11656,"date":"2025-08-04T10:03:55","date_gmt":"2025-08-04T14:03:55","guid":{"rendered":"https:\/\/cpcx.ufms.br\/?page_id=11656"},"modified":"2025-08-08T10:52:33","modified_gmt":"2025-08-08T14:52:33","slug":"geral","status":"publish","type":"page","link":"https:\/\/cpcx.ufms.br\/en\/geral\/","title":{"rendered":"Geral"},"content":{"rendered":"<p style=\"text-align: justify\">Nesta se\u00e7\u00e3o, voc\u00ea encontrar\u00e1 informa\u00e7\u00f5es gerais sobre a Universidade Federal de Mato Grosso do Sul (UFMS), incluindo sua estrutura organizacional, miss\u00e3o institucional, indicadores acad\u00eamicos e dados relevantes sobre sua atua\u00e7\u00e3o no ensino, pesquisa, extens\u00e3o e inova\u00e7\u00e3o. O objetivo \u00e9 proporcionar uma vis\u00e3o ampla e acess\u00edvel da universidade para a comunidade acad\u00eamica e para o p\u00fablico em geral.<\/p>\n<p>&nbsp;<\/p>\n<ul class=\"nav nav-tabs\" id=\"\"><li class=\"active\"><a href=\"#custom-tab-0-016e2727a27dc07daa1a309496cb39ce\" data-toggle=\"tab\" ><strong>UNIVERSIDADE<\/strong><\/a><\/li><li><a href=\"#custom-tab-0-35438c32b3d0165b7ba9dbc9ac04ef96\" data-toggle=\"tab\" ><strong>DOCUMENTOS E DOWNLOADS<\/strong><\/a><\/li><li><a href=\"#custom-tab-0-f4922cf01fa6f3c438f30b93374d162e\" data-toggle=\"tab\" ><strong>PR\u00d3-REITORIAS E AG\u00caNCIAS<\/strong><\/a><\/li><\/ul><div class=\"tab-content\">\n<div id=\"custom-tab-0-016e2727a27dc07daa1a309496cb39ce\" class=\"tab-pane active\">\n<ul class=\"list-group\">\n<li   class=\"list-group-item\">\n<a href=\"https:\/\/www.ufms.br\/universidade\/historico\/\" target=\"_blank\" rel=\"noopener\">Hist\u00f3rico<\/a><br \/>\n<\/li>\n<li   class=\"list-group-item\">\n<a href=\"https:\/\/www.ufms.br\/missao-visao-e-valores\/\">Miss\u00e3o, Vis\u00e3o e Valores<\/a><br \/>\n<\/li>\n<li   class=\"list-group-item\">\n<a href=\"https:\/\/www.ufms.br\/conselhos-superiores\/\">Conselhos Superiores<\/a><br \/>\n<\/li>\n<li   class=\"list-group-item\">\n<a href=\"https:\/\/www.ufms.br\/video-institucional-ufms\/\">V\u00eddeo Institucional<\/a><br \/>\n<\/li>\n<li   class=\"list-group-item\">\n<a href=\"https:\/\/www.ufms.br\/hino-nacional\/\">Hino Nacional<\/a><br \/>\n<\/li>\n<li   class=\"list-group-item\">\n<a href=\"https:\/\/www.ufms.br\/hino-de-mato-grosso-do-sul\/\">Hino de Mato Grosso do Sul<\/a><br \/>\n<\/li>\n<li   class=\"list-group-item\">\n<a href=\"https:\/\/www.ufms.br\/hino-ufms\/\">Hino UFMS<\/a><br \/>\n<\/li>\n<li   class=\"list-group-item\">\n<a href=\"https:\/\/www.ufms.br\/universidade\/localizacao\/\">Localiza\u00e7\u00e3o<\/a><br \/>\n<\/li>\n<li   class=\"list-group-item\">\n<a href=\"https:\/\/www.ufms.br\/universidade\/enderecos-e-telefones\/\">Endere\u00e7os \/ Telefones<\/a><br \/>\n<\/li>\n<li   class=\"list-group-item\">\n<a href=\"https:\/\/www.ufms.br\/universidade\/organograma\/\">Organograma<\/a><br \/>\n<\/li>\n<li   class=\"list-group-item\">\n<a href=\"https:\/\/www.ufms.br\/universidade\/reitoria\/\">Reitoria \/ Vice-Reitoria<\/a><br \/>\n<\/li>\n<li   class=\"list-group-item\">\n<a href=\"https:\/\/www.ufms.br\/universidade\/pro-reitores-e-diretores-de-agencias\/\">Pr\u00f3-Reitorias e Ag\u00eancias<\/a><br \/>\n<\/li>\n<li   class=\"list-group-item\">\n<a href=\"http:\/\/diavi.ufms.br\/\">Diretoria de Avalia\u00e7\u00e3o Institucional<\/a><br \/>\n<\/li>\n<li   class=\"list-group-item\">\n<a href=\"https:\/\/digab.ufms.br\/\">Diretoria de Gabinete da Reitoria<\/a><br \/>\n<\/li>\n<li   class=\"list-group-item\">\n<a href=\"https:\/\/www.ufms.br\/diretoria-de-governanca-institucional\/\">Diretoria de Governan\u00e7a Institucional<\/a><br \/>\n<\/li>\n<li   class=\"list-group-item\">\n<a href=\"https:\/\/www.ufms.br\/universidade\/procuradoria-juridica\/\">Procuradoria Jur\u00eddica<\/a><br \/>\n<\/li>\n<li   class=\"list-group-item\">\n<a href=\"http:\/\/corregedoria.ufms.br\/\">Corregedoria<\/a><br \/>\n<\/li>\n<li   class=\"list-group-item\">\n<a href=\"https:\/\/auditoriainterna.ufms.br\/\">Auditoria Interna Governamental<\/a><br \/>\n<\/li>\n<li   class=\"list-group-item\">\n<a href=\"https:\/\/www.ufms.br\/universidade\/ouvidoria\/\">Ouvidoria<\/a><br \/>\n<\/li>\n<li   class=\"list-group-item\">\n<a href=\"https:\/\/www.ufms.br\/comite-de-governanca-institucional\/\">Governan\u00e7a da UFMS<\/a><br \/>\n<\/li>\n<li   class=\"list-group-item\">\n<a href=\"https:\/\/www.ufms.br\/galeria-dos-reitores\/\">Galeria dos Reitores<\/a><br \/>\n<\/li>\n<li   class=\"list-group-item\">\n<a href=\"https:\/\/www.ufms.br\/galeria-da-administracao\/\">Galeria da Administra\u00e7\u00e3o<\/a><br \/>\n<\/li>\n<li   class=\"list-group-item\">\n<a href=\"https:\/\/www.ufms.br\/galeria-de-titulos-honorificos\/\">Galeria de T\u00edtulos Honor\u00edficos<\/a><br \/>\n<\/li>\n<\/ul>\n<\/div>\n<div id=\"custom-tab-0-35438c32b3d0165b7ba9dbc9ac04ef96\" class=\"tab-pane\">\n<ul class=\"list-group\">\n<li   class=\"list-group-item\">\n<a href=\"https:\/\/www.ufms.br\/estatuto-da-ufms\/\">Estatuto<\/a><br \/>\n<\/li>\n<li   class=\"list-group-item\">\n<a href=\"https:\/\/www.ufms.br\/regimentos-ufms\/\">Regimentos<\/a><br \/>\n<\/li>\n<li   class=\"list-group-item\">\n<a href=\"https:\/\/pdi.ufms.br\/\">Projeto Pedag\u00f3gico Institucional &#8211; PPI<\/a><br \/>\n<\/li>\n<li   class=\"list-group-item\">\n<a href=\"https:\/\/pdi.ufms.br\/\">Plano de Desenvolvimento Insititucional &#8211; PDI<\/a><br \/>\n<\/li>\n<li   class=\"list-group-item\">\n<a href=\"https:\/\/www.ufms.br\/universidade\/carta-de-servicos-ao-cidadao\/\">Carta de Servi\u00e7os ao Usu\u00e1rio<\/a><br \/>\n<\/li>\n<li   class=\"list-group-item\">\n<a href=\"https:\/\/www.ufms.br\/manual-de-atos-e-correspondencias\/\">Manual de Atos Oficiais<\/a><br \/>\n<\/li>\n<li   class=\"list-group-item\">\n<a href=\"https:\/\/www.ufms.br\/manual-de-competencias\/\">Manual de Compet\u00eancias<\/a><br \/>\n<\/li>\n<li   class=\"list-group-item\">\n<a href=\"https:\/\/www.ufms.br\/universidade\/identidade-visualufms\/\">Manual de Identidade Visual<\/a><br \/>\n<\/li>\n<li   class=\"list-group-item\">\n<a href=\"https:\/\/www.ufms.br\/manual-de-midias-sociais-da-ufms\/\">Manual de M\u00eddias Sociais<\/a><br \/>\n<\/li>\n<li   class=\"list-group-item\">\n<a href=\"https:\/\/www.ufms.br\/manual-de-seguranca-em-laboratorio\/\">Manual de Seguran\u00e7a em Laborat\u00f3rio<\/a><br \/>\n<\/li>\n<li   class=\"list-group-item\">\n<a href=\"http:\/\/link.ufms.br\/pda\">Plano de Dados Abertos<\/a><br \/>\n<\/li>\n<li   class=\"list-group-item\">\n<a href=\"https:\/\/www.ufms.br\/universidade\/planos-de-gestao-de-logistica-sustentavel-pls\/\">Plano de Gest\u00e3o de Log\u00edstica Sustent\u00e1vel &#8211; PLS<\/a><br \/>\n<\/li>\n<li   class=\"list-group-item\">\n<a href=\"https:\/\/www.ufms.br\/comite-de-gestao-de-integridade-riscos-e-controle-interno\/gestao-de-integridade\/plano-de-integridade\/\">Plano de Integridade<\/a><br \/>\n<\/li>\n<li   class=\"list-group-item\">\n<a href=\"https:\/\/boletimoficial.ufms.br\/bse\/publicacao?id=421600\">Plano Diretor de Tecnologia da Informa\u00e7\u00e3o e Comunica\u00e7\u00e3o &#8211; PDTIC<\/a><br \/>\n<\/li>\n<li   class=\"list-group-item\">\n<a href=\"https:\/\/www.ufms.br\/universidade\/relatorios\/relatorios-de-gestao\/\">Relat\u00f3rios de Gest\u00e3o<\/a><br \/>\n<\/li>\n<li   class=\"list-group-item\">\n<a href=\"https:\/\/www.ufms.br\/universidade\/relatorios\/relatorio-de-auditoria-anual-de-contas\/\">Relat\u00f3rio de Auditoria &#8211; CGU<\/a><br \/>\n<\/li>\n<li   class=\"list-group-item\">\n<a href=\"https:\/\/diavi.ufms.br\/relatorios-de-autoavaliacao-institucional-ufms\">Relat\u00f3rio de Avalia\u00e7\u00e3o Institucional<\/a><br \/>\n<\/li>\n<li   class=\"list-group-item\">\n<a href=\"https:\/\/www.ufms.br\/ufms-2016-2024\/\">UFMS 2016-2024<\/a><br \/>\n<\/li>\n<\/ul>\n<\/div>\n<div id=\"custom-tab-0-f4922cf01fa6f3c438f30b93374d162e\" class=\"tab-pane\">\n<ul class=\"list-group\">\n<li   class=\"list-group-item\">\n<a href=\"http:\/\/proadi.ufms.br\/\">PROADI<\/a><br \/>\n<\/li>\n<li   class=\"list-group-item\">\n<a href=\"https:\/\/proaes.ufms.br\/\">PROAES<\/a><br \/>\n<\/li>\n<li   class=\"list-group-item\">\n<a href=\"https:\/\/procids.ufms.br\/\">PROCIDS<\/a><br \/>\n<\/li>\n<li   class=\"list-group-item\">\n<a href=\"https:\/\/proece.ufms.br\/\">PROECE<\/a><br \/>\n<\/li>\n<li   class=\"list-group-item\">\n<a href=\"http:\/\/progep.ufms.br\/\">PROGEP<\/a><br \/>\n<\/li>\n<li   class=\"list-group-item\">\n<a href=\"http:\/\/prograd.ufms.br\/\">PROGRAD<\/a><br \/>\n<\/li>\n<li   class=\"list-group-item\">\n<a href=\"http:\/\/proplan.ufms.br\/\">PROPLAN<\/a><br \/>\n<\/li>\n<li   class=\"list-group-item\">\n<a href=\"http:\/\/propp.ufms.br\/\">PROPP<\/a><br \/>\n<\/li>\n<li   class=\"list-group-item\">\n<a href=\"http:\/\/agead.ufms.br\/\">AGEAD<\/a><br \/>\n<\/li>\n<li   class=\"list-group-item\">\n<a href=\"https:\/\/agecom.ufms.br\/\">AGECOM<\/a><br \/>\n<\/li>\n<li   class=\"list-group-item\">\n<a href=\"https:\/\/agetic.ufms.br\/\">AGETIC<\/a><br \/>\n<\/li>\n<li   class=\"list-group-item\">\n<a href=\"https:\/\/aginova.ufms.br\/\">AGINOVA<\/a><br \/>\n<\/li>\n<li   class=\"list-group-item\">\n<a href=\"https:\/\/aginter.ufms.br\/\">AGINTER<\/a><br \/>\n<\/li>\n<\/ul>\n<\/div>\n<\/div>\n","protected":false},"excerpt":{"rendered":"<p>Nesta se\u00e7\u00e3o, voc\u00ea encontrar\u00e1 informa\u00e7\u00f5es gerais sobre a Universidade Federal de Mato Grosso do Sul (UFMS), incluindo sua estrutura organizacional, miss\u00e3o institucional, indicadores acad\u00eamicos e dados relevantes sobre sua atua\u00e7\u00e3o no ensino, pesquisa, extens\u00e3o e inova\u00e7\u00e3o. O objetivo \u00e9 proporcionar uma vis\u00e3o ampla e acess\u00edvel da universidade para a comunidade acad\u00eamica e para o p\u00fablico [&hellip;]<\/p>\n","protected":false},"author":73247,"featured_media":0,"parent":0,"menu_order":0,"comment_status":"closed","ping_status":"closed","template":"page-templates\/full-width.php","meta":{"_eb_attr":"","ngg_post_thumbnail":0,"footnotes":""},"coauthors":[116],"class_list":["post-11656","page","type-page","status-publish","hentry"],"_links":{"self":[{"href":"https:\/\/cpcx.ufms.br\/en\/wp-json\/wp\/v2\/pages\/11656","targetHints":{"allow":["GET"]}}],"collection":[{"href":"https:\/\/cpcx.ufms.br\/en\/wp-json\/wp\/v2\/pages"}],"about":[{"href":"https:\/\/cpcx.ufms.br\/en\/wp-json\/wp\/v2\/types\/page"}],"author":[{"embeddable":true,"href":"https:\/\/cpcx.ufms.br\/en\/wp-json\/wp\/v2\/users\/73247"}],"replies":[{"embeddable":true,"href":"https:\/\/cpcx.ufms.br\/en\/wp-json\/wp\/v2\/comments?post=11656"}],"version-history":[{"count":12,"href":"https:\/\/cpcx.ufms.br\/en\/wp-json\/wp\/v2\/pages\/11656\/revisions"}],"predecessor-version":[{"id":11846,"href":"https:\/\/cpcx.ufms.br\/en\/wp-json\/wp\/v2\/pages\/11656\/revisions\/11846"}],"wp:attachment":[{"href":"https:\/\/cpcx.ufms.br\/en\/wp-json\/wp\/v2\/media?parent=11656"}],"wp:term":[{"taxonomy":"author","embeddable":true,"href":"https:\/\/cpcx.ufms.br\/en\/wp-json\/wp\/v2\/coauthors?post=11656"}],"curies":[{"name":"wp","href":"https:\/\/api.w.org\/{rel}","templated":true}]}}