{"id":11700,"date":"2025-08-05T11:18:16","date_gmt":"2025-08-05T15:18:16","guid":{"rendered":"https:\/\/cpcx.ufms.br\/?page_id=11700"},"modified":"2026-03-30T16:15:54","modified_gmt":"2026-03-30T20:15:54","slug":"academico","status":"publish","type":"page","link":"https:\/\/cpcx.ufms.br\/en\/academico\/","title":{"rendered":"Acad\u00eamico"},"content":{"rendered":"<p style=\"text-align: justify\" data-start=\"241\" data-end=\"539\">Este espa\u00e7o foi desenvolvido especialmente para os acad\u00eamicos, reunindo os principais servi\u00e7os e informa\u00e7\u00f5es que apoiam sua jornada universit\u00e1ria. Abaixo, voc\u00ea encontra os links essenciais para acesso a sistemas, orienta\u00e7\u00f5es e recursos que facilitam o acompanhamento das suas atividades acad\u00eamicas:<\/p>\n<p data-start=\"241\" data-end=\"539\"><div class=\"panel-group\" id=\"custom-collapse-1\">\n<div class=\"panel panel-default\">\n\t\t\t\t<div class=\"panel-heading\">\n\t\t\t\t\t<h4 class=\"panel-title\">\n\t\t\t\t\t\t<a class=\"\" data-toggle=\"collapse\" data-parent=\"#custom-collapse-1\" href=\"#custom-collapse-1-9\">AVA (Ambiente Virtual de Aprendizagem)<\/a>\n\t\t\t\t\t<\/h4>\n\t\t\t\t<\/div>\n\t\t\t\t<div id=\"custom-collapse-1-9\" class=\"panel-collapse in\">\n\t\t\t\t\t<div class=\"panel-body\">\nAmbiente utilizado para acesso \u00e0s disciplinas online, materiais de apoio, atividades avaliativas, f\u00f3runs de discuss\u00e3o e comunica\u00e7\u00e3o com professores. \u00c9 a principal ferramenta para o ensino remoto e h\u00edbrido.<\/p>\n<p data-start=\"241\" data-end=\"539\">&nbsp;<\/p>\n<table style=\"border-collapse: collapse;width: 100%;height: 21px\">\n<tbody>\n<tr style=\"height: 21px\">\n<td style=\"width: 33.3333%;height: 21px\">&nbsp;<\/td>\n<td style=\"width: 33.3333%;height: 21px;text-align: center\">\n<h4 style=\"text-align: center\"><span style=\"color: black;font-size: 18pt\"><strong><a class=\"btn btn-primary\" style=\"background-color: #2172b1\" title=\"Inscri\u00e7\u00f5es\" href=\"https:\/\/ava.ufms.br\/\" target=\"_blank\" rel=\"noopener\">AVA<\/a><\/strong><\/span><\/h4>\n<\/td>\n<td style=\"width: 33.3333%;height: 21px\">&nbsp;<\/td>\n<\/tr>\n<\/tbody>\n<\/table>\n<p data-start=\"241\" data-end=\"539\"><\/div>\n\t\t\t\t<\/div>\n\t\t\t<\/div>\n<p data-start=\"241\" data-end=\"539\"><div class=\"panel panel-default\">\n\t\t\t\t<div class=\"panel-heading\">\n\t\t\t\t\t<h4 class=\"panel-title\">\n\t\t\t\t\t\t<a class=\"\" data-toggle=\"collapse\" data-parent=\"#custom-collapse-1\" href=\"#custom-collapse-1-10\">Biblioteca<\/a>\n\t\t\t\t\t<\/h4>\n\t\t\t\t<\/div>\n\t\t\t\t<div id=\"custom-collapse-1-10\" class=\"panel-collapse in\">\n\t\t\t\t\t<div class=\"panel-body\">\nAcesso ao acervo f\u00edsico e digital da universidade, incluindo reserva e renova\u00e7\u00e3o de livros, al\u00e9m de orienta\u00e7\u00f5es sobre normas acad\u00eamicas e servi\u00e7os oferecidos pela biblioteca setorial.<\/p>\n<p data-start=\"241\" data-end=\"539\">&nbsp;<\/p>\n<table style=\"border-collapse: collapse;width: 100%;height: 21px\">\n<tbody>\n<tr style=\"height: 21px\">\n<td style=\"width: 33.3333%;height: 21px\">&nbsp;<\/td>\n<td style=\"width: 33.3333%;height: 21px;text-align: center\">\n<h4 style=\"text-align: center\"><span style=\"color: black;font-size: 18pt\"><strong><a class=\"btn btn-primary\" style=\"background-color: #2172b1\" title=\"Inscri\u00e7\u00f5es\" href=\"https:\/\/cpcx.ufms.br\/biblioteca\" target=\"_blank\" rel=\"noopener\">Biblioteca<\/a><\/strong><\/span><\/h4>\n<\/td>\n<td style=\"width: 33.3333%;height: 21px\">&nbsp;<\/td>\n<\/tr>\n<\/tbody>\n<\/table>\n<p data-start=\"241\" data-end=\"539\"><\/div>\n\t\t\t\t<\/div>\n\t\t\t<\/div>\n<p data-start=\"241\" data-end=\"539\"><div class=\"panel panel-default\">\n\t\t\t\t<div class=\"panel-heading\">\n\t\t\t\t\t<h4 class=\"panel-title\">\n\t\t\t\t\t\t<a class=\"\" data-toggle=\"collapse\" data-parent=\"#custom-collapse-1\" href=\"#custom-collapse-1-11\">SISCAD (Sistema Acad\u00eamico da UFMS)<\/a>\n\t\t\t\t\t<\/h4>\n\t\t\t\t<\/div>\n\t\t\t\t<div id=\"custom-collapse-1-11\" class=\"panel-collapse in\">\n\t\t\t\t\t<div class=\"panel-body\">\nSistema onde o estudante realiza matr\u00edcula, consulta hist\u00f3rico escolar, visualiza notas e frequ\u00eancias, emite atestados e declara\u00e7\u00f5es, e gerencia seus dados pessoais e acad\u00eamicos.<\/p>\n<p data-start=\"241\" data-end=\"539\">&nbsp;<\/p>\n<table style=\"border-collapse: collapse;width: 100%;height: 21px\">\n<tbody>\n<tr style=\"height: 21px\">\n<td style=\"width: 33.3333%;height: 21px\">&nbsp;<\/td>\n<td style=\"width: 33.3333%;height: 21px;text-align: center\">\n<h4 style=\"text-align: center\"><span style=\"color: black;font-size: 18pt\"><strong><a class=\"btn btn-primary\" style=\"background-color: #2172b1\" title=\"Inscri\u00e7\u00f5es\" href=\"https:\/\/graduacao.ufms.br\/\" target=\"_blank\" rel=\"noopener\">SISCAD<\/a><\/strong><\/span><\/h4>\n<\/td>\n<td style=\"width: 33.3333%;height: 21px\">&nbsp;<\/td>\n<\/tr>\n<\/tbody>\n<\/table>\n<p data-start=\"241\" data-end=\"539\"><\/div>\n\t\t\t\t<\/div>\n\t\t\t<\/div>\n<div class=\"panel panel-default\">\n\t\t\t\t<div class=\"panel-heading\">\n\t\t\t\t\t<h4 class=\"panel-title\">\n\t\t\t\t\t\t<a class=\"\" data-toggle=\"collapse\" data-parent=\"#custom-collapse-1\" href=\"#custom-collapse-1-12\">Hor\u00e1rio de Aula<\/a>\n\t\t\t\t\t<\/h4>\n\t\t\t\t<\/div>\n\t\t\t\t<div id=\"custom-collapse-1-12\" class=\"panel-collapse in\">\n\t\t\t\t\t<div class=\"panel-body\">\nEspa\u00e7o onde o acad\u00eamico pode consultar a grade hor\u00e1ria das disciplinas do curso, organizando sua rotina de estudos e demais compromissos.<\/p>\n<p data-start=\"241\" data-end=\"539\">&nbsp;<\/p>\n<table style=\"border-collapse: collapse;width: 100%;height: 21px\">\n<tbody>\n<tr style=\"height: 21px\">\n<td style=\"width: 33.3333%;height: 21px\">&nbsp;<\/td>\n<td style=\"width: 33.3333%;height: 21px;text-align: center\">\n<h4 style=\"text-align: center\"><span style=\"color: black;font-size: 18pt\"><strong><a class=\"btn btn-primary\" style=\"background-color: #2172b1\" title=\"Inscri\u00e7\u00f5es\" href=\"https:\/\/cpcx.ufms.br\/horario-de-aula-teste\" target=\"_blank\" rel=\"noopener\">Hor\u00e1rio de Aula<\/a><\/strong><\/span><\/h4>\n<\/td>\n<td style=\"width: 33.3333%;height: 21px\">&nbsp;<\/td>\n<\/tr>\n<\/tbody>\n<\/table>\n<p data-start=\"241\" data-end=\"539\"><\/div>\n\t\t\t\t<\/div>\n\t\t\t<\/div>\n<p data-start=\"241\" data-end=\"539\"><div class=\"panel panel-default\">\n\t\t\t\t<div class=\"panel-heading\">\n\t\t\t\t\t<h4 class=\"panel-title\">\n\t\t\t\t\t\t<a class=\"\" data-toggle=\"collapse\" data-parent=\"#custom-collapse-1\" href=\"#custom-collapse-1-13\">Editais<\/a>\n\t\t\t\t\t<\/h4>\n\t\t\t\t<\/div>\n\t\t\t\t<div id=\"custom-collapse-1-13\" class=\"panel-collapse in\">\n\t\t\t\t\t<div class=\"panel-body\">\n\u00c1rea destinada \u00e0 divulga\u00e7\u00e3o de editais relacionados a bolsas, monitorias, aux\u00edlios, eventos, processos seletivos e outras oportunidades voltadas \u00e0 comunidade acad\u00eamica.<\/p>\n<p data-start=\"241\" data-end=\"539\">&nbsp;<\/p>\n<table style=\"border-collapse: collapse;width: 100%;height: 21px\">\n<tbody>\n<tr style=\"height: 21px\">\n<td style=\"width: 33.3333%;height: 21px\">&nbsp;<\/td>\n<td style=\"width: 33.3333%;height: 21px;text-align: center\">\n<h4 style=\"text-align: center\"><span style=\"color: black;font-size: 18pt\"><strong><a class=\"btn btn-primary\" style=\"background-color: #2172b1\" title=\"Inscri\u00e7\u00f5es\" href=\"https:\/\/cpcx.ufms.br\/editais\" target=\"_blank\" rel=\"noopener\">Editais<\/a><\/strong><\/span><\/h4>\n<\/td>\n<td style=\"width: 33.3333%;height: 21px\">&nbsp;<\/td>\n<\/tr>\n<\/tbody>\n<\/table>\n<p data-start=\"241\" data-end=\"539\"><\/div>\n\t\t\t\t<\/div>\n\t\t\t<\/div>\n<p data-start=\"241\" data-end=\"539\"><div class=\"panel panel-default\">\n\t\t\t\t<div class=\"panel-heading\">\n\t\t\t\t\t<h4 class=\"panel-title\">\n\t\t\t\t\t\t<a class=\"\" data-toggle=\"collapse\" data-parent=\"#custom-collapse-1\" href=\"#custom-collapse-1-14\">Portal de Ingresso<\/a>\n\t\t\t\t\t<\/h4>\n\t\t\t\t<\/div>\n\t\t\t\t<div id=\"custom-collapse-1-14\" class=\"panel-collapse in\">\n\t\t\t\t\t<div class=\"panel-body\">\nAmbiente voltado aos ex-alunos da UFMS, com conte\u00fados e servi\u00e7os que mant\u00eam o v\u00ednculo com a institui\u00e7\u00e3o, como acesso a eventos, certificados, oportunidades e atualiza\u00e7\u00e3o de dados.<\/p>\n<p data-start=\"241\" data-end=\"539\">&nbsp;<\/p>\n<table style=\"border-collapse: collapse;width: 100%;height: 21px\">\n<tbody>\n<tr style=\"height: 21px\">\n<td style=\"width: 33.3333%;height: 21px\">&nbsp;<\/td>\n<td style=\"width: 33.3333%;height: 21px;text-align: center\">\n<h4 style=\"text-align: center\"><span style=\"color: black;font-size: 18pt\"><strong><a class=\"btn btn-primary\" style=\"background-color: #2172b1\" title=\"Inscri\u00e7\u00f5es\" href=\"https:\/\/ingresso.ufms.br\/\" target=\"_blank\" rel=\"noopener\">Portal de Ingresso<\/a><\/strong><\/span><\/h4>\n<\/td>\n<td style=\"width: 33.3333%;height: 21px\">&nbsp;<\/td>\n<\/tr>\n<\/tbody>\n<\/table>\n<p data-start=\"241\" data-end=\"539\"><\/div>\n\t\t\t\t<\/div>\n\t\t\t<\/div>\n<p style=\"text-align: justify\" data-start=\"241\" data-end=\"539\"><div class=\"panel panel-default\">\n\t\t\t\t<div class=\"panel-heading\">\n\t\t\t\t\t<h4 class=\"panel-title\">\n\t\t\t\t\t\t<a class=\"\" data-toggle=\"collapse\" data-parent=\"#custom-collapse-1\" href=\"#custom-collapse-1-15\">Portal de Egressos<\/a>\n\t\t\t\t\t<\/h4>\n\t\t\t\t<\/div>\n\t\t\t\t<div id=\"custom-collapse-1-15\" class=\"panel-collapse in\">\n\t\t\t\t\t<div class=\"panel-body\">\nAmbiente dedicado aos <strong data-start=\"188\" data-end=\"208\">egressos da UFMS<\/strong>, com informa\u00e7\u00f5es, servi\u00e7os e oportunidades voltados a manter o v\u00ednculo com a institui\u00e7\u00e3o.<br data-start=\"298\" data-end=\"301\">Neste espa\u00e7o, \u00e9 poss\u00edvel <strong data-start=\"326\" data-end=\"413\">acompanhar eventos, acessar certificados, participar de iniciativas da universidade<\/strong> e <strong data-start=\"416\" data-end=\"451\">atualizar seus dados cadastrais<\/strong>, fortalecendo a rede de ex-alunos e promovendo a integra\u00e7\u00e3o cont\u00ednua com a comunidade acad\u00eamica.<\/p>\n<p data-start=\"241\" data-end=\"539\">&nbsp;<\/p>\n<table style=\"border-collapse: collapse;width: 100%;height: 21px\">\n<tbody>\n<tr style=\"height: 21px\">\n<td style=\"width: 33.3333%;height: 21px\">&nbsp;<\/td>\n<td style=\"width: 33.3333%;height: 21px;text-align: center\">\n<h4 style=\"text-align: center\"><span style=\"color: black;font-size: 18pt\"><strong><a class=\"btn btn-primary\" style=\"background-color: #2172b1\" title=\"Inscri\u00e7\u00f5es\" href=\"https:\/\/egressos.ufms.br\/\" target=\"_blank\" rel=\"noopener\">Portal de Egressos<\/a><\/strong><\/span><\/h4>\n<\/td>\n<td style=\"width: 33.3333%;height: 21px\">&nbsp;<\/td>\n<\/tr>\n<\/tbody>\n<\/table>\n<p data-start=\"241\" data-end=\"539\"><\/div>\n\t\t\t\t<\/div>\n\t\t\t<\/div>\n<p data-start=\"241\" data-end=\"539\"><div class=\"panel panel-default\">\n\t\t\t\t<div class=\"panel-heading\">\n\t\t\t\t\t<h4 class=\"panel-title\">\n\t\t\t\t\t\t<a class=\"\" data-toggle=\"collapse\" data-parent=\"#custom-collapse-1\" href=\"#custom-collapse-1-16\">Assist\u00eancia Estudantil<\/a>\n\t\t\t\t\t<\/h4>\n\t\t\t\t<\/div>\n\t\t\t\t<div id=\"custom-collapse-1-16\" class=\"panel-collapse in\">\n\t\t\t\t\t<div class=\"panel-body\">\nInforma\u00e7\u00f5es sobre os programas e aux\u00edlios oferecidos aos estudantes, incluindo moradia, alimenta\u00e7\u00e3o, transporte, sa\u00fade, apoio pedag\u00f3gico e outras a\u00e7\u00f5es de perman\u00eancia.<\/p>\n<p data-start=\"241\" data-end=\"539\">&nbsp;<\/p>\n<table style=\"border-collapse: collapse;width: 100%;height: 21px\">\n<tbody>\n<tr style=\"height: 21px\">\n<td style=\"width: 33.3333%;height: 21px\">&nbsp;<\/td>\n<td style=\"width: 33.3333%;height: 21px;text-align: center\">\n<h4 style=\"text-align: center\"><span style=\"color: black;font-size: 18pt\"><strong><a class=\"btn btn-primary\" style=\"background-color: #2172b1\" title=\"Inscri\u00e7\u00f5es\" href=\"https:\/\/cpcx.ufms.br\/assistencia-estudantil\" target=\"_blank\" rel=\"noopener\">Assist\u00eancia Estudantil<\/a><\/strong><\/span><\/h4>\n<\/td>\n<td style=\"width: 33.3333%;height: 21px\">&nbsp;<\/td>\n<\/tr>\n<\/tbody>\n<\/table>\n<p data-start=\"241\" data-end=\"539\"><\/div>\n\t\t\t\t<\/div>\n\t\t\t<\/div>\n<p data-start=\"241\" data-end=\"539\"><div class=\"panel panel-default\">\n\t\t\t\t<div class=\"panel-heading\">\n\t\t\t\t\t<h4 class=\"panel-title\">\n\t\t\t\t\t\t<a class=\"\" data-toggle=\"collapse\" data-parent=\"#custom-collapse-1\" href=\"#custom-collapse-1-17\">Secretaria Acad\u00eamica<\/a>\n\t\t\t\t\t<\/h4>\n\t\t\t\t<\/div>\n\t\t\t\t<div id=\"custom-collapse-1-17\" class=\"panel-collapse in\">\n\t\t\t\t\t<div class=\"panel-body\">\nCanal de atendimento da secretaria do CPCX. Aqui, o estudante pode tirar d\u00favidas e solicitar servi\u00e7os como trancamento, emiss\u00e3o de documentos, cola\u00e7\u00e3o de grau e atualiza\u00e7\u00f5es acad\u00eamicas.<\/p>\n<p data-start=\"241\" data-end=\"539\">&nbsp;<\/p>\n<table style=\"border-collapse: collapse;width: 100%;height: 21px\">\n<tbody>\n<tr style=\"height: 21px\">\n<td style=\"width: 33.3333%;height: 21px\">&nbsp;<\/td>\n<td style=\"width: 33.3333%;height: 21px;text-align: center\">\n<h4 style=\"text-align: center\"><span style=\"color: black;font-size: 18pt\"><strong><a class=\"btn btn-primary\" style=\"background-color: #2172b1\" title=\"Inscri\u00e7\u00f5es\" href=\"https:\/\/cpcx.ufms.br\/secretaria-academica\" target=\"_blank\" rel=\"noopener\">Secretaria Acad\u00eamica<\/a><\/strong><\/span><\/h4>\n<\/td>\n<td style=\"width: 33.3333%;height: 21px\">&nbsp;<\/td>\n<\/tr>\n<\/tbody>\n<\/table>\n<p data-start=\"241\" data-end=\"539\"><\/div>\n\t\t\t\t<\/div>\n\t\t\t<\/div>\n<\/div>","protected":false},"excerpt":{"rendered":"<p>Este espa\u00e7o foi desenvolvido especialmente para os acad\u00eamicos, reunindo os principais servi\u00e7os e informa\u00e7\u00f5es que apoiam sua jornada universit\u00e1ria. Abaixo, voc\u00ea encontra os links essenciais para acesso a sistemas, orienta\u00e7\u00f5es e recursos que facilitam o acompanhamento das suas atividades acad\u00eamicas:<\/p>\n","protected":false},"author":73247,"featured_media":0,"parent":0,"menu_order":0,"comment_status":"closed","ping_status":"closed","template":"","meta":{"_eb_attr":"","ngg_post_thumbnail":0,"footnotes":""},"coauthors":[116],"class_list":["post-11700","page","type-page","status-publish","hentry"],"_links":{"self":[{"href":"https:\/\/cpcx.ufms.br\/en\/wp-json\/wp\/v2\/pages\/11700","targetHints":{"allow":["GET"]}}],"collection":[{"href":"https:\/\/cpcx.ufms.br\/en\/wp-json\/wp\/v2\/pages"}],"about":[{"href":"https:\/\/cpcx.ufms.br\/en\/wp-json\/wp\/v2\/types\/page"}],"author":[{"embeddable":true,"href":"https:\/\/cpcx.ufms.br\/en\/wp-json\/wp\/v2\/users\/73247"}],"replies":[{"embeddable":true,"href":"https:\/\/cpcx.ufms.br\/en\/wp-json\/wp\/v2\/comments?post=11700"}],"version-history":[{"count":11,"href":"https:\/\/cpcx.ufms.br\/en\/wp-json\/wp\/v2\/pages\/11700\/revisions"}],"predecessor-version":[{"id":13643,"href":"https:\/\/cpcx.ufms.br\/en\/wp-json\/wp\/v2\/pages\/11700\/revisions\/13643"}],"wp:attachment":[{"href":"https:\/\/cpcx.ufms.br\/en\/wp-json\/wp\/v2\/media?parent=11700"}],"wp:term":[{"taxonomy":"author","embeddable":true,"href":"https:\/\/cpcx.ufms.br\/en\/wp-json\/wp\/v2\/coauthors?post=11700"}],"curies":[{"name":"wp","href":"https:\/\/api.w.org\/{rel}","templated":true}]}}