{"id":1200,"date":"2015-04-13T16:37:37","date_gmt":"2015-04-13T20:37:37","guid":{"rendered":"http:\/\/cpcx.draconis.ufms.br\/?page_id=1200"},"modified":"2025-11-01T13:58:26","modified_gmt":"2025-11-01T17:58:26","slug":"instrucoes-para-uso-da-biblioteca","status":"publish","type":"page","link":"https:\/\/cpcx.ufms.br\/en\/biblioteca\/instrucoes-para-uso-da-biblioteca\/","title":{"rendered":"Instru\u00e7\u00f5es para uso da Biblioteca"},"content":{"rendered":"<h3><strong>Empr\u00e9stimo<\/strong><\/h3>\n<ul>\n<li>Aluno de Gradua\u00e7\u00e3o: 4 livros por at\u00e9 10 dias<\/li>\n<li>Aluno de P\u00f3s-Gradua\u00e7\u00e3o, Professor Substituto e T\u00e9cnico Administrativo: 4 livros por at\u00e9 20 dias<\/li>\n<li>Docente: 8 livros por 20 dias<\/li>\n<\/ul>\n<p>&nbsp;<\/p>\n<h3><strong>Suspens\u00e3o de empr\u00e9stimo de materiais bibliogr\u00e1ficos<\/strong><\/h3>\n<p>A n\u00e3o devolu\u00e7\u00e3o do material informacional no prazo estipulado implicar\u00e1 na penalidade de suspens\u00e3o do empr\u00e9stimo por 02 dias para dia de atraso independentemente da quantidade de materiais emprestados.<\/p>\n<p>&nbsp;<\/p>\n<h3><strong>Guarda volumes<\/strong><\/h3>\n<p>O uso do guarda-volumes \u00e9 exclusivo durante a perman\u00eancia do usu\u00e1rio nas depend\u00eancias da Biblioteca.&nbsp;<\/p>\n<p>A biblioteca n\u00e3o se responsabilizar\u00e1 pelo material deixado no guarda-volumes, bem como objetos e documentos pessoais esquecidos, danificados ou furtados em suas depend\u00eancias.<\/p>\n<p>&nbsp;<\/p>\n<h3><strong>ATEN\u00c7\u00c3O<\/strong><\/h3>\n<p>No recinto da Biblioteca n\u00e3o \u00e9 permitida a entrada de pessoas portando objetos de uso particular, como bolsas, sacolas, pastas, alimentos s\u00f3lidos e l\u00edquidos adocicados, como guloseimas, sucos ou refrigerantes, assim como, em trajes de banho, ou sem camisa.<\/p>\n<p>&nbsp;<\/p>\n<p><em><strong>No caso de perda ou danifica\u00e7\u00e3o do material informacional, o usu\u00e1rio estar\u00e1 obrigado a repor por outro id\u00eantico, da mesma edi\u00e7\u00e3o ou edi\u00e7\u00e3o mias atualizada.<\/strong><\/em><\/p>\n","protected":false},"excerpt":{"rendered":"<p>Empr\u00e9stimo Aluno de Gradua\u00e7\u00e3o: 4 livros por at\u00e9 10 dias Aluno de P\u00f3s-Gradua\u00e7\u00e3o, Professor Substituto e T\u00e9cnico Administrativo: 4 livros por at\u00e9 20 dias Docente: 8 livros por 20 dias &nbsp; Suspens\u00e3o de empr\u00e9stimo de materiais bibliogr\u00e1ficos A n\u00e3o devolu\u00e7\u00e3o do material informacional no prazo estipulado implicar\u00e1 na penalidade de suspens\u00e3o do empr\u00e9stimo por 02 [&hellip;]<\/p>\n","protected":false},"author":60,"featured_media":0,"parent":480,"menu_order":0,"comment_status":"closed","ping_status":"open","template":"page-templates\/page-coordenadorias.php","meta":{"_eb_attr":"","ngg_post_thumbnail":0,"footnotes":""},"coauthors":[133,116],"class_list":["post-1200","page","type-page","status-publish","hentry"],"_links":{"self":[{"href":"https:\/\/cpcx.ufms.br\/en\/wp-json\/wp\/v2\/pages\/1200","targetHints":{"allow":["GET"]}}],"collection":[{"href":"https:\/\/cpcx.ufms.br\/en\/wp-json\/wp\/v2\/pages"}],"about":[{"href":"https:\/\/cpcx.ufms.br\/en\/wp-json\/wp\/v2\/types\/page"}],"author":[{"embeddable":true,"href":"https:\/\/cpcx.ufms.br\/en\/wp-json\/wp\/v2\/users\/60"}],"replies":[{"embeddable":true,"href":"https:\/\/cpcx.ufms.br\/en\/wp-json\/wp\/v2\/comments?post=1200"}],"version-history":[{"count":18,"href":"https:\/\/cpcx.ufms.br\/en\/wp-json\/wp\/v2\/pages\/1200\/revisions"}],"predecessor-version":[{"id":13088,"href":"https:\/\/cpcx.ufms.br\/en\/wp-json\/wp\/v2\/pages\/1200\/revisions\/13088"}],"up":[{"embeddable":true,"href":"https:\/\/cpcx.ufms.br\/en\/wp-json\/wp\/v2\/pages\/480"}],"wp:attachment":[{"href":"https:\/\/cpcx.ufms.br\/en\/wp-json\/wp\/v2\/media?parent=1200"}],"wp:term":[{"taxonomy":"author","embeddable":true,"href":"https:\/\/cpcx.ufms.br\/en\/wp-json\/wp\/v2\/coauthors?post=1200"}],"curies":[{"name":"wp","href":"https:\/\/api.w.org\/{rel}","templated":true}]}}