{"id":12055,"date":"2025-09-05T16:10:56","date_gmt":"2025-09-05T20:10:56","guid":{"rendered":"https:\/\/cpcx.ufms.br\/?page_id=12055"},"modified":"2025-09-05T16:43:40","modified_gmt":"2025-09-05T20:43:40","slug":"graduacao","status":"publish","type":"page","link":"https:\/\/cpcx.ufms.br\/en\/graduacao\/","title":{"rendered":"Gradua\u00e7\u00e3o"},"content":{"rendered":"<p style=\"text-align: justify\" data-start=\"385\" data-end=\"717\">O <strong data-start=\"387\" data-end=\"421\">C\u00e2mpus de Coxim da UFMS (CPCX)<\/strong> \u00e9 um polo de ensino superior que oferece cursos de gradua\u00e7\u00e3o presenciais em diferentes \u00e1reas do conhecimento. A forma\u00e7\u00e3o acad\u00eamica \u00e9 pautada na qualidade, com professores qualificados, atividades de pesquisa e extens\u00e3o, al\u00e9m de infraestrutura moderna que contribui para a excel\u00eancia no ensino.<\/p>\n<p style=\"text-align: justify\" data-start=\"719\" data-end=\"839\">Atualmente, o CPCX conta com <strong data-start=\"748\" data-end=\"790\">quatro cursos de gradua\u00e7\u00e3o presenciais<\/strong>. Clique no curso de interesse para saber mais:<\/p>\n<table style=\"border-collapse: collapse;width: 100%;height: 542px\">\n<tbody>\n<tr style=\"height: 24px\">\n<td style=\"width: 4.87065%;height: 24px\">&nbsp;<\/td>\n<td style=\"width: 43.2267%;height: 24px\">&nbsp;<\/td>\n<td style=\"width: 9.46578%;height: 24px\">&nbsp;<\/td>\n<td style=\"width: 37.2428%;height: 24px\">&nbsp;<\/td>\n<td style=\"width: 5.19402%;height: 24px\">&nbsp;<\/td>\n<\/tr>\n<tr style=\"height: 187px\">\n<td style=\"width: 4.87065%;height: 187px\">&nbsp;<\/td>\n<td style=\"width: 43.2267%;height: 187px;text-align: justify\">&nbsp;<\/p>\n<h3><strong data-start=\"1593\" data-end=\"1604\">Direito<\/strong><\/h3>\n<p style=\"text-align: justify\">Prepara bachar\u00e9is com s\u00f3lida forma\u00e7\u00e3o jur\u00eddica, cr\u00edtica e \u00e9tica, aptos a atuar na advocacia, magistratura, Minist\u00e9rio P\u00fablico, defensoria e demais carreiras jur\u00eddicas.<br data-start=\"1774\" data-end=\"1777\">\u27a1\ufe0f [Saiba mais sobre Direito]\n<\/td>\n<td style=\"width: 9.46578%;text-align: center;height: 187px\">&nbsp;<\/td>\n<td style=\"width: 37.2428%;height: 187px;text-align: justify\"><a href=\"https:\/\/cpcx.ufms.br\/direito\"><img decoding=\"async\" class=\"wp-image-12057 aligncenter\" src=\"https:\/\/cpcx.ufms.br\/files\/2025\/09\/Direito-300x300.png\" alt=\"\" width=\"180\" height=\"180\" srcset=\"https:\/\/cpcx.ufms.br\/files\/2025\/09\/Direito-300x300.png 300w, https:\/\/cpcx.ufms.br\/files\/2025\/09\/Direito-1024x1024.png 1024w, https:\/\/cpcx.ufms.br\/files\/2025\/09\/Direito-150x150.png 150w, https:\/\/cpcx.ufms.br\/files\/2025\/09\/Direito-768x768.png 768w, https:\/\/cpcx.ufms.br\/files\/2025\/09\/Direito-320x320.png 320w, https:\/\/cpcx.ufms.br\/files\/2025\/09\/Direito.png 1080w\" sizes=\"(max-width: 180px) 100vw, 180px\" \/><\/a><\/td>\n<td style=\"width: 5.19402%;height: 187px\">&nbsp;<\/td>\n<\/tr>\n<tr style=\"height: 24px\">\n<td style=\"width: 4.87065%;height: 24px\">&nbsp;<\/td>\n<td style=\"width: 43.2267%;height: 24px\">&nbsp;<\/td>\n<td style=\"width: 9.46578%;height: 24px\">&nbsp;<\/td>\n<td style=\"width: 37.2428%;height: 24px\">&nbsp;<\/td>\n<td style=\"width: 5.19402%;height: 24px\">&nbsp;<\/td>\n<\/tr>\n<tr style=\"height: 187px\">\n<td style=\"width: 4.87065%;height: 187px\">&nbsp;<\/td>\n<td style=\"width: 43.2267%;height: 187px;text-align: justify\">\n<h3>Enfermagem<\/h3>\n<p>Forma profissionais generalistas e humanistas, preparados para atuar em todos os n\u00edveis de aten\u00e7\u00e3o \u00e0 sa\u00fade, com conhecimento t\u00e9cnico-cient\u00edfico, vis\u00e3o cr\u00edtica e compromisso social.<br data-start=\"1049\" data-end=\"1052\">\u27a1\ufe0f [Saiba mais sobre Enfermagem clicando na imagem]<\/td>\n<td style=\"width: 9.46578%;height: 187px\">&nbsp;<\/td>\n<td style=\"width: 37.2428%;text-align: center;height: 187px\"><a href=\"https:\/\/cpcx.ufms.br\/enfermagem\"><img decoding=\"async\" class=\"alignnone wp-image-12058\" src=\"https:\/\/cpcx.ufms.br\/files\/2025\/09\/Enfermagem-300x300.png\" alt=\"\" width=\"180\" height=\"180\" srcset=\"https:\/\/cpcx.ufms.br\/files\/2025\/09\/Enfermagem-300x300.png 300w, https:\/\/cpcx.ufms.br\/files\/2025\/09\/Enfermagem-1024x1024.png 1024w, https:\/\/cpcx.ufms.br\/files\/2025\/09\/Enfermagem-150x150.png 150w, https:\/\/cpcx.ufms.br\/files\/2025\/09\/Enfermagem-768x768.png 768w, https:\/\/cpcx.ufms.br\/files\/2025\/09\/Enfermagem-320x320.png 320w, https:\/\/cpcx.ufms.br\/files\/2025\/09\/Enfermagem.png 1080w\" sizes=\"(max-width: 180px) 100vw, 180px\" \/><\/a><\/td>\n<td style=\"width: 5.19402%;height: 187px\">&nbsp;<\/td>\n<\/tr>\n<tr style=\"height: 24px\">\n<td style=\"width: 4.87065%;height: 24px\">&nbsp;<\/td>\n<td style=\"width: 43.2267%;height: 24px\">&nbsp;<\/td>\n<td style=\"width: 9.46578%;height: 24px\">&nbsp;<\/td>\n<td style=\"width: 37.2428%;height: 24px\">&nbsp;<\/td>\n<td style=\"width: 5.19402%;height: 24px\">&nbsp;<\/td>\n<\/tr>\n<tr style=\"height: 24px\">\n<td style=\"width: 4.87065%;height: 24px\">&nbsp;<\/td>\n<td style=\"width: 43.2267%;height: 24px;text-align: justify\">\n<h3>Letras<\/h3>\n<p>Capacita profissionais para atuar no ensino da L\u00edngua Portuguesa e suas literaturas, promovendo a reflex\u00e3o cr\u00edtica, o dom\u00ednio da linguagem e a valoriza\u00e7\u00e3o cultural.<br data-start=\"1276\" data-end=\"1279\">\u27a1\ufe0f [Saiba mais sobre Letras clicando na imagem]<\/td>\n<td style=\"width: 9.46578%;height: 24px\">&nbsp;<\/td>\n<td style=\"width: 37.2428%;height: 24px\"><a href=\"https:\/\/cpcx.ufms.br\/letras\"><img decoding=\"async\" class=\"wp-image-12061 aligncenter\" src=\"https:\/\/cpcx.ufms.br\/files\/2025\/09\/Letras-300x300.png\" alt=\"\" width=\"180\" height=\"180\" srcset=\"https:\/\/cpcx.ufms.br\/files\/2025\/09\/Letras-300x300.png 300w, https:\/\/cpcx.ufms.br\/files\/2025\/09\/Letras-1024x1024.png 1024w, https:\/\/cpcx.ufms.br\/files\/2025\/09\/Letras-150x150.png 150w, https:\/\/cpcx.ufms.br\/files\/2025\/09\/Letras-768x768.png 768w, https:\/\/cpcx.ufms.br\/files\/2025\/09\/Letras-320x320.png 320w, https:\/\/cpcx.ufms.br\/files\/2025\/09\/Letras.png 1080w\" sizes=\"(max-width: 180px) 100vw, 180px\" \/><\/a><\/td>\n<td style=\"width: 5.19402%;height: 24px\">&nbsp;<\/td>\n<\/tr>\n<tr style=\"height: 24px\">\n<td style=\"width: 4.87065%;height: 24px\">&nbsp;<\/td>\n<td style=\"width: 43.2267%;height: 24px\">&nbsp;<\/td>\n<td style=\"width: 9.46578%;height: 24px\">&nbsp;<\/td>\n<td style=\"width: 37.2428%;height: 24px\">&nbsp;<\/td>\n<td style=\"width: 5.19402%;height: 24px\">&nbsp;<\/td>\n<\/tr>\n<tr style=\"height: 24px\">\n<td style=\"width: 4.87065%;height: 24px\">&nbsp;<\/td>\n<td style=\"width: 43.2267%;height: 24px;text-align: justify\">\n<h3>Sistemas de Informa\u00e7\u00e3o<\/h3>\n<p>Habilita profissionais para desenvolver software, administrar bancos de dados, gerenciar projetos e propor solu\u00e7\u00f5es tecnol\u00f3gicas inovadoras para diferentes setores da sociedade.<br data-start=\"1531\" data-end=\"1534\">\u27a1\ufe0f [Saiba mais sobre Sistemas de Informa\u00e7\u00e3o clicando na imagem]<\/td>\n<td style=\"width: 9.46578%;height: 24px\">&nbsp;<\/td>\n<td style=\"width: 37.2428%;height: 24px\"><a href=\"https:\/\/cpcx.ufms.br\/sistemas-de-informacao\"><img loading=\"lazy\" decoding=\"async\" class=\"alignnone wp-image-12062 aligncenter\" src=\"https:\/\/cpcx.ufms.br\/files\/2025\/09\/Sistemas-300x300.png\" alt=\"\" width=\"180\" height=\"180\" srcset=\"https:\/\/cpcx.ufms.br\/files\/2025\/09\/Sistemas-300x300.png 300w, https:\/\/cpcx.ufms.br\/files\/2025\/09\/Sistemas-1024x1024.png 1024w, https:\/\/cpcx.ufms.br\/files\/2025\/09\/Sistemas-150x150.png 150w, https:\/\/cpcx.ufms.br\/files\/2025\/09\/Sistemas-768x768.png 768w, https:\/\/cpcx.ufms.br\/files\/2025\/09\/Sistemas-320x320.png 320w, https:\/\/cpcx.ufms.br\/files\/2025\/09\/Sistemas.png 1080w\" sizes=\"(max-width: 180px) 100vw, 180px\" \/><\/a><\/td>\n<td style=\"width: 5.19402%;height: 24px\">&nbsp;<\/td>\n<\/tr>\n<tr style=\"height: 24px\">\n<td style=\"width: 4.87065%;height: 24px\">&nbsp;<\/td>\n<td style=\"width: 43.2267%;height: 24px\">&nbsp;<\/td>\n<td style=\"width: 9.46578%;height: 24px\">&nbsp;<\/td>\n<td style=\"width: 37.2428%;height: 24px\">&nbsp;<\/td>\n<td style=\"width: 5.19402%;height: 24px\">&nbsp;<\/td>\n<\/tr>\n<\/tbody>\n<\/table>\n","protected":false},"excerpt":{"rendered":"<p>O C\u00e2mpus de Coxim da UFMS (CPCX) \u00e9 um polo de ensino superior que oferece cursos de gradua\u00e7\u00e3o presenciais em diferentes \u00e1reas do conhecimento. A forma\u00e7\u00e3o acad\u00eamica \u00e9 pautada na qualidade, com professores qualificados, atividades de pesquisa e extens\u00e3o, al\u00e9m de infraestrutura moderna que contribui para a excel\u00eancia no ensino. Atualmente, o CPCX conta com [&hellip;]<\/p>\n","protected":false},"author":73247,"featured_media":0,"parent":0,"menu_order":0,"comment_status":"closed","ping_status":"closed","template":"page-templates\/full-width.php","meta":{"_eb_attr":"","ngg_post_thumbnail":0,"footnotes":""},"coauthors":[116],"class_list":["post-12055","page","type-page","status-publish","hentry"],"_links":{"self":[{"href":"https:\/\/cpcx.ufms.br\/en\/wp-json\/wp\/v2\/pages\/12055","targetHints":{"allow":["GET"]}}],"collection":[{"href":"https:\/\/cpcx.ufms.br\/en\/wp-json\/wp\/v2\/pages"}],"about":[{"href":"https:\/\/cpcx.ufms.br\/en\/wp-json\/wp\/v2\/types\/page"}],"author":[{"embeddable":true,"href":"https:\/\/cpcx.ufms.br\/en\/wp-json\/wp\/v2\/users\/73247"}],"replies":[{"embeddable":true,"href":"https:\/\/cpcx.ufms.br\/en\/wp-json\/wp\/v2\/comments?post=12055"}],"version-history":[{"count":7,"href":"https:\/\/cpcx.ufms.br\/en\/wp-json\/wp\/v2\/pages\/12055\/revisions"}],"predecessor-version":[{"id":12068,"href":"https:\/\/cpcx.ufms.br\/en\/wp-json\/wp\/v2\/pages\/12055\/revisions\/12068"}],"wp:attachment":[{"href":"https:\/\/cpcx.ufms.br\/en\/wp-json\/wp\/v2\/media?parent=12055"}],"wp:term":[{"taxonomy":"author","embeddable":true,"href":"https:\/\/cpcx.ufms.br\/en\/wp-json\/wp\/v2\/coauthors?post=12055"}],"curies":[{"name":"wp","href":"https:\/\/api.w.org\/{rel}","templated":true}]}}