{"id":12620,"date":"2025-10-06T13:55:39","date_gmt":"2025-10-06T17:55:39","guid":{"rendered":"https:\/\/cpcx.ufms.br\/?page_id=12620"},"modified":"2025-10-07T16:01:02","modified_gmt":"2025-10-07T20:01:02","slug":"parcerias-da-unapi-cpcx","status":"publish","type":"page","link":"https:\/\/cpcx.ufms.br\/en\/projeto-unapi\/parcerias-da-unapi-cpcx\/","title":{"rendered":"Parcerias da UnAPI"},"content":{"rendered":"<p style=\"text-align: justify\" data-start=\"320\" data-end=\"744\">A <strong data-start=\"322\" data-end=\"368\">Universidade Aberta \u00e0 Pessoa Idosa (UnAPI)<\/strong>, vinculada \u00e0 <strong data-start=\"382\" data-end=\"395\">UFMS\/CPCX<\/strong>, \u00e9 um programa voltado \u00e0 valoriza\u00e7\u00e3o, inclus\u00e3o e protagonismo da pessoa idosa na sociedade. Por meio de atividades de <strong data-start=\"514\" data-end=\"545\">ensino, pesquisa e extens\u00e3o<\/strong>, a UnAPI promove o <strong data-start=\"565\" data-end=\"589\">aprendizado cont\u00ednuo<\/strong>, o <strong data-start=\"593\" data-end=\"631\">fortalecimento de v\u00ednculos sociais<\/strong> e a <strong data-start=\"636\" data-end=\"672\">troca intergeracional de saberes<\/strong>, contribuindo para um envelhecimento ativo, saud\u00e1vel e participativo.<\/p>\n<p style=\"text-align: justify\" data-start=\"751\" data-end=\"1021\">Com o compromisso de ampliar o impacto de suas a\u00e7\u00f5es, a UnAPI busca <strong data-start=\"819\" data-end=\"902\">parcerias com institui\u00e7\u00f5es p\u00fablicas, privadas e organiza\u00e7\u00f5es da sociedade civil<\/strong> que compartilhem o mesmo prop\u00f3sito: <strong data-start=\"939\" data-end=\"1018\">oferecer oportunidades de desenvolvimento humano e social \u00e0 popula\u00e7\u00e3o idosa<\/strong>.<\/p>\n<p style=\"text-align: justify\" data-start=\"1028\" data-end=\"1235\">As parcerias podem envolver <strong data-start=\"1056\" data-end=\"1143\">oficinas, palestras, eventos, doa\u00e7\u00f5es, apoio t\u00e9cnico, a\u00e7\u00f5es educativas ou culturais<\/strong>, al\u00e9m de iniciativas conjuntas que promovam a cidadania e o bem-estar das pessoas idosas.<\/p>\n<p style=\"text-align: justify\" data-start=\"1242\" data-end=\"1497\">Se sua institui\u00e7\u00e3o tem interesse em contribuir com essa causa, <strong data-start=\"1305\" data-end=\"1333\">conhe\u00e7a nossos parceiros<\/strong> e <strong data-start=\"1336\" data-end=\"1368\">preencha o formul\u00e1rio abaixo<\/strong> para estabelecer contato conosco. Juntos, podemos fortalecer uma rede de apoio e aprendizagem cont\u00ednua para todas as gera\u00e7\u00f5es.<\/p>\n<hr>\n<h3 data-start=\"1242\" data-end=\"1497\"><strong>PARCEIROS ATUAIS<\/strong><\/h3>\n<table style=\"border-collapse: collapse;width: 100%;height: 24px\">\n<tbody>\n<tr style=\"height: 24px\">\n<td style=\"width: 1.63402%;height: 24px\">&nbsp;<\/td>\n<td style=\"width: 21.6776%;height: 24px\">&#8230;<\/td>\n<td style=\"width: 26.6885%;height: 24px\">&#8230;<\/td>\n<td style=\"width: 22.4038%;height: 24px\">&#8230;<\/td>\n<td style=\"width: 26.4706%;height: 24px\">&#8230;<\/td>\n<td style=\"width: 1.12567%;height: 24px\">&nbsp;<\/td>\n<\/tr>\n<\/tbody>\n<\/table>\n<hr>\n<p style=\"text-align: center\"><script type=\"text\/javascript\">\n\/* <![CDATA[ *\/\nvar gform;gform||(document.addEventListener(\"gform_main_scripts_loaded\",function(){gform.scriptsLoaded=!0}),document.addEventListener(\"gform\/theme\/scripts_loaded\",function(){gform.themeScriptsLoaded=!0}),window.addEventListener(\"DOMContentLoaded\",function(){gform.domLoaded=!0}),gform={domLoaded:!1,scriptsLoaded:!1,themeScriptsLoaded:!1,isFormEditor:()=>\"function\"==typeof InitializeEditor,callIfLoaded:function(o){return!(!gform.domLoaded||!gform.scriptsLoaded||!gform.themeScriptsLoaded&&!gform.isFormEditor()||(gform.isFormEditor()&&console.warn(\"The use of gform.initializeOnLoaded() is deprecated in the form editor context and will be removed in Gravity Forms 3.1.\"),o(),0))},initializeOnLoaded:function(o){gform.callIfLoaded(o)||(document.addEventListener(\"gform_main_scripts_loaded\",()=>{gform.scriptsLoaded=!0,gform.callIfLoaded(o)}),document.addEventListener(\"gform\/theme\/scripts_loaded\",()=>{gform.themeScriptsLoaded=!0,gform.callIfLoaded(o)}),window.addEventListener(\"DOMContentLoaded\",()=>{gform.domLoaded=!0,gform.callIfLoaded(o)}))},hooks:{action:{},filter:{}},addAction:function(o,r,e,t){gform.addHook(\"action\",o,r,e,t)},addFilter:function(o,r,e,t){gform.addHook(\"filter\",o,r,e,t)},doAction:function(o){gform.doHook(\"action\",o,arguments)},applyFilters:function(o){return gform.doHook(\"filter\",o,arguments)},removeAction:function(o,r){gform.removeHook(\"action\",o,r)},removeFilter:function(o,r,e){gform.removeHook(\"filter\",o,r,e)},addHook:function(o,r,e,t,n){null==gform.hooks[o][r]&&(gform.hooks[o][r]=[]);var d=gform.hooks[o][r];null==n&&(n=r+\"_\"+d.length),gform.hooks[o][r].push({tag:n,callable:e,priority:t=null==t?10:t})},doHook:function(r,o,e){var t;if(e=Array.prototype.slice.call(e,1),null!=gform.hooks[r][o]&&((o=gform.hooks[r][o]).sort(function(o,r){return o.priority-r.priority}),o.forEach(function(o){\"function\"!=typeof(t=o.callable)&&(t=window[t]),\"action\"==r?t.apply(null,e):e[0]=t.apply(null,e)})),\"filter\"==r)return e[0]},removeHook:function(o,r,t,n){var e;null!=gform.hooks[o][r]&&(e=(e=gform.hooks[o][r]).filter(function(o,r,e){return!!(null!=n&&n!=o.tag||null!=t&&t!=o.priority)}),gform.hooks[o][r]=e)}});\n\/* ]]> *\/\n<\/script>\n\n                <div class='gf_browser_gecko gform_wrapper gravity-theme gform-theme--no-framework' data-form-theme='gravity-theme' data-form-index='0' id='gform_wrapper_10' style='display:none'>\n                        <div class='gform_heading'>\n                            <h2 class=\"gform_title\">UnAPI<\/h2>\n                            <p class='gform_description'>Formul\u00e1rio destinado \u00e0 parcerias voltadas \u00e0 UnAPI.<\/p>\n                        <\/div><form method='post' enctype='multipart\/form-data'  id='gform_10'  action='\/en\/wp-json\/wp\/v2\/pages\/12620' data-formid='10' novalidate>\n                        <div class='gform-body gform_body'><div id='gform_fields_10' class='gform_fields top_label form_sublabel_below description_below validation_below'><div id=\"field_10_4\" class=\"gfield gfield--type-select gfield--input-type-select gfield--width-full gfield_contains_required field_sublabel_below gfield--no-description field_description_below field_validation_below gfield_visibility_visible\"  ><label class='gfield_label gform-field-label' for='input_10_4'>Categoria<span class=\"gfield_required\"><span class=\"gfield_required gfield_required_text\">(Required)<\/span><\/span><\/label><div class='ginput_container ginput_container_select'><select name='input_4' id='input_10_4' class='form-control large gfield_select'    aria-required=\"true\" aria-invalid=\"false\" ><option value='Pessoa F\u00edsica' >Pessoa F\u00edsica<\/option><option value='Pessoa Jur\u00eddica' >Pessoa Jur\u00eddica<\/option><\/select><\/div><\/div><div id=\"field_10_1\" class=\"gfield gfield--type-text gfield--input-type-text gfield_contains_required field_sublabel_below gfield--no-description field_description_below field_validation_below gfield_visibility_visible\"  ><label class='gfield_label gform-field-label' for='input_10_1'>Nome da Institui\u00e7\u00e3o\/Empresa<span class=\"gfield_required\"><span class=\"gfield_required gfield_required_text\">(Required)<\/span><\/span><\/label><div class='ginput_container ginput_container_text'><input name='input_1' id='input_10_1' type='text' value='' class='form-control large'     aria-required=\"true\" aria-invalid=\"false\"   \/><\/div><\/div><div id=\"field_10_3\" class=\"gfield gfield--type-text gfield--input-type-text gfield--width-full gfield_contains_required field_sublabel_below gfield--no-description field_description_below field_validation_below gfield_visibility_visible\"  ><label class='gfield_label gform-field-label' for='input_10_3'>CNPJ<span class=\"gfield_required\"><span class=\"gfield_required gfield_required_text\">(Required)<\/span><\/span><\/label><div class='ginput_container ginput_container_text'><input name='input_3' id='input_10_3' type='text' value='' class='form-control large'     aria-required=\"true\" aria-invalid=\"false\"   \/><\/div><\/div><fieldset id=\"field_10_6\" class=\"gfield gfield--type-name gfield--input-type-name gfield--width-full gfield_contains_required field_sublabel_below gfield--no-description field_description_below field_validation_below gfield_visibility_visible\"  ><legend class='gfield_label gform-field-label gfield_label_before_complex' >Nome Completo<span class=\"gfield_required\"><span class=\"gfield_required gfield_required_text\">(Required)<\/span><\/span><\/legend><div class='ginput_complex ginput_container ginput_container--name no_prefix has_first_name no_middle_name has_last_name no_suffix gf_name_has_2 ginput_container_name gform-grid-row' id='input_10_6'>\n                            \n                            <span id='input_10_6_3_container' class='name_first gform-grid-col gform-grid-col--size-auto' >\n                                                    <input class='form-control' type='text' name='input_6.3' id='input_10_6_3' value=''   aria-required='true'     \/>\n                                                    <label for='input_10_6_3' class='gform-field-label gform-field-label--type-sub '>First<\/label>\n                                                <\/span>\n                            \n                            <span id='input_10_6_6_container' class='name_last gform-grid-col gform-grid-col--size-auto' >\n                                                    <input class='form-control' type='text' name='input_6.6' id='input_10_6_6' value=''   aria-required='true'     \/>\n                                                    <label for='input_10_6_6' class='gform-field-label gform-field-label--type-sub '>Last<\/label>\n                                                <\/span>\n                            \n                        <\/div><\/fieldset><div id=\"field_10_16\" class=\"gfield gfield--type-text gfield--input-type-text gfield--width-full gfield_contains_required field_sublabel_below gfield--has-description field_description_below field_validation_below gfield_visibility_visible\"  ><label class='gfield_label gform-field-label' for='input_10_16'>Cadastro de Pessoa F\u00edsica (CPF)<span class=\"gfield_required\"><span class=\"gfield_required gfield_required_text\">(Required)<\/span><\/span><\/label><div class='ginput_container ginput_container_text'><input name='input_16' id='input_10_16' type='text' value='' class='form-control large'  aria-describedby=\"gfield_description_10_16\"   aria-required=\"true\" aria-invalid=\"false\"   \/><\/div><div class='gfield_description' id='gfield_description_10_16'>Exemplo: 111.222.333-44<\/div><\/div><div id=\"field_10_7\" class=\"gfield gfield--type-email gfield--input-type-email gfield--width-full gfield_contains_required field_sublabel_below gfield--no-description field_description_below field_validation_below gfield_visibility_visible\"  ><label class='gfield_label gform-field-label' for='input_10_7'>E-mail<span class=\"gfield_required\"><span class=\"gfield_required gfield_required_text\">(Required)<\/span><\/span><\/label><div class='ginput_container ginput_container_email'>\n                            <input class='form-control' name='input_7' id='input_10_7' type='email' value='' class='form-control large'    aria-required=\"true\" aria-invalid=\"false\"  \/>\n                        <\/div><\/div><div id=\"field_10_8\" class=\"gfield gfield--type-phone gfield--input-type-phone gfield--width-full gfield_contains_required field_sublabel_below gfield--no-description field_description_below field_validation_below gfield_visibility_visible\"  ><label class='gfield_label gform-field-label' for='input_10_8'>Telefone<span class=\"gfield_required\"><span class=\"gfield_required gfield_required_text\">(Required)<\/span><\/span><\/label><div class='ginput_container ginput_container_phone'><input name='input_8' id='input_10_8' type='tel' value='' class='form-control large'   aria-required=\"true\" aria-invalid=\"false\"   \/><\/div><\/div><div id=\"field_10_10\" class=\"gfield gfield--type-select gfield--input-type-select gfield--width-full gfield_contains_required field_sublabel_below gfield--no-description field_description_below field_validation_below gfield_visibility_visible\"  ><label class='gfield_label gform-field-label' for='input_10_10'>Tipo de Parceria<span class=\"gfield_required\"><span class=\"gfield_required gfield_required_text\">(Required)<\/span><\/span><\/label><div class='ginput_container ginput_container_select'><select name='input_10' id='input_10_10' class='form-control large gfield_select'    aria-required=\"true\" aria-invalid=\"false\" ><option value='Oficinas' >Oficinas<\/option><option value='Doa\u00e7\u00e3o de Materiais' >Doa\u00e7\u00e3o de Materiais<\/option><option value='Eventos conjuntos' >Eventos conjuntos<\/option><option value='Outros' >Outros<\/option><\/select><\/div><\/div><div id=\"field_10_11\" class=\"gfield gfield--type-text gfield--input-type-text gfield--width-full gfield_contains_required field_sublabel_below gfield--has-description field_description_below field_validation_below gfield_visibility_visible\"  ><label class='gfield_label gform-field-label' for='input_10_11'>Outro<span class=\"gfield_required\"><span class=\"gfield_required gfield_required_text\">(Required)<\/span><\/span><\/label><div class='ginput_container ginput_container_text'><input name='input_11' id='input_10_11' type='text' value='' class='form-control large'  aria-describedby=\"gfield_description_10_11\"   aria-required=\"true\" aria-invalid=\"false\"   \/><\/div><div class='gfield_description' id='gfield_description_10_11'>Descreva o tipo de parceria.<\/div><\/div><div id=\"field_10_12\" class=\"gfield gfield--type-text gfield--input-type-text gfield--width-full gfield_contains_required field_sublabel_below gfield--no-description field_description_below field_validation_below gfield_visibility_visible\"  ><label class='gfield_label gform-field-label' for='input_10_12'>Descri\u00e7\u00e3o da proposta<span class=\"gfield_required\"><span class=\"gfield_required gfield_required_text\">(Required)<\/span><\/span><\/label><div class='ginput_container ginput_container_text'><input name='input_12' id='input_10_12' type='text' value='' class='form-control large'     aria-required=\"true\" aria-invalid=\"false\"   \/><\/div><\/div><fieldset id=\"field_10_15\" class=\"gfield gfield--type-checkbox gfield--type-choice gfield--input-type-checkbox gfield--width-full gfield_contains_required field_sublabel_below gfield--no-description field_description_below field_validation_below gfield_visibility_visible\"  ><legend class='gfield_label gform-field-label gfield_label_before_complex' >Possui projeto ou a\u00e7\u00e3o j\u00e1 em andamento?<span class=\"gfield_required\"><span class=\"gfield_required gfield_required_text\">(Required)<\/span><\/span><\/legend><div class='ginput_container ginput_container_checkbox'><div class='gfield_checkbox ' id='input_10_15'><div class='gchoice gchoice_10_15_1'>\n\t\t\t\t\t\t\t\t<input style='margin-left:1px;' class='gfield-choice-input' name='input_15.1' type='checkbox'  value='Sim'  id='choice_10_15_1'   \/>\n\t\t\t\t\t\t\t\t<label for='choice_10_15_1' id='label_10_15_1' class='gform-field-label gform-field-label--type-inline'>Sim<\/label>\n\t\t\t\t\t\t\t<\/div><div class='gchoice gchoice_10_15_2'>\n\t\t\t\t\t\t\t\t<input style='margin-left:1px;' class='gfield-choice-input' name='input_15.2' type='checkbox'  value='N\u00e3o'  id='choice_10_15_2'   \/>\n\t\t\t\t\t\t\t\t<label for='choice_10_15_2' id='label_10_15_2' class='gform-field-label gform-field-label--type-inline'>N\u00e3o<\/label>\n\t\t\t\t\t\t\t<\/div><\/div><\/div><\/fieldset><div id=\"field_10_14\" class=\"gfield gfield--type-fileupload gfield--input-type-fileupload gfield--width-full field_sublabel_below gfield--has-description field_description_below field_validation_below gfield_visibility_visible\"  ><label class='gfield_label gform-field-label' for='input_10_14'>Arquivo<\/label><div class='ginput_container ginput_container_fileupload'><input type='hidden' name='MAX_FILE_SIZE' value='20971520' \/><input name='input_14' id='input_10_14' type='file' class='large' aria-describedby=\"gfield_upload_rules_10_14 gfield_description_10_14\" onchange='javascript:gformValidateFileSize( this, 20971520 );'  \/><span class='gfield_description gform_fileupload_rules' id='gfield_upload_rules_10_14'>Max. file size: 20 MB.<\/span><div class='gfield_description validation_message gfield_validation_message validation_message--hidden-on-empty' id='live_validation_message_10_14'><\/div><\/div><div class='gfield_description' id='gfield_description_10_14'>Caso possua planejamento j\u00e1 estipulado.<\/div><\/div><fieldset id=\"field_10_13\" class=\"gfield gfield--type-checkbox gfield--type-choice gfield--input-type-checkbox gfield--width-full gfield_contains_required field_sublabel_below gfield--no-description field_description_below field_validation_below gfield_visibility_visible\"  ><legend class='gfield_label gform-field-label gfield_label_before_complex' >Autoriza\u00e7\u00e3o<span class=\"gfield_required\"><span class=\"gfield_required gfield_required_text\">(Required)<\/span><\/span><\/legend><div class='ginput_container ginput_container_checkbox'><div class='gfield_checkbox ' id='input_10_13'><div class='gchoice gchoice_10_13_1'>\n\t\t\t\t\t\t\t\t<input style='margin-left:1px;' class='gfield-choice-input' name='input_13.1' type='checkbox'  value='Autorizo o uso dos meus dados para contato referente \u00e0 proposta de parceria.'  id='choice_10_13_1'   \/>\n\t\t\t\t\t\t\t\t<label for='choice_10_13_1' id='label_10_13_1' class='gform-field-label gform-field-label--type-inline'>Autorizo o uso dos meus dados para contato referente \u00e0 proposta de parceria.<\/label>\n\t\t\t\t\t\t\t<\/div><\/div><\/div><\/fieldset><div id=\"field_10_5\" class=\"gfield gfield--type-captcha gfield--input-type-captcha gfield--width-full field_sublabel_below gfield--no-description field_description_below field_validation_below gfield_visibility_visible\"  ><label class='gfield_label gform-field-label' for='input_10_5'>CAPTCHA<\/label><div id='input_10_5' class='ginput_container ginput_recaptcha' data-sitekey='6Lczr5srAAAAAESTi757cxc_od-VgNIE7mfQCk96'  data-theme='light' data-tabindex='0'  data-badge=''><\/div><\/div><\/div><\/div>\n        <div class='gform-footer gform_footer top_label'> <input type='submit' id='gform_submit_button_10' class='gform_button button' onclick='gform.submission.handleButtonClick(this);' data-submission-type='submit' value='Enviar'  \/> \n            <input type='hidden' class='gform_hidden' name='gform_submission_method' data-js='gform_submission_method_10' value='postback' \/>\n            <input type='hidden' class='gform_hidden' name='gform_theme' data-js='gform_theme_10' id='gform_theme_10' value='gravity-theme' \/>\n            <input type='hidden' class='gform_hidden' name='gform_style_settings' data-js='gform_style_settings_10' id='gform_style_settings_10' value='[]' \/>\n            <input type='hidden' class='gform_hidden' name='is_submit_10' value='1' \/>\n            <input type='hidden' class='gform_hidden' name='gform_submit' value='10' \/>\n            \n            <input type='hidden' class='gform_hidden' name='gform_unique_id' value='' \/>\n            <input type='hidden' class='gform_hidden' name='state_10' value='WyJ7XCI0XCI6W1wiZjE4MTEyMDM0MGZiMmRiOTIzMDc3MDA2NjVhMjVhOTdcIixcImExZDRlYjY4MTcwNjc3NTBkODExNTNiZWZmYTU5NjQxXCJdLFwiMTBcIjpbXCIzZmJiN2U1OTRlMGY3N2UxNmFjNDYxYWY2M2I1ZGZlNFwiLFwiM2M0NzY0YjJlZGE0MjdlYjcyNDY5OTBlNTBlNzgzNWNcIixcIjdkZTBlNTE4OGYwOTk1YTY5M2U4YzI1YjI5ZjYwM2ZhXCIsXCI1NDA2NTY1NzE4ZmQwZTBiYjdjZGU1YjE5YzFjYTBlOVwiXSxcIjE1LjFcIjpcIjUwOTU2MTNjMzYxMWI5NDZkMTc0YWVmZDg4N2M0OTg3XCIsXCIxNS4yXCI6XCIwMzM3NWE3NGI2MWE0ZWMxNjRiMTgzNTk0MTRhMGJmYVwiLFwiMTMuMVwiOlwiYTYxYTk5YTBkZmExMDUyMzgwZjRlMTI4ODBmMTlmMDFcIn0iLCI5N2FjNTVkMjZkYTJjZDcxOTg4MjE2ZmYwMThmMTg5ZCJd' \/>\n            <input type='hidden' autocomplete='off' class='gform_hidden' name='gform_target_page_number_10' id='gform_target_page_number_10' value='0' \/>\n            <input type='hidden' autocomplete='off' class='gform_hidden' name='gform_source_page_number_10' id='gform_source_page_number_10' value='1' \/>\n            <input type='hidden' name='gform_field_values' value='' \/>\n            \n        <\/div>\n                        <\/form>\n                        <\/div><script type=\"text\/javascript\">\n\/* <![CDATA[ *\/\n gform.initializeOnLoaded( function() {gformInitSpinner( 10, 'https:\/\/cpcx.ufms.br\/wp-content\/plugins\/gravityforms\/images\/spinner.svg', true );jQuery('#gform_ajax_frame_10').on('load',function(){var contents = jQuery(this).contents().find('*').html();var is_postback = contents.indexOf('GF_AJAX_POSTBACK') >= 0;if(!is_postback){return;}var form_content = jQuery(this).contents().find('#gform_wrapper_10');var is_confirmation = jQuery(this).contents().find('#gform_confirmation_wrapper_10').length > 0;var is_redirect = contents.indexOf('gformRedirect(){') >= 0;var is_form = form_content.length > 0 && ! is_redirect && ! is_confirmation;var mt = parseInt(jQuery('html').css('margin-top'), 10) + parseInt(jQuery('body').css('margin-top'), 10) + 100;if(is_form){form_content.find('form').css('opacity', 0);jQuery('#gform_wrapper_10').html(form_content.html());if(form_content.hasClass('gform_validation_error')){jQuery('#gform_wrapper_10').addClass('gform_validation_error');} else {jQuery('#gform_wrapper_10').removeClass('gform_validation_error');}setTimeout( function() { \/* delay the scroll by 50 milliseconds to fix a bug in chrome *\/  }, 50 );if(window['gformInitDatepicker']) {gformInitDatepicker();}if(window['gformInitPriceFields']) {gformInitPriceFields();}var current_page = jQuery('#gform_source_page_number_10').val();gformInitSpinner( 10, 'https:\/\/cpcx.ufms.br\/wp-content\/plugins\/gravityforms\/images\/spinner.svg', true );jQuery(document).trigger('gform_page_loaded', [10, current_page]);window['gf_submitting_10'] = false;}else if(!is_redirect){var confirmation_content = jQuery(this).contents().find('.GF_AJAX_POSTBACK').html();if(!confirmation_content){confirmation_content = contents;}jQuery('#gform_wrapper_10').replaceWith(confirmation_content);jQuery(document).trigger('gform_confirmation_loaded', [10]);window['gf_submitting_10'] = false;wp.a11y.speak(jQuery('#gform_confirmation_message_10').text());}else{jQuery('#gform_10').append(contents);if(window['gformRedirect']) {gformRedirect();}}jQuery(document).trigger(\"gform_pre_post_render\", [{ formId: \"10\", currentPage: \"current_page\", abort: function() { this.preventDefault(); } }]);                if (event && event.defaultPrevented) {                return;         }        const gformWrapperDiv = document.getElementById( \"gform_wrapper_10\" );        if ( gformWrapperDiv ) {            const visibilitySpan = document.createElement( \"span\" );            visibilitySpan.id = \"gform_visibility_test_10\";            gformWrapperDiv.insertAdjacentElement( \"afterend\", visibilitySpan );        }        const visibilityTestDiv = document.getElementById( \"gform_visibility_test_10\" );        let postRenderFired = false;                function triggerPostRender() {            if ( postRenderFired ) {                return;            }            postRenderFired = true;            gform.core.triggerPostRenderEvents( 10, current_page );            if ( visibilityTestDiv ) {                visibilityTestDiv.parentNode.removeChild( visibilityTestDiv );            }        }        function debounce( func, wait, immediate ) {            var timeout;            return function() {                var context = this, args = arguments;                var later = function() {                    timeout = null;                    if ( !immediate ) func.apply( context, args );                };                var callNow = immediate && !timeout;                clearTimeout( timeout );                timeout = setTimeout( later, wait );                if ( callNow ) func.apply( context, args );            };        }        const debouncedTriggerPostRender = debounce( function() {            triggerPostRender();        }, 200 );        if ( visibilityTestDiv && visibilityTestDiv.offsetParent === null ) {            const observer = new MutationObserver( ( mutations ) => {                mutations.forEach( ( mutation ) => {                    if ( mutation.type === 'attributes' && visibilityTestDiv.offsetParent !== null ) {                        debouncedTriggerPostRender();                        observer.disconnect();                    }                });            });            observer.observe( document.body, {                attributes: true,                childList: false,                subtree: true,                attributeFilter: [ 'style', 'class' ],            });        } else {            triggerPostRender();        }    } );} ); \n\/* ]]> *\/\n<\/script>\n\n","protected":false},"excerpt":{"rendered":"<p>A Universidade Aberta \u00e0 Pessoa Idosa (UnAPI), vinculada \u00e0 UFMS\/CPCX, \u00e9 um programa voltado \u00e0 valoriza\u00e7\u00e3o, inclus\u00e3o e protagonismo da pessoa idosa na sociedade. Por meio de atividades de ensino, pesquisa e extens\u00e3o, a UnAPI promove o aprendizado cont\u00ednuo, o fortalecimento de v\u00ednculos sociais e a troca intergeracional de saberes, contribuindo para um envelhecimento ativo, [&hellip;]<\/p>\n","protected":false},"author":73247,"featured_media":12631,"parent":9605,"menu_order":0,"comment_status":"closed","ping_status":"closed","template":"page-templates\/page-coordenadorias.php","meta":{"_eb_attr":"","ngg_post_thumbnail":0,"footnotes":""},"coauthors":[116],"class_list":["post-12620","page","type-page","status-publish","has-post-thumbnail","hentry"],"_links":{"self":[{"href":"https:\/\/cpcx.ufms.br\/en\/wp-json\/wp\/v2\/pages\/12620","targetHints":{"allow":["GET"]}}],"collection":[{"href":"https:\/\/cpcx.ufms.br\/en\/wp-json\/wp\/v2\/pages"}],"about":[{"href":"https:\/\/cpcx.ufms.br\/en\/wp-json\/wp\/v2\/types\/page"}],"author":[{"embeddable":true,"href":"https:\/\/cpcx.ufms.br\/en\/wp-json\/wp\/v2\/users\/73247"}],"replies":[{"embeddable":true,"href":"https:\/\/cpcx.ufms.br\/en\/wp-json\/wp\/v2\/comments?post=12620"}],"version-history":[{"count":5,"href":"https:\/\/cpcx.ufms.br\/en\/wp-json\/wp\/v2\/pages\/12620\/revisions"}],"predecessor-version":[{"id":12719,"href":"https:\/\/cpcx.ufms.br\/en\/wp-json\/wp\/v2\/pages\/12620\/revisions\/12719"}],"up":[{"embeddable":true,"href":"https:\/\/cpcx.ufms.br\/en\/wp-json\/wp\/v2\/pages\/9605"}],"wp:featuredmedia":[{"embeddable":true,"href":"https:\/\/cpcx.ufms.br\/en\/wp-json\/wp\/v2\/media\/12631"}],"wp:attachment":[{"href":"https:\/\/cpcx.ufms.br\/en\/wp-json\/wp\/v2\/media?parent=12620"}],"wp:term":[{"taxonomy":"author","embeddable":true,"href":"https:\/\/cpcx.ufms.br\/en\/wp-json\/wp\/v2\/coauthors?post=12620"}],"curies":[{"name":"wp","href":"https:\/\/api.w.org\/{rel}","templated":true}]}}