{"id":13031,"date":"2025-10-30T09:53:35","date_gmt":"2025-10-30T13:53:35","guid":{"rendered":"https:\/\/cpcx.ufms.br\/?page_id=13031"},"modified":"2026-02-18T17:07:38","modified_gmt":"2026-02-18T21:07:38","slug":"processos-seletivos","status":"publish","type":"page","link":"https:\/\/cpcx.ufms.br\/en\/processos-seletivos\/","title":{"rendered":"Processos Seletivos"},"content":{"rendered":"<p style=\"text-align: justify\" data-start=\"312\" data-end=\"458\">Esta p\u00e1gina re\u00fane os processos seletivos e chamadas p\u00fablicas vinculados ao C\u00e2mpus de Coxim (CPCX) da Universidade Federal de Mato Grosso do Sul.<\/p>\n<p style=\"text-align: justify\" data-start=\"465\" data-end=\"652\">Aqui s\u00e3o divulgadas sele\u00e7\u00f5es para professores substitutos e volunt\u00e1rios, representa\u00e7\u00f5es institucionais, est\u00e1gios, comiss\u00f5es e outras oportunidades de car\u00e1ter acad\u00eamico e administrativo.<\/p>\n<p style=\"text-align: justify\" data-start=\"659\" data-end=\"770\">Acompanhe atentamente os prazos de inscri\u00e7\u00e3o, as etapas previstas e as publica\u00e7\u00f5es oficiais de cada processo.<\/p>\n<p style=\"text-align: justify\" data-start=\"777\" data-end=\"895\">Em caso de d\u00favidas, entre em contato com a Dire\u00e7\u00e3o do C\u00e2mpus ou com o setor respons\u00e1vel indicado no respectivo edital.<\/p>\n<ul>\n<li style=\"text-align: justify\" data-start=\"531\" data-end=\"903\">Acompanhe atentamente as <strong data-start=\"559\" data-end=\"630\">datas de inscri\u00e7\u00e3o, etapas de avalia\u00e7\u00e3o e publica\u00e7\u00f5es de resultados<\/strong> de cada processo.<\/li>\n<li style=\"text-align: justify\" data-start=\"531\" data-end=\"903\">Os editais podem contemplar oportunidades para atua\u00e7\u00e3o em disciplinas espec\u00edficas ou projetos acad\u00eamicos vinculados \u00e0 UFMS.<\/li>\n<li style=\"text-align: justify\" data-start=\"531\" data-end=\"903\">Em caso de d\u00favidas, entre em contato com a <strong data-start=\"826\" data-end=\"847\">Dire\u00e7\u00e3o do C\u00e2mpus<\/strong> ou com o <strong data-start=\"857\" data-end=\"902\">setor respons\u00e1vel indicado em cada edital<\/strong>.<\/li>\n<\/ul>\n","protected":false},"excerpt":{"rendered":"<p>Esta p\u00e1gina re\u00fane os processos seletivos e chamadas p\u00fablicas vinculados ao C\u00e2mpus de Coxim (CPCX) da Universidade Federal de Mato Grosso do Sul. Aqui s\u00e3o divulgadas sele\u00e7\u00f5es para professores substitutos e volunt\u00e1rios, representa\u00e7\u00f5es institucionais, est\u00e1gios, comiss\u00f5es e outras oportunidades de car\u00e1ter acad\u00eamico e administrativo. Acompanhe atentamente os prazos de inscri\u00e7\u00e3o, as etapas previstas e as [&hellip;]<\/p>\n","protected":false},"author":73247,"featured_media":13066,"parent":0,"menu_order":0,"comment_status":"closed","ping_status":"closed","template":"page-templates\/page-coordenadorias.php","meta":{"_eb_attr":"","ngg_post_thumbnail":0,"footnotes":""},"coauthors":[116],"class_list":["post-13031","page","type-page","status-publish","has-post-thumbnail","hentry"],"_links":{"self":[{"href":"https:\/\/cpcx.ufms.br\/en\/wp-json\/wp\/v2\/pages\/13031","targetHints":{"allow":["GET"]}}],"collection":[{"href":"https:\/\/cpcx.ufms.br\/en\/wp-json\/wp\/v2\/pages"}],"about":[{"href":"https:\/\/cpcx.ufms.br\/en\/wp-json\/wp\/v2\/types\/page"}],"author":[{"embeddable":true,"href":"https:\/\/cpcx.ufms.br\/en\/wp-json\/wp\/v2\/users\/73247"}],"replies":[{"embeddable":true,"href":"https:\/\/cpcx.ufms.br\/en\/wp-json\/wp\/v2\/comments?post=13031"}],"version-history":[{"count":20,"href":"https:\/\/cpcx.ufms.br\/en\/wp-json\/wp\/v2\/pages\/13031\/revisions"}],"predecessor-version":[{"id":13543,"href":"https:\/\/cpcx.ufms.br\/en\/wp-json\/wp\/v2\/pages\/13031\/revisions\/13543"}],"wp:featuredmedia":[{"embeddable":true,"href":"https:\/\/cpcx.ufms.br\/en\/wp-json\/wp\/v2\/media\/13066"}],"wp:attachment":[{"href":"https:\/\/cpcx.ufms.br\/en\/wp-json\/wp\/v2\/media?parent=13031"}],"wp:term":[{"taxonomy":"author","embeddable":true,"href":"https:\/\/cpcx.ufms.br\/en\/wp-json\/wp\/v2\/coauthors?post=13031"}],"curies":[{"name":"wp","href":"https:\/\/api.w.org\/{rel}","templated":true}]}}