{"id":13060,"date":"2025-10-30T13:39:27","date_gmt":"2025-10-30T17:39:27","guid":{"rendered":"https:\/\/cpcx.ufms.br\/?page_id=13060"},"modified":"2025-10-30T14:14:02","modified_gmt":"2025-10-30T18:14:02","slug":"editais","status":"publish","type":"page","link":"https:\/\/cpcx.ufms.br\/en\/editais\/","title":{"rendered":"Editais"},"content":{"rendered":"<p style=\"text-align: justify\" data-start=\"294\" data-end=\"644\">Esta p\u00e1gina re\u00fane os <strong data-start=\"315\" data-end=\"362\">editais de aux\u00edlios e benef\u00edcios estudantis<\/strong> disponibilizados pela <strong data-start=\"385\" data-end=\"456\">Universidade Federal de Mato Grosso do Sul \u2013 C\u00e2mpus de Coxim (CPCX)<\/strong>.<br data-start=\"457\" data-end=\"460\">Aqui, os(as) estudantes podem acompanhar publica\u00e7\u00f5es sobre aux\u00edlios como <strong data-start=\"533\" data-end=\"587\">moradia, alimenta\u00e7\u00e3o, transporte, inclus\u00e3o digital<\/strong>, entre outros programas de apoio oferecidos pela UFMS.<\/p>\n<ul>\n<li style=\"text-align: justify\" data-start=\"646\" data-end=\"889\">Fique atento(a) \u00e0s <strong data-start=\"668\" data-end=\"720\">datas de inscri\u00e7\u00e3o, resultados parciais e finais<\/strong> publicados em cada edital.<\/li>\n<li style=\"text-align: justify\" data-start=\"646\" data-end=\"889\">Em caso de d\u00favidas, entre em contato com a <strong data-start=\"796\" data-end=\"841\">Setor de Assist\u00eancia Estudantil (SETAES\/CPCX)<\/strong><\/li>\n<\/ul>\n","protected":false},"excerpt":{"rendered":"<p>Esta p\u00e1gina re\u00fane os editais de aux\u00edlios e benef\u00edcios estudantis disponibilizados pela Universidade Federal de Mato Grosso do Sul \u2013 C\u00e2mpus de Coxim (CPCX).Aqui, os(as) estudantes podem acompanhar publica\u00e7\u00f5es sobre aux\u00edlios como moradia, alimenta\u00e7\u00e3o, transporte, inclus\u00e3o digital, entre outros programas de apoio oferecidos pela UFMS. Fique atento(a) \u00e0s datas de inscri\u00e7\u00e3o, resultados parciais e finais [&hellip;]<\/p>\n","protected":false},"author":73247,"featured_media":13065,"parent":0,"menu_order":0,"comment_status":"closed","ping_status":"closed","template":"page-templates\/page-coordenadorias.php","meta":{"_eb_attr":"","ngg_post_thumbnail":0,"footnotes":""},"coauthors":[116],"class_list":["post-13060","page","type-page","status-publish","has-post-thumbnail","hentry"],"_links":{"self":[{"href":"https:\/\/cpcx.ufms.br\/en\/wp-json\/wp\/v2\/pages\/13060","targetHints":{"allow":["GET"]}}],"collection":[{"href":"https:\/\/cpcx.ufms.br\/en\/wp-json\/wp\/v2\/pages"}],"about":[{"href":"https:\/\/cpcx.ufms.br\/en\/wp-json\/wp\/v2\/types\/page"}],"author":[{"embeddable":true,"href":"https:\/\/cpcx.ufms.br\/en\/wp-json\/wp\/v2\/users\/73247"}],"replies":[{"embeddable":true,"href":"https:\/\/cpcx.ufms.br\/en\/wp-json\/wp\/v2\/comments?post=13060"}],"version-history":[{"count":3,"href":"https:\/\/cpcx.ufms.br\/en\/wp-json\/wp\/v2\/pages\/13060\/revisions"}],"predecessor-version":[{"id":13063,"href":"https:\/\/cpcx.ufms.br\/en\/wp-json\/wp\/v2\/pages\/13060\/revisions\/13063"}],"wp:featuredmedia":[{"embeddable":true,"href":"https:\/\/cpcx.ufms.br\/en\/wp-json\/wp\/v2\/media\/13065"}],"wp:attachment":[{"href":"https:\/\/cpcx.ufms.br\/en\/wp-json\/wp\/v2\/media?parent=13060"}],"wp:term":[{"taxonomy":"author","embeddable":true,"href":"https:\/\/cpcx.ufms.br\/en\/wp-json\/wp\/v2\/coauthors?post=13060"}],"curies":[{"name":"wp","href":"https:\/\/api.w.org\/{rel}","templated":true}]}}