{"id":13486,"date":"2026-02-04T08:28:41","date_gmt":"2026-02-04T12:28:41","guid":{"rendered":"https:\/\/cpcx.ufms.br\/?page_id=13486"},"modified":"2026-02-04T11:37:13","modified_gmt":"2026-02-04T15:37:13","slug":"aproveitamento-de-estudos-graduacao","status":"publish","type":"page","link":"https:\/\/cpcx.ufms.br\/en\/direito\/aproveitamento-de-estudos-graduacao\/","title":{"rendered":"Aproveitamento de Estudos \u2013 Gradua\u00e7\u00e3o"},"content":{"rendered":"<p style=\"text-align: justify\" data-start=\"247\" data-end=\"599\">O <strong data-start=\"249\" data-end=\"278\">Aproveitamento de Estudos<\/strong> \u00e9 o procedimento por meio do qual o estudante solicita o reconhecimento da equival\u00eancia entre componentes curriculares cursados, com aprova\u00e7\u00e3o, em Institui\u00e7\u00e3o de Ensino autorizada ou credenciada, e componentes curriculares, obrigat\u00f3rios ou optativos, dos cursos de gradua\u00e7\u00e3o da <strong data-start=\"557\" data-end=\"598\"><span class=\"hover:entity-accent entity-underline inline cursor-pointer align-baseline\"><span class=\"whitespace-normal\">Universidade Federal de Mato Grosso do Sul<\/span><\/span><\/strong>.<\/p>\n<p style=\"text-align: justify\" data-start=\"601\" data-end=\"866\">O processo \u00e9 regulamentado pela <strong data-start=\"633\" data-end=\"665\">Resolu\u00e7\u00e3o n\u00ba 430-COGRAD\/UFMS<\/strong> e pela <strong data-start=\"673\" data-end=\"720\">Instru\u00e7\u00e3o Normativa n\u00ba 80\/2024-PROGRAD\/UFMS<\/strong> e aplica-se a <strong data-start=\"735\" data-end=\"775\">todos os cursos de gradua\u00e7\u00e3o da UFMS<\/strong>, cabendo \u00e0 coordena\u00e7\u00e3o do curso a an\u00e1lise do pedido conforme o Projeto Pedag\u00f3gico vigente.<\/p>\n<hr data-start=\"868\" data-end=\"871\">\n<h3 style=\"text-align: justify\" data-start=\"873\" data-end=\"891\">Como solicitar<\/h3>\n<p style=\"text-align: justify\" data-start=\"893\" data-end=\"1011\">A solicita\u00e7\u00e3o deve ser realizada exclusivamente por meio do <strong data-start=\"953\" data-end=\"986\">Requerimento Acad\u00eamico Online<\/strong>, dispon\u00edvel no endere\u00e7o:<\/p>\n<p style=\"text-align: justify\" data-start=\"1013\" data-end=\"1060\"><a class=\"decorated-link\" href=\"https:\/\/prograd.ufms.br\/requerimento-academico\/\" target=\"_new\" rel=\"noopener\" data-start=\"1013\" data-end=\"1060\">https:\/\/prograd.ufms.br\/requerimento-academico\/<\/a><\/p>\n<p style=\"text-align: justify\" data-start=\"1062\" data-end=\"1163\">No momento do envio, o estudante dever\u00e1 anexar toda a documenta\u00e7\u00e3o exigida, conforme descrito abaixo.<\/p>\n<hr data-start=\"1165\" data-end=\"1168\">\n<h3 style=\"text-align: justify\" data-start=\"1170\" data-end=\"1198\">Documenta\u00e7\u00e3o obrigat\u00f3ria<\/h3>\n<p style=\"text-align: justify\" data-start=\"1200\" data-end=\"1258\">O requerimento de Aproveitamento de Estudos dever\u00e1 conter:<\/p>\n<ul style=\"text-align: justify\" data-start=\"1260\" data-end=\"1832\">\n<li data-start=\"1260\" data-end=\"1433\">\n<p data-start=\"1262\" data-end=\"1433\"><strong data-start=\"1262\" data-end=\"1283\">Hist\u00f3rico Escolar<\/strong> da Institui\u00e7\u00e3o de Ensino de origem, com comprova\u00e7\u00e3o de reconhecimento ou autoriza\u00e7\u00e3o do curso pelo Minist\u00e9rio da Educa\u00e7\u00e3o (MEC) ou \u00f3rg\u00e3o equivalente;<\/p>\n<\/li>\n<li data-start=\"1434\" data-end=\"1560\">\n<p data-start=\"1436\" data-end=\"1560\"><strong data-start=\"1436\" data-end=\"1479\">Documento com os crit\u00e9rios de avalia\u00e7\u00e3o<\/strong>, caso o conceito final do componente curricular n\u00e3o conste no hist\u00f3rico escolar;<\/p>\n<\/li>\n<li data-start=\"1561\" data-end=\"1668\">\n<p data-start=\"1563\" data-end=\"1668\"><strong data-start=\"1563\" data-end=\"1607\">Documento que relacione cr\u00e9ditos e horas<\/strong>, quando a carga hor\u00e1ria estiver expressa apenas em cr\u00e9ditos;<\/p>\n<\/li>\n<li data-start=\"1669\" data-end=\"1752\">\n<p data-start=\"1671\" data-end=\"1752\"><strong data-start=\"1671\" data-end=\"1695\">Ementas ou programas<\/strong> dos componentes curriculares que se pretende aproveitar;<\/p>\n<\/li>\n<li data-start=\"1753\" data-end=\"1832\">\n<p data-start=\"1755\" data-end=\"1832\"><strong data-start=\"1755\" data-end=\"1781\">Tabela de equival\u00eancia<\/strong>, devidamente preenchida, conforme modelo indicado.<\/p>\n<\/li>\n<\/ul>\n<hr data-start=\"1834\" data-end=\"1837\">\n<h3 style=\"text-align: justify\" data-start=\"1839\" data-end=\"1893\">Tabela de equival\u00eancia de componentes curriculares<\/h3>\n<p style=\"text-align: justify\" data-start=\"1895\" data-end=\"2031\">O estudante dever\u00e1 preencher e anexar uma tabela em formato Google Sheets ou Excel contendo, obrigatoriamente, as seguintes informa\u00e7\u00f5es:<\/p>\n<ul style=\"text-align: justify\" data-start=\"2033\" data-end=\"2391\">\n<li data-start=\"2033\" data-end=\"2082\">\n<p data-start=\"2035\" data-end=\"2082\">Institui\u00e7\u00e3o de Ensino Superior (IES) de origem;<\/p>\n<\/li>\n<li data-start=\"2083\" data-end=\"2132\">\n<p data-start=\"2085\" data-end=\"2132\">Denomina\u00e7\u00e3o do componente curricular de origem;<\/p>\n<\/li>\n<li data-start=\"2133\" data-end=\"2184\">\n<p data-start=\"2135\" data-end=\"2184\">Carga hor\u00e1ria do componente curricular de origem;<\/p>\n<\/li>\n<li data-start=\"2185\" data-end=\"2229\">\n<p data-start=\"2187\" data-end=\"2229\">Ementa do componente curricular de origem;<\/p>\n<\/li>\n<li data-start=\"2230\" data-end=\"2277\">\n<p data-start=\"2232\" data-end=\"2277\">Denomina\u00e7\u00e3o do componente curricular na UFMS;<\/p>\n<\/li>\n<li data-start=\"2278\" data-end=\"2309\">\n<p data-start=\"2280\" data-end=\"2309\">C\u00f3digo da disciplina na UFMS;<\/p>\n<\/li>\n<li data-start=\"2310\" data-end=\"2348\">\n<p data-start=\"2312\" data-end=\"2348\">Carga hor\u00e1ria da disciplina na UFMS;<\/p>\n<\/li>\n<li data-start=\"2349\" data-end=\"2391\">\n<p data-start=\"2351\" data-end=\"2391\">Ementa do componente curricular da UFMS.<\/p>\n<\/li>\n<\/ul>\n<p style=\"text-align: justify\" data-start=\"2393\" data-end=\"2501\">Modelo da tabela:<br data-start=\"2410\" data-end=\"2413\"><a class=\"decorated-link\" href=\"https:\/\/docs.google.com\/spreadsheets\/d\/1hNhAe2kQz0eBNFj0_oRYhxtQac_cKTNpxhY-iGllEEs\/edit\" target=\"_new\" rel=\"noopener\" data-start=\"2413\" data-end=\"2501\">https:\/\/docs.google.com\/spreadsheets\/d\/1hNhAe2kQz0eBNFj0_oRYhxtQac_cKTNpxhY-iGllEEs\/edit<\/a><\/p>\n<hr data-start=\"2503\" data-end=\"2506\">\n<h3 style=\"text-align: justify\" data-start=\"2508\" data-end=\"2543\">Consulta de informa\u00e7\u00f5es da UFMS<\/h3>\n<ul style=\"text-align: justify\" data-start=\"2545\" data-end=\"2772\">\n<li data-start=\"2545\" data-end=\"2676\">\n<p data-start=\"2547\" data-end=\"2676\">A <strong data-start=\"2549\" data-end=\"2575\">denomina\u00e7\u00e3o e a ementa<\/strong> dos componentes curriculares da UFMS devem ser consultadas no <strong data-start=\"2638\" data-end=\"2675\">Projeto Pedag\u00f3gico do Curso (PPC)<\/strong>;<\/p>\n<\/li>\n<li data-start=\"2677\" data-end=\"2772\">\n<p data-start=\"2679\" data-end=\"2772\">O <strong data-start=\"2681\" data-end=\"2713\">C\u00f3digo da Disciplina na UFMS<\/strong> pode ser consultado em:<br data-start=\"2737\" data-end=\"2740\"><a class=\"decorated-link\" href=\"https:\/\/graduacao.ufms.br\/cursos\" target=\"_new\" rel=\"noopener\" data-start=\"2740\" data-end=\"2772\">https:\/\/graduacao.ufms.br\/cursos<\/a><\/p>\n<\/li>\n<\/ul>\n<p style=\"text-align: justify\" data-start=\"2774\" data-end=\"3065\">Para o aproveitamento de disciplinas de <strong data-start=\"2814\" data-end=\"2831\">outros cursos<\/strong>, com finalidade de aproveitamento como <strong data-start=\"2871\" data-end=\"2896\">disciplinas optativas<\/strong>, o estudante dever\u00e1 consultar o PPC vigente e indicar a <strong data-start=\"2953\" data-end=\"2991\">resolu\u00e7\u00e3o de aprova\u00e7\u00e3o pela COGRAD<\/strong>, dispon\u00edvel no Boletim Oficial da UFMS:<br data-start=\"3031\" data-end=\"3034\"><a class=\"decorated-link\" href=\"https:\/\/boletimoficial.ufms.br\/\" target=\"_new\" rel=\"noopener\" data-start=\"3034\" data-end=\"3065\">https:\/\/boletimoficial.ufms.br\/<\/a><\/p>\n<hr data-start=\"3067\" data-end=\"3070\">\n<h3 style=\"text-align: justify\" data-start=\"3072\" data-end=\"3113\">Limites e valida\u00e7\u00e3o do aproveitamento<\/h3>\n<ul style=\"text-align: justify\" data-start=\"3115\" data-end=\"3516\">\n<li data-start=\"3115\" data-end=\"3267\">\n<p data-start=\"3117\" data-end=\"3267\">O aproveitamento de estudos realizados <strong data-start=\"3156\" data-end=\"3177\">concomitantemente<\/strong> ao curso de gradua\u00e7\u00e3o na UFMS poder\u00e1 estar sujeito \u00e0 <strong data-start=\"3231\" data-end=\"3266\">aplica\u00e7\u00e3o de prova de valida\u00e7\u00e3o<\/strong>;<\/p>\n<\/li>\n<li data-start=\"3268\" data-end=\"3365\">\n<p data-start=\"3270\" data-end=\"3365\">O aproveitamento est\u00e1 limitado a <strong data-start=\"3303\" data-end=\"3364\">at\u00e9 10% da carga hor\u00e1ria total do curso exigida pela UFMS<\/strong>;<\/p>\n<\/li>\n<li data-start=\"3366\" data-end=\"3438\">\n<p data-start=\"3368\" data-end=\"3438\">O estudante \u00e9 respons\u00e1vel por verificar se n\u00e3o ultrapassa esse limite;<\/p>\n<\/li>\n<li data-start=\"3439\" data-end=\"3516\">\n<p data-start=\"3441\" data-end=\"3516\">A n\u00e3o observ\u00e2ncia do limite implica <strong data-start=\"3477\" data-end=\"3515\">impossibilidade de cola\u00e7\u00e3o de grau<\/strong>.<\/p>\n<\/li>\n<\/ul>\n<p style=\"text-align: justify\" data-start=\"3518\" data-end=\"3653\">Ao enviar o requerimento, o estudante declara que <strong data-start=\"3568\" data-end=\"3602\">n\u00e3o ultrapassa o limite de 10%<\/strong> da carga hor\u00e1ria total do curso exigida pela UFMS.<\/p>\n<hr>\n<p style=\"text-align: center\" data-start=\"495\" data-end=\"871\"><a href=\"https:\/\/cpcx.ufms.br\/files\/2026\/02\/Aproveitamento-de-Estudos-Instrucoes-2.docx\">Aproveitamento de Estudos &#8211; Instru\u00e7\u00f5es (2)<\/a><\/p>\n","protected":false},"excerpt":{"rendered":"<p>O Aproveitamento de Estudos \u00e9 o procedimento por meio do qual o estudante solicita o reconhecimento da equival\u00eancia entre componentes curriculares cursados, com aprova\u00e7\u00e3o, em Institui\u00e7\u00e3o de Ensino autorizada ou credenciada, e componentes curriculares, obrigat\u00f3rios ou optativos, dos cursos de gradua\u00e7\u00e3o da Universidade Federal de Mato Grosso do Sul. O processo \u00e9 regulamentado pela Resolu\u00e7\u00e3o [&hellip;]<\/p>\n","protected":false},"author":73247,"featured_media":0,"parent":5122,"menu_order":0,"comment_status":"closed","ping_status":"closed","template":"page-templates\/page-coordenadorias.php","meta":{"_eb_attr":"","ngg_post_thumbnail":0,"footnotes":""},"coauthors":[116],"class_list":["post-13486","page","type-page","status-publish","hentry"],"_links":{"self":[{"href":"https:\/\/cpcx.ufms.br\/en\/wp-json\/wp\/v2\/pages\/13486","targetHints":{"allow":["GET"]}}],"collection":[{"href":"https:\/\/cpcx.ufms.br\/en\/wp-json\/wp\/v2\/pages"}],"about":[{"href":"https:\/\/cpcx.ufms.br\/en\/wp-json\/wp\/v2\/types\/page"}],"author":[{"embeddable":true,"href":"https:\/\/cpcx.ufms.br\/en\/wp-json\/wp\/v2\/users\/73247"}],"replies":[{"embeddable":true,"href":"https:\/\/cpcx.ufms.br\/en\/wp-json\/wp\/v2\/comments?post=13486"}],"version-history":[{"count":3,"href":"https:\/\/cpcx.ufms.br\/en\/wp-json\/wp\/v2\/pages\/13486\/revisions"}],"predecessor-version":[{"id":13503,"href":"https:\/\/cpcx.ufms.br\/en\/wp-json\/wp\/v2\/pages\/13486\/revisions\/13503"}],"up":[{"embeddable":true,"href":"https:\/\/cpcx.ufms.br\/en\/wp-json\/wp\/v2\/pages\/5122"}],"wp:attachment":[{"href":"https:\/\/cpcx.ufms.br\/en\/wp-json\/wp\/v2\/media?parent=13486"}],"wp:term":[{"taxonomy":"author","embeddable":true,"href":"https:\/\/cpcx.ufms.br\/en\/wp-json\/wp\/v2\/coauthors?post=13486"}],"curies":[{"name":"wp","href":"https:\/\/api.w.org\/{rel}","templated":true}]}}