{"id":1394,"date":"2015-04-28T10:21:23","date_gmt":"2015-04-28T14:21:23","guid":{"rendered":"http:\/\/cpcx.draconis.ufms.br\/?page_id=1394"},"modified":"2025-11-01T23:03:19","modified_gmt":"2025-11-02T03:03:19","slug":"internet-wi-fi","status":"publish","type":"page","link":"https:\/\/cpcx.ufms.br\/en\/suporte-de-ti\/internet-wi-fi\/","title":{"rendered":"Passaporte e WIFI"},"content":{"rendered":"<p style=\"text-align: justify\">Com o intuito de facilitar o acesso aos servi\u00e7os oferecidos pela web, a Universidade Federal de Mato Grosso do Sul desenvolveu o Portal UFMS. Permitindo, assim, que os funcion\u00e1rios e alunos digitem o seu login e senha apenas uma vez para ter acesso a todos os servi\u00e7os. Portanto, se faz necess\u00e1rio que o usu\u00e1rio cadastre o seu Passaporte UFMS para poder usufruir de tais benef\u00edcios.<\/p>\n<p style=\"text-align: justify\">Vale lembrar que o usu\u00e1rio responder\u00e1 por qualquer ato de infra\u00e7\u00e3o comprovadamente originado por sua conta, como prev\u00ea o documento de&nbsp;<a href=\"http:\/\/cpcx.draconis.ufms.br\/files\/2015\/11\/Normas_de_Uso_dos_Recursos_de_TI_na_UFMS.pdf\">Normas de Uso dos Recursos de TI na UFMS<\/a>.<\/p>\n<p><strong>Para utilizar a internet sem fio (Eduroam) dispon\u00edvel no C\u00e2mpus de Coxim \u00e9 necess\u00e1rio realizar o cadastro e configurar os esquipamentos conforme mencionado abaixo.<\/strong><\/p>\n<p>&nbsp;<\/p>\n<h4>Cadastrar Passaporte UFMS<\/h4>\n<p><strong>1\u00ba Passo<\/strong> &#8211; Entre no site <a href=\"https:\/\/portal.ufms.br\/\" target=\"_blank\" rel=\"noopener noreferrer\">https:\/\/portal.ufms.br<\/a><\/p>\n<p><strong>2\u00ba Passo<\/strong> \u2013 Cadastre-se no link \u201c<strong>Ainda n\u00e3o sou cadastrado<\/strong>\u201d<\/p>\n<p><strong>3\u00ba Passo<\/strong> \u2013 Crie seu Passaporte UFMS escolhendo uma das op\u00e7\u00f5es abaixo e preencha seus dados.<\/p>\n<p>Para adquirir seu&nbsp;Passaporte UFMS insira seu RGA (para Aluno de Gradua\u00e7\u00e3o) | CPF (para Professor ou T\u00e9cnico ou Aluno de P\u00f3s Gradua\u00e7\u00e3o) no campo login e SUA SENHA do&nbsp;SISCAD (para Alunos de Gradua\u00e7\u00e3o) | Portal de P\u00f3s-Gradua\u00e7\u00e3o (para Alunos de P\u00f3s-Gradua\u00e7\u00e3o), ou SIAPE SEM D\u00cdGITO VERIFICADOR&nbsp;para Professores e T\u00e9cnicos, depois clique em &#8220;Logar&#8221;.&nbsp; Voc\u00ea ser\u00e1 redirecionado para o Sistema de Cadastramento de Login e Senha da UFMS.<\/p>\n<p>D\u00favidas: <a href=\"http:\/\/cpcx.draconis.ufms.br\/files\/2015\/04\/Manual_Passaporte_UFMS.pdf\">Tutorial para criar&nbsp;Passaporte UFMS<\/a>.<\/p>\n<p>&nbsp;<\/p>\n<h4>Acesso aos computadores de Laborat\u00f3rios, Biblioteca e Assist\u00eancia estudantil<\/h4>\n<p style=\"text-align: justify\">Ap\u00f3s realizar o cadastro no portal, o aluno ou servidor dever\u00e1 aguardar um prazo de at\u00e9 72 horas para a atualiza\u00e7\u00e3o do servidor onde ficam os registros de usu\u00e1rios e os computadores de laborat\u00f3rios, biblioteca e assist\u00eancia estudantil aceite o novo usu\u00e1rio criado.<\/p>\n<p style=\"text-align: justify\">No primeiro acesso aos computadores deve ser usado o nome de usu\u00e1rio (Passaporte) gerado no portal e a senha ser\u00e1 o CPF (somente n\u00fameros sem pontos, e incluir os zeros iniciais quando existir), em seguida, ser\u00e1 solicitado a altera\u00e7\u00e3o da senha (<b>Sugest\u00e3o:<\/b> colocar a mesma senha cadastrada no portal).<\/p>\n<p>&nbsp;<\/p>\n<h4>Configurar o Notebook ou Celular para Rede Eduroam<\/h4>\n<p>Passo-a-Passo de como utilizar a rede sem fio <strong>eduroam<\/strong> nos sistemas operacionais:<\/p>\n<p><a href=\"http:\/\/nti.draconis.ufms.br\/files\/2011\/09\/manual_eduroam_windowsxp.pdf\">Configura\u00e7\u00e3o para Windows XP<\/a><\/p>\n<p><a href=\"http:\/\/nti.draconis.ufms.br\/files\/2011\/09\/manual_eduroam_windowsvista.pdf\">Configura\u00e7\u00e3o para Windows Vista<\/a><\/p>\n<p><a href=\"http:\/\/nti.draconis.ufms.br\/files\/2011\/09\/manual_eduroam_windows71.pdf\">Configura\u00e7\u00e3o para Windows 7<\/a><\/p>\n<p><a href=\"http:\/\/nti.draconis.ufms.br\/files\/2013\/07\/manual_eduroam_windows8.pdf\">Configura\u00e7\u00e3o para Windows 8<\/a><\/p>\n<p><a href=\"http:\/\/nti.draconis.ufms.br\/files\/2011\/09\/manual_eduroam_macos.pdf\">Configura\u00e7\u00e3o para Mac OS<\/a><\/p>\n<p><a href=\"http:\/\/nti.draconis.ufms.br\/files\/2011\/09\/manual_eduroam_ubuntu.pdf\">Configura\u00e7\u00e3o para Ubuntu<\/a><\/p>\n<p><a href=\"http:\/\/nti.draconis.ufms.br\/files\/2011\/09\/manual_eduroam_ubuntu_14.04.pdf\">Configura\u00e7\u00e3o para Ubuntu 14.04<\/a><\/p>\n<p><a href=\"https:\/\/cpcx.ufms.br\/files\/2015\/04\/manual_eduroam_android.pdf\">Configura\u00e7\u00e3o<\/a>&nbsp;<a href=\"https:\/\/cpcx.ufms.br\/files\/2015\/04\/manual_eduroam_android.pdf\">para Android<\/a><\/p>\n<p><a href=\"http:\/\/nti.draconis.ufms.br\/files\/2011\/09\/manual_eduroam_iphone.pdf\">Configura\u00e7\u00e3o para IPhone<\/a><\/p>\n<p><a href=\"https:\/\/link.ufms.br\/tutorialeduroamSO\">Manual de Configura\u00e7\u00e3o da eduroam para Computadores; Windows, Linux e macOS<\/a><\/p>\n<p><a href=\"http:\/\/agetic.ufms.br\/files\/2023\/05\/Rede-sem-fio-Eduroam-Dispositivos-moveis.pdf\">Manual de Configura\u00e7\u00e3o da eduroam para Smartphone; Android e IOS<\/a><\/p>\n","protected":false},"excerpt":{"rendered":"<p>Com o intuito de facilitar o acesso aos servi\u00e7os oferecidos pela web, a Universidade Federal de Mato Grosso do Sul desenvolveu o Portal UFMS. Permitindo, assim, que os funcion\u00e1rios e alunos digitem o seu login e senha apenas uma vez para ter acesso a todos os servi\u00e7os. Portanto, se faz necess\u00e1rio que o usu\u00e1rio cadastre [&hellip;]<\/p>\n","protected":false},"author":60,"featured_media":0,"parent":2664,"menu_order":0,"comment_status":"closed","ping_status":"open","template":"page-templates\/page-coordenadorias.php","meta":{"_eb_attr":"","ngg_post_thumbnail":0,"footnotes":""},"coauthors":[133,116],"class_list":["post-1394","page","type-page","status-publish","hentry"],"_links":{"self":[{"href":"https:\/\/cpcx.ufms.br\/en\/wp-json\/wp\/v2\/pages\/1394","targetHints":{"allow":["GET"]}}],"collection":[{"href":"https:\/\/cpcx.ufms.br\/en\/wp-json\/wp\/v2\/pages"}],"about":[{"href":"https:\/\/cpcx.ufms.br\/en\/wp-json\/wp\/v2\/types\/page"}],"author":[{"embeddable":true,"href":"https:\/\/cpcx.ufms.br\/en\/wp-json\/wp\/v2\/users\/60"}],"replies":[{"embeddable":true,"href":"https:\/\/cpcx.ufms.br\/en\/wp-json\/wp\/v2\/comments?post=1394"}],"version-history":[{"count":25,"href":"https:\/\/cpcx.ufms.br\/en\/wp-json\/wp\/v2\/pages\/1394\/revisions"}],"predecessor-version":[{"id":13163,"href":"https:\/\/cpcx.ufms.br\/en\/wp-json\/wp\/v2\/pages\/1394\/revisions\/13163"}],"up":[{"embeddable":true,"href":"https:\/\/cpcx.ufms.br\/en\/wp-json\/wp\/v2\/pages\/2664"}],"wp:attachment":[{"href":"https:\/\/cpcx.ufms.br\/en\/wp-json\/wp\/v2\/media?parent=1394"}],"wp:term":[{"taxonomy":"author","embeddable":true,"href":"https:\/\/cpcx.ufms.br\/en\/wp-json\/wp\/v2\/coauthors?post=1394"}],"curies":[{"name":"wp","href":"https:\/\/api.w.org\/{rel}","templated":true}]}}