{"id":1596,"date":"2015-05-29T16:12:09","date_gmt":"2015-05-29T20:12:09","guid":{"rendered":"http:\/\/cpcx.draconis.ufms.br\/?page_id=1596"},"modified":"2024-03-05T11:03:05","modified_gmt":"2024-03-05T15:03:05","slug":"estrutura-curricular","status":"publish","type":"page","link":"https:\/\/cpcx.ufms.br\/en\/letras\/estrutura-curricular\/","title":{"rendered":"Estrutura Curricular"},"content":{"rendered":"<table style=\"width: 100%;height: 1730px\" border=\"0\" width=\"100%\" cellspacing=\"0\" cellpadding=\"0\">\n<tbody>\n<tr style=\"height: 24px\">\n<td style=\"height: 24px\"><b>Disciplinas Obrigat\u00f3rias Oferecidas: 2024<\/b><\/td>\n<\/tr>\n<tr style=\"height: 24px\">\n<td style=\"height: 24px\"><\/td>\n<\/tr>\n<tr style=\"height: 24px\">\n<td style=\"height: 24px\"><b>\u2022\u00a01\u00aa Per\u00edodo<\/b><\/td>\n<\/tr>\n<tr style=\"height: 24px\">\n<td style=\"height: 24px\"><\/td>\n<\/tr>\n<tr style=\"height: 24px\">\n<td style=\"height: 24px\">[08050000034] <strong>LINGU\u00cdSTICA<\/strong> &#8211; 68 horas<\/td>\n<\/tr>\n<tr style=\"height: 24px\">\n<td style=\"height: 24px\">[08020002543] <strong>PSICOLOGIA E EDUCA\u00c7\u00c3O<\/strong>\u00a0&#8211; 51 horas<\/td>\n<\/tr>\n<tr style=\"height: 24px\">\n<td style=\"height: 24px\">[08020001393] <strong>LITERATURA E SOCIEDADE<\/strong> &#8211; 51 horas<\/td>\n<\/tr>\n<tr style=\"height: 24px\">\n<td style=\"height: 24px\">[08020001105] <strong>HIST\u00d3RIA DA EDUCA\u00c7\u00c3O<\/strong> &#8211; 51 horas<\/td>\n<\/tr>\n<tr style=\"height: 24px\">\n<td style=\"height: 24px\">[08050000042] <strong>TECNOLOGIA DA INFORMA\u00c7\u00c3O E COMUNICA\u00c7\u00c3O (TIC)<\/strong> I &#8211; 51 horas<\/td>\n<\/tr>\n<tr style=\"height: 28px\">\n<td style=\"height: 28px\">\n<table style=\"border-collapse: collapse;width: 100%\">\n<tbody>\n<tr>\n<td style=\"width: 100%\"><\/td>\n<\/tr>\n<\/tbody>\n<\/table>\n<\/td>\n<\/tr>\n<tr style=\"height: 24px\">\n<td style=\"height: 24px\"><b>\u2022\u00a02\u00aa Per\u00edodo<\/b><\/td>\n<\/tr>\n<tr style=\"height: 24px\">\n<td style=\"height: 24px\"><\/td>\n<\/tr>\n<tr style=\"height: 24px\">\n<td style=\"height: 24px\">[08050000158] <strong>FON\u00c9TICA E FONOLOGIA DO PORTUGU\u00caS<\/strong>\u00a0\u00a0&#8211; 68 horas<\/td>\n<\/tr>\n<tr style=\"height: 24px\">\n<td style=\"height: 24px\">[08050000166] <b>POL\u00cdTICAS EDUCACIONAIS<\/b>\u00a0&#8211; 51 horas<\/td>\n<\/tr>\n<tr style=\"height: 24px\">\n<td style=\"height: 24px\">[08050001305]<strong> TECNOLOGIA DA INFORMA\u00c7\u00c3O E COMUNICA\u00c7\u00c3O (TIC) II<\/strong> &#8211; 68 horas<\/td>\n<\/tr>\n<tr style=\"height: 24px\">\n<td style=\"height: 24px\">[08050000182]\u00a0<strong>PSICOLINGU\u00cdSTICA<\/strong>\u00a0&#8211; 51 horas<\/td>\n<\/tr>\n<tr style=\"height: 24px\">\n<td style=\"height: 24px\">[08050000174]\u00a0<strong>HISTORIOGRAFIA LITER\u00c1RIA<\/strong>\u00a0&#8211; 51 horas<\/td>\n<\/tr>\n<tr style=\"height: 63px\">\n<td style=\"height: 63px\">\n<table style=\"border-collapse: collapse;width: 100.365%;height: 30px\">\n<tbody>\n<tr>\n<td style=\"width: 100%\">\n<table style=\"border-collapse: collapse;width: 100%;height: 46px\">\n<tbody>\n<tr style=\"height: 22px\">\n<td style=\"width: 100%;height: 22px\">\n<table style=\"width: 100%;border-collapse: collapse\">\n<tbody>\n<tr>\n<td style=\"width: 100%\">[08050000018]\u00a0<strong>PRATICA DE ENSINO I\u00a0<\/strong>&#8211; 51 horas<\/td>\n<\/tr>\n<\/tbody>\n<\/table>\n<\/td>\n<\/tr>\n<tr style=\"height: 24px\">\n<td style=\"width: 100%;height: 24px\"><\/td>\n<\/tr>\n<\/tbody>\n<\/table>\n<\/td>\n<\/tr>\n<\/tbody>\n<\/table>\n<\/td>\n<\/tr>\n<tr style=\"height: 24px\">\n<td style=\"height: 24px\"><b>\u2022\u00a03\u00aa Per\u00edodo<\/b><\/td>\n<\/tr>\n<tr style=\"height: 24px\">\n<td style=\"height: 24px\"><\/td>\n<\/tr>\n<tr style=\"height: 24px\">\n<td style=\"height: 24px\">[08050000220]\u00a0<strong>LINGU\u00cdSTICA TEXTUAL<\/strong>\u00a0&#8211; 68 horas<\/td>\n<\/tr>\n<tr style=\"height: 24px\">\n<td style=\"height: 24px\">[08050000204]\u00a0<strong>TEORIAS DA LITERATURA<\/strong>\u00a0&#8211; 51 horas<\/td>\n<\/tr>\n<tr style=\"height: 24px\">\n<td style=\"height: 24px\">[08010001552]<strong>\u00a0FUNDAMENTOS DE DID\u00c1TICA<\/strong>\u00a0&#8211; 51 horas<\/td>\n<\/tr>\n<tr style=\"height: 24px\">\n<td style=\"height: 24px\">[08050000212]\u00a0<strong>TEORIA DO POEMA, DA PROSA E DO DRAMA\u00a0<\/strong>&#8211; 51 horas<\/td>\n<\/tr>\n<tr style=\"height: 24px\">\n<td style=\"height: 24px\">[08050000190] <strong>MORFOLOGIA DO PORTUGU\u00caS<\/strong>\u00a0&#8211; 68 horas<\/td>\n<\/tr>\n<tr style=\"height: 24px\">\n<td style=\"height: 24px\">[08050000026] <strong>PR\u00c1TICA DE ENSINO II<\/strong> &#8211; 68 horas<\/td>\n<\/tr>\n<tr style=\"height: 24px\">\n<td style=\"height: 24px\"><\/td>\n<\/tr>\n<tr style=\"height: 24px\">\n<td style=\"height: 24px\"><b>\u2022\u00a04\u00aa Per\u00edodo<\/b><\/td>\n<\/tr>\n<tr style=\"height: 24px\">\n<td style=\"height: 24px\"><\/td>\n<\/tr>\n<tr style=\"height: 24px\">\n<td style=\"height: 24px\">[08020001334] <strong>DID\u00c1TICA APLICADA AO ENSINO DE L\u00cdNGUA PORTUGUESA<\/strong>\u00a0&#8211; 51 horas<\/td>\n<\/tr>\n<tr style=\"height: 24px\">\n<td style=\"height: 24px\">[08050000263] <strong>PR\u00c1TICA DE ENSINO III<\/strong> &#8211; 68 horas<\/td>\n<\/tr>\n<tr style=\"height: 24px\">\n<td style=\"height: 24px\">[08050001341]<strong> ESTUDO DE\u00a0 LIBRAS<\/strong>\u00a0&#8211; 51 horas<\/td>\n<\/tr>\n<tr style=\"height: 24px\">\n<td style=\"height: 24px\">[08050000247] <b>LITERATURA PORTUGUESA I<\/b>\u00a0&#8211; 51 horas<\/td>\n<\/tr>\n<tr style=\"height: 24px\">\n<td style=\"height: 24px\">[08010001145] <strong>EDUCA\u00c7\u00c3O ESPECIA<\/strong>L\u00a0&#8211; 51 horas<\/td>\n<\/tr>\n<tr style=\"height: 24px\">\n<td style=\"height: 24px\">[08050000239]\u00a0<strong>SINTAXE DO PORTUGU\u00caS<\/strong>\u00a0&#8211; 68 horas<\/td>\n<\/tr>\n<tr style=\"height: 24px\">\n<td style=\"height: 24px\"><\/td>\n<\/tr>\n<tr style=\"height: 24px\">\n<td style=\"height: 24px\"><b>\u2022\u00a05\u00aa Per\u00edodo<\/b><\/td>\n<\/tr>\n<tr style=\"height: 24px\">\n<td style=\"height: 24px\"><\/td>\n<\/tr>\n<tr style=\"height: 24px\">\n<td style=\"height: 24px\">[08050000298] <b>ENSINO DE L\u00cdNGUA PORTUGUESA PARA SURDOS\u00a0<\/b>&#8211; 51 horas<\/td>\n<\/tr>\n<tr style=\"height: 24px\">\n<td style=\"height: 24px\">[08050000280] <strong>LITERATURA PORTUGUESA II<\/strong>\u00a0&#8211; 51 horas<\/td>\n<\/tr>\n<tr style=\"height: 24px\">\n<td style=\"height: 24px\">[08050000271]<strong>\u00a0SEM\u00c2NTICA<\/strong>\u00a0&#8211; 68 horas<\/td>\n<\/tr>\n<tr style=\"height: 24px\">\n<td style=\"height: 24px\">[08050001360]\u00a0 <strong>EDUCA\u00c7\u00c3O DAS RELA\u00c7\u00d5ES \u00c9TNICO-RACIAIS<\/strong>\u00a0&#8211; 51 horas<\/td>\n<\/tr>\n<tr style=\"height: 24px\">\n<td style=\"height: 24px\">[08050000310]<strong> PR\u00c1TICA DE ENSINO IV<\/strong> &#8211; 68 horas<\/td>\n<\/tr>\n<tr style=\"height: 24px\">\n<td style=\"height: 24px\">[08050000301]<strong>\u00a0EST\u00c1GIO OBRIGAT\u00d3RIO DE L\u00cdNGUA PORTUGUESA I<\/strong> &#8211; 110 horas<\/td>\n<\/tr>\n<tr style=\"height: 24px\">\n<td style=\"height: 24px\"><\/td>\n<\/tr>\n<tr style=\"height: 24px\">\n<td style=\"height: 24px\"><b>\u2022\u00a06\u00aa Per\u00edodo<\/b><\/td>\n<\/tr>\n<tr style=\"height: 24px\">\n<td style=\"height: 24px\"><\/td>\n<\/tr>\n<tr style=\"height: 24px\">\n<td style=\"height: 24px\">[08020002608]\u00a0<strong>LITERATURA BRASILEIRA I<\/strong> &#8211; 68 horas<\/td>\n<\/tr>\n<tr style=\"height: 24px\">\n<td style=\"height: 24px\">[08050000336] <strong>ENSINO E LETRAMENTO LITER\u00c1RIO<\/strong>\u00a0&#8211; 51 horas<\/td>\n<\/tr>\n<tr style=\"height: 24px\">\n<td style=\"height: 24px\">[08050000328] <strong>L\u00cdNGUA E CULTURA ESTRANGEIRAS<\/strong>\u00a0&#8211; 51 horas<\/td>\n<\/tr>\n<tr style=\"height: 24px\">\n<td style=\"height: 24px\">[08050000352] <strong>PR\u00c1TICA DE ENSINO V<\/strong>\u00a0&#8211; 68 horas<\/td>\n<\/tr>\n<tr style=\"height: 24px\">\n<td style=\"height: 24px\">[08050000344]\u00a0<strong>EST\u00c1GIO OBRIGAT\u00d3RIO DE L\u00cdNGUA PORTUGUESA II<\/strong> &#8211; 110 horas<\/td>\n<\/tr>\n<tr style=\"height: 24px\">\n<td style=\"height: 24px\"><\/td>\n<\/tr>\n<tr style=\"height: 24px\">\n<td style=\"height: 24px\"><\/td>\n<\/tr>\n<tr style=\"height: 24px\">\n<td style=\"height: 24px\"><b>\u2022\u00a07\u00aa Per\u00edodo<\/b><\/td>\n<\/tr>\n<tr style=\"height: 24px\">\n<td style=\"height: 24px\"><\/td>\n<\/tr>\n<tr style=\"height: 24px\">\n<td style=\"height: 24px\">[08020002624] <strong>LITERATURA BRASILEIRA II<\/strong> &#8211; 68 horas<\/td>\n<\/tr>\n<tr style=\"height: 24px\">\n<td style=\"height: 24px\">[08050000360] <strong>TEORIAS DA TRADU\u00c7\u00c3O<\/strong> &#8211; 68 horas<\/td>\n<\/tr>\n<tr style=\"height: 24px\">\n<td style=\"height: 24px\">[08050000387] <strong>EST\u00c1GIO OBRIGAT\u00d3RIO DE L\u00cdNGUA PORTUGUESA III<\/strong> &#8211; 110 horas<\/td>\n<\/tr>\n<tr style=\"height: 24px\">\n<td style=\"height: 24px\">[08050000395] <strong>PR\u00c1TICA DE ENSINO VI<\/strong>\u00a0&#8211; 68 horas<\/td>\n<\/tr>\n<tr style=\"height: 24px\">\n<td style=\"height: 24px\"><\/td>\n<\/tr>\n<tr style=\"height: 24px\">\n<td style=\"height: 24px\"><b>\u2022\u00a08\u00aa Per\u00edodo<\/b><\/td>\n<\/tr>\n<tr style=\"height: 24px\">\n<td style=\"height: 24px\"><\/td>\n<\/tr>\n<tr style=\"height: 24px\">\n<td style=\"height: 24px\">[08050000417] <b>LITERATURA BRASILEIRA III<\/b> &#8211; 68 horas<\/td>\n<\/tr>\n<tr style=\"height: 24px\">\n<td style=\"height: 24px\">[08020001890] <b>LITERATURA E HIST\u00d3RIA<\/b>\u00a0&#8211; 68 horas<\/td>\n<\/tr>\n<tr style=\"height: 24px\">\n<td style=\"height: 24px\">[08050000433]\u00a0<strong>PR\u00c1TICA DE ENSINO VII<\/strong>\u00a0&#8211; 68 horas<\/td>\n<\/tr>\n<tr style=\"height: 24px\">\n<td style=\"height: 24px\">[08050001270]\u00a0<strong>ESTAGIO OBRIGAT\u00d3RIO DE L\u00cdNGUA PORTUGUESA IV\u00a0<\/strong>&#8211; 110 horas<\/td>\n<\/tr>\n<tr style=\"height: 16px\">\n<td style=\"height: 16px\"><\/td>\n<\/tr>\n<tr style=\"height: 10px\">\n<td style=\"height: 10px\">\n<ul>\n<li style=\"text-align: center\"><strong>COMPLEMENTARES OPTATIVAS<\/strong><\/li>\n<\/ul>\n<\/td>\n<\/tr>\n<tr style=\"height: 29px\">\n<td style=\"height: 29px\">\u00a0<strong>DISCIPLINAS COMPLEMENTARES OPTATIVAS <\/strong>\u00a0(CARGA HOR\u00c1RIA MINIMA ) -272 horas<\/td>\n<\/tr>\n<tr style=\"height: 24px\">\n<td style=\"height: 24px\"><\/td>\n<\/tr>\n<\/tbody>\n<\/table>\n<table style=\"width: 100%;height: 514px\" border=\"0\" width=\"100%\" cellspacing=\"0\" cellpadding=\"0\">\n<tbody>\n<tr style=\"height: 24px\">\n<td style=\"height: 24px\"><\/td>\n<\/tr>\n<tr style=\"height: 10px\">\n<td style=\"height: 10px\">\n<ul>\n<li style=\"text-align: center\"><strong>COMPONENTES CURRICULARES N\u00c3O DISCINARES\u00a0<\/strong><\/li>\n<\/ul>\n<\/td>\n<\/tr>\n<tr style=\"height: 24px\">\n<td style=\"height: 24px\"><strong> [ACS-ND]\u00a0 ATIVIDADES COMPLEMENTARES\u00a0<\/strong>&#8211; 250 horas<\/td>\n<\/tr>\n<tr style=\"height: 24px\">\n<td style=\"height: 24px\"><strong>[AOE-ND] Atividades Orientadas de Ensino &#8211; <\/strong>200 horas<\/td>\n<\/tr>\n<tr style=\"height: 24px\">\n<td style=\"height: 24px\"><strong>[AEX-ND] Atividades de Extens\u00e3o &#8211; <\/strong>321 horas<\/td>\n<\/tr>\n<tr style=\"height: 24px\">\n<td style=\"height: 24px\"><strong>[TCC-ND] Trabalho de Conclus\u00e3o de Curso &#8211; <\/strong>68 horas<\/td>\n<\/tr>\n<tr style=\"height: 24px\">\n<td style=\"height: 24px\"><strong>[Enade] Exame Nacional de Desempenho<\/strong><\/td>\n<\/tr>\n<tr style=\"height: 24px\">\n<td style=\"height: 24px\"><\/td>\n<\/tr>\n<tr style=\"height: 24px\">\n<td style=\"height: 24px\"><\/td>\n<\/tr>\n<tr style=\"height: 24px\">\n<td style=\"height: 24px\"><\/td>\n<\/tr>\n<tr style=\"height: 24px\">\n<td style=\"height: 24px\"><\/td>\n<\/tr>\n<tr style=\"height: 24px\">\n<td style=\"height: 24px\"><\/td>\n<\/tr>\n<tr style=\"height: 24px\">\n<td style=\"height: 24px\"><\/td>\n<\/tr>\n<tr style=\"height: 24px\">\n<td style=\"height: 24px\"><\/td>\n<\/tr>\n<tr style=\"height: 24px\">\n<td style=\"height: 24px\"><\/td>\n<\/tr>\n<tr style=\"height: 24px\">\n<td style=\"height: 24px\"><\/td>\n<\/tr>\n<tr style=\"height: 24px\">\n<td style=\"height: 24px\"><\/td>\n<\/tr>\n<tr style=\"height: 24px\">\n<td style=\"height: 24px\"><\/td>\n<\/tr>\n<tr style=\"height: 24px\">\n<td style=\"height: 24px\"><\/td>\n<\/tr>\n<tr style=\"height: 24px\">\n<td style=\"height: 24px\"><\/td>\n<\/tr>\n<tr style=\"height: 24px\">\n<td style=\"height: 24px\"><\/td>\n<\/tr>\n<tr style=\"height: 24px\">\n<td style=\"height: 24px\"><\/td>\n<\/tr>\n<\/tbody>\n<\/table>\n<hr \/>\n<p>&nbsp;<\/p>\n","protected":false},"excerpt":{"rendered":"<p>Disciplinas Obrigat\u00f3rias Oferecidas: 2024 \u2022\u00a01\u00aa Per\u00edodo [08050000034] LINGU\u00cdSTICA &#8211; 68 horas [08020002543] PSICOLOGIA E EDUCA\u00c7\u00c3O\u00a0&#8211; 51 horas [08020001393] LITERATURA E SOCIEDADE &#8211; 51 horas [08020001105] HIST\u00d3RIA DA EDUCA\u00c7\u00c3O &#8211; 51 horas [08050000042] TECNOLOGIA DA INFORMA\u00c7\u00c3O E COMUNICA\u00c7\u00c3O (TIC) I &#8211; 51 horas \u2022\u00a02\u00aa Per\u00edodo [08050000158] FON\u00c9TICA E FONOLOGIA DO PORTUGU\u00caS\u00a0\u00a0&#8211; 68 horas [08050000166] POL\u00cdTICAS EDUCACIONAIS\u00a0&#8211; [&hellip;]<\/p>\n","protected":false},"author":1481,"featured_media":0,"parent":569,"menu_order":0,"comment_status":"closed","ping_status":"open","template":"","meta":{"_eb_attr":"","ngg_post_thumbnail":0,"footnotes":""},"coauthors":[],"class_list":["post-1596","page","type-page","status-publish","hentry"],"_links":{"self":[{"href":"https:\/\/cpcx.ufms.br\/en\/wp-json\/wp\/v2\/pages\/1596","targetHints":{"allow":["GET"]}}],"collection":[{"href":"https:\/\/cpcx.ufms.br\/en\/wp-json\/wp\/v2\/pages"}],"about":[{"href":"https:\/\/cpcx.ufms.br\/en\/wp-json\/wp\/v2\/types\/page"}],"author":[{"embeddable":true,"href":"https:\/\/cpcx.ufms.br\/en\/wp-json\/wp\/v2\/users\/1481"}],"replies":[{"embeddable":true,"href":"https:\/\/cpcx.ufms.br\/en\/wp-json\/wp\/v2\/comments?post=1596"}],"version-history":[{"count":39,"href":"https:\/\/cpcx.ufms.br\/en\/wp-json\/wp\/v2\/pages\/1596\/revisions"}],"predecessor-version":[{"id":10050,"href":"https:\/\/cpcx.ufms.br\/en\/wp-json\/wp\/v2\/pages\/1596\/revisions\/10050"}],"up":[{"embeddable":true,"href":"https:\/\/cpcx.ufms.br\/en\/wp-json\/wp\/v2\/pages\/569"}],"wp:attachment":[{"href":"https:\/\/cpcx.ufms.br\/en\/wp-json\/wp\/v2\/media?parent=1596"}],"wp:term":[{"taxonomy":"author","embeddable":true,"href":"https:\/\/cpcx.ufms.br\/en\/wp-json\/wp\/v2\/coauthors?post=1596"}],"curies":[{"name":"wp","href":"https:\/\/api.w.org\/{rel}","templated":true}]}}