{"id":1618,"date":"2015-06-03T16:30:16","date_gmt":"2015-06-03T20:30:16","guid":{"rendered":"http:\/\/cpcx.draconis.ufms.br\/?page_id=1618"},"modified":"2019-12-04T17:17:22","modified_gmt":"2019-12-04T21:17:22","slug":"estrutura-curricular","status":"publish","type":"page","link":"https:\/\/cpcx.ufms.br\/en\/enfermagem\/estrutura-curricular\/","title":{"rendered":"Estrutura Curricular"},"content":{"rendered":"<p>&nbsp;<\/p>\n<table style=\"height: 1920px;width: 99.855%\" border=\"0\" width=\"100%\" cellspacing=\"0\" cellpadding=\"0\">\n<tbody>\n<tr style=\"height: 24px\">\n<td style=\"height: 24px;width: 99.855%\">\n<h3><b>Disciplinas Obrigat\u00f3rias Oferecidas:\u00a0<\/b><\/h3>\n<\/td>\n<\/tr>\n<tr style=\"height: 24px\">\n<td style=\"height: 24px;width: 99.855%\"><\/td>\n<\/tr>\n<tr style=\"height: 24px\">\n<td style=\"height: 24px;width: 99.855%\"><b>\u2022\u00a01\u00aa Per\u00edodo<\/b><\/td>\n<\/tr>\n<tr style=\"height: 24px\">\n<td style=\"height: 24px;width: 99.855%\"><\/td>\n<\/tr>\n<tr style=\"height: 24px\">\n<td style=\"height: 24px;width: 99.855%\">[08050000638]\u00a0<strong>PSICOLOGIA APLICADA \u00c0 SA\u00daDE<\/strong>\u00a0&#8211; 51\u00a0horas<\/td>\n<\/tr>\n<tr style=\"height: 24px\">\n<td style=\"height: 24px;width: 99.855%\">[08050000620] <strong>METODOLOGIA CIENT\u00cdFICA<\/strong>\u00a0&#8211; 51\u00a0horas<\/td>\n<\/tr>\n<tr style=\"height: 24px\">\n<td style=\"height: 24px;width: 99.855%\">[08050000611]<strong> HIST\u00d3RIA DA ENFERMAGEM<\/strong>\u00a0&#8211; 51\u00a0horas<\/td>\n<\/tr>\n<tr style=\"height: 24px\">\n<td style=\"height: 24px;width: 99.855%\">[08050000603] <strong>SA\u00daDE E SOCIEDADE<\/strong>\u00a0&#8211; 34 horas<\/td>\n<\/tr>\n<tr style=\"height: 24px\">\n<td style=\"height: 24px;width: 99.855%\">[08050000590]<strong> CITOLOGIA<\/strong>\u00a0&#8211; 68\u00a0horas<\/td>\n<\/tr>\n<tr style=\"height: 24px\">\n<td style=\"height: 24px;width: 99.855%\">[08050000581] <strong>FISIOLOGIA HUMANA I<\/strong>\u00a0&#8211; 68\u00a0horas<\/td>\n<\/tr>\n<tr style=\"height: 24px\">\n<td style=\"height: 24px;width: 99.855%\">[08050000573] <strong>ANATOMIA HUMANA I<\/strong>\u00a0&#8211; 68\u00a0horas<\/td>\n<\/tr>\n<tr style=\"height: 24px\">\n<td style=\"height: 24px;width: 99.855%\"><\/td>\n<\/tr>\n<tr style=\"height: 24px\">\n<td style=\"height: 24px;width: 99.855%\"><b>\u2022\u00a02\u00aa Per\u00edodo<\/b><\/td>\n<\/tr>\n<tr style=\"height: 24px\">\n<td style=\"height: 24px;width: 99.855%\"><\/td>\n<\/tr>\n<tr style=\"height: 24px\">\n<td style=\"height: 24px;width: 99.855%\">[08050000670] <strong>BIOQU\u00cdMICA<\/strong>\u00a0&#8211; 68\u00a0horas<\/td>\n<\/tr>\n<tr style=\"height: 24px\">\n<td style=\"height: 24px;width: 99.855%\">[08050000700] <strong>SA\u00daDE AMBIENTAL<\/strong>\u00a0&#8211; 51\u00a0horas<\/td>\n<\/tr>\n<tr style=\"height: 24px\">\n<td style=\"height: 24px;width: 99.855%\">[08050000697] <strong>BASES CONCEITUAIS DO SUS<\/strong>\u00a0&#8211; 85\u00a0horas<\/td>\n<\/tr>\n<tr style=\"height: 24px\">\n<td style=\"height: 24px;width: 99.855%\">[08050000689]<strong> ANTROPOLOGIA DA SA\u00daDE<\/strong>\u00a0&#8211; 34\u00a0horas<\/td>\n<\/tr>\n<tr style=\"height: 24px\">\n<td style=\"height: 24px;width: 99.855%\">[08050000646] <strong>ANATOMIA HUMANA II<\/strong>\u00a0&#8211; 68\u00a0horas<\/td>\n<\/tr>\n<tr style=\"height: 24px\">\n<td style=\"height: 24px;width: 99.855%\">[08050000662] <strong>HISTOLOGIA<\/strong>\u00a0&#8211; 68\u00a0horas<\/td>\n<\/tr>\n<tr style=\"height: 24px\">\n<td style=\"height: 24px;width: 99.855%\">[08050000654] <strong>FISIOLOGIA HUMANA II<\/strong>\u00a0&#8211; 68\u00a0horas<\/td>\n<\/tr>\n<tr style=\"height: 24px\">\n<td style=\"height: 24px;width: 99.855%\"><\/td>\n<\/tr>\n<tr style=\"height: 24px\">\n<td style=\"height: 24px;width: 99.855%\"><b>\u2022\u00a03\u00aa Per\u00edodo<\/b><\/td>\n<\/tr>\n<tr style=\"height: 24px\">\n<td style=\"height: 24px;width: 99.855%\"><\/td>\n<\/tr>\n<tr style=\"height: 24px\">\n<td style=\"height: 24px;width: 99.855%\">[08050000719]\u00a0<strong>EMBRIOLOGIA<\/strong>\u00a0&#8211; 51\u00a0horas<\/td>\n<\/tr>\n<tr style=\"height: 24px\">\n<td style=\"height: 24px;width: 99.855%\">[08050000727] <strong>GEN\u00c9TICA HUMANA<\/strong>\u00a0&#8211; 51\u00a0horas<\/td>\n<\/tr>\n<tr style=\"height: 24px\">\n<td style=\"height: 24px;width: 99.855%\">[08050000735] <strong>IMUNOLOGIA<\/strong>\u00a0&#8211; 68 horas<\/td>\n<\/tr>\n<tr style=\"height: 24px\">\n<td style=\"height: 24px;width: 99.855%\">[08050000743] <strong>MICROBIOLOGIA<\/strong>\u00a0&#8211; 68 horas<\/td>\n<\/tr>\n<tr style=\"height: 24px\">\n<td style=\"height: 24px;width: 99.855%\">[08050000751]<strong> DID\u00c1TICA APLICADA \u00c0 ENFERMAGEM<\/strong>\u00a0&#8211; 51\u00a0horas<\/td>\n<\/tr>\n<tr style=\"height: 24px\">\n<td style=\"height: 24px;width: 99.855%\">[08050000760] <strong>FUNDAMENTOS DE ENFERMAGEM I<\/strong>\u00a0&#8211; 119\u00a0horas<\/td>\n<\/tr>\n<tr style=\"height: 24px\">\n<td style=\"height: 24px;width: 99.855%\"><\/td>\n<\/tr>\n<tr style=\"height: 24px\">\n<td style=\"height: 24px;width: 99.855%\"><b>\u2022\u00a04\u00aa Per\u00edodo<\/b><\/td>\n<\/tr>\n<tr style=\"height: 24px\">\n<td style=\"height: 24px;width: 99.855%\"><\/td>\n<\/tr>\n<tr style=\"height: 24px\">\n<td style=\"height: 24px;width: 99.855%\">[08050000794] <strong>PARASITOLOGIA<\/strong>\u00a0&#8211; 68 horas<\/td>\n<\/tr>\n<tr style=\"height: 24px\">\n<td style=\"height: 24px;width: 99.855%\">[08050000778] <strong>FARMACOLOGIA I<\/strong>\u00a0&#8211; 68 horas<\/td>\n<\/tr>\n<tr style=\"height: 24px\">\n<td style=\"height: 24px;width: 99.855%\">[08050000786] <strong>PATOLOGIA GERAL<\/strong>\u00a0&#8211; 68 horas<\/td>\n<\/tr>\n<tr style=\"height: 24px\">\n<td style=\"height: 24px;width: 99.855%\">[08050000808]<strong> BIOESTAT\u00cdSTICA<\/strong>\u00a0&#8211; 68\u00a0horas<\/td>\n<\/tr>\n<tr style=\"height: 24px\">\n<td style=\"height: 24px;width: 99.855%\">[08050000816] <strong>FUNDAMENTOS DE ENFERMAGEM II<\/strong>\u00a0&#8211; 136\u00a0horas<\/td>\n<\/tr>\n<tr style=\"height: 24px\">\n<td style=\"height: 24px;width: 99.855%\">[08050000824] <strong>SISTEMATIZA\u00c7\u00c3O DA ASSIST\u00caNCIA DE ENFERMAGEM<\/strong>\u00a0&#8211; 85\u00a0horas<\/td>\n<\/tr>\n<tr style=\"height: 24px\">\n<td style=\"height: 24px;width: 99.855%\"><\/td>\n<\/tr>\n<tr style=\"height: 24px\">\n<td style=\"height: 24px;width: 99.855%\"><b>\u2022\u00a05\u00aa Per\u00edodo<\/b><\/td>\n<\/tr>\n<tr style=\"height: 24px\">\n<td style=\"height: 24px;width: 99.855%\"><\/td>\n<\/tr>\n<tr style=\"height: 24px\">\n<td style=\"height: 24px;width: 99.855%\">[08050000832] <strong>\u00c9TICA, BIO\u00c9TICA E LEGISLA\u00c7\u00c3O PROFISSIONAL<\/strong>\u00a0&#8211; 68 horas<\/td>\n<\/tr>\n<tr style=\"height: 24px\">\n<td style=\"height: 24px;width: 99.855%\">[08050000840] <strong>EPIDEMIOLOGIA<\/strong>\u00a0&#8211; 68 horas<\/td>\n<\/tr>\n<tr style=\"height: 24px\">\n<td style=\"height: 24px;width: 99.855%\">[08050000883] <strong>ENFERMAGEM EM ATEN\u00c7\u00c3O B\u00c1SICA \u00c0 SA\u00daDE I\u00a0<\/strong>&#8211; 119\u00a0horas<\/td>\n<\/tr>\n<tr style=\"height: 24px\">\n<td style=\"height: 24px;width: 99.855%\">[08050000875]<strong> EDUCA\u00c7\u00c3O EM SA\u00daDE<\/strong>\u00a0&#8211; 51\u00a0horas<\/td>\n<\/tr>\n<tr style=\"height: 24px\">\n<td style=\"height: 24px;width: 99.855%\">[08050000867] <strong>ENFERMAGEM EM DOEN\u00c7AS TRANSMISS\u00cdVEIS<\/strong>\u00a0&#8211; 68\u00a0horas<\/td>\n<\/tr>\n<tr style=\"height: 24px\">\n<td style=\"height: 24px;width: 99.855%\">[08050000859] <strong>FARMACOLOGIA II\u00a0<\/strong>&#8211; 68\u00a0horas<\/td>\n<\/tr>\n<tr style=\"height: 24px\">\n<td style=\"height: 24px;width: 99.855%\"><\/td>\n<\/tr>\n<tr style=\"height: 24px\">\n<td style=\"height: 24px;width: 99.855%\"><b>\u2022\u00a06\u00aa Per\u00edodo<\/b><\/td>\n<\/tr>\n<tr style=\"height: 24px\">\n<td style=\"height: 24px;width: 99.855%\"><\/td>\n<\/tr>\n<tr style=\"height: 24px\">\n<td style=\"height: 24px;width: 99.855%\">[08050000891] <strong>ENFERMAGEM NA SA\u00daDE DA MULHER<\/strong>\u00a0&#8211; 85\u00a0horas<\/td>\n<\/tr>\n<tr style=\"height: 24px\">\n<td style=\"height: 24px;width: 99.855%\">[08050000913] <strong>METODOLOGIA DA PESQUISA EM ENFERMAGEM I<\/strong>\u00a0&#8211; 51\u00a0horas<\/td>\n<\/tr>\n<tr style=\"height: 24px\">\n<td style=\"height: 24px;width: 99.855%\">[08050000619] <strong>ENFERMAGEM NA SA\u00daDE DA CRIAN\u00c7A E DO ADOLESCENTE<\/strong>\u00a0&#8211; 119\u00a0horas<\/td>\n<\/tr>\n<tr style=\"height: 24px\">\n<td style=\"height: 24px;width: 99.855%\">[08050000905] <strong>ENFERMAGEM EM SA\u00daDE MENTAL I<\/strong>\u00a0&#8211; 51\u00a0horas<\/td>\n<\/tr>\n<tr style=\"height: 24px\">\n<td style=\"height: 24px;width: 99.855%\"><\/td>\n<\/tr>\n<tr style=\"height: 24px\">\n<td style=\"height: 24px;width: 99.855%\"><b>\u2022\u00a07\u00aa Per\u00edodo<\/b><\/td>\n<\/tr>\n<tr style=\"height: 24px\">\n<td style=\"height: 24px;width: 99.855%\"><\/td>\n<\/tr>\n<tr style=\"height: 24px\">\n<td style=\"height: 24px;width: 99.855%\">[08050000948] <strong>ENFERMAGEM NA SA\u00daDE DA PESSOA IDOSA<\/strong>\u00a0&#8211; 51 horas<\/td>\n<\/tr>\n<tr style=\"height: 24px\">\n<td style=\"height: 24px;width: 99.855%\">[08050000930] <strong>ENFERMAGEM NA SA\u00daDE DA PESSOA ADULTA<\/strong>\u00a0&#8211; 119\u00a0horas<\/td>\n<\/tr>\n<tr style=\"height: 24px\">\n<td style=\"height: 24px;width: 99.855%\">[08050000921] <strong>ENFERMAGEM EM ATEN\u00c7\u00c3O B\u00c1SICA \u00c0 SA\u00daDE II<\/strong>\u00a0&#8211; 85\u00a0horas<\/td>\n<\/tr>\n<tr style=\"height: 24px\">\n<td style=\"height: 24px;width: 99.855%\">[08050000964] <strong>METODOLOGIA DA PESQUISA EM ENFERMAGEM II<\/strong>\u00a0&#8211; 51\u00a0horas<\/td>\n<\/tr>\n<tr style=\"height: 24px\">\n<td style=\"height: 24px;width: 99.855%\">[08050000956] <strong>ENFERMAGEM EM SA\u00daDE MENTAL II<\/strong>\u00a0&#8211; 68\u00a0horas<\/td>\n<\/tr>\n<tr style=\"height: 24px\">\n<td style=\"height: 24px;width: 99.855%\"><\/td>\n<\/tr>\n<tr style=\"height: 24px\">\n<td style=\"height: 24px;width: 99.855%\"><b>\u2022\u00a08\u00aa Per\u00edodo<\/b><\/td>\n<\/tr>\n<tr style=\"height: 24px\">\n<td style=\"height: 24px;width: 99.855%\"><\/td>\n<\/tr>\n<tr style=\"height: 24px\">\n<td style=\"height: 24px;width: 99.855%\">[08050000972] <strong>ENFERMAGEM NO CUIDADO AO PACIENTE CR\u00cdTICO<\/strong>\u00a0&#8211; 119 horas<\/td>\n<\/tr>\n<tr style=\"height: 24px\">\n<td style=\"height: 24px;width: 99.855%\">[08050000980] <strong>ENFERMAGEM PERIOPERAT\u00d3RIA<\/strong>\u00a0&#8211; 85\u00a0horas<\/td>\n<\/tr>\n<tr style=\"height: 24px\">\n<td style=\"height: 24px;width: 99.855%\">[08050000999] <strong>GERENCIAMENTO APLICADO \u00c0 ENFERMAGEM<\/strong>\u00a0&#8211; 102\u00a0horas<\/td>\n<\/tr>\n<tr style=\"height: 24px\">\n<td style=\"height: 24px;width: 99.855%\"><\/td>\n<\/tr>\n<tr style=\"height: 24px\">\n<td style=\"height: 24px;width: 99.855%\"><b>\u2022 9\u00aa Per\u00edodo<\/b><\/td>\n<\/tr>\n<tr style=\"height: 24px\">\n<td style=\"height: 24px;width: 99.855%\"><\/td>\n<\/tr>\n<tr style=\"height: 24px\">\n<td style=\"height: 24px;width: 99.855%\">[0805.000139-7] <strong>PESQUISA E ESCRITA CIENT\u00cdFICA<\/strong>\u00a0\u2013 34\u00a0horas<\/td>\n<\/tr>\n<tr style=\"height: 24px\">\n<td style=\"height: 24px;width: 99.855%\">[08050001006] <strong>EST\u00c1GIO CURRICULAR OBRIGAT\u00d3RIO I<\/strong>\u00a0\u2013 442\u00a0horas<\/td>\n<\/tr>\n<tr style=\"height: 24px\">\n<td style=\"height: 24px;width: 99.855%\"><\/td>\n<\/tr>\n<tr style=\"height: 24px\">\n<td style=\"height: 24px;width: 99.855%\"><b>\u2022 10\u00aa Per\u00edodo<\/b><\/td>\n<\/tr>\n<tr style=\"height: 24px\">\n<td style=\"height: 24px;width: 99.855%\"><\/td>\n<\/tr>\n<tr style=\"height: 24px\">\n<td style=\"height: 24px;width: 99.855%\">[08050001022]\u00a0<strong>EST\u00c1GIO CURRICULAR OBRIGAT\u00d3RIO II<\/strong>\u00a0\u2013 442 horas<\/td>\n<\/tr>\n<tr>\n<td style=\"width: 99.855%\">[08050001030]\u00a0<strong>TRABALHO DE CONCLUS\u00c3O DE CURSO I<\/strong>\u00a0\u2013 34\u00a0horas<\/td>\n<\/tr>\n<tr style=\"height: 24px\">\n<td style=\"height: 24px;width: 99.855%\"><\/td>\n<\/tr>\n<\/tbody>\n<\/table>\n<table style=\"height: 473px;width: 99.9274%\" border=\"0\" width=\"1376\" cellspacing=\"0\" cellpadding=\"0\">\n<tbody>\n<tr style=\"height: 24px\">\n<td style=\"height: 24px\"><\/td>\n<\/tr>\n<tr style=\"height: 65px\">\n<td style=\"height: 65px\">\n<h3><b>Disciplinas Complementares Oferecidas:\u00a0<\/b><\/h3>\n<\/td>\n<\/tr>\n<tr style=\"height: 24px\">\n<td style=\"height: 24px\">0805.000105-7 &#8211; A\u00c7\u00d5ES MULTIDISCIPLINARES NA PROMO\u00c7\u00c3O E PREVEN\u00c7\u00c3O \u00c0 SA\u00daDE -68 horas<\/td>\n<\/tr>\n<tr style=\"height: 24px\">\n<td style=\"height: 24px\">0805.000106-5 &#8211; ASPECTOS TE\u00d3RICOS\/FILOS\u00d3FICOS DO CUIDADO EM ENFERMAGEM-34 horas<\/td>\n<\/tr>\n<tr style=\"height: 24px\">\n<td style=\"height: 24px\">0805.000107-3 &#8211; ASSIST\u00caNCIA DE ENFERMAGEM NA ATEN\u00c7\u00c3O PRIM\u00c1RIA \u00c0 SA\u00daDE I-68\u00a0 horas<\/td>\n<\/tr>\n<tr style=\"height: 24px\">\n<td style=\"height: 24px\">0805.000108-1 &#8211; ASSIST\u00caNCIA DE ENFERMAGEM NA ATEN\u00c7\u00c3O PRIM\u00c1RIA \u00c0 SA\u00daDE II-68 horas<\/td>\n<\/tr>\n<tr style=\"height: 24px\">\n<td style=\"height: 24px\">0805.000109-0 &#8211; ASSIST\u00caNCIA DE ENFERMAGEM NO CONTEXTO HOSPITALAR I-68\u00a0 horas<\/td>\n<\/tr>\n<tr style=\"height: 24px\">\n<td style=\"height: 24px\">0805.000110-3 &#8211; ASSIST\u00caNCIA DE ENFERMAGEM NO CONTEXTO HOSPITALAR II-68 horas<\/td>\n<\/tr>\n<tr style=\"height: 24px\">\n<td style=\"height: 24px\">0805.000138-8 &#8211; DIFEREN\u00c7A, DIVERSIDADE E DIREITOS HUMANOS-68 horas<\/td>\n<\/tr>\n<tr style=\"height: 24px\">\n<td style=\"height: 24px\">0805.000136-0 &#8211; EDUCA\u00c7\u00c3O DAS RELA\u00c7\u00d5ES \u00c9TNICO-RACIAIS-51 horas<\/td>\n<\/tr>\n<tr style=\"height: 24px\">\n<td style=\"height: 24px\">0805.000046-8 &#8211; EDUCA\u00c7\u00c3O PARA SA\u00daDE SEXUAL E REPRODUTIVA-68 horas<\/td>\n<\/tr>\n<tr style=\"height: 24px\">\n<td style=\"height: 24px\">0803.000210-4 &#8211; EMPREENDEDORISMO-34 horas<\/td>\n<\/tr>\n<tr style=\"height: 24px\">\n<td style=\"height: 24px\">0805.000112-0 &#8211; ENFERMAGEM APLICADA \u00c0 SA\u00daDE DO TRABALHADOR-68\u00a0 horas<\/td>\n<\/tr>\n<tr style=\"height: 24px\">\n<td style=\"height: 24px\">0805.000047-6 &#8211; ENFERMAGEM E FAM\u00cdLIA-34\u00a0 horas<\/td>\n<\/tr>\n<tr style=\"height: 24px\">\n<td style=\"height: 24px\">0805.000113-8 &#8211; ENFERMAGEM E O DIREITO HUMANO \u00c0 SA\u00daDE-51\u00a0 horas<\/td>\n<\/tr>\n<tr style=\"height: 24px\">\n<td style=\"height: 24px\">0805.000111-1 &#8211; HIST\u00d3RIA DA \u00c1FRICA E CULTURA AFRO-BRASILEIRA-51 horas<\/td>\n<\/tr>\n<tr style=\"height: 24px\">\n<td style=\"height: 24px\">0801.000144-7 &#8211; HIST\u00d3RIA DA INF\u00c2NCIA-68 horas<\/td>\n<\/tr>\n<tr style=\"height: 24px\">\n<td style=\"height: 24px\">0801.000072-6 &#8211; HIST\u00d3RIA DA SA\u00daDE E DA SEXUALIDADE-68 horas<\/td>\n<\/tr>\n<tr style=\"height: 24px\">\n<td style=\"height: 24px\">0801.000167-6 &#8211; HIST\u00d3RIA DAS MULHERES E RELA\u00c7\u00d5ES DE G\u00caNERO-68 horas<\/td>\n<\/tr>\n<tr style=\"height: 24px\">\n<td style=\"height: 24px\">0801.000074-2 &#8211; HIST\u00d3RIA IND\u00cdGENA-68 horas<\/td>\n<\/tr>\n<tr style=\"height: 24px\">\n<td style=\"height: 24px\">0805.000051-4 &#8211; IMUNIZA\u00c7\u00c3O-51 horas<\/td>\n<\/tr>\n<tr style=\"height: 24px\">\n<td style=\"height: 24px\">0805.000052-2 &#8211; INTERPRETA\u00c7\u00c3O DE EXAMES LABORATORIAIS-34 horas<\/td>\n<\/tr>\n<tr style=\"height: 24px\">\n<td style=\"height: 11px\">0801.000079-3 &#8211; INTRODU\u00c7\u00c3O \u00c0 INFORM\u00c1TICA-68 horas<\/td>\n<\/tr>\n<tr style=\"height: 24px\">\n<td style=\"height: 24px\">0805.000053-0 &#8211; LIBRAS: L\u00cdNGUA BRASILEIRA DE SINAIS-68 horas<\/td>\n<\/tr>\n<tr style=\"height: 24px\">\n<td style=\"height: 24px\">0804.000056-2 &#8211; NUTRI\u00c7\u00c3O APLICADA \u00c0 ENFERMAGEM-51 horas<\/td>\n<\/tr>\n<tr style=\"height: 24px\">\n<td style=\"height: 24px\">0805.000114-6 &#8211; PESQUISA, EPIDEMIOLOGIA E BIOESTAT\u00cdSTICA APLICADA \u00c0 SA\u00daDE-51 horas<\/td>\n<\/tr>\n<tr style=\"height: 24px\">\n<td style=\"height: 24px\">0805.000054-9 &#8211; PR\u00c1TICAS INTEGRATIVAS E A ENFERMAGEM-34 horas<\/td>\n<\/tr>\n<tr style=\"height: 24px\">\n<td style=\"height: 24px\">0801.000168-4 &#8211; PRODU\u00c7\u00c3O DE TEXTOS-68 horas<\/td>\n<\/tr>\n<tr style=\"height: 24px\">\n<td style=\"height: 24px\">0805.000115-4 &#8211; PSICOLOGIA DA FAM\u00cdLIA-68 horas<\/td>\n<\/tr>\n<tr style=\"height: 24px\">\n<td style=\"height: 24px\">0805.000116-2 &#8211; RELACIONAMENTO INTERPESSOAL, COMUNICA\u00c7\u00c3O E LIDERAN\u00c7A-34 horas<\/td>\n<\/tr>\n<tr style=\"height: 24px\">\n<td style=\"height: 24px\">0805.000055-7 &#8211; SA\u00daDE DA CRIAN\u00c7A NA INSTITUI\u00c7\u00c3O DE EDUCA\u00c7\u00c3O INFANTIL-51 horas<\/td>\n<\/tr>\n<tr style=\"height: 24px\">\n<td style=\"height: 24px\">0805.000056-5 &#8211; SA\u00daDE MENTAL NA INF\u00c2NCIA E ADOLESC\u00caNCIA-34 horas<\/td>\n<\/tr>\n<tr style=\"height: 24px\">\n<td style=\"height: 24px\">0805.000117-0 &#8211; SEGURAN\u00c7A DO PACIENTE-68 horas<\/td>\n<\/tr>\n<tr style=\"height: 24px\">\n<td style=\"height: 24px\">0805.000118-9 &#8211; T\u00d3PICOS ESPECIAIS EM ATEN\u00c7\u00c3O INTEGRADA \u00c0S DOEN\u00c7AS EMERGENTES E PREVALENTES NO ESTADO DE MATO GROSSO DO SUL-51 horas<\/td>\n<\/tr>\n<\/tbody>\n<\/table>\n<p>&nbsp;<\/p>\n<hr \/>\n","protected":false},"excerpt":{"rendered":"<p>&nbsp; Disciplinas Obrigat\u00f3rias Oferecidas:\u00a0 \u2022\u00a01\u00aa Per\u00edodo [08050000638]\u00a0PSICOLOGIA APLICADA \u00c0 SA\u00daDE\u00a0&#8211; 51\u00a0horas [08050000620] METODOLOGIA CIENT\u00cdFICA\u00a0&#8211; 51\u00a0horas [08050000611] HIST\u00d3RIA DA ENFERMAGEM\u00a0&#8211; 51\u00a0horas [08050000603] SA\u00daDE E SOCIEDADE\u00a0&#8211; 34 horas [08050000590] CITOLOGIA\u00a0&#8211; 68\u00a0horas [08050000581] FISIOLOGIA HUMANA I\u00a0&#8211; 68\u00a0horas [08050000573] ANATOMIA HUMANA I\u00a0&#8211; 68\u00a0horas \u2022\u00a02\u00aa Per\u00edodo [08050000670] BIOQU\u00cdMICA\u00a0&#8211; 68\u00a0horas [08050000700] SA\u00daDE AMBIENTAL\u00a0&#8211; 51\u00a0horas [08050000697] BASES CONCEITUAIS DO SUS\u00a0&#8211; 85\u00a0horas [08050000689] [&hellip;]<\/p>\n","protected":false},"author":1481,"featured_media":0,"parent":574,"menu_order":0,"comment_status":"closed","ping_status":"open","template":"page-templates\/page-subcoordenadoria.php","meta":{"_eb_attr":"","ngg_post_thumbnail":0,"footnotes":""},"coauthors":[],"class_list":["post-1618","page","type-page","status-publish","hentry"],"_links":{"self":[{"href":"https:\/\/cpcx.ufms.br\/en\/wp-json\/wp\/v2\/pages\/1618","targetHints":{"allow":["GET"]}}],"collection":[{"href":"https:\/\/cpcx.ufms.br\/en\/wp-json\/wp\/v2\/pages"}],"about":[{"href":"https:\/\/cpcx.ufms.br\/en\/wp-json\/wp\/v2\/types\/page"}],"author":[{"embeddable":true,"href":"https:\/\/cpcx.ufms.br\/en\/wp-json\/wp\/v2\/users\/1481"}],"replies":[{"embeddable":true,"href":"https:\/\/cpcx.ufms.br\/en\/wp-json\/wp\/v2\/comments?post=1618"}],"version-history":[{"count":33,"href":"https:\/\/cpcx.ufms.br\/en\/wp-json\/wp\/v2\/pages\/1618\/revisions"}],"predecessor-version":[{"id":13109,"href":"https:\/\/cpcx.ufms.br\/en\/wp-json\/wp\/v2\/pages\/1618\/revisions\/13109"}],"up":[{"embeddable":true,"href":"https:\/\/cpcx.ufms.br\/en\/wp-json\/wp\/v2\/pages\/574"}],"wp:attachment":[{"href":"https:\/\/cpcx.ufms.br\/en\/wp-json\/wp\/v2\/media?parent=1618"}],"wp:term":[{"taxonomy":"author","embeddable":true,"href":"https:\/\/cpcx.ufms.br\/en\/wp-json\/wp\/v2\/coauthors?post=1618"}],"curies":[{"name":"wp","href":"https:\/\/api.w.org\/{rel}","templated":true}]}}