{"id":1790,"date":"2015-06-11T16:04:25","date_gmt":"2015-06-11T20:04:25","guid":{"rendered":"http:\/\/cpcx.draconis.ufms.br\/?page_id=1790"},"modified":"2025-10-03T12:10:18","modified_gmt":"2025-10-03T16:10:18","slug":"regulamentos","status":"publish","type":"page","link":"https:\/\/cpcx.ufms.br\/en\/sistemas-de-informacao\/regulamentos\/","title":{"rendered":"Regulamentos do Curso"},"content":{"rendered":"<h2><strong>Projeto Pedag\u00f3gico do Curso de Sistemas de Informa\u00e7\u00e3o CPCX<\/strong><\/h2>\n<p style=\"padding-left: 40px\"><a href=\"https:\/\/boletimoficial.ufms.br\/bse\/publicacao?id=474703\">RES COEG 666, de 30 de novembro de 2022. PCC Completo.<\/a><\/p>\n<h2><strong>Regulamento de Gradua\u00e7\u00e3o da UFMS<\/strong><\/h2>\n<ul>\n<li><strong><a href=\"https:\/\/boletimoficial.ufms.br\/bse\/publicacao?id=445057\">Regulamento dos Cursos de Gradua\u00e7\u00e3o da UFMS (Resolu\u00e7\u00e3o Cograd n\u00ba 430\/21);<\/a><\/strong>\n<ul>\n<li><a href=\"https:\/\/boletimoficial.ufms.br\/bse\/publicacao?id=518236\">RESOLU\u00c7\u00c3O N\u00ba 1.053-COGRAD\/2024:<\/a> Altera Resolu\u00e7\u00e3o n\u00ba 430\/21.<\/li>\n<li><a href=\"https:\/\/boletimoficial.ufms.br\/bse\/publicacao?id=564880\">RESOLU\u00c7\u00c3O N\u00ba 1.213-COGRAD\/2025<\/a>:Altera Resolu\u00e7\u00e3o n\u00ba 430\/21.<\/li>\n<\/ul>\n<\/li>\n<li><a href=\"https:\/\/boletimoficial.ufms.br\/bse\/publicacao?id=460873\" target=\"_blank\" rel=\"noopener\">RESOLU\u00c7\u00c3O N\u00ba 594-COGRAD\/2022<\/a>: Atividades Orientadas de Ensino (AOE).<\/li>\n<li><a href=\"https:\/\/boletimoficial.ufms.br\/bse\/publicacao?id=460874\" target=\"_blank\" rel=\"noopener\">RESOLU\u00c7\u00c3O N\u00ba 595-COGRAD\/2022:<\/a> Trabalho de Conclus\u00e3o de Curso (TCC).<\/li>\n<li><a href=\"https:\/\/boletimoficial.ufms.br\/bse\/publicacao?id=481502\" target=\"_blank\" rel=\"noopener\">RESOLU\u00c7\u00c3O N\u00ba 830-COGRAD\/2023:<\/a> Atividades Complementares (AC).<\/li>\n<li><a href=\"https:\/\/boletimoficial.ufms.br\/bse\/publicacao?id=427614\" target=\"_blank\" rel=\"noopener\">RESOLU\u00c7\u00c3O N\u00ba 304-COGRAD\/2021:<\/a> Atividades de Extens\u00e3o Curricular.<\/li>\n<li><a href=\"https:\/\/boletimoficial.ufms.br\/bse\/ato-conteudo-normativo?pid=562992\">RESOLU\u00c7\u00c3O N\u00ba 470-COEX\/2025<\/a>: Regulamenta as Atividades de Extens\u00e3o.<\/li>\n<li><a href=\"https:\/\/boletimoficial.ufms.br\/bse\/publicacao?id=476540\" target=\"_blank\" rel=\"noopener\">RESOLU\u00c7\u00c3O N\u00ba 706-COGRAD\/2022<\/a>\u00a0e <a href=\"https:\/\/boletimoficial.ufms.br\/bse\/publicacao?id=518235\" target=\"_blank\" rel=\"noopener\">RESOLU\u00c7\u00c3O N\u00ba 1.052-COGRAD\/2024<\/a>: Est\u00e1gio.<\/li>\n<li>Outros regulamentos veja em <a href=\"https:\/\/prograd.ufms.br\/legislacao\/legislacao-geral-graduacao\/\">https:\/\/prograd.ufms.br\/legislacao\/legislacao-geral-graduacao\/<\/a><\/li>\n<\/ul>\n","protected":false},"excerpt":{"rendered":"<p>Projeto Pedag\u00f3gico do Curso de Sistemas de Informa\u00e7\u00e3o CPCX RES COEG 666, de 30 de novembro de 2022. PCC Completo. Regulamento de Gradua\u00e7\u00e3o da UFMS Regulamento dos Cursos de Gradua\u00e7\u00e3o da UFMS (Resolu\u00e7\u00e3o Cograd n\u00ba 430\/21); RESOLU\u00c7\u00c3O N\u00ba 1.053-COGRAD\/2024: Altera Resolu\u00e7\u00e3o n\u00ba 430\/21. RESOLU\u00c7\u00c3O N\u00ba 1.213-COGRAD\/2025:Altera Resolu\u00e7\u00e3o n\u00ba 430\/21. RESOLU\u00c7\u00c3O N\u00ba 594-COGRAD\/2022: Atividades Orientadas de [&hellip;]<\/p>\n","protected":false},"author":1481,"featured_media":0,"parent":604,"menu_order":0,"comment_status":"closed","ping_status":"open","template":"page-templates\/page-coordenadorias.php","meta":{"_eb_attr":"","ngg_post_thumbnail":0,"footnotes":""},"coauthors":[129,118],"class_list":["post-1790","page","type-page","status-publish","hentry"],"_links":{"self":[{"href":"https:\/\/cpcx.ufms.br\/en\/wp-json\/wp\/v2\/pages\/1790","targetHints":{"allow":["GET"]}}],"collection":[{"href":"https:\/\/cpcx.ufms.br\/en\/wp-json\/wp\/v2\/pages"}],"about":[{"href":"https:\/\/cpcx.ufms.br\/en\/wp-json\/wp\/v2\/types\/page"}],"author":[{"embeddable":true,"href":"https:\/\/cpcx.ufms.br\/en\/wp-json\/wp\/v2\/users\/1481"}],"replies":[{"embeddable":true,"href":"https:\/\/cpcx.ufms.br\/en\/wp-json\/wp\/v2\/comments?post=1790"}],"version-history":[{"count":29,"href":"https:\/\/cpcx.ufms.br\/en\/wp-json\/wp\/v2\/pages\/1790\/revisions"}],"predecessor-version":[{"id":12603,"href":"https:\/\/cpcx.ufms.br\/en\/wp-json\/wp\/v2\/pages\/1790\/revisions\/12603"}],"up":[{"embeddable":true,"href":"https:\/\/cpcx.ufms.br\/en\/wp-json\/wp\/v2\/pages\/604"}],"wp:attachment":[{"href":"https:\/\/cpcx.ufms.br\/en\/wp-json\/wp\/v2\/media?parent=1790"}],"wp:term":[{"taxonomy":"author","embeddable":true,"href":"https:\/\/cpcx.ufms.br\/en\/wp-json\/wp\/v2\/coauthors?post=1790"}],"curies":[{"name":"wp","href":"https:\/\/api.w.org\/{rel}","templated":true}]}}