{"id":1980,"date":"2015-10-19T07:39:14","date_gmt":"2015-10-19T11:39:14","guid":{"rendered":"http:\/\/cpcx.draconis.ufms.br\/?page_id=1980"},"modified":"2025-10-07T22:54:15","modified_gmt":"2025-10-08T02:54:15","slug":"memorial-henrique-spengler","status":"publish","type":"page","link":"https:\/\/cpcx.ufms.br\/en\/memorial-henrique-spengler\/","title":{"rendered":"Memorial Henrique Espengler"},"content":{"rendered":"<p style=\"text-align: justify\" data-start=\"178\" data-end=\"551\">O <strong data-start=\"180\" data-end=\"210\">Memorial Henrique Spengler<\/strong> \u00e9 um espa\u00e7o de <strong data-start=\"226\" data-end=\"236\">guarda<\/strong> e de <strong data-start=\"242\" data-end=\"257\">conserva\u00e7\u00e3o<\/strong> das <strong data-start=\"262\" data-end=\"271\">obras<\/strong> e dos <strong data-start=\"278\" data-end=\"298\">objetos pessoais<\/strong> do <strong data-start=\"302\" data-end=\"348\">artista pl\u00e1stico Henrique de Melo Spengler<\/strong>, figura de expressiva atua\u00e7\u00e3o nas <strong data-start=\"383\" data-end=\"414\">esferas pol\u00edtica e cultural<\/strong> do estado, especialmente nas quest\u00f5es relacionadas \u00e0 <strong data-start=\"468\" data-end=\"513\">constru\u00e7\u00e3o identit\u00e1ria sul-mato-grossense<\/strong>, tema principal abordado em sua arte.<\/p>\n<p style=\"text-align: justify\" data-start=\"553\" data-end=\"1044\">As <strong data-start=\"556\" data-end=\"568\">gravuras<\/strong> e <strong data-start=\"571\" data-end=\"580\">telas<\/strong> produzidas por Spengler inspiram-se na <strong data-start=\"620\" data-end=\"643\">iconografia Kadiw\u00e9u<\/strong>, apresentando-se como uma <strong data-start=\"670\" data-end=\"683\">releitura<\/strong> dos seus <strong data-start=\"693\" data-end=\"716\">padr\u00f5es geom\u00e9tricos<\/strong> e <strong data-start=\"719\" data-end=\"731\">espirais<\/strong>, das <strong data-start=\"737\" data-end=\"758\">cores recorrentes<\/strong>, al\u00e9m de outros <strong data-start=\"775\" data-end=\"798\">elementos est\u00e9ticos<\/strong> que fazem refer\u00eancia ao <strong data-start=\"823\" data-end=\"845\">processo hist\u00f3rico<\/strong> desse grupo. Tais <strong data-start=\"864\" data-end=\"877\">ind\u00edgenas<\/strong> habitaram, e ainda habitam, a <strong data-start=\"908\" data-end=\"936\">regi\u00e3o de Porto Murtinho<\/strong>, a <strong data-start=\"940\" data-end=\"984\">sudoeste do estado de Mato Grosso do Sul<\/strong>, e os seus antepassados s\u00e3o chamados de <strong data-start=\"1025\" data-end=\"1043\">Mbay\u00e1-Guaicuru<\/strong>.<\/p>\n<p style=\"text-align: justify\" data-start=\"1046\" data-end=\"1705\">Tamb\u00e9m faz parte do <strong data-start=\"1066\" data-end=\"1096\">Memorial Henrique Spengler<\/strong> o <strong data-start=\"1099\" data-end=\"1135\">Centro de Documenta\u00e7\u00e3o Hist\u00f3rica<\/strong>, espa\u00e7o constitu\u00eddo pelo <strong data-start=\"1161\" data-end=\"1185\">acervo bibliogr\u00e1fico<\/strong> que pertencera a Henrique e pelos demais <strong data-start=\"1227\" data-end=\"1250\">materiais impressos<\/strong> relacionados \u00e0 sua <strong data-start=\"1270\" data-end=\"1301\">vida pessoal e profissional<\/strong>. Al\u00e9m de <strong data-start=\"1311\" data-end=\"1331\">artista pl\u00e1stico<\/strong>, era <strong data-start=\"1337\" data-end=\"1362\">professor de Hist\u00f3ria<\/strong> e foi <strong data-start=\"1369\" data-end=\"1409\">diretor da Divis\u00e3o Cultural de Coxim<\/strong>, ocasi\u00e3o em que organizou diversos eventos como a <strong data-start=\"1460\" data-end=\"1481\">Folia da Bandeira<\/strong>, os <strong data-start=\"1486\" data-end=\"1516\">tributos a Zacarias Mour\u00e3o<\/strong>, os <strong data-start=\"1521\" data-end=\"1534\">carnavais<\/strong>, as <strong data-start=\"1539\" data-end=\"1550\">moagens<\/strong>, as vers\u00f5es do <strong data-start=\"1566\" data-end=\"1615\">FORARTE (F\u00f3rum de Arte e de Cultura de Coxim)<\/strong>, o <strong data-start=\"1619\" data-end=\"1664\">Concurso Liter\u00e1rio Ot\u00e1vio Gon\u00e7alves Gomes<\/strong> e a <strong data-start=\"1669\" data-end=\"1689\">Rota das Mon\u00e7\u00f5es<\/strong>, dentre outros.<\/p>\n<p style=\"text-align: justify\" data-start=\"1707\" data-end=\"2203\">Tais <strong data-start=\"1712\" data-end=\"1725\">registros<\/strong> se tornaram <strong data-start=\"1738\" data-end=\"1759\">fontes hist\u00f3ricas<\/strong>, permitindo ao <strong data-start=\"1775\" data-end=\"1790\">pesquisador<\/strong> vislumbrar um <strong data-start=\"1805\" data-end=\"1826\">momento hist\u00f3rico<\/strong> e as <strong data-start=\"1832\" data-end=\"1852\">rela\u00e7\u00f5es sociais<\/strong> envolvidas, as <strong data-start=\"1868\" data-end=\"1881\">parcerias<\/strong>, os <strong data-start=\"1886\" data-end=\"1900\">interesses<\/strong> e os <strong data-start=\"1906\" data-end=\"1919\">conflitos<\/strong>. Nessa perspectiva, o <strong data-start=\"1942\" data-end=\"1972\">Memorial Henrique Spengler<\/strong> e o <strong data-start=\"1977\" data-end=\"2013\">Centro de Documenta\u00e7\u00e3o Hist\u00f3rica<\/strong> buscam um <strong data-start=\"2024\" data-end=\"2069\">di\u00e1logo frequente com a hist\u00f3ria de Coxim<\/strong>, pensando os <strong data-start=\"2083\" data-end=\"2121\">documentos que registram o passado<\/strong> a partir de <strong data-start=\"2134\" data-end=\"2156\">quest\u00f5es presentes<\/strong>, portanto, com um <strong data-start=\"2175\" data-end=\"2202\">sentido sempre renovado<\/strong>.<\/p>\n<hr>\n<p><strong>Texto<\/strong>: <em>Fernanda Santos<\/em><br \/>\n<strong>Servidora t\u00e9cnica Memorial Henrique Spengler<\/strong><br \/>\n<strong>Mestre em Hist\u00f3ria\/UFU<\/strong><\/p>\n<hr>\n<div class=\"panel-group\" id=\"custom-collapse-0\">\n<div class=\"panel panel-default\">\n\t\t\t\t<div class=\"panel-heading\">\n\t\t\t\t\t<h4 class=\"panel-title\">\n\t\t\t\t\t\t<a class=\"\" data-toggle=\"collapse\" data-parent=\"#custom-collapse-0\" href=\"#custom-collapse-0-0\">Hor\u00e1rios Destinados \u00e0 Visita\u00e7\u00e3o<\/a>\n\t\t\t\t\t<\/h4>\n\t\t\t\t<\/div>\n\t\t\t\t<div id=\"custom-collapse-0-0\" class=\"panel-collapse in\">\n\t\t\t\t\t<div class=\"panel-body\">\n<table style=\"border-collapse: collapse;width: 100%;height: 48px\">\n<tbody>\n<tr style=\"height: 48px\">\n<td style=\"width: 3.33333%;height: 48px\">&nbsp;<\/td>\n<td style=\"width: 46.6667%;text-align: center;height: 48px\"><strong><span style=\"font-size: 12pt\">Segunda \u00e0 Sexta-feira<\/span><\/strong><\/td>\n<td style=\"width: 46.2963%;text-align: center;height: 48px\"><span style=\"font-size: 12pt\"><strong>MANH\u00c3<\/strong>: 07:00 &#8211; 11:00<br \/>\n<strong>TARDE<\/strong>: 13:00 &#8211; 17:00<\/span><\/td>\n<td style=\"width: 3.7037%;height: 48px\">&nbsp;<\/td>\n<\/tr>\n<\/tbody>\n<\/table>\n<p>&nbsp;<\/p>\n<p style=\"text-align: justify\">Para visitas aos s\u00e1bados, domingos, feriados ou em per\u00edodos noturnos, \u00e9 necess\u00e1rio agendamento pr\u00e9vio.<\/p>\n<p>&nbsp;<\/p>\n<h4 style=\"text-align: center\"><strong><span style=\"color: #ffffff;font-size: 14pt\"><a class=\"btn btn-primary\" style=\"color: #ffffff\" title=\"Inscri\u00e7\u00f5es\" href=\"https:\/\/cpcx.ufms.br\/formulario-de-agendamento-memorial\" target=\"_blank\" rel=\"noopener\">Fa\u00e7a seu Agendamento<\/a><\/span><\/strong><\/h4>\n<p style=\"text-align: justify\"><\/div>\n\t\t\t\t<\/div>\n\t\t\t<\/div>\n<div class=\"panel panel-default\">\n\t\t\t\t<div class=\"panel-heading\">\n\t\t\t\t\t<h4 class=\"panel-title\">\n\t\t\t\t\t\t<a class=\"\" data-toggle=\"collapse\" data-parent=\"#custom-collapse-0\" href=\"#custom-collapse-0-1\">Informa\u00e7\u00f5es para Contato<\/a>\n\t\t\t\t\t<\/h4>\n\t\t\t\t<\/div>\n\t\t\t\t<div id=\"custom-collapse-0-1\" class=\"panel-collapse in\">\n\t\t\t\t\t<div class=\"panel-body\">\n<table style=\"border-collapse: collapse;width: 100%;height: 24px\">\n<tbody>\n<tr style=\"height: 24px\">\n<td style=\"width: 5.18515%;height: 24px\">&nbsp;<\/td>\n<td style=\"width: 88.8888%;height: 24px\">\n<p style=\"text-align: left\"><span style=\"font-family: georgia, palatino, serif;font-size: 12pt\"><strong>Endere\u00e7o<\/strong>: <\/span><span style=\"font-family: georgia, palatino, serif;font-size: 12pt\">Rua Jandira Cardeal Figueiredo n\u00ba 80 &#8211; Centro &#8211; Coxim\/MS<\/span><\/p>\n<p style=\"text-align: left\"><span style=\"font-family: georgia, palatino, serif;font-size: 12pt\"><strong>CEP<\/strong>: 79400-000<\/span><\/p>\n<p style=\"text-align: left\"><span style=\"font-family: georgia, palatino, serif;font-size: 12pt\"><strong>Telefone<\/strong>: (67) 3291-0202<\/span><\/p>\n<p style=\"text-align: left\"><span style=\"font-family: georgia, palatino, serif;font-size: 12pt\"><strong>E-mail<\/strong>: gab.cpcx@ufms.br<\/span><\/p>\n<p style=\"text-align: left\"><span style=\"font-family: georgia, palatino, serif;font-size: 12pt\"><strong>Localiza\u00e7\u00e3o<\/strong>: <a href=\"https:\/\/maps.app.goo.gl\/to3mwUY7CNctBPkU7\" target=\"_blank\" rel=\"noopener\">Google Maps<\/a><\/span><\/p>\n<\/td>\n<td style=\"width: 5.92589%;height: 24px\">&nbsp;<\/td>\n<\/tr>\n<\/tbody>\n<\/table>\n<p style=\"text-align: justify\"><\/div>\n\t\t\t\t<\/div>\n\t\t\t<\/div>\n<div class=\"panel panel-default\">\n\t\t\t\t<div class=\"panel-heading\">\n\t\t\t\t\t<h4 class=\"panel-title\">\n\t\t\t\t\t\t<a class=\"\" data-toggle=\"collapse\" data-parent=\"#custom-collapse-0\" href=\"#custom-collapse-0-2\">Visita Virtual<\/a>\n\t\t\t\t\t<\/h4>\n\t\t\t\t<\/div>\n\t\t\t\t<div id=\"custom-collapse-0-2\" class=\"panel-collapse in\">\n\t\t\t\t\t<div class=\"panel-body\">\n<p><img decoding=\"async\" class=\"aligncenter size-full wp-image-6396\" style=\"color: #0000ee\" src=\"https:\/\/cpcx.ufms.br\/files\/2020\/12\/WhatsApp-Image-2020-12-17-at-13.18.24-1.jpeg\" alt=\"\" width=\"258\" height=\"80\"><\/div>\n\t\t\t\t<\/div>\n\t\t\t<\/div>\n<\/div>\n","protected":false},"excerpt":{"rendered":"<p>O Memorial Henrique Spengler \u00e9 um espa\u00e7o de guarda e de conserva\u00e7\u00e3o das obras e dos objetos pessoais do artista pl\u00e1stico Henrique de Melo Spengler, figura de expressiva atua\u00e7\u00e3o nas esferas pol\u00edtica e cultural do estado, especialmente nas quest\u00f5es relacionadas \u00e0 constru\u00e7\u00e3o identit\u00e1ria sul-mato-grossense, tema principal abordado em sua arte. As gravuras e telas produzidas [&hellip;]<\/p>\n","protected":false},"author":2894,"featured_media":2733,"parent":0,"menu_order":0,"comment_status":"closed","ping_status":"closed","template":"page-templates\/page-coordenadorias.php","meta":{"_eb_attr":"","ngg_post_thumbnail":0,"footnotes":""},"coauthors":[122,116],"class_list":["post-1980","page","type-page","status-publish","has-post-thumbnail","hentry"],"_links":{"self":[{"href":"https:\/\/cpcx.ufms.br\/en\/wp-json\/wp\/v2\/pages\/1980","targetHints":{"allow":["GET"]}}],"collection":[{"href":"https:\/\/cpcx.ufms.br\/en\/wp-json\/wp\/v2\/pages"}],"about":[{"href":"https:\/\/cpcx.ufms.br\/en\/wp-json\/wp\/v2\/types\/page"}],"author":[{"embeddable":true,"href":"https:\/\/cpcx.ufms.br\/en\/wp-json\/wp\/v2\/users\/2894"}],"replies":[{"embeddable":true,"href":"https:\/\/cpcx.ufms.br\/en\/wp-json\/wp\/v2\/comments?post=1980"}],"version-history":[{"count":28,"href":"https:\/\/cpcx.ufms.br\/en\/wp-json\/wp\/v2\/pages\/1980\/revisions"}],"predecessor-version":[{"id":12633,"href":"https:\/\/cpcx.ufms.br\/en\/wp-json\/wp\/v2\/pages\/1980\/revisions\/12633"}],"wp:featuredmedia":[{"embeddable":true,"href":"https:\/\/cpcx.ufms.br\/en\/wp-json\/wp\/v2\/media\/2733"}],"wp:attachment":[{"href":"https:\/\/cpcx.ufms.br\/en\/wp-json\/wp\/v2\/media?parent=1980"}],"wp:term":[{"taxonomy":"author","embeddable":true,"href":"https:\/\/cpcx.ufms.br\/en\/wp-json\/wp\/v2\/coauthors?post=1980"}],"curies":[{"name":"wp","href":"https:\/\/api.w.org\/{rel}","templated":true}]}}