{"id":1987,"date":"2015-10-19T08:57:47","date_gmt":"2015-10-19T12:57:47","guid":{"rendered":"http:\/\/cpcx.draconis.ufms.br\/?page_id=1987"},"modified":"2025-10-07T15:24:10","modified_gmt":"2025-10-07T19:24:10","slug":"galeria-de-fotos","status":"publish","type":"page","link":"https:\/\/cpcx.ufms.br\/en\/memorial-henrique-spengler\/galeria-de-fotos\/","title":{"rendered":"Galeria de Fotos"},"content":{"rendered":"<div class=\"panel-group\" id=\"custom-collapse-0\">\n<div class=\"panel panel-default\">\n\t\t\t\t<div class=\"panel-heading\">\n\t\t\t\t\t<h4 class=\"panel-title\">\n\t\t\t\t\t\t<a class=\"\" data-toggle=\"collapse\" data-parent=\"#custom-collapse-0\" href=\"#custom-collapse-0-0\">Memorial Henrique Spengler<\/a>\n\t\t\t\t\t<\/h4>\n\t\t\t\t<\/div>\n\t\t\t\t<div id=\"custom-collapse-0-0\" class=\"panel-collapse in\">\n\t\t\t\t\t<div class=\"panel-body\">\n<p style=\"text-align: center\"><div id=\"metaslider-id-12637\" style=\"width: 100%;\" class=\"ml-slider-3-98-0 metaslider metaslider-flex metaslider-12637 ml-slider has-onhover-arrows has-dots-onhover-navigation ml-slider-lightbox-1-13-4 lightbox-disabled ms-theme-bitono\" role=\"region\" aria-roledescription=\"Slideshow\" aria-label=\"Memorial Henrique Spengler\" data-width=\"1024\">\n    <div id=\"metaslider_container_12637\">\n        <div id=\"metaslider_12637\">\n            <ul class='slides'>\n                <li style=\"display: block; width: 100%;\" class=\"slide-12653 ms-image \" aria-roledescription=\"slide\" aria-label=\"slide-12653\" data-date=\"2025-10-07 14:26:55\"><img fetchpriority=\"high\" decoding=\"async\" src=\"https:\/\/cpcx.ufms.br\/files\/2025\/10\/Sala-2.jpeg\" height=\"768\" width=\"1024\" alt=\"\" class=\"slider-12637 slide-12653\" title=\"Sala-2\" \/><div class=\"caption-wrap\"><div class=\"caption\"><div>Sala de Exposi\u00e7\u00e3o n\u00ba 2 - Objetos pessoais de Henrique Spengler, cer\u00e2micas Terena, quadros Adilson Scheiffer, obras de Henrique Spengler e outros.<\/div><\/div><\/div><\/li>\n                <li style=\"display: none; width: 100%;\" class=\"slide-12654 ms-image \" aria-roledescription=\"slide\" aria-label=\"slide-12654\" data-date=\"2025-10-07 14:26:55\"><img decoding=\"async\" src=\"https:\/\/cpcx.ufms.br\/files\/2025\/10\/Sala-3.jpeg\" height=\"768\" width=\"1024\" alt=\"\" class=\"slider-12637 slide-12654\" title=\"Sala-3\" \/><div class=\"caption-wrap\"><div class=\"caption\"><div>Sala de Exposi\u00e7\u00e3o n\u00ba 3 - Gravuras de Henrique Spengler a reiven\u00e7\u00e3o da arte ind\u00edgena kadiweu.<\/div><\/div><\/div><\/li>\n                <li style=\"display: none; width: 100%;\" class=\"slide-12655 ms-image \" aria-roledescription=\"slide\" aria-label=\"slide-12655\" data-date=\"2025-10-07 14:26:55\"><img decoding=\"async\" src=\"https:\/\/cpcx.ufms.br\/files\/2025\/10\/Sala-4.jpeg\" height=\"768\" width=\"1024\" alt=\"\" class=\"slider-12637 slide-12655\" title=\"Sala-4\" \/><div class=\"caption-wrap\"><div class=\"caption\"><div>Sala de Exposi\u00e7\u00e3o n\u00ba 3 - Gravuras de Henrique Spengler a reiven\u00e7\u00e3o da arte ind\u00edgena kadiweu.<\/div><\/div><\/div><\/li>\n                <li style=\"display: none; width: 100%;\" class=\"slide-12648 ms-image \" aria-roledescription=\"slide\" aria-label=\"slide-12648\" data-date=\"2025-10-07 14:26:54\"><img loading=\"lazy\" decoding=\"async\" src=\"https:\/\/cpcx.ufms.br\/files\/2025\/10\/IMG_2311-837x627.jpeg\" height=\"768\" width=\"1024\" alt=\"\" class=\"slider-12637 slide-12648\" title=\"IMG_2311\" \/><\/li>\n                <li style=\"display: none; width: 100%;\" class=\"slide-12649 ms-image \" aria-roledescription=\"slide\" aria-label=\"slide-12649\" data-date=\"2025-10-07 14:26:54\"><img loading=\"lazy\" decoding=\"async\" src=\"https:\/\/cpcx.ufms.br\/files\/2025\/10\/IMG_2312-785x588.jpeg\" height=\"768\" width=\"1024\" alt=\"\" class=\"slider-12637 slide-12649\" title=\"IMG_2312\" \/><\/li>\n                <li style=\"display: none; width: 100%;\" class=\"slide-12650 ms-image \" aria-roledescription=\"slide\" aria-label=\"slide-12650\" data-date=\"2025-10-07 14:26:55\"><img loading=\"lazy\" decoding=\"async\" src=\"https:\/\/cpcx.ufms.br\/files\/2025\/10\/IMG_2313-849x636.jpeg\" height=\"768\" width=\"1024\" alt=\"\" class=\"slider-12637 slide-12650\" title=\"IMG_2313\" \/><\/li>\n                <li style=\"display: none; width: 100%;\" class=\"slide-12651 ms-image \" aria-roledescription=\"slide\" aria-label=\"slide-12651\" data-date=\"2025-10-07 14:26:55\"><img loading=\"lazy\" decoding=\"async\" src=\"https:\/\/cpcx.ufms.br\/files\/2025\/10\/IMG_2325-896x672.jpeg\" height=\"768\" width=\"1024\" alt=\"\" class=\"slider-12637 slide-12651\" title=\"IMG_2325\" \/><\/li>\n                <li style=\"display: none; width: 100%;\" class=\"slide-12652 ms-image \" aria-roledescription=\"slide\" aria-label=\"slide-12652\" data-date=\"2025-10-07 14:26:55\"><img loading=\"lazy\" decoding=\"async\" src=\"https:\/\/cpcx.ufms.br\/files\/2025\/10\/IMG_2326-971x729.jpeg\" height=\"768\" width=\"1024\" alt=\"\" class=\"slider-12637 slide-12652\" title=\"IMG_2326\" \/><div class=\"caption-wrap\"><div class=\"caption\"><div>Representa\u00e7\u00e3o da bandeira do Brasil com as formas geom\u00e9tricas da arte ind\u00edgena Kadiweu.<\/div><\/div><\/div><\/li>\n                <li style=\"display: none; width: 100%;\" class=\"slide-12647 ms-image \" aria-roledescription=\"slide\" aria-label=\"slide-12647\" data-date=\"2025-10-07 14:26:54\"><img loading=\"lazy\" decoding=\"async\" src=\"https:\/\/cpcx.ufms.br\/files\/2025\/10\/Escultura-Cavaleiro-Goicuru-601x450.jpg\" height=\"768\" width=\"1024\" alt=\"\" class=\"slider-12637 slide-12647\" title=\"Escultura-Cavaleiro-Goicuru\" \/><div class=\"caption-wrap\"><div class=\"caption\"><div>Escultura Cavaleiro Goicuru<\/div><\/div><\/div><\/li>\n            <\/ul>\n        <\/div>\n        \n    <\/div>\n<\/div>\n<\/div>\n\t\t\t\t<\/div>\n\t\t\t<\/div>\n<div class=\"panel panel-default\">\n\t\t\t\t<div class=\"panel-heading\">\n\t\t\t\t\t<h4 class=\"panel-title\">\n\t\t\t\t\t\t<a class=\"\" data-toggle=\"collapse\" data-parent=\"#custom-collapse-0\" href=\"#custom-collapse-0-1\">Visita\u00e7\u00e3o das Escolas em 2023<\/a>\n\t\t\t\t\t<\/h4>\n\t\t\t\t<\/div>\n\t\t\t\t<div id=\"custom-collapse-0-1\" class=\"panel-collapse in\">\n\t\t\t\t\t<div class=\"panel-body\">\n<p style=\"text-align: center\"><div id=\"metaslider-id-12657\" style=\"width: 100%;\" class=\"ml-slider-3-98-0 metaslider metaslider-flex metaslider-12657 ml-slider ml-slider-lightbox-1-13-4 lightbox-disabled ms-theme-bitono has-dots-nav\" role=\"region\" aria-roledescription=\"Slideshow\" aria-label=\"Memorial Henrique Spengler - Visitas de Alunos em 2023\" data-width=\"1600\">\n    <div id=\"metaslider_container_12657\">\n        <div id=\"metaslider_12657\">\n            <ul class='slides'>\n                <li style=\"display: block; width: 100%;\" class=\"slide-12678 ms-image \" aria-roledescription=\"slide\" aria-label=\"slide-12678\" data-date=\"2025-10-07 14:58:45\"><img loading=\"lazy\" decoding=\"async\" src=\"https:\/\/cpcx.ufms.br\/files\/2025\/10\/WhatsApp-Image-2023-06-07-at-08.39.48-1204x906.jpeg\" height=\"1204\" width=\"1600\" alt=\"\" class=\"slider-12657 slide-12678\" title=\"WhatsApp-Image-2023-06-07-at-08.39.48\" \/><\/li>\n                <li style=\"display: none; width: 100%;\" class=\"slide-12679 ms-image \" aria-roledescription=\"slide\" aria-label=\"slide-12679\" data-date=\"2025-10-07 14:58:45\"><img loading=\"lazy\" decoding=\"async\" src=\"https:\/\/cpcx.ufms.br\/files\/2025\/10\/WhatsApp-Image-2023-06-07-at-08.39.48-3.jpeg\" height=\"1204\" width=\"1600\" alt=\"\" class=\"slider-12657 slide-12679\" title=\"WhatsApp-Image-2023-06-07-at-08.39.48-3\" \/><\/li>\n                <li style=\"display: none; width: 100%;\" class=\"slide-12680 ms-image \" aria-roledescription=\"slide\" aria-label=\"slide-12680\" data-date=\"2025-10-07 14:58:45\"><img loading=\"lazy\" decoding=\"async\" src=\"https:\/\/cpcx.ufms.br\/files\/2025\/10\/WhatsApp-Image-2023-06-07-at-08.39.49.jpeg\" height=\"1204\" width=\"1600\" alt=\"\" class=\"slider-12657 slide-12680\" title=\"WhatsApp-Image-2023-06-07-at-08.39.49\" \/><\/li>\n                <li style=\"display: none; width: 100%;\" class=\"slide-12681 ms-image \" aria-roledescription=\"slide\" aria-label=\"slide-12681\" data-date=\"2025-10-07 14:58:45\"><img loading=\"lazy\" decoding=\"async\" src=\"https:\/\/cpcx.ufms.br\/files\/2025\/10\/WhatsApp-Image-2023-06-07-at-08.39.49-1.jpeg\" height=\"1204\" width=\"1600\" alt=\"\" class=\"slider-12657 slide-12681\" title=\"WhatsApp-Image-2023-06-07-at-08.39.49-1\" \/><\/li>\n                <li style=\"display: none; width: 100%;\" class=\"slide-12682 ms-image \" aria-roledescription=\"slide\" aria-label=\"slide-12682\" data-date=\"2025-10-07 14:58:45\"><img loading=\"lazy\" decoding=\"async\" src=\"https:\/\/cpcx.ufms.br\/files\/2025\/10\/WhatsApp-Image-2023-06-07-at-08.39.49-2-1594x1200.jpeg\" height=\"1204\" width=\"1600\" alt=\"\" class=\"slider-12657 slide-12682\" title=\"WhatsApp-Image-2023-06-07-at-08.39.49-2\" \/><\/li>\n                <li style=\"display: none; width: 100%;\" class=\"slide-12683 ms-image \" aria-roledescription=\"slide\" aria-label=\"slide-12683\" data-date=\"2025-10-07 14:58:45\"><img loading=\"lazy\" decoding=\"async\" src=\"https:\/\/cpcx.ufms.br\/files\/2025\/10\/WhatsApp-Image-2023-06-07-at-08.39.49-3-1594x1200.jpeg\" height=\"1204\" width=\"1600\" alt=\"\" class=\"slider-12657 slide-12683\" title=\"WhatsApp-Image-2023-06-07-at-08.39.49-3\" \/><\/li>\n                <li style=\"display: none; width: 100%;\" class=\"slide-12684 ms-image \" aria-roledescription=\"slide\" aria-label=\"slide-12684\" data-date=\"2025-10-07 14:58:46\"><img loading=\"lazy\" decoding=\"async\" src=\"https:\/\/cpcx.ufms.br\/files\/2025\/10\/WhatsApp-Image-2023-06-07-at-08.39.50-1594x1200.jpeg\" height=\"1204\" width=\"1600\" alt=\"\" class=\"slider-12657 slide-12684\" title=\"WhatsApp-Image-2023-06-07-at-08.39.50\" \/><\/li>\n                <li style=\"display: none; width: 100%;\" class=\"slide-12702 ms-image \" aria-roledescription=\"slide\" aria-label=\"slide-12702\" data-date=\"2025-10-07 15:13:34\"><img loading=\"lazy\" decoding=\"async\" src=\"https:\/\/cpcx.ufms.br\/files\/2025\/10\/WhatsApp-Image-2023-06-07-at-08.39.50-1-1594x1200.jpeg\" height=\"1204\" width=\"1600\" alt=\"\" class=\"slider-12657 slide-12702\" title=\"WhatsApp-Image-2023-06-07-at-08.39.50-1\" \/><\/li>\n                <li style=\"display: none; width: 100%;\" class=\"slide-12685 ms-image \" aria-roledescription=\"slide\" aria-label=\"slide-12685\" data-date=\"2025-10-07 14:58:46\"><img loading=\"lazy\" decoding=\"async\" src=\"https:\/\/cpcx.ufms.br\/files\/2025\/10\/WhatsApp-Image-2023-06-07-at-08.39.50-2-1594x1200.jpeg\" height=\"1204\" width=\"1600\" alt=\"\" class=\"slider-12657 slide-12685\" title=\"WhatsApp-Image-2023-06-07-at-08.39.50-2\" \/><\/li>\n                <li style=\"display: none; width: 100%;\" class=\"slide-12686 ms-image \" aria-roledescription=\"slide\" aria-label=\"slide-12686\" data-date=\"2025-10-07 14:58:46\"><img loading=\"lazy\" decoding=\"async\" src=\"https:\/\/cpcx.ufms.br\/files\/2025\/10\/WhatsApp-Image-2023-06-07-at-08.39.50-3-1594x1200.jpeg\" height=\"1204\" width=\"1600\" alt=\"\" class=\"slider-12657 slide-12686\" title=\"WhatsApp-Image-2023-06-07-at-08.39.50-3\" \/><\/li>\n                <li style=\"display: none; width: 100%;\" class=\"slide-12687 ms-image \" aria-roledescription=\"slide\" aria-label=\"slide-12687\" data-date=\"2025-10-07 14:58:46\"><img loading=\"lazy\" decoding=\"async\" src=\"https:\/\/cpcx.ufms.br\/files\/2025\/10\/WhatsApp-Image-2023-06-07-at-08.39.51-1594x1200.jpeg\" height=\"1204\" width=\"1600\" alt=\"\" class=\"slider-12657 slide-12687\" title=\"WhatsApp-Image-2023-06-07-at-08.39.51\" \/><\/li>\n                <li style=\"display: none; width: 100%;\" class=\"slide-12688 ms-image \" aria-roledescription=\"slide\" aria-label=\"slide-12688\" data-date=\"2025-10-07 14:58:46\"><img loading=\"lazy\" decoding=\"async\" src=\"https:\/\/cpcx.ufms.br\/files\/2025\/10\/WhatsApp-Image-2023-06-07-at-08.39.51-1-1594x1200.jpeg\" height=\"1204\" width=\"1600\" alt=\"\" class=\"slider-12657 slide-12688\" title=\"WhatsApp-Image-2023-06-07-at-08.39.51-1\" \/><\/li>\n                <li style=\"display: none; width: 100%;\" class=\"slide-12689 ms-image \" aria-roledescription=\"slide\" aria-label=\"slide-12689\" data-date=\"2025-10-07 14:58:47\"><img loading=\"lazy\" decoding=\"async\" src=\"https:\/\/cpcx.ufms.br\/files\/2025\/10\/WhatsApp-Image-2023-06-07-at-08.39.51-3.jpeg\" height=\"1204\" width=\"1600\" alt=\"\" class=\"slider-12657 slide-12689\" title=\"WhatsApp-Image-2023-06-07-at-08.39.51-3\" \/><\/li>\n                <li style=\"display: none; width: 100%;\" class=\"slide-12690 ms-image \" aria-roledescription=\"slide\" aria-label=\"slide-12690\" data-date=\"2025-10-07 14:58:47\"><img loading=\"lazy\" decoding=\"async\" src=\"https:\/\/cpcx.ufms.br\/files\/2025\/10\/WhatsApp-Image-2023-06-07-at-08.39.52.jpeg\" height=\"1204\" width=\"1600\" alt=\"\" class=\"slider-12657 slide-12690\" title=\"WhatsApp-Image-2023-06-07-at-08.39.52\" \/><\/li>\n                <li style=\"display: none; width: 100%;\" class=\"slide-12691 ms-image \" aria-roledescription=\"slide\" aria-label=\"slide-12691\" data-date=\"2025-10-07 14:58:47\"><img loading=\"lazy\" decoding=\"async\" src=\"https:\/\/cpcx.ufms.br\/files\/2025\/10\/WhatsApp-Image-2023-06-07-at-08.39.52-1-1204x906.jpeg\" height=\"1204\" width=\"1600\" alt=\"\" class=\"slider-12657 slide-12691\" title=\"WhatsApp-Image-2023-06-07-at-08.39.52-1\" \/><\/li>\n                <li style=\"display: none; width: 100%;\" class=\"slide-12692 ms-image \" aria-roledescription=\"slide\" aria-label=\"slide-12692\" data-date=\"2025-10-07 14:58:47\"><img loading=\"lazy\" decoding=\"async\" src=\"https:\/\/cpcx.ufms.br\/files\/2025\/10\/WhatsApp-Image-2023-06-07-at-08.39.52-2.jpeg\" height=\"1204\" width=\"1600\" alt=\"\" class=\"slider-12657 slide-12692\" title=\"WhatsApp-Image-2023-06-07-at-08.39.52-2\" \/><\/li>\n                <li style=\"display: none; width: 100%;\" class=\"slide-12693 ms-image \" aria-roledescription=\"slide\" aria-label=\"slide-12693\" data-date=\"2025-10-07 14:58:47\"><img loading=\"lazy\" decoding=\"async\" src=\"https:\/\/cpcx.ufms.br\/files\/2025\/10\/WhatsApp-Image-2023-06-07-at-08.39.52-3.jpeg\" height=\"1204\" width=\"1600\" alt=\"\" class=\"slider-12657 slide-12693\" title=\"WhatsApp-Image-2023-06-07-at-08.39.52-3\" \/><\/li>\n                <li style=\"display: none; width: 100%;\" class=\"slide-12694 ms-image \" aria-roledescription=\"slide\" aria-label=\"slide-12694\" data-date=\"2025-10-07 14:58:48\"><img loading=\"lazy\" decoding=\"async\" src=\"https:\/\/cpcx.ufms.br\/files\/2025\/10\/WhatsApp-Image-2023-06-07-at-08.39.53.jpeg\" height=\"1204\" width=\"1600\" alt=\"\" class=\"slider-12657 slide-12694\" title=\"WhatsApp-Image-2023-06-07-at-08.39.53\" \/><\/li>\n                <li style=\"display: none; width: 100%;\" class=\"slide-12695 ms-image \" aria-roledescription=\"slide\" aria-label=\"slide-12695\" data-date=\"2025-10-07 14:58:48\"><img loading=\"lazy\" decoding=\"async\" src=\"https:\/\/cpcx.ufms.br\/files\/2025\/10\/WhatsApp-Image-2023-06-07-at-08.39.53-1.jpeg\" height=\"1204\" width=\"1600\" alt=\"\" class=\"slider-12657 slide-12695\" title=\"WhatsApp-Image-2023-06-07-at-08.39.53-1\" \/><\/li>\n                <li style=\"display: none; width: 100%;\" class=\"slide-12696 ms-image \" aria-roledescription=\"slide\" aria-label=\"slide-12696\" data-date=\"2025-10-07 14:58:48\"><img loading=\"lazy\" decoding=\"async\" src=\"https:\/\/cpcx.ufms.br\/files\/2025\/10\/WhatsApp-Image-2023-06-07-at-08.39.54.jpeg\" height=\"1204\" width=\"1600\" alt=\"\" class=\"slider-12657 slide-12696\" title=\"WhatsApp-Image-2023-06-07-at-08.39.54\" \/><\/li>\n                <li style=\"display: none; width: 100%;\" class=\"slide-12697 ms-image \" aria-roledescription=\"slide\" aria-label=\"slide-12697\" data-date=\"2025-10-07 14:58:48\"><img loading=\"lazy\" decoding=\"async\" src=\"https:\/\/cpcx.ufms.br\/files\/2025\/10\/WhatsApp-Image-2023-06-07-at-08.39.47.jpeg\" height=\"1204\" width=\"1600\" alt=\"\" class=\"slider-12657 slide-12697\" title=\"WhatsApp-Image-2023-06-07-at-08.39.47\" \/><\/li>\n                <li style=\"display: none; width: 100%;\" class=\"slide-12700 ms-image \" aria-roledescription=\"slide\" aria-label=\"slide-12700\" data-date=\"2025-10-07 15:04:55\"><img loading=\"lazy\" decoding=\"async\" src=\"https:\/\/cpcx.ufms.br\/files\/2025\/10\/Sala-21-756x568.jpeg\" height=\"1204\" width=\"1600\" alt=\"\" class=\"slider-12657 slide-12700\" title=\"Sala-21\" \/><\/li>\n            <\/ul>\n        <\/div>\n        \n    <\/div>\n<\/div>\n<\/div>\n\t\t\t\t<\/div>\n\t\t\t<\/div>\n<\/div>\n","protected":false},"excerpt":{"rendered":"","protected":false},"author":2894,"featured_media":12704,"parent":1980,"menu_order":0,"comment_status":"closed","ping_status":"closed","template":"page-templates\/page-coordenadorias.php","meta":{"_eb_attr":"","ngg_post_thumbnail":0,"footnotes":""},"coauthors":[122,116],"class_list":["post-1987","page","type-page","status-publish","has-post-thumbnail","hentry"],"_links":{"self":[{"href":"https:\/\/cpcx.ufms.br\/en\/wp-json\/wp\/v2\/pages\/1987","targetHints":{"allow":["GET"]}}],"collection":[{"href":"https:\/\/cpcx.ufms.br\/en\/wp-json\/wp\/v2\/pages"}],"about":[{"href":"https:\/\/cpcx.ufms.br\/en\/wp-json\/wp\/v2\/types\/page"}],"author":[{"embeddable":true,"href":"https:\/\/cpcx.ufms.br\/en\/wp-json\/wp\/v2\/users\/2894"}],"replies":[{"embeddable":true,"href":"https:\/\/cpcx.ufms.br\/en\/wp-json\/wp\/v2\/comments?post=1987"}],"version-history":[{"count":18,"href":"https:\/\/cpcx.ufms.br\/en\/wp-json\/wp\/v2\/pages\/1987\/revisions"}],"predecessor-version":[{"id":12705,"href":"https:\/\/cpcx.ufms.br\/en\/wp-json\/wp\/v2\/pages\/1987\/revisions\/12705"}],"up":[{"embeddable":true,"href":"https:\/\/cpcx.ufms.br\/en\/wp-json\/wp\/v2\/pages\/1980"}],"wp:featuredmedia":[{"embeddable":true,"href":"https:\/\/cpcx.ufms.br\/en\/wp-json\/wp\/v2\/media\/12704"}],"wp:attachment":[{"href":"https:\/\/cpcx.ufms.br\/en\/wp-json\/wp\/v2\/media?parent=1987"}],"wp:term":[{"taxonomy":"author","embeddable":true,"href":"https:\/\/cpcx.ufms.br\/en\/wp-json\/wp\/v2\/coauthors?post=1987"}],"curies":[{"name":"wp","href":"https:\/\/api.w.org\/{rel}","templated":true}]}}