{"id":2101,"date":"2015-11-19T09:34:03","date_gmt":"2015-11-19T13:34:03","guid":{"rendered":"http:\/\/cpcx.draconis.ufms.br\/?page_id=2101"},"modified":"2025-11-01T14:23:25","modified_gmt":"2025-11-01T18:23:25","slug":"manuais-de-trabalhos-academicos","status":"publish","type":"page","link":"https:\/\/cpcx.ufms.br\/en\/biblioteca\/manuais-de-trabalhos-academicos\/","title":{"rendered":"Manuais de Trabalhos Acad\u00eamicos"},"content":{"rendered":"<ul class=\"list-group\">\n<li   class=\"list-group-item\">\n<h5><a href=\"http:\/\/biblioteca.draconis.ufms.br\/2015\/07\/21\/manual-de-trabalhos-academicos-segundo-a-nbr-147242011\/\" target=\"_blank\" rel=\"noopener\"><strong>Manual de Trabalh<\/strong>os Acad\u00eamicos segundo NBR 14724\/2011<\/a><\/h5>\n<p>Elaborado pela Biblioteca Central segundo a NBR 14724\/2011 da Associa\u00e7\u00e3o Brasileira de Normas T\u00e9cnicas (ABNT).<\/p>\n<\/li>\n<li   class=\"list-group-item\">\n<h5><a href=\"http:\/\/biblioteca.draconis.ufms.br\/2015\/07\/23\/manual-de-citacoes-segundo-a-nbr-105202002\/\" target=\"_blank\" rel=\"noopener\">Manual de Cita\u00e7\u00f5es segundo a NBR 10520\/2002<\/a><\/h5>\n<p>Elaborado pela Biblioteca Central segundo a NBR 10520\/2002 da Associa\u00e7\u00e3o Brasileira de Normas T\u00e9cnicas (ABNT).<\/p>\n<\/li>\n<li   class=\"list-group-item\">\n<h5><a href=\"http:\/\/biblioteca.draconis.ufms.br\/2015\/07\/22\/manual-de-referencias-segundo-nbr-60232002\/\" target=\"_blank\" rel=\"noopener\">Manual de Refer\u00eancias segundo a NBR 6023\/2002<\/a><\/h5>\n<p>Elaborado pela Biblioteca Central segundo a NBR 6023\/2002 da Associa\u00e7\u00e3o Brasileira de Normas T\u00e9cnicas (ABNT).<\/p>\n<\/li>\n<\/ul>\n","protected":false},"excerpt":{"rendered":"","protected":false},"author":2894,"featured_media":0,"parent":480,"menu_order":0,"comment_status":"closed","ping_status":"closed","template":"page-templates\/page-coordenadorias.php","meta":{"_eb_attr":"","ngg_post_thumbnail":0,"footnotes":""},"coauthors":[122,116],"class_list":["post-2101","page","type-page","status-publish","hentry"],"_links":{"self":[{"href":"https:\/\/cpcx.ufms.br\/en\/wp-json\/wp\/v2\/pages\/2101","targetHints":{"allow":["GET"]}}],"collection":[{"href":"https:\/\/cpcx.ufms.br\/en\/wp-json\/wp\/v2\/pages"}],"about":[{"href":"https:\/\/cpcx.ufms.br\/en\/wp-json\/wp\/v2\/types\/page"}],"author":[{"embeddable":true,"href":"https:\/\/cpcx.ufms.br\/en\/wp-json\/wp\/v2\/users\/2894"}],"replies":[{"embeddable":true,"href":"https:\/\/cpcx.ufms.br\/en\/wp-json\/wp\/v2\/comments?post=2101"}],"version-history":[{"count":22,"href":"https:\/\/cpcx.ufms.br\/en\/wp-json\/wp\/v2\/pages\/2101\/revisions"}],"predecessor-version":[{"id":13106,"href":"https:\/\/cpcx.ufms.br\/en\/wp-json\/wp\/v2\/pages\/2101\/revisions\/13106"}],"up":[{"embeddable":true,"href":"https:\/\/cpcx.ufms.br\/en\/wp-json\/wp\/v2\/pages\/480"}],"wp:attachment":[{"href":"https:\/\/cpcx.ufms.br\/en\/wp-json\/wp\/v2\/media?parent=2101"}],"wp:term":[{"taxonomy":"author","embeddable":true,"href":"https:\/\/cpcx.ufms.br\/en\/wp-json\/wp\/v2\/coauthors?post=2101"}],"curies":[{"name":"wp","href":"https:\/\/api.w.org\/{rel}","templated":true}]}}