{"id":2156,"date":"2015-12-01T09:04:22","date_gmt":"2015-12-01T13:04:22","guid":{"rendered":"http:\/\/cpcx.draconis.ufms.br\/?page_id=2156"},"modified":"2025-09-24T09:52:55","modified_gmt":"2025-09-24T13:52:55","slug":"conselho-de-campus","status":"publish","type":"page","link":"https:\/\/cpcx.ufms.br\/en\/estrutura-organizacional\/conselho-de-campus\/","title":{"rendered":"Conselho de C\u00e2mpus"},"content":{"rendered":"<p style=\"text-align: justify\">Os Conselhos de Unidade das Unidades de Administra\u00e7\u00e3o Setorial s\u00e3o \u00f3rg\u00e3os colegiados com atribui\u00e7\u00f5es deliberativas e consultivas no \u00e2mbito acad\u00eamico e administrativo. Suas compet\u00eancias est\u00e3o definidas no <strong>Artigo 10 da Resolu\u00e7\u00e3o n\u00ba 78\/2011 \u2013 COUN, Regimento Geral da UFMS<\/strong>, e incluem:<\/p>\n<div class=\"panel-group\" id=\"custom-collapse-0\">\n<div class=\"panel panel-default\">\n\t\t\t\t<div class=\"panel-heading\">\n\t\t\t\t\t<h4 class=\"panel-title\">\n\t\t\t\t\t\t<a class=\"\" data-toggle=\"collapse\" data-parent=\"#custom-collapse-0\" href=\"#custom-collapse-0-0\">Compet\u00eancias<\/a>\n\t\t\t\t\t<\/h4>\n\t\t\t\t<\/div>\n\t\t\t\t<div id=\"custom-collapse-0-0\" class=\"panel-collapse in\">\n\t\t\t\t\t<div class=\"panel-body\">\n<ul class=\"list-group\">\n<li   class=\"list-group-item\">\n<strong>Deliberar<\/strong> sobre a utiliza\u00e7\u00e3o da dota\u00e7\u00e3o or\u00e7ament\u00e1ria da <strong>Unidade da Administra\u00e7\u00e3o Setorial<\/strong>, com base em seus <strong>planos e programas<\/strong>, nas <strong>diretrizes pol\u00edticas<\/strong> e nas <strong>prioridades<\/strong> estabelecidas no <strong>Plano de Desenvolvimento Institucional<\/strong><br \/>\n<\/li>\n<li   class=\"list-group-item\">\n<strong>Deliberar<\/strong> sobre os <strong>projetos pedag\u00f3gicos de curso<\/strong><br \/>\n<\/li>\n<li   class=\"list-group-item\">\n<strong>Deliberar<\/strong> sobre <strong>normas<\/strong> e <strong>a\u00e7\u00f5es<\/strong> necess\u00e1rias \u00e0 <strong>integra\u00e7\u00e3o<\/strong> dos <strong>colegiados de cursos<\/strong><br \/>\n<\/li>\n<li   class=\"list-group-item\">\n<strong>Opinar<\/strong>, para efeito de aprecia\u00e7\u00e3o da <strong>Reitoria<\/strong>, sobre:<\/p>\n<ol style=\"list-style-type: lower-alpha\">\n<li><strong>afastamento<\/strong> de <strong>Docente<\/strong> e <strong>T\u00e9cnico-Administrativo em Educa\u00e7\u00e3o<\/strong>, quando superior a trinta dias;<\/li>\n<li><strong>remo\u00e7\u00e3o, redistribui\u00e7\u00e3o e interc\u00e2mbio<\/strong> de pessoal <strong>Docente<\/strong> e <strong>T\u00e9cnico-Administrativo em Educa\u00e7\u00e3o<\/strong>; e<\/li>\n<li><strong>cria\u00e7\u00e3o de cursos<\/strong> na <strong>Unidade da Administra\u00e7\u00e3o Setorial<\/strong>;<\/li>\n<\/ol>\n<\/li>\n<li   class=\"list-group-item\">\n<strong>Deliberar<\/strong>, em primeira inst\u00e2ncia, sobre as <strong>propostas<\/strong> de <strong>reformula\u00e7\u00e3o<\/strong>, de <strong>desativa\u00e7\u00e3o<\/strong>, de <strong>extin\u00e7\u00e3o<\/strong> ou de <strong>suspens\u00e3o tempor\u00e1ria<\/strong> de oferecimento de <strong>curso<\/strong> ou de <strong>habilita\u00e7\u00e3o<\/strong><br \/>\n<\/li>\n<li   class=\"list-group-item\">\n<strong>Deliberar<\/strong>, em primeira inst\u00e2ncia, sobre o<strong> plano de capacita\u00e7\u00e3o<\/strong> dos <strong>servidores<\/strong> lotados na <strong>Unidade da Administra\u00e7\u00e3o Setorial<\/strong>, com base nas <strong>propostas<\/strong> apresentadas pela <strong>Dire\u00e7\u00e3o da Unidade<\/strong>, obedecidas \u00e0s <strong>diretrizes<\/strong> e \u00e0s <strong>prioridades<\/strong> estabelecidas no <strong>Plano de Desenvolvimento Institucional<\/strong>, encaminhando-o \u00e0s <strong>Pr\u00f3-Reitorias competentes<\/strong><br \/>\n<\/li>\n<li   class=\"list-group-item\">\n<strong>Aprovar<\/strong> a <strong>lista de oferta de disciplinas<\/strong> lotadas na Unidade<br \/>\n<\/li>\n<li   class=\"list-group-item\">\n<strong>Deliberar<\/strong>, a cada <strong>per\u00edodo letivo<\/strong>, sobre a <strong>ced\u00eancia de docentes<\/strong> para <strong>atividades de ensino<\/strong>, <strong>pesquisa<\/strong> e <strong>extens\u00e3o<\/strong>, em outras <strong>unidades da UFMS<\/strong><br \/>\n<\/li>\n<li   class=\"list-group-item\">\n<strong>Propor<\/strong> \u00e0 <strong>Pr\u00f3-Reitoria<\/strong> <strong>competente normas<\/strong> referentes \u00e0 <strong>organiza\u00e7\u00e3o<\/strong> e <strong>funcionamento<\/strong> de cursos<br \/>\n<\/li>\n<li   class=\"list-group-item\">\n<strong>Deliberar<\/strong>, em grau de <strong>recurso<\/strong>, sobre <strong>decis\u00f5es<\/strong> do <strong>Colegiado de Curso<\/strong><br \/>\n<\/li>\n<li   class=\"list-group-item\">\n<strong>Deliberar<\/strong> sobre a <strong>distribui\u00e7\u00e3o de encargos docentes<\/strong> da <strong>Unidade<\/strong>, correspondentes \u00e0s <strong>cargas hor\u00e1rias contratuais<\/strong><br \/>\n<\/li>\n<li   class=\"list-group-item\">\n<strong>Pronunciar-se<\/strong> sobre a <strong>contrata\u00e7\u00e3o<\/strong> de <strong>docentes<\/strong> n\u00e3o integrantes do <strong>quadro regular<\/strong> para a <strong>Unidade<\/strong><br \/>\n<\/li>\n<li   class=\"list-group-item\">\n<strong>Pronunciar-se<\/strong> sobre a <strong>participa\u00e7\u00e3o<\/strong> de <strong>profissionais<\/strong> n\u00e3o integrantes do <strong>quadro regular<\/strong>, em <strong>atividades acad\u00eamicas<\/strong> e <strong>administrativas<\/strong>, na <strong>Unidade<\/strong><br \/>\n<\/li>\n<li   class=\"list-group-item\">\n<strong>Constituir comiss\u00f5es<\/strong> para estudar <strong>assuntos de interesse<\/strong> da <strong>Unidade Setorial<\/strong><br \/>\n<\/li>\n<li   class=\"list-group-item\">\n<strong>Opinar<\/strong> sobre <strong>projetos de ensino<\/strong>, <strong>pesquisa<\/strong> e <strong>extens\u00e3o<\/strong><br \/>\n<\/li>\n<li   class=\"list-group-item\">\n<strong>Opinar<\/strong>, quando solicitado pela <strong>Pr\u00f3-Reitoria competente<\/strong>, sobre quest\u00f5es referentes \u00e0 <strong>matr\u00edcula<\/strong>, \u00e0 <strong>transfer\u00eancia<\/strong>, \u00e0 <strong>jubila\u00e7\u00e3o<\/strong> e \u00e0 <strong>revalida\u00e7\u00e3o de diplomas<\/strong><br \/>\n<\/li>\n<li   class=\"list-group-item\">\n<strong>Colaborar<\/strong> na <strong>elabora\u00e7\u00e3o<\/strong> dos <strong>Regimentos Unificados<\/strong> das <strong>Unidades da Administra\u00e7\u00e3o Setorial<\/strong> e dos <strong>Colegiados de Curso<\/strong><br \/>\n<\/li>\n<li   class=\"list-group-item\">\n<strong>Dar publicidade<\/strong> \u00e0 <strong>pauta<\/strong> de suas <strong>reuni\u00f5es<\/strong> e \u00e0s suas <strong>decis\u00f5es<\/strong><br \/>\n<\/li>\n<li   class=\"list-group-item\">\n<strong>Sugerir<\/strong> \u00e0 <strong>autoridade competente<\/strong> a <strong>destitui\u00e7\u00e3o<\/strong> do <strong>Diretor da Unidade<\/strong> e<br \/>\n<\/li>\n<li   class=\"list-group-item\">\n<strong>Criar comiss\u00f5es<\/strong> para estudar <strong>assuntos<\/strong> pertinentes ao <strong>ensino<\/strong>, \u00e0 <strong>pesquisa<\/strong> e \u00e0 <strong>extens\u00e3o<\/strong><br \/>\n<\/li>\n<\/ul>\n<\/div>\n\t\t\t\t<\/div>\n\t\t\t<\/div>\n<div class=\"panel panel-default\">\n\t\t\t\t<div class=\"panel-heading\">\n\t\t\t\t\t<h4 class=\"panel-title\">\n\t\t\t\t\t\t<a class=\"\" data-toggle=\"collapse\" data-parent=\"#custom-collapse-0\" href=\"#custom-collapse-0-1\">Composi\u00e7\u00e3o do Conselho de C\u00e2mpus - CPCX<\/a>\n\t\t\t\t\t<\/h4>\n\t\t\t\t<\/div>\n\t\t\t\t<div id=\"custom-collapse-0-1\" class=\"panel-collapse in\">\n\t\t\t\t\t<div class=\"panel-body\">\n<ul class=\"list-group\">\n<li   class=\"list-group-item\">\n<table style=\"border-collapse: collapse;width: 100%;height: 24px\">\n<tbody>\n<tr style=\"height: 24px\">\n<td style=\"width: 33.3333%;height: 24px\">\n<h3 style=\"text-align: center\">CONSELHEIRO(A)<\/h3>\n<\/td>\n<td style=\"width: 33.3333%;height: 24px\">\n<h3 style=\"text-align: center\">&nbsp;<\/h3>\n<\/td>\n<td style=\"width: 33.3333%;height: 24px\">\n<h3 style=\"text-align: center\">CARGO<\/h3>\n<\/td>\n<\/tr>\n<\/tbody>\n<\/table>\n<\/li>\n<li   class=\"list-group-item\">\n<table style=\"border-collapse: collapse;width: 100%;height: 19px\">\n<tbody>\n<tr style=\"height: 24px\">\n<td style=\"width: 33.3333%;height: 19px;text-align: center\"><b>Ana Patr\u00edcia Araujo Torquato Lopes<\/b><\/td>\n<td style=\"width: 33.3333%;height: 19px\">&nbsp;<\/td>\n<td style=\"width: 33.3333%;height: 19px\">\n<p style=\"text-align: center\">Coordenador(a) de Enfermagem<\/p>\n<\/td>\n<\/tr>\n<\/tbody>\n<\/table>\n<\/li>\n<li   class=\"list-group-item\">\n<table style=\"border-collapse: collapse;width: 100%;height: 19px\">\n<tbody>\n<tr style=\"height: 24px\">\n<td style=\"width: 33.3333%;height: 19px;text-align: center\"><b>D\u00e1rio Vaneli Junior<\/b><\/td>\n<td style=\"width: 33.3333%;height: 19px\">&nbsp;<\/td>\n<td style=\"width: 33.3333%;height: 19px\">\n<p style=\"text-align: center\">Coordenador(a) de Gest\u00e3o Acad\u00eamica<\/p>\n<\/td>\n<\/tr>\n<\/tbody>\n<\/table>\n<\/li>\n<li   class=\"list-group-item\">\n<table style=\"border-collapse: collapse;width: 100%;height: 19px\">\n<tbody>\n<tr style=\"height: 24px\">\n<td style=\"width: 33.3333%;height: 19px;text-align: center\"><b>Eliene Dias de Oliveira<\/b><\/td>\n<td style=\"width: 33.3333%;height: 19px\">&nbsp;<\/td>\n<td style=\"width: 33.3333%;height: 19px\">\n<p style=\"text-align: center\">Representante da ADUFMS<\/p>\n<\/td>\n<\/tr>\n<\/tbody>\n<\/table>\n<\/li>\n<li   class=\"list-group-item\">\n<table style=\"border-collapse: collapse;width: 100%;height: 19px\">\n<tbody>\n<tr style=\"height: 24px\">\n<td style=\"width: 33.3333%;height: 19px;text-align: center\"><b>Estelina Barroso de Oliveira<\/b><\/td>\n<td style=\"width: 33.3333%;height: 19px\">&nbsp;<\/td>\n<td style=\"width: 33.3333%;height: 19px\">\n<p style=\"text-align: center\">Representante discente da Gradua\u00e7\u00e3o<\/p>\n<\/td>\n<\/tr>\n<\/tbody>\n<\/table>\n<\/li>\n<li   class=\"list-group-item\">\n<table style=\"border-collapse: collapse;width: 100%;height: 19px\">\n<tbody>\n<tr style=\"height: 24px\">\n<td style=\"width: 33.3333%;height: 19px;text-align: center\"><b>Flavia Renata da Silva Zuque<\/b><\/td>\n<td style=\"width: 33.3333%;height: 19px\">&nbsp;<\/td>\n<td style=\"width: 33.3333%;height: 19px\">\n<p style=\"text-align: center\">Representante da Cl\u00ednica Escola de Enfermagem<\/p>\n<\/td>\n<\/tr>\n<\/tbody>\n<\/table>\n<\/li>\n<li   class=\"list-group-item\">\n<table style=\"border-collapse: collapse;width: 100%;height: 19px\">\n<tbody>\n<tr style=\"height: 24px\">\n<td style=\"width: 33.3333%;height: 19px;text-align: center\"><b>Fl\u00e1vio Celestino de Oliveira<\/b><\/td>\n<td style=\"width: 33.3333%;height: 19px\">&nbsp;<\/td>\n<td style=\"width: 33.3333%;height: 19px\">\n<p style=\"text-align: center\">Secret\u00e1rio(a) Administrativo(a) do CPCX<\/p>\n<\/td>\n<\/tr>\n<\/tbody>\n<\/table>\n<\/li>\n<li   class=\"list-group-item\">\n<table style=\"border-collapse: collapse;width: 100%;height: 19px\">\n<tbody>\n<tr style=\"height: 24px\">\n<td style=\"width: 33.3333%;height: 19px;text-align: center\"><b>Guilherme Sampiere Santinho<\/b><\/td>\n<td style=\"width: 33.3333%;height: 19px\">&nbsp;<\/td>\n<td style=\"width: 33.3333%;height: 19px\">\n<p style=\"text-align: center\">Coordenador(a) de Direito<\/p>\n<\/td>\n<\/tr>\n<\/tbody>\n<\/table>\n<\/li>\n<li   class=\"list-group-item\">\n<table style=\"border-collapse: collapse;width: 100%;height: 19px\">\n<tbody>\n<tr style=\"height: 24px\">\n<td style=\"width: 33.3333%;height: 19px;text-align: center\"><b>Jo\u00e3o Paulo Assun\u00e7\u00e3o Borges<\/b><\/td>\n<td style=\"width: 33.3333%;height: 19px\">&nbsp;<\/td>\n<td style=\"width: 33.3333%;height: 19px\">\n<p style=\"text-align: center\">Representante Docente Eleito(a)<\/p>\n<\/td>\n<\/tr>\n<\/tbody>\n<\/table>\n<\/li>\n<li   class=\"list-group-item\">\n<table style=\"border-collapse: collapse;width: 100%;height: 19px\">\n<tbody>\n<tr style=\"height: 24px\">\n<td style=\"width: 33.3333%;height: 19px;text-align: center\"><b>Kleber Kruger<\/b><\/td>\n<td style=\"width: 33.3333%;height: 19px\">&nbsp;<\/td>\n<td style=\"width: 33.3333%;height: 19px\">\n<p style=\"text-align: center\">Coordenador(a) de Sistemas de Informa\u00e7\u00e3o<\/p>\n<\/td>\n<\/tr>\n<\/tbody>\n<\/table>\n<\/li>\n<li   class=\"list-group-item\">\n<table style=\"border-collapse: collapse;width: 100%;height: 19px\">\n<tbody>\n<tr style=\"height: 24px\">\n<td style=\"width: 33.3333%;height: 19px;text-align: center\"><b>Muriel Fernanda de Lima<\/b><\/td>\n<td style=\"width: 33.3333%;height: 19px\">&nbsp;<\/td>\n<td style=\"width: 33.3333%;height: 19px\">\n<p style=\"text-align: center\">Representante Docente Eleito(a)<\/p>\n<\/td>\n<\/tr>\n<\/tbody>\n<\/table>\n<\/li>\n<li   class=\"list-group-item\">\n<table style=\"border-collapse: collapse;width: 100%;height: 19px\">\n<tbody>\n<tr style=\"height: 24px\">\n<td style=\"width: 33.3333%;height: 19px;text-align: center\"><b>Paulo Almeida da Silva<\/b><\/td>\n<td style=\"width: 33.3333%;height: 19px\">&nbsp;<\/td>\n<td style=\"width: 33.3333%;height: 19px\">\n<p style=\"text-align: center\">Representante T\u00e9cnico(a)-Administrativo(a)<\/p>\n<\/td>\n<\/tr>\n<\/tbody>\n<\/table>\n<\/li>\n<li   class=\"list-group-item\">\n<table style=\"border-collapse: collapse;width: 100%;height: 19px\">\n<tbody>\n<tr style=\"height: 24px\">\n<td style=\"width: 33.3333%;height: 19px;text-align: center\"><b>Tiago Andreotti e Silva<\/b><\/td>\n<td style=\"width: 33.3333%;height: 19px\">&nbsp;<\/td>\n<td style=\"width: 33.3333%;height: 19px\">\n<p style=\"text-align: center\">Representante do Escrit\u00f3rio Modelo de &#8230;<\/p>\n<\/td>\n<\/tr>\n<\/tbody>\n<\/table>\n<\/li>\n<li   class=\"list-group-item\">\n<table style=\"border-collapse: collapse;width: 100%;height: 19px\">\n<tbody>\n<tr style=\"height: 24px\">\n<td style=\"width: 33.3333%;height: 19px;text-align: center\"><b>Tiana Andreza Melo Antunes<\/b><\/td>\n<td style=\"width: 33.3333%;height: 19px\">&nbsp;<\/td>\n<td style=\"width: 33.3333%;height: 19px\">\n<p style=\"text-align: center\">Coordenador(a) de Letras<\/p>\n<\/td>\n<\/tr>\n<\/tbody>\n<\/table>\n<\/li>\n<\/ul><\/div>\n\t\t\t\t<\/div>\n\t\t\t<\/div>\n<\/div>\n","protected":false},"excerpt":{"rendered":"<p>Os Conselhos de Unidade das Unidades de Administra\u00e7\u00e3o Setorial s\u00e3o \u00f3rg\u00e3os colegiados com atribui\u00e7\u00f5es deliberativas e consultivas no \u00e2mbito acad\u00eamico e administrativo. Suas compet\u00eancias est\u00e3o definidas no Artigo 10 da Resolu\u00e7\u00e3o n\u00ba 78\/2011 \u2013 COUN, Regimento Geral da UFMS, e incluem:<\/p>\n","protected":false},"author":73247,"featured_media":0,"parent":2030,"menu_order":0,"comment_status":"closed","ping_status":"closed","template":"page-templates\/page-coordenadorias.php","meta":{"_eb_attr":"","ngg_post_thumbnail":0,"footnotes":""},"coauthors":[116],"class_list":["post-2156","page","type-page","status-publish","hentry"],"_links":{"self":[{"href":"https:\/\/cpcx.ufms.br\/en\/wp-json\/wp\/v2\/pages\/2156","targetHints":{"allow":["GET"]}}],"collection":[{"href":"https:\/\/cpcx.ufms.br\/en\/wp-json\/wp\/v2\/pages"}],"about":[{"href":"https:\/\/cpcx.ufms.br\/en\/wp-json\/wp\/v2\/types\/page"}],"author":[{"embeddable":true,"href":"https:\/\/cpcx.ufms.br\/en\/wp-json\/wp\/v2\/users\/73247"}],"replies":[{"embeddable":true,"href":"https:\/\/cpcx.ufms.br\/en\/wp-json\/wp\/v2\/comments?post=2156"}],"version-history":[{"count":19,"href":"https:\/\/cpcx.ufms.br\/en\/wp-json\/wp\/v2\/pages\/2156\/revisions"}],"predecessor-version":[{"id":12307,"href":"https:\/\/cpcx.ufms.br\/en\/wp-json\/wp\/v2\/pages\/2156\/revisions\/12307"}],"up":[{"embeddable":true,"href":"https:\/\/cpcx.ufms.br\/en\/wp-json\/wp\/v2\/pages\/2030"}],"wp:attachment":[{"href":"https:\/\/cpcx.ufms.br\/en\/wp-json\/wp\/v2\/media?parent=2156"}],"wp:term":[{"taxonomy":"author","embeddable":true,"href":"https:\/\/cpcx.ufms.br\/en\/wp-json\/wp\/v2\/coauthors?post=2156"}],"curies":[{"name":"wp","href":"https:\/\/api.w.org\/{rel}","templated":true}]}}