{"id":2276,"date":"2016-05-24T10:22:04","date_gmt":"2016-05-24T14:22:04","guid":{"rendered":"http:\/\/cpcx.draconis.ufms.br\/?page_id=2276"},"modified":"2025-11-01T14:20:40","modified_gmt":"2025-11-01T18:20:40","slug":"historico-do-memorial-henrique-spengler","status":"publish","type":"page","link":"https:\/\/cpcx.ufms.br\/en\/memorial-henrique-spengler\/historico-do-memorial-henrique-spengler\/","title":{"rendered":"Centro de Documenta\u00e7\u00e3o em Hist\u00f3ria do Memorial Henrique Spengler"},"content":{"rendered":"<p style=\"text-align: justify\">O Centro de Documenta\u00e7\u00e3o em Hist\u00f3ria do Memorial Henrique Spengler \u00e9 um espa\u00e7o de guarda e de preserva\u00e7\u00e3o do acervo impresso deixado pelo artista pl\u00e1stico. S\u00e3o cole\u00e7\u00f5es de livros, revistas, mapas, jornais, planejamentos de aulas, trabalhos e provas de alunos, material de campanha pol\u00edtica, cat\u00e1logos e folders de exposi\u00e7\u00f5es art\u00edsticas e eventos culturais. Al\u00e9m de registros audiovisuais como fitas cassetes e VHS.<\/p>\n<p style=\"text-align: justify\">O referido material vem sendo organizado pela t\u00e9cnica respons\u00e1vel pelo local de modo a viabilizar a pesquisa em diversas tem\u00e1ticas. Al\u00e9m de quest\u00f5es mais estreitamente ligadas \u00e0 trajet\u00f3ria (pessoal e profissional) de Henrique Spengler, o referido arquivo oferece subs\u00eddios para se investigar aspectos relacionados \u00e0 separa\u00e7\u00e3o do estado de Mato Grosso, o ensino de Hist\u00f3ria Regional de Mato Grosso do Sul, as pol\u00edticas culturais na cidade e na regi\u00e3o, bem como o processo de constru\u00e7\u00e3o de identidade(s) e os seus significados.<\/p>\n<p style=\"text-align: justify\">Os mais de seiscentos e setenta livros existentes no Centro de Documenta\u00e7\u00e3o est\u00e3o classificados em tem\u00e1ticas que facilitam a pesquisa acad\u00eamica, especialmente na \u00e1rea de Hist\u00f3ria. Assim, destacamos como categorias de livros: \u201cAspectos da Hist\u00f3ria do Brasil: historiografia e fontes\u201d; \u201cMato Grosso\u201d; \u201cMato Grosso do Sul\u201d; \u201cTem\u00e1tica Ind\u00edgena\u201d; \u201cHist\u00f3ria da Am\u00e9rica: historiografia e fontes\u201d e \u201cObras liter\u00e1rias\u201d, esta \u00faltima cont\u00e9m poemas, romances, contos, novelas, cr\u00f4nicas e pe\u00e7as teatrais. Tamb\u00e9m constitui o acervo bibliogr\u00e1fico livros sobre \u201cGeografia e Arqueologia\u201d, \u201cBiografias\u201d, \u201cGuerra do Paraguai\u201d, \u201cEduca\u00e7\u00e3o e Filosofia\u201d e outros.<\/p>\n<p style=\"text-align: justify\">Em rela\u00e7\u00e3o aos jornais, h\u00e1 um vasto n\u00famero de exemplares (desde a d\u00e9cada de 1970) do Jornal Correio do Estado, importante peri\u00f3dico de Campo Grande que ainda circula nos dias atuais. Diversos outros jornais est\u00e3o arquivados no Centro de Documenta\u00e7\u00e3o Hist\u00f3rica do Memorial, como o Correio do Pantanal, Farol do Pantanal, Jornal da Manh\u00e3, Jornal de Domingo, Folha de S\u00e3o Paulo, O Estado de S\u00e3o Paulo, Gazeta Pantanal e outros.<\/p>\n<p style=\"text-align: justify\">Constitui ainda esse acervo as correspond\u00eancias recebidas por Henrique Spengler, como cart\u00f5es de felicita\u00e7\u00f5es de Natal, Ano Novo e de anivers\u00e1rio e um grande volume de cartas escritas para Spengler, especialmente quando ele estudou nos Estados Unidos (Fresno\/Calif\u00f3rnia), em 1974. Enfim, s\u00e3o muitas as possibilidades para se transformar tais materiais em documenta\u00e7\u00e3o hist\u00f3rica&nbsp;<a href=\"#_ftn1\" name=\"_ftnref1\">[1]<\/a>, j\u00e1 que o antigo propriet\u00e1rio desse acervo parece ter tido um press\u00e1gio sobre a forma\u00e7\u00e3o futura de um arquivo em torno de sua hist\u00f3ria, pois Henrique guardou de forma abrangente e minusciosa um sem n\u00famero de <em>pistas, ind\u00edcios e sinais&nbsp;<\/em><a href=\"#_ftn2\" name=\"_ftnref2\">[2]<\/a> que permitem decifrar a sua pr\u00f3pria vida, mas tamb\u00e9m para se perceber mudan\u00e7as e perman\u00eancias em um campo hist\u00f3rico mais amplo.<\/p>\n<hr>\n<p style=\"text-align: justify\"><a href=\"#_ftnref1\" name=\"_ftn1\">[1]<\/a> <em>Michel de Certeau nomeou de estabelecimento das fontes ou redistribui\u00e7\u00e3o dos espa\u00e7os o processo que transforma os registros\/objetos, que tinham determinado uso, em outra coisa que, pelo seu novo funcionamento, constitui-se em material essencial (documenta\u00e7\u00e3o) para a pesquisa hist\u00f3rica, j\u00e1 que se operou uma redistribui\u00e7\u00e3o do espa\u00e7o atrav\u00e9s de t\u00e9cnicas transformadores. Cf: CERTEAU, Michel.&nbsp; <strong>A escrita da hist\u00f3ria<\/strong>. Rio de Janeiro: Forense Universit\u00e1ria, 2007.<\/em><\/p>\n<p style=\"text-align: justify\"><a href=\"#_ftnref2\" name=\"_ftn2\">[2]<\/a> <em>Fa\u00e7o alus\u00e3o ao procedimento metodol\u00f3gico defendido pelo italiano Carlo Ginzburg em rela\u00e7\u00e3o a constru\u00e7\u00e3o do conhecimento hist\u00f3rico, pensado, portanto, no di\u00e1logo com as fontes. O pesquisador deve seguir pistas e sinais que o levem a uma vers\u00e3o veross\u00edmil dos acontecimentos passados. Para saber mais, ver: GINZBURG, C. <strong>Mitos, emblemas, sinais<\/strong>. S\u00e3o Paulo: Companhia das Letras, 1989, p. 143-179.<\/em><\/p>\n<hr>\n<div class=\"panel panel-default\">\n\t\t\t\t<div class=\"panel-heading\">\n\t\t\t\t\t<h4 class=\"panel-title\">\n\t\t\t\t\t\t<a class=\"\" data-toggle=\"collapse\" data-parent=\"#single-collapse\" href=\"#single-collapse-0\">Respons\u00e1vel pelo Memorial Henrique Spengler\/UFMS<\/a>\n\t\t\t\t\t<\/h4>\n\t\t\t\t<\/div>\n\t\t\t\t<div id=\"single-collapse-0\" class=\"panel-collapse in\">\n\t\t\t\t\t<div class=\"panel-body\">\n<ul class=\"list-group\">\n<li   class=\"list-group-item\">\n<p><strong>Auxiliar administrativo<\/strong><\/p>\n<p>Paulo Almeida da Silva<\/p>\n<\/li>\n<li   class=\"list-group-item\">\n<strong>Contatos<\/strong><\/p>\n<ul>\n<li><strong>E-mail: <\/strong><em>memorialcoxim@gmail.com<\/em><\/li>\n<\/ul>\n<\/li>\n<\/ul>\n<\/div>\n\t\t\t\t<\/div>\n\t\t\t<\/div>\n","protected":false},"excerpt":{"rendered":"<p>O Centro de Documenta\u00e7\u00e3o em Hist\u00f3ria do Memorial Henrique Spengler \u00e9 um espa\u00e7o de guarda e de preserva\u00e7\u00e3o do acervo impresso deixado pelo artista pl\u00e1stico. S\u00e3o cole\u00e7\u00f5es de livros, revistas, mapas, jornais, planejamentos de aulas, trabalhos e provas de alunos, material de campanha pol\u00edtica, cat\u00e1logos e folders de exposi\u00e7\u00f5es art\u00edsticas e eventos culturais. Al\u00e9m de [&hellip;]<\/p>\n","protected":false},"author":2894,"featured_media":0,"parent":1980,"menu_order":0,"comment_status":"closed","ping_status":"closed","template":"page-templates\/page-coordenadorias.php","meta":{"_eb_attr":"","ngg_post_thumbnail":0,"footnotes":""},"coauthors":[122,116],"class_list":["post-2276","page","type-page","status-publish","hentry"],"_links":{"self":[{"href":"https:\/\/cpcx.ufms.br\/en\/wp-json\/wp\/v2\/pages\/2276","targetHints":{"allow":["GET"]}}],"collection":[{"href":"https:\/\/cpcx.ufms.br\/en\/wp-json\/wp\/v2\/pages"}],"about":[{"href":"https:\/\/cpcx.ufms.br\/en\/wp-json\/wp\/v2\/types\/page"}],"author":[{"embeddable":true,"href":"https:\/\/cpcx.ufms.br\/en\/wp-json\/wp\/v2\/users\/2894"}],"replies":[{"embeddable":true,"href":"https:\/\/cpcx.ufms.br\/en\/wp-json\/wp\/v2\/comments?post=2276"}],"version-history":[{"count":18,"href":"https:\/\/cpcx.ufms.br\/en\/wp-json\/wp\/v2\/pages\/2276\/revisions"}],"predecessor-version":[{"id":13100,"href":"https:\/\/cpcx.ufms.br\/en\/wp-json\/wp\/v2\/pages\/2276\/revisions\/13100"}],"up":[{"embeddable":true,"href":"https:\/\/cpcx.ufms.br\/en\/wp-json\/wp\/v2\/pages\/1980"}],"wp:attachment":[{"href":"https:\/\/cpcx.ufms.br\/en\/wp-json\/wp\/v2\/media?parent=2276"}],"wp:term":[{"taxonomy":"author","embeddable":true,"href":"https:\/\/cpcx.ufms.br\/en\/wp-json\/wp\/v2\/coauthors?post=2276"}],"curies":[{"name":"wp","href":"https:\/\/api.w.org\/{rel}","templated":true}]}}