{"id":2340,"date":"2016-05-05T15:25:56","date_gmt":"2016-05-05T19:25:56","guid":{"rendered":"http:\/\/cpcx.draconis.ufms.br\/?page_id=2340"},"modified":"2025-10-16T10:59:14","modified_gmt":"2025-10-16T14:59:14","slug":"historico-do-campus","status":"publish","type":"page","link":"https:\/\/cpcx.ufms.br\/en\/historico-do-campus\/","title":{"rendered":"C\u00e2mpus de Coxim"},"content":{"rendered":"<p style=\"text-align: justify\"><div class=\"panel panel-default\">\n\t\t\t\t<div class=\"panel-heading\">\n\t\t\t\t\t<h4 class=\"panel-title\">\n\t\t\t\t\t\t<a class=\"\" data-toggle=\"collapse\" data-parent=\"#single-collapse\" href=\"#single-collapse-0\">Inaugura\u00e7\u00e3o e Implanta\u00e7\u00e3o<\/a>\n\t\t\t\t\t<\/h4>\n\t\t\t\t<\/div>\n\t\t\t\t<div id=\"single-collapse-0\" class=\"panel-collapse in\">\n\t\t\t\t\t<div class=\"panel-body\">\nO Campus de Coxim caracteriza-se como jovem no cen\u00e1rio estadual, tendo sido inaugurado em <strong data-start=\"319\" data-end=\"343\">06 de agosto de 2001<\/strong>. Sua implanta\u00e7\u00e3o s\u00f3 foi poss\u00edvel por meio de uma parceria entre a <strong data-start=\"410\" data-end=\"434\">Prefeitura Municipal<\/strong> e a <strong data-start=\"439\" data-end=\"501\">Funda\u00e7\u00e3o Universidade Federal de Mato Grosso do Sul (UFMS)<\/strong>, formalizada pelo conv\u00eanio n\u00ba 072\/2001, assinado pelo ent\u00e3o Prefeito Municipal, <strong data-start=\"582\" data-end=\"606\">Oswaldo Mochi J\u00fanior<\/strong>.<br \/>\n<\/div>\n\t\t\t\t<\/div>\n\t\t\t<\/div>\n<div class=\"panel panel-default\">\n\t\t\t\t<div class=\"panel-heading\">\n\t\t\t\t\t<h4 class=\"panel-title\">\n\t\t\t\t\t\t<a class=\"\" data-toggle=\"collapse\" data-parent=\"#single-collapse\" href=\"#single-collapse-1\">Primeiros Cursos<\/a>\n\t\t\t\t\t<\/h4>\n\t\t\t\t<\/div>\n\t\t\t\t<div id=\"single-collapse-1\" class=\"panel-collapse in\">\n\t\t\t\t\t<div class=\"panel-body\">\n<p style=\"text-align: justify\" data-start=\"642\" data-end=\"687\">Os dois primeiros cursos implantados foram:<\/p>\n<ul style=\"text-align: justify\" data-start=\"688\" data-end=\"792\">\n<li data-start=\"688\" data-end=\"720\">\n<p data-start=\"690\" data-end=\"720\"><strong data-start=\"690\" data-end=\"718\">Licenciatura em Hist\u00f3ria<\/strong><\/p>\n<\/li>\n<li data-start=\"721\" data-end=\"792\">\n<p data-start=\"723\" data-end=\"792\"><strong data-start=\"723\" data-end=\"749\">Licenciatura em Letras<\/strong>, com habilita\u00e7\u00e3o em Portugu\u00eas e Espanhol<\/p>\n<\/li>\n<\/ul>\n<p style=\"text-align: justify\" data-start=\"794\" data-end=\"1063\">Foram abertas duas turmas em julho de 2001, cada uma com 50 vagas. As aulas tiveram in\u00edcio em <strong data-start=\"888\" data-end=\"912\">06 de agosto de 2001<\/strong>, acompanhadas de uma apresenta\u00e7\u00e3o e recep\u00e7\u00e3o aos alunos pela primeira dire\u00e7\u00e3o do campus, sob a coordena\u00e7\u00e3o da <strong data-start=\"1023\" data-end=\"1060\">Prof.\u00aa Dr.\u00aa Maria do Carmo Brazil<\/strong>.<\/p>\n<p style=\"text-align: justify\" data-start=\"794\" data-end=\"1063\"><\/div>\n\t\t\t\t<\/div>\n\t\t\t<\/div>\n<p style=\"text-align: justify\"><div class=\"panel panel-default\">\n\t\t\t\t<div class=\"panel-heading\">\n\t\t\t\t\t<h4 class=\"panel-title\">\n\t\t\t\t\t\t<a class=\"\" data-toggle=\"collapse\" data-parent=\"#single-collapse\" href=\"#single-collapse-2\">Expans\u00e3o Acad\u00eamica<\/a>\n\t\t\t\t\t<\/h4>\n\t\t\t\t<\/div>\n\t\t\t\t<div id=\"single-collapse-2\" class=\"panel-collapse in\">\n\t\t\t\t\t<div class=\"panel-body\">\nAinda em 2001 surgiu a ideia de implantar o curso de <strong data-start=\"1151\" data-end=\"1177\">Sistemas de Informa\u00e7\u00e3o<\/strong>, mas a UFMS n\u00e3o dispunha de recursos para montar o laborat\u00f3rio necess\u00e1rio.<br data-start=\"1252\" data-end=\"1255\">Diante disso, a <strong data-start=\"1271\" data-end=\"1295\">Prefeitura Municipal<\/strong> e a <strong data-start=\"1300\" data-end=\"1329\">C\u00e2mara Municipal de Coxim<\/strong> assumiram o compromisso de financiar o laborat\u00f3rio.<br data-start=\"1381\" data-end=\"1384\">O projeto foi elaborado, votado e aprovado, viabilizando a implanta\u00e7\u00e3o do curso de <strong data-start=\"1467\" data-end=\"1508\">Bacharelado em Sistemas de Informa\u00e7\u00e3o<\/strong>, em <strong data-start=\"1513\" data-end=\"1531\">agosto de 2002<\/strong>, com 40 vagas.<br data-start=\"1546\" data-end=\"1549\">O <strong data-start=\"1551\" data-end=\"1581\">Laborat\u00f3rio de Inform\u00e1tica<\/strong> foi inaugurado em <strong data-start=\"1600\" data-end=\"1623\">07 de mar\u00e7o de 2003<\/strong>.<br \/>\n<\/div>\n\t\t\t\t<\/div>\n\t\t\t<\/div>\n<p style=\"text-align: justify\"><div class=\"panel panel-default\">\n\t\t\t\t<div class=\"panel-heading\">\n\t\t\t\t\t<h4 class=\"panel-title\">\n\t\t\t\t\t\t<a class=\"\" data-toggle=\"collapse\" data-parent=\"#single-collapse\" href=\"#single-collapse-3\">Instala\u00e7\u00f5es e Sede<\/a>\n\t\t\t\t\t<\/h4>\n\t\t\t\t<\/div>\n\t\t\t\t<div id=\"single-collapse-3\" class=\"panel-collapse in\">\n\t\t\t\t\t<div class=\"panel-body\">\nNa cria\u00e7\u00e3o, o Campus ainda n\u00e3o possu\u00eda sede pr\u00f3pria, funcionando no pr\u00e9dio da <strong data-start=\"1739\" data-end=\"1774\">Escola Estadual Silvio Ferreira<\/strong>, no centro da cidade.<br data-start=\"1796\" data-end=\"1799\">Em 2003, mudou-se para a <strong data-start=\"1824\" data-end=\"1850\">Escola William Tavares<\/strong>, no distrito de Silviol\u00e2ndia, onde permaneceu at\u00e9 junho de 2007.<br data-start=\"1915\" data-end=\"1918\">A sede atual foi inaugurada em <strong data-start=\"1949\" data-end=\"1973\">02 de agosto de 2007<\/strong>, localizada na <strong data-start=\"1989\" data-end=\"2063\">Avenida M\u00e1rcio de Lima Nantes, S\/N, Vila da Barra, Estrada do Pantanal<\/strong>.<br \/>\n<\/div>\n\t\t\t\t<\/div>\n\t\t\t<\/div>\n<div class=\"panel panel-default\">\n\t\t\t\t<div class=\"panel-heading\">\n\t\t\t\t\t<h4 class=\"panel-title\">\n\t\t\t\t\t\t<a class=\"\" data-toggle=\"collapse\" data-parent=\"#single-collapse\" href=\"#single-collapse-4\">Papel Regional<\/a>\n\t\t\t\t\t<\/h4>\n\t\t\t\t<\/div>\n\t\t\t\t<div id=\"single-collapse-4\" class=\"panel-collapse in\">\n\t\t\t\t\t<div class=\"panel-body\">\n<p data-start=\"2097\" data-end=\"2249\">Desde sua implanta\u00e7\u00e3o, o <strong data-start=\"2122\" data-end=\"2130\">CPCX<\/strong> tem cumprido um papel fundamental na educa\u00e7\u00e3o superior do norte do Estado, atendendo majoritariamente estudantes de:<\/p>\n<p data-start=\"2097\" data-end=\"2249\"><ul class=\"list-group\">\n<li   class=\"list-group-item\">\nCoxim<br \/>\n<\/li>\n<li   class=\"list-group-item\">\nAlcin\u00f3polis<br \/>\n<\/li>\n<li   class=\"list-group-item\">\nPedro Gomes<br \/>\n<\/li><li   class=\"list-group-item\">\nRio Verde<br \/>\n<\/li><li   class=\"list-group-item\">\nSonora<br \/>\n<\/li>\n<\/ul>\n<p data-start=\"2318\" data-end=\"2389\">Na regi\u00e3o, apenas tr\u00eas institui\u00e7\u00f5es oferecem ensino superior p\u00fablico:<\/p>\n<p data-start=\"2318\" data-end=\"2389\"><ul class=\"list-group\">\n<li   class=\"list-group-item\">\nUFMS (Universidade Federal de Mato Grosso do Sul)<br \/>\n<\/li>\n<li   class=\"list-group-item\">\nUEMS (Universidade Estadual de Mato Grosso do Sul)<br \/>\n<\/li>\n<li   class=\"list-group-item\">\nIFMS (Instituto Federal de Educa\u00e7\u00e3o, Ci\u00eancia e Tecnologia de Mato Grosso do Sul)<br \/>\n<\/li>\n<\/ul>\n<p data-start=\"2318\" data-end=\"2389\"><\/div>\n\t\t\t\t<\/div>\n\t\t\t<\/div>\n<p style=\"text-align: justify\"><div class=\"panel panel-default\">\n\t\t\t\t<div class=\"panel-heading\">\n\t\t\t\t\t<h4 class=\"panel-title\">\n\t\t\t\t\t\t<a class=\"\" data-toggle=\"collapse\" data-parent=\"#single-collapse\" href=\"#single-collapse-5\">Miss\u00e3o<\/a>\n\t\t\t\t\t<\/h4>\n\t\t\t\t<\/div>\n\t\t\t\t<div id=\"single-collapse-5\" class=\"panel-collapse in\">\n\t\t\t\t\t<div class=\"panel-body\">\nO Campus de Coxim da UFMS tem como miss\u00e3o contribuir para o <strong data-start=\"2599\" data-end=\"2669\">desenvolvimento cient\u00edfico, tecnol\u00f3gico, cultural e social do pa\u00eds<\/strong>, formando profissionais qualificados, com \u00e9tica e responsabilidade social.<br data-start=\"2744\" data-end=\"2747\">Seu compromisso \u00e9 garantir o acesso da popula\u00e7\u00e3o a um ensino de qualidade, integrado \u00e0 pesquisa, extens\u00e3o e forma\u00e7\u00e3o continuada, valorizando a <strong data-start=\"2890\" data-end=\"2921\">descentraliza\u00e7\u00e3o geogr\u00e1fica<\/strong>, a <strong data-start=\"2925\" data-end=\"2944\">inclus\u00e3o social<\/strong> e a constru\u00e7\u00e3o de uma sociedade mais justa, humana e igualit\u00e1ria.<br \/>\n<\/div>\n\t\t\t\t<\/div>\n\t\t\t<\/div>\n","protected":false},"excerpt":{"rendered":"","protected":false},"author":60,"featured_media":12121,"parent":0,"menu_order":0,"comment_status":"closed","ping_status":"closed","template":"page-templates\/page-coordenadorias.php","meta":{"_eb_attr":"","ngg_post_thumbnail":0,"footnotes":""},"coauthors":[133,116],"class_list":["post-2340","page","type-page","status-publish","has-post-thumbnail","hentry"],"_links":{"self":[{"href":"https:\/\/cpcx.ufms.br\/en\/wp-json\/wp\/v2\/pages\/2340","targetHints":{"allow":["GET"]}}],"collection":[{"href":"https:\/\/cpcx.ufms.br\/en\/wp-json\/wp\/v2\/pages"}],"about":[{"href":"https:\/\/cpcx.ufms.br\/en\/wp-json\/wp\/v2\/types\/page"}],"author":[{"embeddable":true,"href":"https:\/\/cpcx.ufms.br\/en\/wp-json\/wp\/v2\/users\/60"}],"replies":[{"embeddable":true,"href":"https:\/\/cpcx.ufms.br\/en\/wp-json\/wp\/v2\/comments?post=2340"}],"version-history":[{"count":13,"href":"https:\/\/cpcx.ufms.br\/en\/wp-json\/wp\/v2\/pages\/2340\/revisions"}],"predecessor-version":[{"id":12116,"href":"https:\/\/cpcx.ufms.br\/en\/wp-json\/wp\/v2\/pages\/2340\/revisions\/12116"}],"wp:featuredmedia":[{"embeddable":true,"href":"https:\/\/cpcx.ufms.br\/en\/wp-json\/wp\/v2\/media\/12121"}],"wp:attachment":[{"href":"https:\/\/cpcx.ufms.br\/en\/wp-json\/wp\/v2\/media?parent=2340"}],"wp:term":[{"taxonomy":"author","embeddable":true,"href":"https:\/\/cpcx.ufms.br\/en\/wp-json\/wp\/v2\/coauthors?post=2340"}],"curies":[{"name":"wp","href":"https:\/\/api.w.org\/{rel}","templated":true}]}}