{"id":2373,"date":"2016-05-10T08:14:37","date_gmt":"2016-05-10T12:14:37","guid":{"rendered":"http:\/\/cpcx.draconis.ufms.br\/?page_id=2373"},"modified":"2025-10-24T14:33:18","modified_gmt":"2025-10-24T18:33:18","slug":"agendamento-de-transporte-oficial","status":"publish","type":"page","link":"https:\/\/cpcx.ufms.br\/en\/reserva-de-recursos\/agendamento-de-transporte-oficial\/","title":{"rendered":"Agendamento de Transporte Oficial"},"content":{"rendered":"<p style=\"text-align: justify\" data-start=\"484\" data-end=\"738\">A p\u00e1gina de <strong data-start=\"496\" data-end=\"528\">Agendamento do Carro Oficial<\/strong> tem por objetivo facilitar a solicita\u00e7\u00e3o do ve\u00edculo institucional para <strong data-start=\"600\" data-end=\"635\">atividades de interesse da UFMS<\/strong>, como deslocamentos a eventos, reuni\u00f5es, visitas t\u00e9cnicas, cursos, ou demais demandas administrativas.<\/p>\n<p style=\"text-align: justify\" data-start=\"740\" data-end=\"1078\">O agendamento deve ser feito com <strong data-start=\"773\" data-end=\"819\">anteced\u00eancia m\u00ednima de 7 (sete) dias \u00fateis<\/strong>, considerando a disponibilidade do ve\u00edculo e do motorista respons\u00e1vel.<br data-start=\"890\" data-end=\"893\">Todos os pedidos passam por <strong data-start=\"921\" data-end=\"967\">an\u00e1lise e autoriza\u00e7\u00e3o da Dire\u00e7\u00e3o do C\u00e2mpus<\/strong>, podendo ser indeferidos caso haja conflito de hor\u00e1rios, prioridade institucional ou falta de disponibilidade.<\/p>\n<table style=\"border-collapse: collapse;width: 100%;height: 72px\">\n<tbody>\n<tr style=\"height: 24px\">\n<td style=\"width: 11.189%;height: 24px\">&nbsp;<\/td>\n<td style=\"width: 79.0247%;text-align: center;height: 24px\">&nbsp;<\/td>\n<td style=\"width: 9.78621%;height: 24px\">&nbsp;<\/td>\n<\/tr>\n<tr style=\"height: 24px\">\n<td style=\"width: 11.189%;height: 24px\">&nbsp;<\/td>\n<td style=\"width: 79.0247%;text-align: center;height: 24px\"><div class=\"simcal-calendar simcal-default-calendar simcal-default-calendar-grid simcal-default-calendar-light\" data-calendar-id=\"2396\" data-timezone=\"America\/Campo_Grande\" data-offset=\"-14400\" data-week-start=\"1\" data-calendar-start=\"1775707200\" data-calendar-end=\"1775833200\" data-events-first=\"1773230400\" data-events-last=\"1775833200\">\n\t\t\t\n            <table class=\"simcal-calendar-grid\"\n                   data-event-bubble-trigger=\"hover\">\n                <thead class=\"simcal-calendar-head\">\n                <tr>\n\t\t\t\t\t                        <th class=\"simcal-nav simcal-prev-wrapper\" colspan=\"1\">\n                            <button class=\"simcal-nav-button simcal-month-nav simcal-prev\" title=\"Previous Month\"><i class=\"simcal-icon-left\"><\/i><\/button>\n                        <\/th>\n\t\t\t\t\t                    <th colspan=\"5\"\n                        class=\"simcal-nav simcal-current\"\n                        data-calendar-current=\"1775707200\">\n\t\t\t\t\t\t<h3> <span class=\"simcal-current-month\">April<\/span>  <span class=\"simcal-current-year\">2026<\/span> <\/h3>                    <\/th>\n\t\t\t\t\t                        <th class=\"simcal-nav simcal-next-wrapper\" colspan=\"1\">\n                            <button class=\"simcal-nav-button simcal-month-nav simcal-next\" title=\"Next Month\"><i class=\"simcal-icon-right\"><\/i><\/button>\n                        <\/th>\n\t\t\t\t\t                <\/tr>\n                <tr>\n\t\t\t\t\t                        <th class=\"simcal-week-day simcal-week-day-1\"\n                            data-screen-small=\"M\"\n                            data-screen-medium=\"Mon\"\n                            data-screen-large=\"Monday\">Mon<\/th>\n\t\t\t\t\t\t                        <th class=\"simcal-week-day simcal-week-day-2\"\n                            data-screen-small=\"T\"\n                            data-screen-medium=\"Tue\"\n                            data-screen-large=\"Tuesday\">Tue<\/th>\n\t\t\t\t\t\t                        <th class=\"simcal-week-day simcal-week-day-3\"\n                            data-screen-small=\"W\"\n                            data-screen-medium=\"Wed\"\n                            data-screen-large=\"Wednesday\">Wed<\/th>\n\t\t\t\t\t\t                        <th class=\"simcal-week-day simcal-week-day-4\"\n                            data-screen-small=\"T\"\n                            data-screen-medium=\"Thu\"\n                            data-screen-large=\"Thursday\">Thu<\/th>\n\t\t\t\t\t\t                        <th class=\"simcal-week-day simcal-week-day-5\"\n                            data-screen-small=\"F\"\n                            data-screen-medium=\"Fri\"\n                            data-screen-large=\"Friday\">Fri<\/th>\n\t\t\t\t\t\t                        <th class=\"simcal-week-day simcal-week-day-6\"\n                            data-screen-small=\"S\"\n                            data-screen-medium=\"Sat\"\n                            data-screen-large=\"Saturday\">Sat<\/th>\n\t\t\t\t\t\t                            <th class=\"simcal-week-day simcal-week-day-0\"\n                                data-screen-small=\"S\"\n                                data-screen-medium=\"Sun\"\n                                data-screen-large=\"Sunday\">Sun<\/th>\n\t\t\t\t\t\t\t                <\/tr>\n                <\/thead>\n\n\t\t\t\t<tbody class=\"simcal-month simcal-month-4\">\n\t<tr class=\"simcal-week simcal-week-14\"><td class=\"simcal-day simcal-day-void \"><\/td>\n<td class=\"simcal-day simcal-day-void simcal-day-void-last\"><\/td>\n<td class=\"simcal-day-1 simcal-weekday-3 simcal-past simcal-day simcal-day-has-events simcal-day-has-1-events simcal-events-calendar-2396\" data-events-count=\"1\">\n\t<div>\n\t\t<span class=\"simcal-day-label simcal-day-number\" style=\"background-color: #000000; color: #ffffff\">1<\/span>\n\t\t<ul class=\"simcal-events\">\t<li class=\"simcal-event simcal-events-calendar-2396 simcal-tooltip\" itemscope itemtype=\"http:\/\/schema.org\/Event\">\n\t\t<span class=\"simcal-event-title\">Solicitante: Profa. Iara - Motorista: Alysson<\/span>\n\t\t<div class=\"simcal-event-details simcal-tooltip-content\" style=\"display: none;\"><p><strong><span class=\"simcal-event-title\" itemprop=\"name\">Solicitante: Profa. Iara - Motorista: Alysson<\/span><\/strong><\/p>\n<p><span class=\"simcal-event-start simcal-event-start-date\" data-event-start=\"1775046600\" data-event-format=\"l F jS, Y\" itemprop=\"startDate\" content=\"2026-04-01T08:30:00-04:00\">Wednesday April 1st, 2026<\/span>&nbsp;@&nbsp;<span class=\"simcal-event-start simcal-event-start-time\" data-event-start=\"1775046600\" data-event-format=\"h:i A\" itemprop=\"startDate\" content=\"2026-04-01T08:30:00-04:00\">08:30 AM<\/span> - <span class=\"simcal-event-end simcal-event-end-time\" data-event-end=\"1775053800\" data-event-format=\"h:i A\" itemprop=\"endDate\" content=\"2026-04-01T10:30:00-04:00\">10:30 AM<\/span><br \/>\n <span class=\"simcal-event-address simcal-event-start-location\" itemprop=\"location\" itemscope itemtype=\"http:\/\/schema.org\/Place\"><meta itemprop=\"name\" content=\"Solicitante: Profa. Iara - Motorista: Alysson\" \/><meta itemprop=\"address\" content=\"Solicitante: Profa. Iara - Motorista: Alysson\" \/><\/span><\/p>\n<div><\/div>\n<p><!-- <a href=\"https:\/\/www.google.com\/calendar\/event?eid=MXBwNGg4bTc5NmkwOXVvdmpzZXBicGFndjEgMGNrZjVydnRpaDdtODAzamJtYXEwdThuaDBAZw&#038;ctz=America\/Campo_Grande\" target=\"_blank\" >See more details<\/a>--><\/p><\/div>\n\t<\/li>\n<\/ul>\n\n\t\t<span class=\"simcal-events-dots\" style=\"display: none;\"><b style=\"color: #000;\"> &bull; <\/b><\/span>\n\t<\/div>\n<\/td>\n<td class=\"simcal-day-2 simcal-weekday-4 simcal-past simcal-day\" data-events-count=\"0\">\n\t<div>\n\t\t<span class=\"simcal-day-label simcal-day-number\">2<\/span>\n\t\t<span class=\"simcal-no-events\"><\/span>\n\t\t<span class=\"simcal-events-dots\" style=\"display: none;\"><\/span>\n\t<\/div>\n<\/td>\n<td class=\"simcal-day-3 simcal-weekday-5 simcal-past simcal-day\" data-events-count=\"0\">\n\t<div>\n\t\t<span class=\"simcal-day-label simcal-day-number\">3<\/span>\n\t\t<span class=\"simcal-no-events\"><\/span>\n\t\t<span class=\"simcal-events-dots\" style=\"display: none;\"><\/span>\n\t<\/div>\n<\/td>\n<td class=\"simcal-day-4 simcal-weekday-6 simcal-past simcal-day\" data-events-count=\"0\">\n\t<div>\n\t\t<span class=\"simcal-day-label simcal-day-number\">4<\/span>\n\t\t<span class=\"simcal-no-events\"><\/span>\n\t\t<span class=\"simcal-events-dots\" style=\"display: none;\"><\/span>\n\t<\/div>\n<\/td>\n<td class=\"simcal-day-5 simcal-weekday-0 simcal-past simcal-day\" data-events-count=\"0\">\n\t<div>\n\t\t<span class=\"simcal-day-label simcal-day-number\">5<\/span>\n\t\t<span class=\"simcal-no-events\"><\/span>\n\t\t<span class=\"simcal-events-dots\" style=\"display: none;\"><\/span>\n\t<\/div>\n<\/td>\n<\/tr><tr class=\"simcal-week simcal-week-14\">\n<td class=\"simcal-day-6 simcal-weekday-1 simcal-past simcal-day\" data-events-count=\"0\">\n\t<div>\n\t\t<span class=\"simcal-day-label simcal-day-number\">6<\/span>\n\t\t<span class=\"simcal-no-events\"><\/span>\n\t\t<span class=\"simcal-events-dots\" style=\"display: none;\"><\/span>\n\t<\/div>\n<\/td>\n<td class=\"simcal-day-7 simcal-weekday-2 simcal-past simcal-day\" data-events-count=\"0\">\n\t<div>\n\t\t<span class=\"simcal-day-label simcal-day-number\">7<\/span>\n\t\t<span class=\"simcal-no-events\"><\/span>\n\t\t<span class=\"simcal-events-dots\" style=\"display: none;\"><\/span>\n\t<\/div>\n<\/td>\n<td class=\"simcal-day-8 simcal-weekday-3 simcal-past simcal-day\" data-events-count=\"0\">\n\t<div>\n\t\t<span class=\"simcal-day-label simcal-day-number\">8<\/span>\n\t\t<span class=\"simcal-no-events\"><\/span>\n\t\t<span class=\"simcal-events-dots\" style=\"display: none;\"><\/span>\n\t<\/div>\n<\/td>\n<td class=\"simcal-day-9 simcal-weekday-4 simcal-today simcal-present simcal-day\" data-events-count=\"0\">\n\t<div style=\"border: 1px solid #1e73be;\">\n\t\t<span class=\"simcal-day-label simcal-day-number\" style=\"background-color: #1e73be; color: #ffffff\">9<\/span>\n\t\t<span class=\"simcal-no-events\"><\/span>\n\t\t<span class=\"simcal-events-dots\" style=\"display: none;\"><\/span>\n\t<\/div>\n<\/td>\n<td class=\"simcal-day-10 simcal-weekday-5 simcal-future simcal-day simcal-day-has-events simcal-day-has-1-events simcal-events-calendar-2396\" data-events-count=\"1\">\n\t<div>\n\t\t<span class=\"simcal-day-label simcal-day-number\" style=\"background-color: #000000; color: #ffffff\">10<\/span>\n\t\t<ul class=\"simcal-events\">\t<li class=\"simcal-event simcal-events-calendar-2396 simcal-tooltip\" itemscope itemtype=\"http:\/\/schema.org\/Event\">\n\t\t<span class=\"simcal-event-title\">Solicitante: Profa. Raquel - Ve\u00edculo: VAN - Destino: CRAS Sr. Divino<\/span>\n\t\t<div class=\"simcal-event-details simcal-tooltip-content\" style=\"display: none;\"><p><strong><span class=\"simcal-event-title\" itemprop=\"name\">Solicitante: Profa. Raquel - Ve\u00edculo: VAN - Destino: CRAS Sr. Divino<\/span><\/strong><\/p>\n<p><span class=\"simcal-event-start simcal-event-start-date\" data-event-start=\"1775820600\" data-event-format=\"l F jS, Y\" itemprop=\"startDate\" content=\"2026-04-10T07:30:00-04:00\">Friday April 10th, 2026<\/span>&nbsp;@&nbsp;<span class=\"simcal-event-start simcal-event-start-time\" data-event-start=\"1775820600\" data-event-format=\"h:i A\" itemprop=\"startDate\" content=\"2026-04-10T07:30:00-04:00\">07:30 AM<\/span> - <span class=\"simcal-event-end simcal-event-end-time\" data-event-end=\"1775833200\" data-event-format=\"h:i A\" itemprop=\"endDate\" content=\"2026-04-10T11:00:00-04:00\">11:00 AM<\/span><br \/>\n <span class=\"simcal-event-address simcal-event-start-location\" itemprop=\"location\" itemscope itemtype=\"http:\/\/schema.org\/Place\"><meta itemprop=\"name\" content=\"Solicitante: Profa. Raquel - Ve\u00edculo: VAN - Destino: CRAS Sr. Divino\" \/><meta itemprop=\"address\" content=\"Solicitante: Profa. Raquel - Ve\u00edculo: VAN - Destino: CRAS Sr. Divino\" \/><\/span><\/p>\n<div><\/div>\n<p><!-- <a href=\"https:\/\/www.google.com\/calendar\/event?eid=NjM3cGNqajRkcm5tcjI2bmZiOWpxazFsbXQgMGNrZjVydnRpaDdtODAzamJtYXEwdThuaDBAZw&#038;ctz=America\/Campo_Grande\" target=\"_blank\" >See more details<\/a>--><\/p><\/div>\n\t<\/li>\n<\/ul>\n\n\t\t<span class=\"simcal-events-dots\" style=\"display: none;\"><b style=\"color: #000;\"> &bull; <\/b><\/span>\n\t<\/div>\n<\/td>\n<td class=\"simcal-day-11 simcal-weekday-6 simcal-future simcal-day\" data-events-count=\"0\">\n\t<div>\n\t\t<span class=\"simcal-day-label simcal-day-number\">11<\/span>\n\t\t<span class=\"simcal-no-events\"><\/span>\n\t\t<span class=\"simcal-events-dots\" style=\"display: none;\"><\/span>\n\t<\/div>\n<\/td>\n<td class=\"simcal-day-12 simcal-weekday-0 simcal-future simcal-day\" data-events-count=\"0\">\n\t<div>\n\t\t<span class=\"simcal-day-label simcal-day-number\">12<\/span>\n\t\t<span class=\"simcal-no-events\"><\/span>\n\t\t<span class=\"simcal-events-dots\" style=\"display: none;\"><\/span>\n\t<\/div>\n<\/td>\n<\/tr><tr class=\"simcal-week simcal-week-15\">\n<td class=\"simcal-day-13 simcal-weekday-1 simcal-future simcal-day\" data-events-count=\"0\">\n\t<div>\n\t\t<span class=\"simcal-day-label simcal-day-number\">13<\/span>\n\t\t<span class=\"simcal-no-events\"><\/span>\n\t\t<span class=\"simcal-events-dots\" style=\"display: none;\"><\/span>\n\t<\/div>\n<\/td>\n<td class=\"simcal-day-14 simcal-weekday-2 simcal-future simcal-day\" data-events-count=\"0\">\n\t<div>\n\t\t<span class=\"simcal-day-label simcal-day-number\">14<\/span>\n\t\t<span class=\"simcal-no-events\"><\/span>\n\t\t<span class=\"simcal-events-dots\" style=\"display: none;\"><\/span>\n\t<\/div>\n<\/td>\n<td class=\"simcal-day-15 simcal-weekday-3 simcal-future simcal-day\" data-events-count=\"0\">\n\t<div>\n\t\t<span class=\"simcal-day-label simcal-day-number\">15<\/span>\n\t\t<span class=\"simcal-no-events\"><\/span>\n\t\t<span class=\"simcal-events-dots\" style=\"display: none;\"><\/span>\n\t<\/div>\n<\/td>\n<td class=\"simcal-day-16 simcal-weekday-4 simcal-future simcal-day\" data-events-count=\"0\">\n\t<div>\n\t\t<span class=\"simcal-day-label simcal-day-number\">16<\/span>\n\t\t<span class=\"simcal-no-events\"><\/span>\n\t\t<span class=\"simcal-events-dots\" style=\"display: none;\"><\/span>\n\t<\/div>\n<\/td>\n<td class=\"simcal-day-17 simcal-weekday-5 simcal-future simcal-day\" data-events-count=\"0\">\n\t<div>\n\t\t<span class=\"simcal-day-label simcal-day-number\">17<\/span>\n\t\t<span class=\"simcal-no-events\"><\/span>\n\t\t<span class=\"simcal-events-dots\" style=\"display: none;\"><\/span>\n\t<\/div>\n<\/td>\n<td class=\"simcal-day-18 simcal-weekday-6 simcal-future simcal-day\" data-events-count=\"0\">\n\t<div>\n\t\t<span class=\"simcal-day-label simcal-day-number\">18<\/span>\n\t\t<span class=\"simcal-no-events\"><\/span>\n\t\t<span class=\"simcal-events-dots\" style=\"display: none;\"><\/span>\n\t<\/div>\n<\/td>\n<td class=\"simcal-day-19 simcal-weekday-0 simcal-future simcal-day\" data-events-count=\"0\">\n\t<div>\n\t\t<span class=\"simcal-day-label simcal-day-number\">19<\/span>\n\t\t<span class=\"simcal-no-events\"><\/span>\n\t\t<span class=\"simcal-events-dots\" style=\"display: none;\"><\/span>\n\t<\/div>\n<\/td>\n<\/tr><tr class=\"simcal-week simcal-week-16\">\n<td class=\"simcal-day-20 simcal-weekday-1 simcal-future simcal-day\" data-events-count=\"0\">\n\t<div>\n\t\t<span class=\"simcal-day-label simcal-day-number\">20<\/span>\n\t\t<span class=\"simcal-no-events\"><\/span>\n\t\t<span class=\"simcal-events-dots\" style=\"display: none;\"><\/span>\n\t<\/div>\n<\/td>\n<td class=\"simcal-day-21 simcal-weekday-2 simcal-future simcal-day\" data-events-count=\"0\">\n\t<div>\n\t\t<span class=\"simcal-day-label simcal-day-number\">21<\/span>\n\t\t<span class=\"simcal-no-events\"><\/span>\n\t\t<span class=\"simcal-events-dots\" style=\"display: none;\"><\/span>\n\t<\/div>\n<\/td>\n<td class=\"simcal-day-22 simcal-weekday-3 simcal-future simcal-day\" data-events-count=\"0\">\n\t<div>\n\t\t<span class=\"simcal-day-label simcal-day-number\">22<\/span>\n\t\t<span class=\"simcal-no-events\"><\/span>\n\t\t<span class=\"simcal-events-dots\" style=\"display: none;\"><\/span>\n\t<\/div>\n<\/td>\n<td class=\"simcal-day-23 simcal-weekday-4 simcal-future simcal-day\" data-events-count=\"0\">\n\t<div>\n\t\t<span class=\"simcal-day-label simcal-day-number\">23<\/span>\n\t\t<span class=\"simcal-no-events\"><\/span>\n\t\t<span class=\"simcal-events-dots\" style=\"display: none;\"><\/span>\n\t<\/div>\n<\/td>\n<td class=\"simcal-day-24 simcal-weekday-5 simcal-future simcal-day\" data-events-count=\"0\">\n\t<div>\n\t\t<span class=\"simcal-day-label simcal-day-number\">24<\/span>\n\t\t<span class=\"simcal-no-events\"><\/span>\n\t\t<span class=\"simcal-events-dots\" style=\"display: none;\"><\/span>\n\t<\/div>\n<\/td>\n<td class=\"simcal-day-25 simcal-weekday-6 simcal-future simcal-day\" data-events-count=\"0\">\n\t<div>\n\t\t<span class=\"simcal-day-label simcal-day-number\">25<\/span>\n\t\t<span class=\"simcal-no-events\"><\/span>\n\t\t<span class=\"simcal-events-dots\" style=\"display: none;\"><\/span>\n\t<\/div>\n<\/td>\n<td class=\"simcal-day-26 simcal-weekday-0 simcal-future simcal-day\" data-events-count=\"0\">\n\t<div>\n\t\t<span class=\"simcal-day-label simcal-day-number\">26<\/span>\n\t\t<span class=\"simcal-no-events\"><\/span>\n\t\t<span class=\"simcal-events-dots\" style=\"display: none;\"><\/span>\n\t<\/div>\n<\/td>\n<\/tr><tr class=\"simcal-week simcal-week-17\">\n<td class=\"simcal-day-27 simcal-weekday-1 simcal-future simcal-day\" data-events-count=\"0\">\n\t<div>\n\t\t<span class=\"simcal-day-label simcal-day-number\">27<\/span>\n\t\t<span class=\"simcal-no-events\"><\/span>\n\t\t<span class=\"simcal-events-dots\" style=\"display: none;\"><\/span>\n\t<\/div>\n<\/td>\n<td class=\"simcal-day-28 simcal-weekday-2 simcal-future simcal-day\" data-events-count=\"0\">\n\t<div>\n\t\t<span class=\"simcal-day-label simcal-day-number\">28<\/span>\n\t\t<span class=\"simcal-no-events\"><\/span>\n\t\t<span class=\"simcal-events-dots\" style=\"display: none;\"><\/span>\n\t<\/div>\n<\/td>\n<td class=\"simcal-day-29 simcal-weekday-3 simcal-future simcal-day\" data-events-count=\"0\">\n\t<div>\n\t\t<span class=\"simcal-day-label simcal-day-number\">29<\/span>\n\t\t<span class=\"simcal-no-events\"><\/span>\n\t\t<span class=\"simcal-events-dots\" style=\"display: none;\"><\/span>\n\t<\/div>\n<\/td>\n<td class=\"simcal-day-30 simcal-weekday-4 simcal-future simcal-day\" data-events-count=\"0\">\n\t<div>\n\t\t<span class=\"simcal-day-label simcal-day-number\">30<\/span>\n\t\t<span class=\"simcal-no-events\"><\/span>\n\t\t<span class=\"simcal-events-dots\" style=\"display: none;\"><\/span>\n\t<\/div>\n<\/td>\n<td class=\"simcal-day simcal-day-void \"><\/td>\n<td class=\"simcal-day simcal-day-void \"><\/td>\n<td class=\"simcal-day simcal-day-void simcal-day-void-last\"><\/td>\n\t<\/tr>\n<\/tbody>\n\t \t\t\t\n            <\/table>\n\n\t\t\t<\/div><\/td>\n<td style=\"width: 9.78621%;height: 24px\">&nbsp;<\/td>\n<\/tr>\n<tr style=\"height: 24px\">\n<td style=\"width: 11.189%;height: 24px\">&nbsp;<\/td>\n<td style=\"width: 79.0247%;height: 24px\">&nbsp;<\/td>\n<td style=\"width: 9.78621%;height: 24px\">&nbsp;<\/td>\n<\/tr>\n<\/tbody>\n<\/table>\n<p style=\"text-align: center\"><a href=\"https:\/\/sigetran.ufms.br\/users\/login\" target=\"_blank\" rel=\"noopener\"><button class=\"btn btn-primary\" type=\"button\">Agendar Ve\u00edculo<\/button><\/a><\/p>\n<hr>\n<h3>Quem pode solicitar<\/h3>\n<ul>\n<li data-start=\"1114\" data-end=\"1194\"><strong>Servidores docentes<\/strong> e<strong> t\u00e9cnicos administrativos<\/strong> lotados no <strong data-start=\"1172\" data-end=\"1191\">C\u00e2mpus de Coxim;<\/strong><\/li>\n<li data-start=\"1114\" data-end=\"1194\">Representantes de projetos de ensino, pesquisa, extens\u00e3o ou administrativos devidamente autorizados;<\/li>\n<li data-start=\"1114\" data-end=\"1194\">Demandas externas <strong data-start=\"1320\" data-end=\"1368\">somente mediante aprova\u00e7\u00e3o formal da Dire\u00e7\u00e3o<\/strong>.<\/li>\n<\/ul>\n<hr>\n<h3>Sobre o transporte<\/h3>\n<p style=\"text-align: justify\">O <strong data-start=\"1404\" data-end=\"1486\">carro oficial \u00e9 conduzido exclusivamente pelo motorista designado pela Dire\u00e7\u00e3o<\/strong>, sendo vedado o uso do ve\u00edculo por terceiros.<br data-start=\"1532\" data-end=\"1535\">O solicitante deve informar <strong data-start=\"1563\" data-end=\"1590\">claramente o itiner\u00e1rio<\/strong>, <strong data-start=\"1592\" data-end=\"1629\">data e hor\u00e1rio de sa\u00edda e retorno<\/strong>, al\u00e9m do <strong data-start=\"1639\" data-end=\"1661\">objetivo da viagem<\/strong>, permitindo a adequada programa\u00e7\u00e3o do motorista.<\/p>\n<hr>\n<h3>Responsabilidade do solicitante<\/h3>\n<ul>\n<li style=\"text-align: justify\" data-start=\"2346\" data-end=\"2434\">Garantir que o deslocamento tenha <strong data-start=\"2380\" data-end=\"2431\">finalidade institucional devidamente comprovada<\/strong>;<\/li>\n<li style=\"text-align: justify\" data-start=\"2346\" data-end=\"2434\">Fornecer informa\u00e7\u00f5es corretas e completas no momento do pedido;<\/li>\n<li style=\"text-align: justify\" data-start=\"2346\" data-end=\"2434\">Cumprir os hor\u00e1rios e locais combinados;<\/li>\n<li style=\"text-align: justify\" data-start=\"2346\" data-end=\"2434\">Comunicar qualquer <strong>cancelamento com anteced\u00eancia m\u00ednima de 24 horas<\/strong>;<\/li>\n<li style=\"text-align: justify\" data-start=\"2346\" data-end=\"2434\">Entregar os <strong data-start=\"2635\" data-end=\"2677\">documentos comprobat\u00f3rios da atividade<\/strong> (se solicitado).<\/li>\n<\/ul>\n<hr>\n<h3>Regulamento de Condutas e Princ\u00edpios<\/h3>\n<p>Segue abaixo o regulamento de condutas e princ\u00edpios para a utliza\u00e7\u00e3o de ve\u00edculoas oficiais da UFMS.<\/p>\n<div>&nbsp;<\/div>\n<div style=\"text-align: center\"><a href=\"https:\/\/cpcx.ufms.br\/files\/2025\/10\/Resolucao_588_2025_CD.pdf\" class=\"pdfemb-viewer\" style=\"\" data-width=\"max\" data-height=\"max\" data-toolbar=\"bottom\" data-toolbar-fixed=\"off\">Resolucao_588_2025_CD<\/a><\/div>\n<div style=\"text-align: center\">&nbsp;<\/div>\n<div>&nbsp;<\/div>\n<div style=\"text-align: center\"><strong><a href=\"https:\/\/cpcx.ufms.br\/files\/2025\/10\/Resolucao_588_2025_CD.pdf\" target=\"_blank\" rel=\"noopener\">DOWNLOAD<\/a><\/strong><\/div>\n","protected":false},"excerpt":{"rendered":"<p>A p\u00e1gina de Agendamento do Carro Oficial tem por objetivo facilitar a solicita\u00e7\u00e3o do ve\u00edculo institucional para atividades de interesse da UFMS, como deslocamentos a eventos, reuni\u00f5es, visitas t\u00e9cnicas, cursos, ou demais demandas administrativas. O agendamento deve ser feito com anteced\u00eancia m\u00ednima de 7 (sete) dias \u00fateis, considerando a disponibilidade do ve\u00edculo e do motorista [&hellip;]<\/p>\n","protected":false},"author":60,"featured_media":12891,"parent":2399,"menu_order":0,"comment_status":"closed","ping_status":"closed","template":"page-templates\/page-coordenadorias.php","meta":{"_eb_attr":"","ngg_post_thumbnail":0,"footnotes":""},"coauthors":[133,116],"class_list":["post-2373","page","type-page","status-publish","has-post-thumbnail","hentry"],"_links":{"self":[{"href":"https:\/\/cpcx.ufms.br\/en\/wp-json\/wp\/v2\/pages\/2373","targetHints":{"allow":["GET"]}}],"collection":[{"href":"https:\/\/cpcx.ufms.br\/en\/wp-json\/wp\/v2\/pages"}],"about":[{"href":"https:\/\/cpcx.ufms.br\/en\/wp-json\/wp\/v2\/types\/page"}],"author":[{"embeddable":true,"href":"https:\/\/cpcx.ufms.br\/en\/wp-json\/wp\/v2\/users\/60"}],"replies":[{"embeddable":true,"href":"https:\/\/cpcx.ufms.br\/en\/wp-json\/wp\/v2\/comments?post=2373"}],"version-history":[{"count":40,"href":"https:\/\/cpcx.ufms.br\/en\/wp-json\/wp\/v2\/pages\/2373\/revisions"}],"predecessor-version":[{"id":12922,"href":"https:\/\/cpcx.ufms.br\/en\/wp-json\/wp\/v2\/pages\/2373\/revisions\/12922"}],"up":[{"embeddable":true,"href":"https:\/\/cpcx.ufms.br\/en\/wp-json\/wp\/v2\/pages\/2399"}],"wp:featuredmedia":[{"embeddable":true,"href":"https:\/\/cpcx.ufms.br\/en\/wp-json\/wp\/v2\/media\/12891"}],"wp:attachment":[{"href":"https:\/\/cpcx.ufms.br\/en\/wp-json\/wp\/v2\/media?parent=2373"}],"wp:term":[{"taxonomy":"author","embeddable":true,"href":"https:\/\/cpcx.ufms.br\/en\/wp-json\/wp\/v2\/coauthors?post=2373"}],"curies":[{"name":"wp","href":"https:\/\/api.w.org\/{rel}","templated":true}]}}