{"id":2399,"date":"2016-05-11T14:40:41","date_gmt":"2016-05-11T18:40:41","guid":{"rendered":"http:\/\/cpcx.draconis.ufms.br\/?page_id=2399"},"modified":"2025-11-07T09:39:45","modified_gmt":"2025-11-07T13:39:45","slug":"reserva-de-recursos","status":"publish","type":"page","link":"https:\/\/cpcx.ufms.br\/en\/reserva-de-recursos\/","title":{"rendered":"Agendamento"},"content":{"rendered":"<p style=\"text-align: justify\">A p\u00e1gina de <strong data-start=\"400\" data-end=\"423\">Reserva de Recursos<\/strong> tem como objetivo central facilitar o agendamento, o uso adequado e a organiza\u00e7\u00e3o dos espa\u00e7os e equipamentos dispon\u00edveis no <strong data-start=\"548\" data-end=\"579\">C\u00e2mpus de Coxim (CPCX\/UFMS)<\/strong>.<br data-start=\"580\" data-end=\"583\">Por meio dela, \u00e9 poss\u00edvel conhecer os prazos necess\u00e1rios, as normas de utiliza\u00e7\u00e3o e as responsabilidades de cada solicitante, al\u00e9m de acessar os links espec\u00edficos para realizar a reserva.<\/p>\n<div class=\"panel-group\" id=\"custom-collapse-0\">\n<div class=\"panel panel-default\">\n\t\t\t\t<div class=\"panel-heading\">\n\t\t\t\t\t<h4 class=\"panel-title\">\n\t\t\t\t\t\t<a class=\"\" data-toggle=\"collapse\" data-parent=\"#custom-collapse-0\" href=\"#custom-collapse-0-0\">Quem pode Reservar<\/a>\n\t\t\t\t\t<\/h4>\n\t\t\t\t<\/div>\n\t\t\t\t<div id=\"custom-collapse-0-0\" class=\"panel-collapse in\">\n\t\t\t\t\t<div class=\"panel-body\">\n<ul class=\"list-group\">\n<li   class=\"list-group-item\">\n<p style=\"text-align: justify\"><strong data-start=\"799\" data-end=\"822\">Comunidade Interna:<\/strong> Docentes, t\u00e9cnicos administrativos e estudantes da UFMS, mediante identifica\u00e7\u00e3o institucional.<\/p>\n<\/li>\n<li   class=\"list-group-item\">\n<p style=\"text-align: justify\"><strong data-start=\"922\" data-end=\"945\">Comunidade Externa:<\/strong> Solicita\u00e7\u00f5es podem ser atendidas mediante disponibilidade e finalidade educacional ou de interesse p\u00fablico, sempre com ci\u00eancia e autoriza\u00e7\u00e3o da dire\u00e7\u00e3o do c\u00e2mpus.<\/p>\n<\/li>\n<li   class=\"list-group-item\">\n<p style=\"text-align: justify\"><strong data-start=\"1113\" data-end=\"1128\">Prioridade:<\/strong> Atividades acad\u00eamicas e administrativas institucionais t\u00eam prefer\u00eancia sobre demais solicita\u00e7\u00f5es.<\/p>\n<\/li>\n<\/ul>\n<\/div>\n\t\t\t\t<\/div>\n\t\t\t<\/div>\n<div class=\"panel panel-default\">\n\t\t\t\t<div class=\"panel-heading\">\n\t\t\t\t\t<h4 class=\"panel-title\">\n\t\t\t\t\t\t<a class=\"\" data-toggle=\"collapse\" data-parent=\"#custom-collapse-0\" href=\"#custom-collapse-0-1\">Regras Gerais de Agendamento<\/a>\n\t\t\t\t\t<\/h4>\n\t\t\t\t<\/div>\n\t\t\t\t<div id=\"custom-collapse-0-1\" class=\"panel-collapse in\">\n\t\t\t\t\t<div class=\"panel-body\">\n<ul class=\"list-group\">\n<li   class=\"list-group-item\">\n<p>Cada espa\u00e7o possui um <strong data-start=\"1287\" data-end=\"1319\">prazo m\u00ednimo de anteced\u00eancia<\/strong> para que a reserva seja validada.<\/p>\n<\/li>\n<li   class=\"list-group-item\">\n<p>A solicita\u00e7\u00e3o s\u00f3 \u00e9 <strong data-start=\"1377\" data-end=\"1390\">efetivada<\/strong> ap\u00f3s confirma\u00e7\u00e3o da unidade respons\u00e1vel.<\/p>\n<\/li>\n<li   class=\"list-group-item\">\n<p>Conflitos de hor\u00e1rio s\u00e3o resolvidos conforme prioridade institucional.<\/p>\n<\/li>\n<li   class=\"list-group-item\">\n<p>O n\u00e3o cumprimento das normas poder\u00e1 acarretar bloqueio do direito de reserva.<\/p>\n<\/li>\n<\/ul>\n<\/div>\n\t\t\t\t<\/div>\n\t\t\t<\/div>\n<div class=\"panel panel-default\">\n\t\t\t\t<div class=\"panel-heading\">\n\t\t\t\t\t<h4 class=\"panel-title\">\n\t\t\t\t\t\t<a class=\"\" data-toggle=\"collapse\" data-parent=\"#custom-collapse-0\" href=\"#custom-collapse-0-2\">Responsabilidade do Solicitante<\/a>\n\t\t\t\t\t<\/h4>\n\t\t\t\t<\/div>\n\t\t\t\t<div id=\"custom-collapse-0-2\" class=\"panel-collapse in\">\n\t\t\t\t\t<div class=\"panel-body\">\n<ul class=\"list-group\">\n<li   class=\"list-group-item\">\n<p><strong data-start=\"1631\" data-end=\"1657\">Organiza\u00e7\u00e3o e limpeza:<\/strong> manter o ambiente limpo e devolver o espa\u00e7o na mesma disposi\u00e7\u00e3o encontrada.<\/p>\n<\/li>\n<li   class=\"list-group-item\">\n<p><strong data-start=\"1738\" data-end=\"1754\">Conserva\u00e7\u00e3o:<\/strong> zelar pelos equipamentos, mobili\u00e1rio e materiais presentes; qualquer dano deve ser comunicado imediatamente.<\/p>\n<\/li>\n<li   class=\"list-group-item\">\n<p><strong data-start=\"1868\" data-end=\"1882\">Seguran\u00e7a:<\/strong> respeitar a capacidade do ambiente, rotas de sa\u00edda e normas de biosseguran\u00e7a, quando aplic\u00e1vel.<\/p>\n<\/li>\n<li   class=\"list-group-item\">\n<p><strong data-start=\"1983\" data-end=\"2003\">Uso respons\u00e1vel:<\/strong> desligar luzes, projetores, computadores e ar-condicionado ao encerrar a atividade.<\/p>\n<\/li>\n<\/ul>\n<\/div>\n\t\t\t\t<\/div>\n\t\t\t<\/div>\n<div class=\"panel panel-default\">\n\t\t\t\t<div class=\"panel-heading\">\n\t\t\t\t\t<h4 class=\"panel-title\">\n\t\t\t\t\t\t<a class=\"\" data-toggle=\"collapse\" data-parent=\"#custom-collapse-0\" href=\"#custom-collapse-0-3\">Anteced\u00eancia<\/a>\n\t\t\t\t\t<\/h4>\n\t\t\t\t<\/div>\n\t\t\t\t<div id=\"custom-collapse-0-3\" class=\"panel-collapse in\">\n\t\t\t\t\t<div class=\"panel-body\">\n<ul class=\"list-group\">\n<li   class=\"list-group-item\">\n<table style=\"border-collapse: collapse;width: 100%;height: 24px\">\n<tbody>\n<tr style=\"height: 24px\">\n<td style=\"width: 23.2681%;height: 24px;text-align: center\">\n<h3>Nome<\/h3>\n<\/td>\n<td style=\"width: 49.6259%;height: 24px;text-align: center\">\n<h3>Funcionalidade\/Objetivo<\/h3>\n<\/td>\n<td style=\"width: 27.1059%;height: 24px;text-align: center\">\n<h3><strong>Anteced\u00eancia M\u00ednima<\/strong><\/h3>\n<\/td>\n<\/tr>\n<\/tbody>\n<\/table>\n<\/li>\n<li   class=\"list-group-item\">\n<table style=\"border-collapse: collapse;width: 100%;height: 24px\">\n<tbody>\n<tr style=\"height: 24px\">\n<td style=\"width: 23.2681%;height: 24px;text-align: center\">Anfiteatro<\/td>\n<td style=\"width: 49.6259%;height: 24px;text-align: center\">Palestras, semin\u00e1rios, eventos acad\u00eamicos, culturais e encontros da comunidade.<\/td>\n<td style=\"width: 27.1059%;height: 24px;text-align: center\">2 dias<\/td>\n<\/tr>\n<\/tbody>\n<\/table>\n<\/li>\n<li   class=\"list-group-item\">\n<table style=\"border-collapse: collapse;width: 100%;height: 24px\">\n<tbody>\n<tr style=\"height: 24px\">\n<td style=\"width: 23.2681%;height: 24px;text-align: center\">Laborat\u00f3rio de Inform\u00e1tica<\/td>\n<td style=\"width: 49.6259%;height: 24px;text-align: center\">Aulas pr\u00e1ticas, treinamentos e atividades com uso de computadores.<\/td>\n<td style=\"width: 27.1059%;height: 24px;text-align: center\">2 dias<\/td>\n<\/tr>\n<\/tbody>\n<\/table>\n<\/li>\n<li   class=\"list-group-item\">\n<table style=\"border-collapse: collapse;width: 100%;height: 24px\">\n<tbody>\n<tr style=\"height: 24px\">\n<td style=\"width: 23.2681%;height: 24px;text-align: center\">Laborat\u00f3rio Interdisciplinar de Forma\u00e7\u00e3o de Educadores (L.I.F.E.)<\/td>\n<td style=\"width: 49.6259%;height: 24px;text-align: center\">Desenvolvimento de atividades pedag\u00f3gicas e pr\u00e1ticas interdisciplinares para forma\u00e7\u00e3o de educadores.<\/td>\n<td style=\"width: 27.1059%;height: 24px;text-align: center\">2 dias<\/td>\n<\/tr>\n<\/tbody>\n<\/table>\n<\/li>\n<li   class=\"list-group-item\">\n<table style=\"border-collapse: collapse;width: 100%;height: 24px\">\n<tbody>\n<tr style=\"height: 24px\">\n<td style=\"width: 23.2681%;height: 24px;text-align: center\">LabCrie<\/td>\n<td style=\"width: 49.6259%;height: 24px;text-align: center\">&nbsp;Espa\u00e7o destinado a projetos criativos e inova\u00e7\u00e3o; reservas conforme planejamento do projeto.<\/td>\n<td style=\"width: 27.1059%;height: 24px;text-align: center\">Anteced\u00eancia de projeto<\/td>\n<\/tr>\n<\/tbody>\n<\/table>\n<\/li>\n<li   class=\"list-group-item\">\n<table style=\"border-collapse: collapse;width: 100%;height: 24px\">\n<tbody>\n<tr style=\"height: 24px\">\n<td style=\"width: 23.2681%;height: 24px;text-align: center\">Laborat\u00f3rios de Enfermagem<\/td>\n<td style=\"width: 49.6259%;height: 24px;text-align: center\">Atividades pr\u00e1ticas supervisionadas da \u00e1rea da sa\u00fade e treinamentos espec\u00edficos.<\/td>\n<td style=\"width: 27.1059%;height: 24px;text-align: center\">Variado<\/td>\n<\/tr>\n<\/tbody>\n<\/table>\n<\/li>\n<li   class=\"list-group-item\">\n<table style=\"border-collapse: collapse;width: 100%;height: 24px\">\n<tbody>\n<tr style=\"height: 24px\">\n<td style=\"width: 23.2681%;height: 24px;text-align: center\">Impressora 3D<\/td>\n<td style=\"width: 49.6259%;height: 24px;text-align: center\">Produ\u00e7\u00e3o de prot\u00f3tipos, modelos did\u00e1ticos e projetos acad\u00eamicos.<\/td>\n<td style=\"width: 27.1059%;height: 24px;text-align: center\">1 semana<\/td>\n<\/tr>\n<\/tbody>\n<\/table>\n<\/li>\n<li   class=\"list-group-item\">\n<table style=\"border-collapse: collapse;width: 100%;height: 24px\">\n<tbody>\n<tr style=\"height: 24px\">\n<td style=\"width: 23.2681%;height: 24px;text-align: center\">Quadra de Areia<\/td>\n<td style=\"width: 49.6259%;height: 24px;text-align: center\">Espa\u00e7o destinado a pr\u00e1ticas esportivas e recreativas, especialmente durante eventos esportivos.<\/td>\n<td style=\"width: 27.1059%;height: 24px;text-align: center\">1 semana<\/td>\n<\/tr>\n<\/tbody>\n<\/table>\n<\/li>\n<li   class=\"list-group-item\">\n<table style=\"border-collapse: collapse;width: 100%;height: 24px\">\n<tbody>\n<tr style=\"height: 24px\">\n<td style=\"width: 23.2681%;height: 24px;text-align: center\">Quadra de Coberta<\/td>\n<td style=\"width: 49.6259%;height: 24px;text-align: center\">Espa\u00e7o destinado a pr\u00e1ticas esportivas e recreativas, especialmente durante eventos esportivos.<\/td>\n<td style=\"width: 27.1059%;height: 24px;text-align: center\">1 semana<\/td>\n<\/tr>\n<\/tbody>\n<\/table>\n<\/li>\n<li   class=\"list-group-item\">\n<table style=\"border-collapse: collapse;width: 100%;height: 24px\">\n<tbody>\n<tr style=\"height: 24px\">\n<td style=\"width: 23.2681%;height: 24px;text-align: center\">Salas de Aula<\/td>\n<td style=\"width: 49.6259%;height: 24px;text-align: center\">Espa\u00e7o de aulas regular, tamb\u00e9m dispon\u00edvel para eventos acad\u00eamicos, reuni\u00f5es, atividades institucionais e eventos de pessoas externas, mediante autoriza\u00e7\u00e3o.<\/td>\n<td style=\"width: 27.1059%;height: 24px;text-align: center\">2 dias<\/td>\n<\/tr>\n<\/tbody>\n<\/table>\n<\/li>\n<li   class=\"list-group-item\">\n<table style=\"border-collapse: collapse;width: 100%;height: 24px\">\n<tbody>\n<tr style=\"height: 24px\">\n<td style=\"width: 23.2681%;height: 24px;text-align: center\">Transporte Oficial<\/td>\n<td style=\"width: 49.6259%;height: 24px;text-align: center\">Apoio a deslocamentos institucionais autorizados pela dire\u00e7\u00e3o do c\u00e2mpus.<\/td>\n<td style=\"width: 27.1059%;height: 24px;text-align: center\">7 dias<\/td>\n<\/tr>\n<\/tbody>\n<\/table>\n<\/li>\n<\/ul>\n<\/div>\n\t\t\t\t<\/div>\n\t\t\t<\/div>\n<\/div>\n","protected":false},"excerpt":{"rendered":"<p>A p\u00e1gina de Reserva de Recursos tem como objetivo central facilitar o agendamento, o uso adequado e a organiza\u00e7\u00e3o dos espa\u00e7os e equipamentos dispon\u00edveis no C\u00e2mpus de Coxim (CPCX\/UFMS).Por meio dela, \u00e9 poss\u00edvel conhecer os prazos necess\u00e1rios, as normas de utiliza\u00e7\u00e3o e as responsabilidades de cada solicitante, al\u00e9m de acessar os links espec\u00edficos para realizar [&hellip;]<\/p>\n","protected":false},"author":60,"featured_media":11973,"parent":0,"menu_order":0,"comment_status":"closed","ping_status":"closed","template":"page-templates\/page-coordenadorias.php","meta":{"_eb_attr":"","ngg_post_thumbnail":0,"footnotes":""},"coauthors":[133,116],"class_list":["post-2399","page","type-page","status-publish","has-post-thumbnail","hentry"],"_links":{"self":[{"href":"https:\/\/cpcx.ufms.br\/en\/wp-json\/wp\/v2\/pages\/2399","targetHints":{"allow":["GET"]}}],"collection":[{"href":"https:\/\/cpcx.ufms.br\/en\/wp-json\/wp\/v2\/pages"}],"about":[{"href":"https:\/\/cpcx.ufms.br\/en\/wp-json\/wp\/v2\/types\/page"}],"author":[{"embeddable":true,"href":"https:\/\/cpcx.ufms.br\/en\/wp-json\/wp\/v2\/users\/60"}],"replies":[{"embeddable":true,"href":"https:\/\/cpcx.ufms.br\/en\/wp-json\/wp\/v2\/comments?post=2399"}],"version-history":[{"count":26,"href":"https:\/\/cpcx.ufms.br\/en\/wp-json\/wp\/v2\/pages\/2399\/revisions"}],"predecessor-version":[{"id":13276,"href":"https:\/\/cpcx.ufms.br\/en\/wp-json\/wp\/v2\/pages\/2399\/revisions\/13276"}],"wp:featuredmedia":[{"embeddable":true,"href":"https:\/\/cpcx.ufms.br\/en\/wp-json\/wp\/v2\/media\/11973"}],"wp:attachment":[{"href":"https:\/\/cpcx.ufms.br\/en\/wp-json\/wp\/v2\/media?parent=2399"}],"wp:term":[{"taxonomy":"author","embeddable":true,"href":"https:\/\/cpcx.ufms.br\/en\/wp-json\/wp\/v2\/coauthors?post=2399"}],"curies":[{"name":"wp","href":"https:\/\/api.w.org\/{rel}","templated":true}]}}