{"id":3094,"date":"2017-07-21T16:15:09","date_gmt":"2017-07-21T20:15:09","guid":{"rendered":"https:\/\/cpcx.ufms.br\/?page_id=3094"},"modified":"2017-07-21T16:38:08","modified_gmt":"2017-07-21T20:38:08","slug":"docencia-linguagens-e-tecnologias-educacionais","status":"publish","type":"page","link":"https:\/\/cpcx.ufms.br\/en\/docencia-linguagens-e-tecnologias-educacionais\/","title":{"rendered":"Doc\u00eancia, Linguagens e Tecnologias Educacionais"},"content":{"rendered":"<p>O curso de p\u00f3s-gradua\u00e7\u00e3o lato sensu em Doc\u00eancia, Linguagens e Tecnologias Educacionais da UFMS\/CPCX tem um objetivo interdisciplinar de promover a forma\u00e7\u00e3o de professores de hist\u00f3ria, letras e disciplinas afins da educa\u00e7\u00e3o b\u00e1sica, bem como, de oferecer uma qualifica\u00e7\u00e3o inicial para acad\u00eamicos do bacharelado para atuarem didaticamente nas suas respectivas \u00e1reas de forma\u00e7\u00e3o no ensino superior de faculdades privadas, ou mesmo, como professores substitutos ou volunt\u00e1rios da pr\u00f3pria UFMS.<\/p>\n","protected":false},"excerpt":{"rendered":"<p>O curso de p\u00f3s-gradua\u00e7\u00e3o lato sensu em Doc\u00eancia, Linguagens e Tecnologias Educacionais da UFMS\/CPCX tem um objetivo interdisciplinar de promover a forma\u00e7\u00e3o de professores de hist\u00f3ria, letras e disciplinas afins da educa\u00e7\u00e3o b\u00e1sica, bem como, de oferecer uma qualifica\u00e7\u00e3o inicial para acad\u00eamicos do bacharelado para atuarem didaticamente nas suas respectivas \u00e1reas de forma\u00e7\u00e3o no ensino [&hellip;]<\/p>\n","protected":false},"author":15,"featured_media":0,"parent":0,"menu_order":0,"comment_status":"closed","ping_status":"closed","template":"page-templates\/page-coordenadorias.php","meta":{"_eb_attr":"","ngg_post_thumbnail":0,"footnotes":""},"coauthors":[],"class_list":["post-3094","page","type-page","status-publish","hentry"],"_links":{"self":[{"href":"https:\/\/cpcx.ufms.br\/en\/wp-json\/wp\/v2\/pages\/3094","targetHints":{"allow":["GET"]}}],"collection":[{"href":"https:\/\/cpcx.ufms.br\/en\/wp-json\/wp\/v2\/pages"}],"about":[{"href":"https:\/\/cpcx.ufms.br\/en\/wp-json\/wp\/v2\/types\/page"}],"author":[{"embeddable":true,"href":"https:\/\/cpcx.ufms.br\/en\/wp-json\/wp\/v2\/users\/15"}],"replies":[{"embeddable":true,"href":"https:\/\/cpcx.ufms.br\/en\/wp-json\/wp\/v2\/comments?post=3094"}],"version-history":[{"count":1,"href":"https:\/\/cpcx.ufms.br\/en\/wp-json\/wp\/v2\/pages\/3094\/revisions"}],"predecessor-version":[{"id":3095,"href":"https:\/\/cpcx.ufms.br\/en\/wp-json\/wp\/v2\/pages\/3094\/revisions\/3095"}],"wp:attachment":[{"href":"https:\/\/cpcx.ufms.br\/en\/wp-json\/wp\/v2\/media?parent=3094"}],"wp:term":[{"taxonomy":"author","embeddable":true,"href":"https:\/\/cpcx.ufms.br\/en\/wp-json\/wp\/v2\/coauthors?post=3094"}],"curies":[{"name":"wp","href":"https:\/\/api.w.org\/{rel}","templated":true}]}}