{"id":3375,"date":"2018-02-05T22:06:05","date_gmt":"2018-02-06T02:06:05","guid":{"rendered":"https:\/\/cpcx.ufms.br\/?page_id=3375"},"modified":"2018-03-10T20:13:06","modified_gmt":"2018-03-11T00:13:06","slug":"identidade-estudantil","status":"publish","type":"page","link":"https:\/\/cpcx.ufms.br\/en\/identidade-estudantil\/","title":{"rendered":"Identidade Estudantil"},"content":{"rendered":"<p><strong>O que \u00e9?&nbsp;<\/strong><br \/>\n\u00c9 um documento pessoal e intransfer\u00edvel, em formato de cart\u00e3o, fornecido pela UFMS para identifica\u00e7\u00e3o do acad\u00eamico ao longo da sua vida universit\u00e1ria. \u00c9 muito importante que voc\u00ea tenha cuidado e a use de forma respons\u00e1vel. A primeira via da IE ser\u00e1 fornecida gratuitamente pela UFMS. Em casos de perda a confec\u00e7\u00e3o da segunda via ter\u00e1 um custo.<\/p>\n<p><strong>Para que serve?<\/strong><br \/>\nInicialmente a IE ser\u00e1 utilizada para identifica\u00e7\u00e3o nos espa\u00e7os da UFMS e para empr\u00e9stimos de livros na biblioteca. Posteriormente, seu uso ser\u00e1 ampliado.<\/p>\n<p><strong>Quem pode solicitar?<\/strong><br \/>\nTodos acad\u00eamicos regularmente matriculados nos cursos de gradua\u00e7\u00e3o e p\u00f3s-gradua\u00e7\u00e3o da UFMS, com RGA ativo.<\/p>\n<p><strong>Como solicitar?<\/strong><br \/>\nPasso a passo:<br \/>\n1. Acessar o link: <a href=\"https:\/\/proaes.ufms.br\/identidade\/identidade-estudantil-1a-via\/\" target=\"_blank\" rel=\"noopener noreferrer\">https:\/\/proaes.ufms.br\/identidade\/identidade-estudantil-1a-via\/<\/a> ;<br \/>\n2. Conferir as informa\u00e7\u00f5es pessoais (Nome, curso, RGA, CPF, etc.). Essas informa\u00e7\u00f5es n\u00e3o s\u00e3o edit\u00e1veis. Caso haja erros nas informa\u00e7\u00f5es, o acad\u00eamico deve procurar a Secretaria Acad\u00eamica do seu curso para fazer as corre\u00e7\u00f5es antes de enviar a solicita\u00e7\u00e3o da IE;<br \/>\n3. Fazer o upload da fotografia conforme orienta\u00e7\u00f5es contidas no formul\u00e1rio de solicita\u00e7\u00e3o;<br \/>\n4. Enviar o formul\u00e1rio com a fotografia;<br \/>\n5. Aguardar confirma\u00e7\u00e3o no site \u201copera\u00e7\u00e3o realizada com sucesso\u201d;<\/p>\n<p>ATEN\u00c7\u00c3O: Caso a fotografia n\u00e3o esteja nos padr\u00f5es estabelecidos o acad\u00eamico receber\u00e1 um e-mail informando o erro e, neste caso, deve iniciar o processo novamente.<\/p>\n<p><strong>Onde retirar?<\/strong><br \/>\nA IE dever\u00e1 ser retirada nas secretarias acad\u00eamicas dos cursos em que o acad\u00eamico estiver matriculado. O prazo para entrega \u00e9 de aproximadamente 30 dias.<\/p>\n<p><strong>Mais informa\u00e7\u00f5es<\/strong><br \/>\nNos C\u00e2mpus, os acad\u00eamicos podem procurar por mais informa\u00e7\u00f5es na SECAE. Os acad\u00eamicos da Cidade Universit\u00e1ria podem entrar em contato com a DIAVE\/Proaes.<\/p>\n<h3 style=\"text-align: center\"><strong>Orienta\u00e7\u00f5es para a foto da identidade estudantil:<\/strong><\/h3>\n<p><a href=\"https:\/\/cpcx.ufms.br\/files\/2018\/02\/Identidade-Estudantil-3.jpg\"><img fetchpriority=\"high\" decoding=\"async\" class=\"aligncenter wp-image-3423\" src=\"https:\/\/cpcx.ufms.br\/files\/2018\/02\/Identidade-Estudantil-3.jpg\" alt=\"\" width=\"520\" height=\"520\"><\/a><\/p>\n<p>Observa\u00e7\u00e3o: O tamanho do arquivo \u00e9 DIFERENTE do tamanho(propor\u00e7\u00e3o) da foto em si, o tamanho do arquivo deve ser entre 200kb e 500kbytes, para saber qual \u00e9 o tamanho do arquivo de foto clique&nbsp;com o bot\u00e3o direito do mouse em cima da foto&nbsp;&nbsp;e em seguida clique em &#8220;Propriedades&#8221; e veja o tamanho do arquivo da sua foto,&nbsp;segue um exemplo ilustrativo:<\/p>\n<div id=\"attachment_3424\" style=\"width: 1034px\" class=\"wp-caption aligncenter\"><a href=\"https:\/\/cpcx.ufms.br\/files\/2018\/02\/Imagem1.jpg\"><img decoding=\"async\" aria-describedby=\"caption-attachment-3424\" class=\"wp-image-3424 size-large\" src=\"https:\/\/cpcx.ufms.br\/files\/2018\/02\/Imagem1-1024x658.jpg\" alt=\"\" width=\"1024\" height=\"658\"><\/a><p id=\"caption-attachment-3424\" class=\"wp-caption-text\">Exemplo.<\/p><\/div>\n<p>Se a foto estiver com o tamanho muito grande ent\u00e3o&nbsp;tem que&nbsp;comprimir(reduzir o tamanho) da foto&nbsp;para que atenda a exig\u00eancia em quest\u00e3o, uma forma simples de ser feito isso \u00e9 acessando o seguinte site&nbsp;<a href=\"https:\/\/www.iloveimg.com\/pt\/comprimir-imagem\" target=\"_blank\" rel=\"noopener noreferrer\">https:\/\/www.iloveimg.com\/pt\/comprimir-imagem<\/a>, basta&nbsp;clicar em &#8220;selecionar imagens&#8221;, procurar a foto que ir\u00e1 ser reduzida de tamanho e em seguida clicar em &#8220;comprimir imagens&#8221;.<\/p>\n<p>&nbsp;<\/p>\n","protected":false},"excerpt":{"rendered":"<p>O que \u00e9?&nbsp; \u00c9 um documento pessoal e intransfer\u00edvel, em formato de cart\u00e3o, fornecido pela UFMS para identifica\u00e7\u00e3o do acad\u00eamico ao longo da sua vida universit\u00e1ria. \u00c9 muito importante que voc\u00ea tenha cuidado e a use de forma respons\u00e1vel. A primeira via da IE ser\u00e1 fornecida gratuitamente pela UFMS. Em casos de perda a confec\u00e7\u00e3o [&hellip;]<\/p>\n","protected":false},"author":12378,"featured_media":0,"parent":0,"menu_order":0,"comment_status":"closed","ping_status":"closed","template":"","meta":{"_eb_attr":"","ngg_post_thumbnail":0,"footnotes":""},"coauthors":[],"class_list":["post-3375","page","type-page","status-publish","hentry"],"_links":{"self":[{"href":"https:\/\/cpcx.ufms.br\/en\/wp-json\/wp\/v2\/pages\/3375","targetHints":{"allow":["GET"]}}],"collection":[{"href":"https:\/\/cpcx.ufms.br\/en\/wp-json\/wp\/v2\/pages"}],"about":[{"href":"https:\/\/cpcx.ufms.br\/en\/wp-json\/wp\/v2\/types\/page"}],"author":[{"embeddable":true,"href":"https:\/\/cpcx.ufms.br\/en\/wp-json\/wp\/v2\/users\/12378"}],"replies":[{"embeddable":true,"href":"https:\/\/cpcx.ufms.br\/en\/wp-json\/wp\/v2\/comments?post=3375"}],"version-history":[{"count":7,"href":"https:\/\/cpcx.ufms.br\/en\/wp-json\/wp\/v2\/pages\/3375\/revisions"}],"predecessor-version":[{"id":3428,"href":"https:\/\/cpcx.ufms.br\/en\/wp-json\/wp\/v2\/pages\/3375\/revisions\/3428"}],"wp:attachment":[{"href":"https:\/\/cpcx.ufms.br\/en\/wp-json\/wp\/v2\/media?parent=3375"}],"wp:term":[{"taxonomy":"author","embeddable":true,"href":"https:\/\/cpcx.ufms.br\/en\/wp-json\/wp\/v2\/coauthors?post=3375"}],"curies":[{"name":"wp","href":"https:\/\/api.w.org\/{rel}","templated":true}]}}