{"id":3511,"date":"2018-04-07T00:30:31","date_gmt":"2018-04-07T04:30:31","guid":{"rendered":"https:\/\/cpcx.ufms.br\/?page_id=3511"},"modified":"2018-04-07T00:30:31","modified_gmt":"2018-04-07T04:30:31","slug":"tutorial-de-acesso-plataforma-minha-biblioteca","status":"publish","type":"page","link":"https:\/\/cpcx.ufms.br\/en\/tutorial-de-acesso-plataforma-minha-biblioteca\/","title":{"rendered":"Tutorial de acesso \u00e1 Plataforma Minha Biblioteca"},"content":{"rendered":"<p class=\"m_-1777256231008632482gmail-Texto_Alinhado_Esquerda_Espacamento_Simples\"><strong>Portal Minha Biblioteca<\/strong><\/p>\n<p class=\"m_-1777256231008632482gmail-Texto_Alinhado_Esquerda_Espacamento_Simples\">O acesso \u00e1 Plataforma Minha Biblioteca disponibiliza gratuitamente para servidores e acad\u00eamicos(as)&nbsp;mais de 6.500 livros eletr\u00f4nicos&nbsp;na \u00edntegra, de todas as \u00e1reas do conhecimento, acessados atrav\u00e9s do cat\u00e1logo on-line da Biblioteca. O login e a senha para uso do Portal s\u00e3o os mesmos utilizados para empr\u00e9stimo&nbsp;de livros e o aluno pode utilizar na hora e local em que desejar.<\/p>\n<p class=\"m_-1777256231008632482gmail-Texto_Alinhado_Esquerda_Espacamento_Simples\">Tutorial Completo:&nbsp;<a href=\"https:\/\/cpcx.ufms.br\/files\/2018\/04\/Tutorial-Minha-Bibliotecaa.pdf\" target=\"_blank\" rel=\"noopener noreferrer\">https:\/\/cpcx.ufms.br\/files\/2018\/04\/Tutorial-Minha-Bibliotecaa.pdf<\/a><\/p>\n<p class=\"m_-1777256231008632482gmail-Texto_Alinhado_Esquerda_Espacamento_Simples\">Para mais informa\u00e7\u00f5es:&nbsp;<a href=\"http:\/\/www.biblioteca.ufms.br\/\" target=\"_blank\" rel=\"noopener noreferrer\">www.biblioteca.ufms.br<\/a><\/p>\n<p class=\"m_-1777256231008632482gmail-Texto_Alinhado_Esquerda_Espacamento_Simples\"><a href=\"https:\/\/cpcx.ufms.br\/files\/2018\/04\/unnamed.jpg\"><img fetchpriority=\"high\" decoding=\"async\" class=\"aligncenter wp-image-3508 size-large\" src=\"https:\/\/cpcx.ufms.br\/files\/2018\/04\/unnamed-724x1024.jpg\" alt=\"\" width=\"724\" height=\"1024\"><\/a><a href=\"https:\/\/cpcx.ufms.br\/files\/2018\/04\/unnamed-1.jpg\"><img decoding=\"async\" class=\"aligncenter wp-image-3507 size-full\" src=\"https:\/\/cpcx.ufms.br\/files\/2018\/04\/unnamed-1.jpg\" alt=\"\" width=\"595\" height=\"841\" srcset=\"https:\/\/cpcx.ufms.br\/files\/2018\/04\/unnamed-1.jpg 595w, https:\/\/cpcx.ufms.br\/files\/2018\/04\/unnamed-1-212x300.jpg 212w, https:\/\/cpcx.ufms.br\/files\/2018\/04\/unnamed-1-226x320.jpg 226w\" sizes=\"(max-width: 595px) 100vw, 595px\" \/><\/a><\/p>\n","protected":false},"excerpt":{"rendered":"<p>Portal Minha Biblioteca O acesso \u00e1 Plataforma Minha Biblioteca disponibiliza gratuitamente para servidores e acad\u00eamicos(as)&nbsp;mais de 6.500 livros eletr\u00f4nicos&nbsp;na \u00edntegra, de todas as \u00e1reas do conhecimento, acessados atrav\u00e9s do cat\u00e1logo on-line da Biblioteca. O login e a senha para uso do Portal s\u00e3o os mesmos utilizados para empr\u00e9stimo&nbsp;de livros e o aluno pode utilizar na [&hellip;]<\/p>\n","protected":false},"author":12378,"featured_media":0,"parent":0,"menu_order":0,"comment_status":"closed","ping_status":"closed","template":"","meta":{"_eb_attr":"","ngg_post_thumbnail":0,"footnotes":""},"coauthors":[],"class_list":["post-3511","page","type-page","status-publish","hentry"],"_links":{"self":[{"href":"https:\/\/cpcx.ufms.br\/en\/wp-json\/wp\/v2\/pages\/3511","targetHints":{"allow":["GET"]}}],"collection":[{"href":"https:\/\/cpcx.ufms.br\/en\/wp-json\/wp\/v2\/pages"}],"about":[{"href":"https:\/\/cpcx.ufms.br\/en\/wp-json\/wp\/v2\/types\/page"}],"author":[{"embeddable":true,"href":"https:\/\/cpcx.ufms.br\/en\/wp-json\/wp\/v2\/users\/12378"}],"replies":[{"embeddable":true,"href":"https:\/\/cpcx.ufms.br\/en\/wp-json\/wp\/v2\/comments?post=3511"}],"version-history":[{"count":10,"href":"https:\/\/cpcx.ufms.br\/en\/wp-json\/wp\/v2\/pages\/3511\/revisions"}],"predecessor-version":[{"id":3521,"href":"https:\/\/cpcx.ufms.br\/en\/wp-json\/wp\/v2\/pages\/3511\/revisions\/3521"}],"wp:attachment":[{"href":"https:\/\/cpcx.ufms.br\/en\/wp-json\/wp\/v2\/media?parent=3511"}],"wp:term":[{"taxonomy":"author","embeddable":true,"href":"https:\/\/cpcx.ufms.br\/en\/wp-json\/wp\/v2\/coauthors?post=3511"}],"curies":[{"name":"wp","href":"https:\/\/api.w.org\/{rel}","templated":true}]}}