{"id":3635,"date":"2018-06-06T14:01:15","date_gmt":"2018-06-06T18:01:15","guid":{"rendered":"https:\/\/cpcx.ufms.br\/?page_id=3635"},"modified":"2019-12-06T14:17:26","modified_gmt":"2019-12-06T18:17:26","slug":"concursos","status":"publish","type":"page","link":"https:\/\/cpcx.ufms.br\/en\/concursos\/","title":{"rendered":"Concursos"},"content":{"rendered":"<h3>HOMOLOGA\u00c7\u00c3O DAS INSCRI\u00c7\u00d5ES PARA SELE\u00c7\u00c3O DE CANDIDATOS A PROFESSOR SUBSTITUTO:<\/h3>\n<p><strong><a href=\"https:\/\/cpcx.ufms.br\/files\/2019\/12\/Edital-87-enf.-publicar.pdf\">Edital 87 enfermagem-homologa\u00e7\u00e3o<\/a><\/strong><\/p>\n<h3><strong><a href=\"https:\/\/cpcx.ufms.br\/files\/2019\/12\/Edital-90-enf.-enf..pdf\">Edital 90 enfermagem-homologa\u00e7\u00e3o<\/a><\/strong><\/h3>\n<p><strong><a href=\"https:\/\/cpcx.ufms.br\/files\/2019\/12\/Edital-89-SI.pdf\">Edital 89 SI-homologa\u00e7\u00e3o<\/a><\/strong><\/p>\n<p><strong><a href=\"https:\/\/cpcx.ufms.br\/files\/2019\/12\/Edital-88-Letras-Let..pdf\">Edital 88 Letras Letras-homologa\u00e7\u00e3o<\/a><\/strong><\/p>\n<p>&nbsp;<\/p>\n<h3>Professor Substituto CPCX\/2020<\/h3>\n<h3>Edital de Abertura<\/h3>\n<p><a href=\"https:\/\/cpcx.ufms.br\/files\/2019\/12\/Edital-82-enf-biol\u00f3gicas.pdf\">CURSO DE ENFERMAGEM ABERTURA DE SELE\u00c7\u00c3O DE CANDIDATOS A PROFESSOR SUBSTITUTO.<\/a><\/p>\n<p><a href=\"https:\/\/cpcx.ufms.br\/files\/2019\/12\/edital-84-enf.-vaga-enf.-1.pdf\">CURSO DE ENFERMAGEM ABERTURA DE SELE\u00c7\u00c3O DE CANDIDATOS A PROFESSOR SUBSTITUTO.<\/a><\/p>\n<p><a href=\"https:\/\/cpcx.ufms.br\/files\/2019\/12\/edital-85-vaga-Letras.pdf\">CURSO DE LETRAS ABERTURA DE SELE\u00c7\u00c3O DE CANDIDATOS A PROFESSOR SUBSTITUTO.<\/a><\/p>\n<p><a href=\"https:\/\/cpcx.ufms.br\/files\/2019\/12\/edital-86-SI.pdf\">CURSO DE V SISTEMAS DE INFORMA\u00c7\u00c3O ABERTURA DE SELE\u00c7\u00c3O DE CANDIDATOS A PROFESSOR SUBSTITUTO.<\/a><\/p>\n<h3>Professor Substituto CPCX\/2018<\/h3>\n<h3>Edital de Abertura<\/h3>\n<p><a href=\"https:\/\/bse.ufms.br\/bse\/publicacao?id=320739\">EDITAL UFMS\/PROGRAD N\u00ba 156, DE 30 DE MAIO DE 2018.<\/a><\/p>\n<h3>Sistemas de Informa\u00e7\u00e3o &#8211; 2 vagas 40h<\/h3>\n<ul>\n<li><a href=\"http:\/\/concursos.ufms.br\/front\/documents\/download\/2317\">Inscri\u00e7\u00e3o, Data, Locais e Programa das Provas<\/a><\/li>\n<li>Deferimento das Inscri\u00e7\u00f5es (23\/06\/2018)<\/li>\n<li>Resultado Final (29\/06\/2018)<\/li>\n<li>Informa\u00e7\u00f5es <a href=\"mailto:sinf.cpcx@ufms.br\">sinf.cpcx@ufms.br<\/a><\/li>\n<\/ul>\n<h3>Ci\u00eancias da Sa\u00fade\/ Enfermagem &#8211; 1 vaga 40h<\/h3>\n<ul>\n<li><a href=\"https:\/\/bse.ufms.br\/bse\/publicacao?id=321294\">Inscri\u00e7\u00e3o, Data, Locais e Programa das Provas<\/a><\/li>\n<li>Deferimento das Inscri\u00e7\u00f5es<\/li>\n<li>Resultado Final<\/li>\n<li>Informa\u00e7\u00f5es <a href=\"mailto:enf.cpcx@ufms.br\">enf.cpcx@ufms.br<\/a><\/li>\n<\/ul>\n<h3>Ci\u00eancias da Sa\u00fade &#8211; 1 vaga 40h<\/h3>\n<ul>\n<li><del>Inscri\u00e7\u00e3o, Data, Locais e Programa das Provas<\/del>\u00a0 &#8220;O\u00a0edital N\u00ba. 29, DE 7 DE JUNHO DE 2018, foi republicado&#8221;<\/li>\n<li><a href=\"https:\/\/bse.ufms.br\/bse\/publicacao?id=321899\">Inscri\u00e7\u00e3o, Data, Locais e Programa das Provas\u00a0<\/a> \u00a0&#8220;Edital Republicado&#8221;<\/li>\n<li>Deferimento das Inscri\u00e7\u00f5es<\/li>\n<li>Resultado Final<\/li>\n<li>Informa\u00e7\u00f5es\u00a0<a href=\"mailto:enf.cpcx@ufms.br\">enf.cpcx@ufms.br<\/a><\/li>\n<\/ul>\n<h3>Teoria da Hist\u00f3ria &#8211; 1 vaga 20h<\/h3>\n<ul>\n<li><a href=\"https:\/\/bse.ufms.br\/bse\/publicacao?id=321378\">Inscri\u00e7\u00e3o, Data, Locais e Programa das Provas\u00a0<\/a><\/li>\n<li>Deferimento das Inscri\u00e7\u00f5es<\/li>\n<li>Resultado Final<\/li>\n<li>Informa\u00e7\u00f5es <a href=\"mailto:hist.cpcx@ufms.br\">hist.cpcx@ufms.br<\/a><\/li>\n<\/ul>\n<p>&nbsp;<\/p>\n<p>&nbsp;<\/p>\n<p>&nbsp;<\/p>\n","protected":false},"excerpt":{"rendered":"<p>HOMOLOGA\u00c7\u00c3O DAS INSCRI\u00c7\u00d5ES PARA SELE\u00c7\u00c3O DE CANDIDATOS A PROFESSOR SUBSTITUTO: Edital 87 enfermagem-homologa\u00e7\u00e3o Edital 90 enfermagem-homologa\u00e7\u00e3o Edital 89 SI-homologa\u00e7\u00e3o Edital 88 Letras Letras-homologa\u00e7\u00e3o &nbsp; Professor Substituto CPCX\/2020 Edital de Abertura CURSO DE ENFERMAGEM ABERTURA DE SELE\u00c7\u00c3O DE CANDIDATOS A PROFESSOR SUBSTITUTO. CURSO DE ENFERMAGEM ABERTURA DE SELE\u00c7\u00c3O DE CANDIDATOS A PROFESSOR SUBSTITUTO. CURSO DE LETRAS [&hellip;]<\/p>\n","protected":false},"author":3688,"featured_media":0,"parent":0,"menu_order":0,"comment_status":"closed","ping_status":"closed","template":"","meta":{"_eb_attr":"","ngg_post_thumbnail":0,"footnotes":""},"coauthors":[],"class_list":["post-3635","page","type-page","status-publish","hentry"],"_links":{"self":[{"href":"https:\/\/cpcx.ufms.br\/en\/wp-json\/wp\/v2\/pages\/3635","targetHints":{"allow":["GET"]}}],"collection":[{"href":"https:\/\/cpcx.ufms.br\/en\/wp-json\/wp\/v2\/pages"}],"about":[{"href":"https:\/\/cpcx.ufms.br\/en\/wp-json\/wp\/v2\/types\/page"}],"author":[{"embeddable":true,"href":"https:\/\/cpcx.ufms.br\/en\/wp-json\/wp\/v2\/users\/3688"}],"replies":[{"embeddable":true,"href":"https:\/\/cpcx.ufms.br\/en\/wp-json\/wp\/v2\/comments?post=3635"}],"version-history":[{"count":14,"href":"https:\/\/cpcx.ufms.br\/en\/wp-json\/wp\/v2\/pages\/3635\/revisions"}],"predecessor-version":[{"id":5299,"href":"https:\/\/cpcx.ufms.br\/en\/wp-json\/wp\/v2\/pages\/3635\/revisions\/5299"}],"wp:attachment":[{"href":"https:\/\/cpcx.ufms.br\/en\/wp-json\/wp\/v2\/media?parent=3635"}],"wp:term":[{"taxonomy":"author","embeddable":true,"href":"https:\/\/cpcx.ufms.br\/en\/wp-json\/wp\/v2\/coauthors?post=3635"}],"curies":[{"name":"wp","href":"https:\/\/api.w.org\/{rel}","templated":true}]}}