{"id":480,"date":"2015-03-03T11:01:53","date_gmt":"2015-03-03T15:01:53","guid":{"rendered":"http:\/\/cpcx.draconis.ufms.br\/?page_id=480"},"modified":"2025-10-20T13:59:02","modified_gmt":"2025-10-20T17:59:02","slug":"biblioteca","status":"publish","type":"page","link":"https:\/\/cpcx.ufms.br\/en\/biblioteca\/","title":{"rendered":"Biblioteca"},"content":{"rendered":"<p style=\"text-align: justify\" data-start=\"939\" data-end=\"1155\">A <strong data-start=\"941\" data-end=\"986\">Biblioteca do C\u00e2mpus de Coxim (CPCX\/UFMS)<\/strong> \u00e9 um espa\u00e7o de apoio \u00e0s atividades de ensino, pesquisa e extens\u00e3o, oferecendo acesso a obras f\u00edsicas e digitais, peri\u00f3dicos, bases de dados e materiais de refer\u00eancia.<\/p>\n<p style=\"text-align: justify\" data-start=\"1162\" data-end=\"1351\">Sua miss\u00e3o \u00e9 <strong data-start=\"1175\" data-end=\"1251\">prover recursos informacionais e promover a dissemina\u00e7\u00e3o do conhecimento<\/strong>, contribuindo para a forma\u00e7\u00e3o acad\u00eamica e o desenvolvimento cient\u00edfico da comunidade universit\u00e1ria.<\/p>\n<table style=\"border-collapse: collapse;width: 100%;height: 10px\">\n<tbody>\n<tr style=\"height: 10px\">\n<td style=\"width: 100%;height: 10px\">&nbsp;<\/td>\n<\/tr>\n<\/tbody>\n<\/table>\n<div class=\"panel-group\" id=\"custom-collapse-0\">\n<div class=\"panel panel-default\">\n\t\t\t\t<div class=\"panel-heading\">\n\t\t\t\t\t<h4 class=\"panel-title\">\n\t\t\t\t\t\t<a class=\"\" data-toggle=\"collapse\" data-parent=\"#custom-collapse-0\" href=\"#custom-collapse-0-0\">Estrutura F\u00edsica<\/a>\n\t\t\t\t\t<\/h4>\n\t\t\t\t<\/div>\n\t\t\t\t<div id=\"custom-collapse-0-0\" class=\"panel-collapse in\">\n\t\t\t\t\t<div class=\"panel-body\">\n<p data-start=\"1489\" data-end=\"1676\">A biblioteca conta com um acervo f\u00edsico composto por livros, revistas, trabalhos de conclus\u00e3o de curso e materiais de refer\u00eancia nas diversas \u00e1reas do conhecimento oferecidas pelo CPCX.<\/p>\n<p data-start=\"1683\" data-end=\"1704\">O espa\u00e7o disp\u00f5e de:<\/p>\n<p data-start=\"1683\" data-end=\"1704\"><ul class=\"list-group\">\n<li   class=\"list-group-item\">\n<p style=\"text-align: justify\" data-start=\"1683\" data-end=\"1704\"><strong>Ambiente climatizado<\/strong> e <strong>bem iluminado<\/strong> para estudo com mesas e cadeiras \u00e0 disposi\u00e7\u00e3o.<\/p>\n<p data-start=\"1683\" data-end=\"1704\"><\/li>\n<li   class=\"list-group-item\">\n<p style=\"text-align: justify\" data-start=\"1683\" data-end=\"1704\"><strong>Computadores<\/strong> e <strong>Chrome Books<\/strong> dispon\u00edveis para acesso \u00e0s bibliotecas virtuais.<\/p>\n<p data-start=\"1683\" data-end=\"1704\"><\/li>\n<li   class=\"list-group-item\">\n<p style=\"text-align: justify\" data-start=\"1683\" data-end=\"1704\"><strong>Arm\u00e1rio guarda-volumes<\/strong> para maior conforto dos acad\u00eamicos.<\/p>\n<p data-start=\"1683\" data-end=\"1704\"><\/li>\n<\/ul>\n<\/div>\n\t\t\t\t<\/div>\n\t\t\t<\/div>\n<div class=\"panel panel-default\">\n\t\t\t\t<div class=\"panel-heading\">\n\t\t\t\t\t<h4 class=\"panel-title\">\n\t\t\t\t\t\t<a class=\"\" data-toggle=\"collapse\" data-parent=\"#custom-collapse-0\" href=\"#custom-collapse-0-1\">Servi\u00e7os Oferecidos<\/a>\n\t\t\t\t\t<\/h4>\n\t\t\t\t<\/div>\n\t\t\t\t<div id=\"custom-collapse-0-1\" class=\"panel-collapse in\">\n\t\t\t\t\t<div class=\"panel-body\">\n<ul class=\"list-group\">\n<li   class=\"list-group-item\">\n<p><strong>Empr\u00e9stimo<\/strong> e <strong>Consulta local<\/strong> dos livros.<\/p>\n<\/li>\n<li   class=\"list-group-item\">\n<p>Acesso \u00e0s bibliotecas virtuais <strong>Minha Biblioteca<\/strong> e <strong>Pearson<\/strong>.<\/p>\n<\/li>\n<li   class=\"list-group-item\">\n<p><strong>Empr\u00e9stimo entre Bibliotecas<\/strong>, que torna acess\u00edvel qualquer livro de quaisquer das bibliotecas da UFMS.<\/p>\n<\/li>\n<\/ul>\n<\/div>\n\t\t\t\t<\/div>\n\t\t\t<\/div>\n<div class=\"panel panel-default\">\n\t\t\t\t<div class=\"panel-heading\">\n\t\t\t\t\t<h4 class=\"panel-title\">\n\t\t\t\t\t\t<a class=\"\" data-toggle=\"collapse\" data-parent=\"#custom-collapse-0\" href=\"#custom-collapse-0-2\">Hor\u00e1rio de Funcionamento<\/a>\n\t\t\t\t\t<\/h4>\n\t\t\t\t<\/div>\n\t\t\t\t<div id=\"custom-collapse-0-2\" class=\"panel-collapse in\">\n\t\t\t\t\t<div class=\"panel-body\">\n<table style=\"border-collapse: collapse;width: 100%;height: 24px\">\n<tbody>\n<tr style=\"height: 24px\">\n<td style=\"width: 4.07376%;height: 24px\">&nbsp;<\/td>\n<td style=\"width: 45.9262%;height: 24px;text-align: center\"><span style=\"font-size: 14pt\"><strong>Segunda \u00e0 Sexta-Feira<\/strong><\/span><\/td>\n<td style=\"width: 45.669%;height: 24px;text-align: center\"><span style=\"font-size: 12pt\"><strong>07:00<\/strong> \u00e0s <strong>11:00<\/strong><\/span><br \/>\n<span style=\"font-size: 12pt\"><strong>13:00<\/strong> \u00e0s <strong>17:00<\/strong><\/span><br \/>\n<span style=\"font-size: 12pt\"><strong>19:00<\/strong> \u00e0s <strong>23:00<\/strong><\/span><\/td>\n<td style=\"width: 4.33105%;height: 24px\">&nbsp;<\/td>\n<\/tr>\n<\/tbody>\n<\/table>\n<\/div>\n\t\t\t\t<\/div>\n\t\t\t<\/div>\n<div class=\"panel panel-default\">\n\t\t\t\t<div class=\"panel-heading\">\n\t\t\t\t\t<h4 class=\"panel-title\">\n\t\t\t\t\t\t<a class=\"\" data-toggle=\"collapse\" data-parent=\"#custom-collapse-0\" href=\"#custom-collapse-0-3\">Respons\u00e1vel T\u00e9cnico<\/a>\n\t\t\t\t\t<\/h4>\n\t\t\t\t<\/div>\n\t\t\t\t<div id=\"custom-collapse-0-3\" class=\"panel-collapse in\">\n\t\t\t\t\t<div class=\"panel-body\">\n<ul class=\"list-group\">\n<li   class=\"list-group-item\">\n<p><strong>Bibliotec\u00e1rio Documentalista<\/strong><\/p>\n<p>Zeus do Nascimento Guimar\u00e3es<\/p>\n<p><strong>CRB1 &#8211; 8501<\/strong><br \/>\n<\/li>\n<li   class=\"list-group-item\">\n<strong>Contatos<\/strong><\/p>\n<ul>\n<li><strong><em>Tel.:<\/em><\/strong><em> (67) 3291-0212<\/em><\/li>\n<li><strong>E-mail: <\/strong>biblioteca.cpcx@ufms.br<\/li>\n<\/ul>\n<\/li>\n<\/ul>\n<\/div>\n\t\t\t\t<\/div>\n\t\t\t<\/div>\n<\/div>\n<div class=\"panel-group\" id=\"custom-collapse-1\">\n<div class=\"panel panel-default\">\n\t\t\t\t<div class=\"panel-heading\">\n\t\t\t\t\t<h4 class=\"panel-title\">\n\t\t\t\t\t\t<a class=\"collapsed\" data-toggle=\"collapse\" data-parent=\"#custom-collapse-1\" href=\"#custom-collapse-1-4\">Instru\u00e7\u00f5es para Uso da Biblioteca<\/a>\n\t\t\t\t\t<\/h4>\n\t\t\t\t<\/div>\n\t\t\t\t<div id=\"custom-collapse-1-4\" class=\"panel-collapse collapse\">\n\t\t\t\t\t<div class=\"panel-body\">\nPara conhecer as normas, procedimentos e orienta\u00e7\u00f5es sobre o uso da Biblioteca do C\u00e2mpus Coxim, acesse o documento completo clicando no <a href=\"https:\/\/cpcx.ufms.br\/biblioteca\/instrucoes-para-uso-da-biblioteca\">link<\/a>.<br \/>\n<\/div>\n\t\t\t\t<\/div>\n\t\t\t<\/div>\n<div class=\"panel panel-default\">\n\t\t\t\t<div class=\"panel-heading\">\n\t\t\t\t\t<h4 class=\"panel-title\">\n\t\t\t\t\t\t<a class=\"collapsed\" data-toggle=\"collapse\" data-parent=\"#custom-collapse-1\" href=\"#custom-collapse-1-5\">Manuais de Trabalhos Acad\u00eamicos<\/a>\n\t\t\t\t\t<\/h4>\n\t\t\t\t<\/div>\n\t\t\t\t<div id=\"custom-collapse-1-5\" class=\"panel-collapse collapse\">\n\t\t\t\t\t<div class=\"panel-body\">\nPara obter orienta\u00e7\u00f5es sobre formata\u00e7\u00e3o, cita\u00e7\u00f5es e refer\u00eancias conforme o padr\u00e3o da UFMS, acesse o manual dispon\u00edvel no <a href=\"https:\/\/cpcx.ufms.br\/biblioteca\/manuais-de-trabalhos-academicos\">link<\/a>.<br \/>\n<\/div>\n\t\t\t\t<\/div>\n\t\t\t<\/div>\n<\/div>\n","protected":false},"excerpt":{"rendered":"<p>A Biblioteca do C\u00e2mpus de Coxim (CPCX\/UFMS) \u00e9 um espa\u00e7o de apoio \u00e0s atividades de ensino, pesquisa e extens\u00e3o, oferecendo acesso a obras f\u00edsicas e digitais, peri\u00f3dicos, bases de dados e materiais de refer\u00eancia. Sua miss\u00e3o \u00e9 prover recursos informacionais e promover a dissemina\u00e7\u00e3o do conhecimento, contribuindo para a forma\u00e7\u00e3o acad\u00eamica e o desenvolvimento cient\u00edfico [&hellip;]<\/p>\n","protected":false},"author":60,"featured_media":12865,"parent":0,"menu_order":0,"comment_status":"closed","ping_status":"open","template":"page-templates\/page-coordenadorias.php","meta":{"_eb_attr":"","ngg_post_thumbnail":0,"footnotes":""},"coauthors":[133,116],"class_list":["post-480","page","type-page","status-publish","has-post-thumbnail","hentry"],"_links":{"self":[{"href":"https:\/\/cpcx.ufms.br\/en\/wp-json\/wp\/v2\/pages\/480","targetHints":{"allow":["GET"]}}],"collection":[{"href":"https:\/\/cpcx.ufms.br\/en\/wp-json\/wp\/v2\/pages"}],"about":[{"href":"https:\/\/cpcx.ufms.br\/en\/wp-json\/wp\/v2\/types\/page"}],"author":[{"embeddable":true,"href":"https:\/\/cpcx.ufms.br\/en\/wp-json\/wp\/v2\/users\/60"}],"replies":[{"embeddable":true,"href":"https:\/\/cpcx.ufms.br\/en\/wp-json\/wp\/v2\/comments?post=480"}],"version-history":[{"count":27,"href":"https:\/\/cpcx.ufms.br\/en\/wp-json\/wp\/v2\/pages\/480\/revisions"}],"predecessor-version":[{"id":12882,"href":"https:\/\/cpcx.ufms.br\/en\/wp-json\/wp\/v2\/pages\/480\/revisions\/12882"}],"wp:featuredmedia":[{"embeddable":true,"href":"https:\/\/cpcx.ufms.br\/en\/wp-json\/wp\/v2\/media\/12865"}],"wp:attachment":[{"href":"https:\/\/cpcx.ufms.br\/en\/wp-json\/wp\/v2\/media?parent=480"}],"wp:term":[{"taxonomy":"author","embeddable":true,"href":"https:\/\/cpcx.ufms.br\/en\/wp-json\/wp\/v2\/coauthors?post=480"}],"curies":[{"name":"wp","href":"https:\/\/api.w.org\/{rel}","templated":true}]}}