{"id":5025,"date":"2019-11-06T15:11:19","date_gmt":"2019-11-06T19:11:19","guid":{"rendered":"https:\/\/cpcx.ufms.br\/?page_id=5025"},"modified":"2021-06-11T08:37:47","modified_gmt":"2021-06-11T12:37:47","slug":"tcc","status":"publish","type":"page","link":"https:\/\/cpcx.ufms.br\/en\/enfermagem\/tcc\/","title":{"rendered":"Normas TCC"},"content":{"rendered":"<ol>\n<li style=\"text-align: justify\">O Trabalho de Conclus\u00e3o de Curso (TCC) consiste de um trabalho de pesquisa acad\u00eamica realizado individualmente ou em dupla e apresentado sob forma de um artigo cientifico ou paper de acordo com as normas determinadas pelo colegiado do curso de Enfermagem como requisito \u00e0 obten\u00e7\u00e3o do titulo de enfermeiro. As resolu\u00e7\u00f5es, manuais e instrumentos para orienta\u00e7\u00e3o de sua elabora\u00e7\u00e3o encontram-se abaixo.<\/li>\n<\/ol>\n<p>Documenta\u00e7\u00e3o pertinente:<\/p>\n<ul>\n<li><strong><a href=\"https:\/\/cpcx.ufms.br\/files\/2020\/03\/RESOLUCAO-Colegiado-de-Curso_Enfermagem_CPCX-n-76-de-26-11-2019.-1.pdf\">RESOLU\u00c7\u00c3O COLEGIADO DE CURSO ENFERMAGEM<\/a><\/strong><\/li>\n<li><strong><a href=\"https:\/\/cpcx.ufms.br\/files\/2020\/03\/ANEXO-TCC.pdf\">ANEXO TCC<\/a><\/strong><\/li>\n<li><strong><a href=\"https:\/\/cpcx.ufms.br\/files\/2019\/11\/Manual-TCC_Enf.-CPCX.pdf\">MANUAL DO TCC<\/a><\/strong><\/li>\n<li><strong><a href=\"https:\/\/cpcx.ufms.br\/files\/2020\/11\/TERMO-DE-ACEITA\u00c7\u00c3O-DE-TCC-AP\u00caNDICE-A.docx\">TERMO DE ACEITA\u00c7\u00c3O DE TCC<\/a><\/strong><\/li>\n<li><strong><a href=\"https:\/\/cpcx.ufms.br\/files\/2020\/11\/TERMO-DE-TRANSFER\u00caNCIA-DE-ORIENTA\u00c7\u00c3O-DE-TCC-B.docx\">TERMO DE TRANSFER\u00caNCIA DE ORIENTA\u00c7\u00c3O DE TCC<\/a><\/strong><\/li>\n<li><strong><a href=\"https:\/\/cpcx.ufms.br\/files\/2020\/11\/QUADRO-DE-ORIENTA\u00c7\u00d5ES-C.docx\">QUADRO DE ORIENTA\u00c7\u00d5ES<\/a><\/strong><\/li>\n<li><strong><a href=\"https:\/\/cpcx.ufms.br\/files\/2020\/11\/QUADRO-DE-BANCAS-DE-TCC-D.docx\">QUADRO DE BANCAS DE TCC<\/a><\/strong><\/li>\n<li><strong><a href=\"https:\/\/cpcx.ufms.br\/files\/2020\/11\/PLANO-DE-TRABALHO-DO-ACAD\u00caMICO-E.docx\">PLANO DE TRABALHO DO ACAD\u00caMICO<\/a><\/strong><\/li>\n<li><strong><a href=\"https:\/\/cpcx.ufms.br\/files\/2020\/11\/CONTROLE-DE-DESENVOLVIMENTO-DAS-ATIVIDADES-DO-PLANO-DE-TRABALHO-F.docx\">CONTROLE DE DESENVOLVIMENTO DAS ATIVIDADES DO PLANO DE TRABALHO<\/a><\/strong><\/li>\n<li><strong><a href=\"https:\/\/cpcx.ufms.br\/files\/2020\/11\/Termo-de-Desist\u00eancia-das-atividades-do-Trabalho-de-Conclus\u00e3o-de-Curso-G.docx\">TERMO DE DESISTENCIA DAS ATIVIDADES DO TRABALHO DO TCC <\/a><\/strong><\/li>\n<li><strong><a href=\"https:\/\/cpcx.ufms.br\/files\/2020\/11\/Carta-de-Autoriza\u00e7\u00e3o-para-Defesa-do-Trabalho-de-Conclus\u00e3o-do-curso-de-enfermagem-H.docx\">CARTA DE AUTORIZA\u00c7\u00c3O PARA DEFESA DO TCC<\/a><\/strong><\/li>\n<li><strong><a href=\"https:\/\/cpcx.ufms.br\/files\/2020\/11\/TERMO-CIRCUNSTANCIADO-DE-PRORROGA\u00c7\u00c3O-DE-PRAZO-I.docx\">TERMO CIRCUNSTANCIADO DE PRORROGA\u00c7\u00c3O DE PRAZO<\/a><\/strong><\/li>\n<li><strong><a href=\"https:\/\/cpcx.ufms.br\/files\/2020\/11\/ROTEIRO-DE-AVALIA\u00c7\u00c3O-DO-TCC-II-J.docx\">ROTEIRO DE AVALIA\u00c7\u00c3O DO TCC II<\/a><\/strong><\/li>\n<li><strong><a href=\"https:\/\/cpcx.ufms.br\/files\/2020\/11\/ATA-DE-DEFESA-L.docx\">ATA DE DEFESA<\/a><\/strong><\/li>\n<li><strong><a href=\"https:\/\/cpcx.ufms.br\/files\/2020\/11\/TERMO-DE-ACEITE-DE-CO-ORIENTA\u00c7\u00c3O-TCC.doc\">TERMO-DE-ACEITE-DE-CO-ORIENTA\u00c7\u00c3O-TCC<\/a><\/strong><\/li>\n<\/ul>\n","protected":false},"excerpt":{"rendered":"<p>O Trabalho de Conclus\u00e3o de Curso (TCC) consiste de um trabalho de pesquisa acad\u00eamica realizado individualmente ou em dupla e apresentado sob forma de um artigo cientifico ou paper de acordo com as normas determinadas pelo colegiado do curso de Enfermagem como requisito \u00e0 obten\u00e7\u00e3o do titulo de enfermeiro. As resolu\u00e7\u00f5es, manuais e instrumentos para [&hellip;]<\/p>\n","protected":false},"author":7210,"featured_media":0,"parent":574,"menu_order":0,"comment_status":"closed","ping_status":"closed","template":"page-templates\/page-coordenadorias.php","meta":{"_eb_attr":"","ngg_post_thumbnail":0,"footnotes":""},"coauthors":[],"class_list":["post-5025","page","type-page","status-publish","hentry"],"_links":{"self":[{"href":"https:\/\/cpcx.ufms.br\/en\/wp-json\/wp\/v2\/pages\/5025","targetHints":{"allow":["GET"]}}],"collection":[{"href":"https:\/\/cpcx.ufms.br\/en\/wp-json\/wp\/v2\/pages"}],"about":[{"href":"https:\/\/cpcx.ufms.br\/en\/wp-json\/wp\/v2\/types\/page"}],"author":[{"embeddable":true,"href":"https:\/\/cpcx.ufms.br\/en\/wp-json\/wp\/v2\/users\/7210"}],"replies":[{"embeddable":true,"href":"https:\/\/cpcx.ufms.br\/en\/wp-json\/wp\/v2\/comments?post=5025"}],"version-history":[{"count":13,"href":"https:\/\/cpcx.ufms.br\/en\/wp-json\/wp\/v2\/pages\/5025\/revisions"}],"predecessor-version":[{"id":6820,"href":"https:\/\/cpcx.ufms.br\/en\/wp-json\/wp\/v2\/pages\/5025\/revisions\/6820"}],"up":[{"embeddable":true,"href":"https:\/\/cpcx.ufms.br\/en\/wp-json\/wp\/v2\/pages\/574"}],"wp:attachment":[{"href":"https:\/\/cpcx.ufms.br\/en\/wp-json\/wp\/v2\/media?parent=5025"}],"wp:term":[{"taxonomy":"author","embeddable":true,"href":"https:\/\/cpcx.ufms.br\/en\/wp-json\/wp\/v2\/coauthors?post=5025"}],"curies":[{"name":"wp","href":"https:\/\/api.w.org\/{rel}","templated":true}]}}