{"id":5034,"date":"2019-11-06T15:20:51","date_gmt":"2019-11-06T19:20:51","guid":{"rendered":"https:\/\/cpcx.ufms.br\/?page_id=5034"},"modified":"2019-11-13T15:01:29","modified_gmt":"2019-11-13T19:01:29","slug":"tcc-2017","status":"publish","type":"page","link":"https:\/\/cpcx.ufms.br\/en\/enfermagem\/tcc\/tcc-2017\/","title":{"rendered":"TCC 2017"},"content":{"rendered":"<ol>\n<li><a href=\"https:\/\/drive.google.com\/open?id=1MSjon_Uf1Y_yeD5ObBoyWvN-v8tvKjBB\">MARCADORES FLUORESCENTES PARA O MONITORAMENTO DA LIMPEZA E DESINFEC\u00c7\u00c3O DE SUPERFICIES: UMA REVIS\u00c3O INTEGRATIVA<\/a><br \/>\nAutores: DANILO FERNANDO GON\u00c7ALVES GONZAGA, NELIENDY GRICOLO BARBOSA<\/li>\n<li><a href=\"https:\/\/drive.google.com\/open?id=1_qtbtCToazCPnJJS_zAcn6oatYD0HJAk\">A EXPERI\u00caNCIA EM LECIONAR PARA CRIAN\u00c7AS E ADOLESCENTES COM TRANSTORNOS MENTAIS.<\/a><br \/>\nAutoras: FABIANA VIANA NUNES, MAYARA CAROLINE RIBEIRO ANTONIO, BIANCA CRISTINA CICCONE GIACON<\/li>\n<li><a href=\"https:\/\/drive.google.com\/open?id=1t31PtiuNofxtWbAvSku3-Kz6MZVDQdwW\">EXPERI\u00caNCIA DE FAM\u00cdLIAS DE CRIAN\u00c7AS COM TRANSTORNOS DO ESPECTRO AUTISTA NA DESCOBERTA DO DIAGN\u00d3STICO<\/a><br \/>\nAutora: TASSIA DE ARRUDA BONFIM<\/li>\n<li><a href=\"https:\/\/drive.google.com\/open?id=1yMmV_n6AQyMccQsf8NV64yqiR5bmN_2U\">BIOSSEGURAN\u00c7A NO ARMAZENAMENTO, REUTILIZA\u00c7\u00c3O E DESCARTE DOS INSUMOS DA INSULINOTERAPIA.<\/a><br \/>\nAutores: BRUNO SOUZA DO NASCIMENTO, MAYARA CAROLINE RIBEIRO ANTONIO, MARA CRISTINA RIBEIRO FURLAN<\/li>\n<li><a href=\"https:\/\/drive.google.com\/open?id=1bUlovYzezou0c5gI67X3YYoEeuqwoB4N\">LECIONAR PARA CRIAN\u00c7AS E ADOLESCENTES COM TRANSTORNOS MENTAIS: RELATO DE PROFESSORES.<\/a><br \/>\nAutoras: FABIANA VIANA NUNES, MAYARA CAROLINE RIBEIRO ANTONIO, BIANCA CRISTINA CICCONE GIACON<\/li>\n<li><a href=\"https:\/\/drive.google.com\/open?id=1UIsNVbgbmMvq0JTjLziUy5G4mbI76dHf\">QUALIDADE DE VIDA DOS PROFISSIONAIS DA EQUIPE DE ENFERMAGEM: REVIS\u00c3O INTEGRATIVA<\/a><br \/>\nAutoras: GEIZIANE PIRES DOS SANTOS, JULIANA CARLOS DOS SANTOS, MAYARA CAROLINE RIBEIRO ANTONIO<\/li>\n<li><a href=\"https:\/\/drive.google.com\/open?id=1r8FaoHUal-nTeNj93NpRMe1k05hzHPA1\">A EXPERI\u00caNCIA DA FAM\u00cdLIA FRENTE \u00c0 GRAVIDEZ DE UMA FILHA NA FASE DA ADOLESC\u00caNCIA<\/a><br \/>\nAutoras: HELEN SOARES DENARDI; M\u00c1RCIA MARQUES DOS SANTOS<\/li>\n<li><a href=\"https:\/\/drive.google.com\/open?id=1_39vuJFJR96RX8z9-lKEJXKrR7DTMudV\">O ACESSO AOS SERVI\u00c7OS DE SA\u00daDE NA PERSPECTIVA DE PESSOAS EM SITUA\u00c7\u00c3O DE RUA<\/a><br \/>\nAutora: NAYELEN BRAMBILA CERVIERI<\/li>\n<li><a href=\"https:\/\/drive.google.com\/open?id=1qNbCk1TlMCvpE787l8kcICh1BLxn2iWp\">SINTOMAS SUGESTIVOS DE DEPRESS\u00c3O NOS PROFISSIONAIS DA EQUIPE DE ENFERMAGEM: UMA REVIS\u00c3O INTEGRATIVA<\/a><br \/>\nAutores: LUDIMILA SIQUEIRA DE MORAIS, WALISSON VIEIRA DA SILVA, MAYARA CAROLINE RIBEIRO ANTONIO<\/li>\n<li><a href=\"https:\/\/drive.google.com\/open?id=1yL0crfW6V29HE8w5K2Rk8WYjW8T9IDKf\">TIPOS DE PARTOS PRATICADOS EM UM SERVI\u00c7O HOSPITALAR DE REFER\u00caNCIA<\/a><br \/>\nAutora: N\u00c1GILA DA COSTA ROCHA<\/li>\n<li><a href=\"https:\/\/drive.google.com\/open?id=1S7G2r8W9QfnYX3L5G_6io1TLEJlgoaMI\">CARACTERIZA\u00c7\u00c3O SOCIODEMOGR\u00c1FICA E A AUTOPERCEP\u00c7\u00c3O DAS CONDI\u00c7\u00d5ES DE SA\u00daDE EM IDOSOS DE UM CENTRO DE CONVIV\u00caNCIA<\/a><br \/>\nAutoras: JASMINE DE OLIVEIRA PEDRO, MAYARA CHAVES DE OLIVEIRA<\/li>\n<li><a href=\"https:\/\/drive.google.com\/open?id=1pIzIR-WNX16DCDbw08QbsuRiWJLR2u0k\">AUTONOMIA E INDEPEND\u00caNCIA DE IDOSOS PARA AS ATIVIDADES DA VIDA DI\u00c1RIA EM UM CENTRO DE CONVIV\u00caNCIA<\/a><br \/>\nAutora: JOANA D\u2019ARC MARQUES DE SOUZA<\/li>\n<li><a href=\"https:\/\/drive.google.com\/open?id=1GBTDhEsTvnkUz-z7rk_rdnFmGlA-_GGP\">UTILIZA\u00c7\u00c3O DOS SERVI\u00c7OS DE SA\u00daDE POR IDOSOS DE UM CENTRO DE CONVIV\u00caNCIA<\/a><br \/>\nAutoras: BRUNA RAFAELA DE OLIVEIRA SOARES, MONIQUE FERREIRA DA CRUZ<\/li>\n<li><a href=\"https:\/\/drive.google.com\/open?id=1zqMiZCWBv4aUQKjKZ2t3JwQqF8xOALcw\">AVALIA\u00c7\u00c3O DA QUALIDADE DE VIDA EM IDOSOS DE UM CENTRO DE CONVIV\u00caNCIA<\/a><br \/>\nAutores TAINARA ROCHA CASAIS, WILLIANI SANTOS ARANTES<\/li>\n<li><a href=\"https:\/\/drive.google.com\/open?id=1b3zSsE00Ojqa2ymP7GJMrJZl5KNejGce\">AUTOMEDICA\u00c7\u00c3O EM CRIAN\u00c7AS NO BRASIL: UMA REVIS\u00c3O INTEGRATIVA<\/a><br \/>\nAutora: ADRIANA BERNARDO DA SILVA<\/li>\n<\/ol>\n","protected":false},"excerpt":{"rendered":"<p>MARCADORES FLUORESCENTES PARA O MONITORAMENTO DA LIMPEZA E DESINFEC\u00c7\u00c3O DE SUPERFICIES: UMA REVIS\u00c3O INTEGRATIVA Autores: DANILO FERNANDO GON\u00c7ALVES GONZAGA, NELIENDY GRICOLO BARBOSA A EXPERI\u00caNCIA EM LECIONAR PARA CRIAN\u00c7AS E ADOLESCENTES COM TRANSTORNOS MENTAIS. Autoras: FABIANA VIANA NUNES, MAYARA CAROLINE RIBEIRO ANTONIO, BIANCA CRISTINA CICCONE GIACON EXPERI\u00caNCIA DE FAM\u00cdLIAS DE CRIAN\u00c7AS COM TRANSTORNOS DO ESPECTRO AUTISTA [&hellip;]<\/p>\n","protected":false},"author":7210,"featured_media":0,"parent":5025,"menu_order":0,"comment_status":"closed","ping_status":"closed","template":"","meta":{"_eb_attr":"","ngg_post_thumbnail":0,"footnotes":""},"coauthors":[],"class_list":["post-5034","page","type-page","status-publish","hentry"],"_links":{"self":[{"href":"https:\/\/cpcx.ufms.br\/en\/wp-json\/wp\/v2\/pages\/5034","targetHints":{"allow":["GET"]}}],"collection":[{"href":"https:\/\/cpcx.ufms.br\/en\/wp-json\/wp\/v2\/pages"}],"about":[{"href":"https:\/\/cpcx.ufms.br\/en\/wp-json\/wp\/v2\/types\/page"}],"author":[{"embeddable":true,"href":"https:\/\/cpcx.ufms.br\/en\/wp-json\/wp\/v2\/users\/7210"}],"replies":[{"embeddable":true,"href":"https:\/\/cpcx.ufms.br\/en\/wp-json\/wp\/v2\/comments?post=5034"}],"version-history":[{"count":8,"href":"https:\/\/cpcx.ufms.br\/en\/wp-json\/wp\/v2\/pages\/5034\/revisions"}],"predecessor-version":[{"id":5120,"href":"https:\/\/cpcx.ufms.br\/en\/wp-json\/wp\/v2\/pages\/5034\/revisions\/5120"}],"up":[{"embeddable":true,"href":"https:\/\/cpcx.ufms.br\/en\/wp-json\/wp\/v2\/pages\/5025"}],"wp:attachment":[{"href":"https:\/\/cpcx.ufms.br\/en\/wp-json\/wp\/v2\/media?parent=5034"}],"wp:term":[{"taxonomy":"author","embeddable":true,"href":"https:\/\/cpcx.ufms.br\/en\/wp-json\/wp\/v2\/coauthors?post=5034"}],"curies":[{"name":"wp","href":"https:\/\/api.w.org\/{rel}","templated":true}]}}