{"id":5035,"date":"2019-11-06T15:20:51","date_gmt":"2019-11-06T19:20:51","guid":{"rendered":"https:\/\/cpcx.ufms.br\/?page_id=5035"},"modified":"2019-11-13T14:45:21","modified_gmt":"2019-11-13T18:45:21","slug":"tcc-2018","status":"publish","type":"page","link":"https:\/\/cpcx.ufms.br\/en\/enfermagem\/tcc\/tcc-2018\/","title":{"rendered":"TCC 2018"},"content":{"rendered":"<ol>\n<li style=\"list-style-type: none\">\n<ol>\n<li style=\"list-style-type: none\">\n<ol>\n<li><a href=\"https:\/\/drive.google.com\/file\/d\/1oroSbuOdLexch8aIcH8DYSiWx46vLu0z\/view?usp=sharing\">QUALIDADE DE VIDA DAS MULHERES MASTECTOMIZADAS RESIDENTES NO MUNIC\u00cdPIO DE COXIM \u2013 MS<\/a><br \/>\nAutoras: MICHELINE ALMEIDA DIAS, THAMIRIS LEAL COIMBRA<\/li>\n<li><a href=\"https:\/\/drive.google.com\/open?id=1pAZSRd9J89xyKURg61nMIUKekDuAsZuW\">REVIS\u00c3O INTEGRATIVA SOBRE CUIDADOS COM F\u00cdSTULA ARTERIOVENOSA PARA HEMODI\u00c1LISE<\/a><br \/>\nAutora: GABRIELLE KIMIE PINHEIRO NAKADA<\/li>\n<li><a href=\"https:\/\/drive.google.com\/open?id=123hfJ9exRXwe56pB-E1wCIkALbuWG4i6\">A SATISFA\u00c7\u00c3O DE IDOSOS EM SUAS RELA\u00c7\u00d5ES SOCIAIS<\/a><br \/>\nAutoras: ANDRESSA APARECIDA MOURA. BEATRIZ APARECIDA FERREIRA SEG\u00d3VIA<\/li>\n<li><a href=\"https:\/\/drive.google.com\/open?id=1Z6pmaLkOnMto8k2YBr96XczvBkD49lPD\">O ENSINO SOBRE OS CUIDADOS PALIATIVOS: REVIS\u00c3O INTEGRATIVA<\/a><br \/>\nAutoras: JUSCIMARA DOS SANTOS BRITO SILVA, VANEIZE ROSA DA SILVA<\/li>\n<li><a href=\"https:\/\/drive.google.com\/open?id=18OPsMLR76BGXnawmwSpc_KIltPpl0nAM\">SENTIMENTOS VIVENCIADOS POR GESTANTES ACOMPANHADAS EM UM SERVI\u00c7O DE REFERENCIA DE PR\u00c9-NATAL DE ALTO-RISCO NO MUNICIPIO DE COXIM \u2013 MS<\/a><br \/>\nAutoras: GABRIELLE SOUZA PORTELA LIMA, TATIELE PAES GARCIA<\/li>\n<li><a href=\"https:\/\/drive.google.com\/open?id=1th_hG9g2DYLLSs9sWY_H3YmoxhX5NrGe\">PERFIL DOS CASOS DE S\u00cdFILIS NA GESTA\u00c7\u00c3O E S\u00cdFILIS CONG\u00caNITA EM MATO GROSSO DO SUL DE 2008 A 2017<\/a><br \/>\nAutoras: DAIANA FERNANDA DENARDI, NAT\u00c1LIA DE LIMA MARCELINO<\/li>\n<li><a href=\"https:\/\/drive.google.com\/open?id=1Ltr0j0lXq9XyayQGYvW0epVHeHhXKTKa\">EFEITOS DO EXTRATO BRUTO HIDROETAN\u00d3LICO DA AROEIRA (Schinus terebinthifolius Raddi) SOBRE A MORFOMETRIA INTESTINAL DE RATOS DIAB\u00c9TICOS<\/a><br \/>\nAutores: CAMILIANY PEREIRA DA SILVA, MARCELO WECSLEY FERREIRA ARA\u00daJO<\/li>\n<li><a href=\"https:\/\/drive.google.com\/open?id=1JVZBqdU4E8P0oOizou1AnwtQIshHsN4K\">HANSEN\u00cdASE: SABERES E PR\u00c1TICAS DOS ENFERMEIROS DE UM MUNIC\u00cdPIO DO INTERIOR DE MATO GROSSO DO SUL<\/a><br \/>\nAutora: GEISIANE APARECIDA DA SILVA SANTOS<\/li>\n<li><a href=\"https:\/\/drive.google.com\/open?id=1EVOfr1sq4bRmlPdkBgGrx9W37yyi0_vK\">QUALIDADE DE VIDA RELACIONADA A SA\u00daDE DAS SOBREVIVENTES DO C NCER DE MAMA: UMA REVIS\u00c3O INTEGRATIVA<\/a><br \/>\nAutoras: ELIANE ALC NTARA FARIA DE MELO, RAFAELA AZEVEDO ABRANTES DE OLIVEIRA SIMONETI<\/li>\n<li><a href=\"https:\/\/drive.google.com\/open?id=16hbvOV-2hM4K78yW9x7eOi3NTAMOun-W\">CUIDADOS DE ENFERMAGEM COM RELA\u00c7\u00c3O \u00c0 PREVEN\u00c7\u00c3O DAS LES\u00d5ES POR PRESS\u00c3O NA UNIDADE DE TRATAMENTO INTENSIVA (UTI): UMA REVIS\u00c3O INTEGRATIVA<\/a><br \/>\nAutoras: ADRIANA DE MOURA TRENTINI, RAFAEL HENRIQUE DA SILVA DOMINGUES, RAFAELA AZEVEDO ABRANTES DE OLIVEIRA SIMONETI<\/li>\n<li><a href=\"https:\/\/drive.google.com\/open?id=1HVqX3nchQmxD1Jk61dN_hE9abEU9eu7P\">AN\u00c1LISE DA DEMANDA N\u00c3O REFERENCIADA EM SERVI\u00c7O DE URG\u00caNCIA E EMERG\u00caNCIA HOSPITALAR<\/a><br \/>\nAutora: KELLY CRISTINA GOMES<\/li>\n<li><a href=\"https:\/\/drive.google.com\/open?id=16o6hZx5wCXeeHaRWednHyszl_XyWFxKP\">PERCEP\u00c7\u00c3O DOS PROFISSIONAIS DE ENFERMAGEM SOBRE A BRINQUEDOTECA HOSPITALAR<\/a><br \/>\nAutores: J\u00c9SSICA DE CARVALHO SILVAA, WESLLEY THIEGO FERREIRA BATISTAA, RAFAELA AZEVEDO ABRANTES DE OLIVEIRA SIMONETIB<\/li>\n<\/ol>\n<\/li>\n<\/ol>\n<p>&nbsp;<\/li>\n<\/ol>\n","protected":false},"excerpt":{"rendered":"<p>QUALIDADE DE VIDA DAS MULHERES MASTECTOMIZADAS RESIDENTES NO MUNIC\u00cdPIO DE COXIM \u2013 MS Autoras: MICHELINE ALMEIDA DIAS, THAMIRIS LEAL COIMBRA REVIS\u00c3O INTEGRATIVA SOBRE CUIDADOS COM F\u00cdSTULA ARTERIOVENOSA PARA HEMODI\u00c1LISE Autora: GABRIELLE KIMIE PINHEIRO NAKADA A SATISFA\u00c7\u00c3O DE IDOSOS EM SUAS RELA\u00c7\u00d5ES SOCIAIS Autoras: ANDRESSA APARECIDA MOURA. BEATRIZ APARECIDA FERREIRA SEG\u00d3VIA O ENSINO SOBRE OS CUIDADOS [&hellip;]<\/p>\n","protected":false},"author":7210,"featured_media":0,"parent":5025,"menu_order":0,"comment_status":"closed","ping_status":"closed","template":"","meta":{"_eb_attr":"","ngg_post_thumbnail":0,"footnotes":""},"coauthors":[],"class_list":["post-5035","page","type-page","status-publish","hentry"],"_links":{"self":[{"href":"https:\/\/cpcx.ufms.br\/en\/wp-json\/wp\/v2\/pages\/5035","targetHints":{"allow":["GET"]}}],"collection":[{"href":"https:\/\/cpcx.ufms.br\/en\/wp-json\/wp\/v2\/pages"}],"about":[{"href":"https:\/\/cpcx.ufms.br\/en\/wp-json\/wp\/v2\/types\/page"}],"author":[{"embeddable":true,"href":"https:\/\/cpcx.ufms.br\/en\/wp-json\/wp\/v2\/users\/7210"}],"replies":[{"embeddable":true,"href":"https:\/\/cpcx.ufms.br\/en\/wp-json\/wp\/v2\/comments?post=5035"}],"version-history":[{"count":6,"href":"https:\/\/cpcx.ufms.br\/en\/wp-json\/wp\/v2\/pages\/5035\/revisions"}],"predecessor-version":[{"id":5117,"href":"https:\/\/cpcx.ufms.br\/en\/wp-json\/wp\/v2\/pages\/5035\/revisions\/5117"}],"up":[{"embeddable":true,"href":"https:\/\/cpcx.ufms.br\/en\/wp-json\/wp\/v2\/pages\/5025"}],"wp:attachment":[{"href":"https:\/\/cpcx.ufms.br\/en\/wp-json\/wp\/v2\/media?parent=5035"}],"wp:term":[{"taxonomy":"author","embeddable":true,"href":"https:\/\/cpcx.ufms.br\/en\/wp-json\/wp\/v2\/coauthors?post=5035"}],"curies":[{"name":"wp","href":"https:\/\/api.w.org\/{rel}","templated":true}]}}