{"id":5122,"date":"2019-11-13T15:02:35","date_gmt":"2019-11-13T19:02:35","guid":{"rendered":"https:\/\/cpcx.ufms.br\/?page_id=5122"},"modified":"2025-09-18T10:27:19","modified_gmt":"2025-09-18T14:27:19","slug":"direito","status":"publish","type":"page","link":"https:\/\/cpcx.ufms.br\/en\/direito\/","title":{"rendered":"Direito"},"content":{"rendered":"<div align=\"justify\">\n<div align=\"justify\">\n<div class=\"panel panel-default\">\n\t\t\t\t<div class=\"panel-heading\">\n\t\t\t\t\t<h4 class=\"panel-title\">\n\t\t\t\t\t\t<a class=\"\" data-toggle=\"collapse\" data-parent=\"#single-collapse\" href=\"#single-collapse-0\">Informa\u00e7\u00f5es Gerais do Curso<\/a>\n\t\t\t\t\t<\/h4>\n\t\t\t\t<\/div>\n\t\t\t\t<div id=\"single-collapse-0\" class=\"panel-collapse in\">\n\t\t\t\t\t<div class=\"panel-body\">\n<p><strong data-start=\"306\" data-end=\"331\">Modalidade de ensino:<\/strong>&nbsp;Presencial<br data-start=\"342\" data-end=\"345\"><strong data-start=\"345\" data-end=\"357\">Per\u00edodo:<\/strong> Noturno (segunda-feira a sexta-feira) e s\u00e1bado no per\u00edodo matutino.<br data-start=\"364\" data-end=\"367\"><strong data-start=\"367\" data-end=\"388\">Dura\u00e7\u00e3o do curso:<\/strong>&nbsp;10 semestres<br data-start=\"401\" data-end=\"404\"><strong data-start=\"404\" data-end=\"417\">Forma\u00e7\u00e3o:<\/strong> Bacharelado em Direito<\/p>\n<\/div>\n\t\t\t\t<\/div>\n\t\t\t<\/div>\n<div class=\"panel panel-default\">\n\t\t\t\t<div class=\"panel-heading\">\n\t\t\t\t\t<h4 class=\"panel-title\">\n\t\t\t\t\t\t<a class=\"collapsed\" data-toggle=\"collapse\" data-parent=\"#single-collapse\" href=\"#single-collapse-1\">Hist\u00f3rico do Curso<\/a>\n\t\t\t\t\t<\/h4>\n\t\t\t\t<\/div>\n\t\t\t\t<div id=\"single-collapse-1\" class=\"panel-collapse collapse\">\n\t\t\t\t\t<div class=\"panel-body\">\n<p style=\"text-align: justify\">Em <strong data-start=\"145\" data-end=\"169\">28 de agosto de 2015<\/strong>, foi externado, em <strong data-start=\"189\" data-end=\"251\">Audi\u00eancia P\u00fablica realizada pela C\u00e2mara Municipal de Coxim<\/strong>, o interesse da popula\u00e7\u00e3o coxinense na implanta\u00e7\u00e3o do <strong data-start=\"306\" data-end=\"326\">Curso de Direito<\/strong> no C\u00e2mpus da UFMS da cidade, sob a pauta <strong data-start=\"368\" data-end=\"418\">\u201cTransformando Coxim em um polo universit\u00e1rio\u201d<\/strong>.<br data-start=\"419\" data-end=\"422\">O evento contou com ampla participa\u00e7\u00e3o de:<\/p>\n<ul class=\"list-group\">\n<li   class=\"list-group-item\">\nSociedade civil<br \/>\n<\/li>\n<li   class=\"list-group-item\">\nMembros da Ordem dos Advogados do Brasil \u2013 Subse\u00e7\u00e3o Coxim<br \/>\n<\/li>\n<li   class=\"list-group-item\">\nPoder Judici\u00e1rio<br \/>\n<\/li>\n<li   class=\"list-group-item\">\nMinist\u00e9rio P\u00fablico<br \/>\n<\/li>\n<li   class=\"list-group-item\">\nDefensoria P\u00fablica<br \/>\n<\/li>\n<li   class=\"list-group-item\">\nProcuradoria Estadual e Municipal<br \/>\n<\/li>\n<li   class=\"list-group-item\">\nPrefeitura Municipal de Coxim<br \/>\n<\/li>\n<li   class=\"list-group-item\">\nLegislativo Estadual<br \/>\n<\/li>\n<\/ul>\n<p data-start=\"751\" data-end=\"903\">A mobiliza\u00e7\u00e3o ressaltou que a implanta\u00e7\u00e3o do curso de Direito poderia contribuir de forma significativa para a <strong data-start=\"862\" data-end=\"900\">regi\u00e3o Norte do Mato Grosso do Sul<\/strong>.<\/p>\n<p data-start=\"905\" data-end=\"918\">Em seguida:<\/p>\n<p data-start=\"905\" data-end=\"918\"><ul class=\"list-group\">\n<li   class=\"list-group-item\">\nO <strong data-start=\"923\" data-end=\"954\">Conselho de C\u00e2mpus de Coxim<\/strong> manifestou-se favoravelmente \u00e0 implanta\u00e7\u00e3o do Curso de Direito atrav\u00e9s da <strong data-start=\"1029\" data-end=\"1076\">Resolu\u00e7\u00e3o n\u00ba 135, de 26 de setembro de 2018<\/strong><br \/>\n<\/li>\n<li   class=\"list-group-item\">\nO <strong data-start=\"1084\" data-end=\"1118\">Conselho de Gradua\u00e7\u00e3o (COGRAD)<\/strong> tamb\u00e9m aprovou a implanta\u00e7\u00e3o, por meio da <strong data-start=\"1161\" data-end=\"1206\">Resolu\u00e7\u00e3o n\u00ba 506, de 4 de outubro de 2018<\/strong><br \/>\n<\/li>\n<li   class=\"list-group-item\">\nO <strong data-start=\"1214\" data-end=\"1247\">Conselho Universit\u00e1rio (COUN)<\/strong> refor\u00e7ou a decis\u00e3o com a <strong data-start=\"1273\" data-end=\"1319\">Resolu\u00e7\u00e3o n\u00ba 122, de 10 de outubro de 2018<\/strong><br \/>\n<\/li>\n<\/ul>\n<p data-start=\"905\" data-end=\"918\">Finalmente, concebido para ser uma gradua\u00e7\u00e3o de excel\u00eancia, o <strong data-start=\"1386\" data-end=\"1432\">Curso de Direito do C\u00e2mpus de Coxim (CPCX)<\/strong> foi <strong data-start=\"1437\" data-end=\"1474\">autorizado em 05 de junho de 2020<\/strong> pelo <strong data-start=\"1480\" data-end=\"1506\">Minist\u00e9rio da Educa\u00e7\u00e3o<\/strong> (<strong data-start=\"1508\" data-end=\"1595\">Portaria SERES\/MEC n\u00ba 161, de 05\/06\/2020, publicada no D.O.U. n\u00ba 108, de 08\/06\/2020<\/strong>). Desde ent\u00e3o, passou a oferecer vagas a partir dos <strong data-start=\"1648\" data-end=\"1679\">processos seletivos de 2021<\/strong> realizados pela UFMS.<\/p>\n<\/div>\n<div align=\"justify\">\n<\/div>\n\t\t\t\t<\/div>\n\t\t\t<\/div>\n<div class=\"panel panel-default\">\n\t\t\t\t<div class=\"panel-heading\">\n\t\t\t\t\t<h4 class=\"panel-title\">\n\t\t\t\t\t\t<a class=\"collapsed\" data-toggle=\"collapse\" data-parent=\"#single-collapse\" href=\"#single-collapse-2\">Objetivos do Curso<\/a>\n\t\t\t\t\t<\/h4>\n\t\t\t\t<\/div>\n\t\t\t\t<div id=\"single-collapse-2\" class=\"panel-collapse collapse\">\n\t\t\t\t\t<div class=\"panel-body\">\n<p style=\"text-align: justify\">O <strong data-start=\"164\" data-end=\"189\">Curso de Direito\/CPCX<\/strong> objetiva preparar profissionais com <strong data-start=\"226\" data-end=\"268\">s\u00f3lida forma\u00e7\u00e3o jur\u00eddica e human\u00edstica<\/strong>, com capacidade de an\u00e1lise e articula\u00e7\u00e3o de conceitos, argumentos e de decis\u00e3o, enfrentando assim os desafios do mundo contempor\u00e2neo. Al\u00e9m disso, busca <strong data-start=\"421\" data-end=\"481\">estimular a pesquisa dentro e fora do ambiente acad\u00eamico<\/strong> e <strong data-start=\"484\" data-end=\"530\">contribuir para o desenvolvimento regional<\/strong>, proporcionando repercuss\u00f5es sociais positivas relevantes.<\/p>\n<p>Os objetivos espec\u00edficos s\u00e3o que os estudantes ao conclu\u00edrem o Curso sejam capazes de:<\/p>\n<ul class=\"list-group\">\n<li   class=\"list-group-item\">\n<p>Analisar os fen\u00f4menos jur\u00eddicos e sociais<\/p>\n<\/li>\n<li   class=\"list-group-item\">\n<p>Ter postura reflexiva, cr\u00edtica, que fomente a capacidade e a aptid\u00e3o para a aprendizagem aut\u00f4noma e din\u00e2mica, indispens\u00e1vel ao exerc\u00edcio da Ci\u00eancia do Direito, da presta\u00e7\u00e3o da justi\u00e7a e do desenvolvimento da cidadania<\/p>\n<\/li>\n<li   class=\"list-group-item\">\n<p>Questionar a realidade, formulando problemas, e de buscar solu\u00e7\u00f5es, utilizando-se do pensamento l\u00f3gico, da criatividade e da an\u00e1lise cr\u00edtica<\/p>\n<\/li>\n<li   class=\"list-group-item\">\n<p>Ingressar no mercado de trabalho com compet\u00eancia, habilidades e \u00e9tica profissional<\/p>\n<\/li>\n<li   class=\"list-group-item\">\n<p>Realizar escolhas a respeito de sua carreira que lhes permitam o desenvolvimento profissional<\/p>\n<\/li>\n<li   class=\"list-group-item\">\n<p>Prosseguir seus estudos ingressando em programas de p\u00f3s-gradua\u00e7\u00e3o<\/p>\n<\/li>\n<li   class=\"list-group-item\">\n<p>Exercer a cidadania, estando capacitados a cuidar do meio ambiente local, regional e global, em busca do equil\u00edbrio do meio<\/p>\n<\/li>\n<li   class=\"list-group-item\">\n<p>Agir em defesa da dignidade humana em busca da igualdade de direitos, do reconhecimento e valoriza\u00e7\u00e3o das diferen\u00e7as e das diversidades<\/p>\n<\/li>\n<\/ul>\n<\/div>\n\t\t\t\t<\/div>\n\t\t\t<\/div>\n<\/div>\n<\/div>\n<div align=\"justify\">\n<div align=\"justify\">\n<div class=\"panel panel-default\">\n\t\t\t\t<div class=\"panel-heading\">\n\t\t\t\t\t<h4 class=\"panel-title\">\n\t\t\t\t\t\t<a class=\"collapsed\" data-toggle=\"collapse\" data-parent=\"#single-collapse\" href=\"#single-collapse-3\">Formas de Ingresso<\/a>\n\t\t\t\t\t<\/h4>\n\t\t\t\t<\/div>\n\t\t\t\t<div id=\"single-collapse-3\" class=\"panel-collapse collapse\">\n\t\t\t\t\t<div class=\"panel-body\">\n<div align=\"justify\">\n<div align=\"justify\">\n<p>O ingresso ocorre, conforme artigo 18 da Resolu\u00e7\u00e3o COGRAD n. 430\/2021:<\/p>\n<\/div>\n<\/div>\n<ul class=\"list-group\">\n<li   class=\"list-group-item\">\nSistema de Sele\u00e7\u00e3o Unificada (Sisu)<br \/>\n<\/li>\n<li   class=\"list-group-item\">\nVestibular<br \/>\n<\/li>\n<li   class=\"list-group-item\">\nPrograma de Avalia\u00e7\u00e3o Seriada Seletiva (Passe)<br \/>\n<\/li>\n<li   class=\"list-group-item\">\nSele\u00e7\u00e3o para Vagas Remanescentes<br \/>\n<\/li>\n<li   class=\"list-group-item\">\nPortadores de visto de refugiado, visto humanit\u00e1rio ou visto de reuni\u00e3o familiar<br \/>\n<\/li>\n<li   class=\"list-group-item\">\nReingresso<br \/>\n<\/li>\n<li   class=\"list-group-item\">\nPortadores de diploma de Curso de Gradua\u00e7\u00e3o<br \/>\n<\/li>\n<li   class=\"list-group-item\">\nTransfer\u00eancia externa<br \/>\n<\/li>\n<li   class=\"list-group-item\">\nMovimenta\u00e7\u00e3o interna de estudantes regulares da UFMS<br \/>\n<\/li>\n<li   class=\"list-group-item\">\nPermuta interna entre estudantes regulares da UFMS<br \/>\n<\/li>\n<li   class=\"list-group-item\">\nConv\u00eanios ou outros instrumentos jur\u00eddicos de mesma natureza, firmados com outros pa\u00edses e\/ou \u00f3rg\u00e3os do Governo Federal<br \/>\n<\/li>\n<li   class=\"list-group-item\">\nMatr\u00edcula cortesia<br \/>\n<\/li>\n<li   class=\"list-group-item\">\nTransfer\u00eancia compuls\u00f3ria<br \/>\n<\/li>\n<li   class=\"list-group-item\">\nMobilidade acad\u00eamica<br \/>\n<\/li>\n<li   class=\"list-group-item\">\nComplementa\u00e7\u00e3o de estudos no processo de revalida\u00e7\u00e3o de diploma<br \/>\n<\/li>\n<\/ul>\n<\/div>\n\t\t\t\t<\/div>\n\t\t\t<\/div>\n<\/div>\n<\/div>\n<div align=\"justify\">\n<div align=\"justify\">\n<div class=\"panel panel-default\">\n\t\t\t\t<div class=\"panel-heading\">\n\t\t\t\t\t<h4 class=\"panel-title\">\n\t\t\t\t\t\t<a class=\"collapsed\" data-toggle=\"collapse\" data-parent=\"#single-collapse\" href=\"#single-collapse-4\">Perfil Profissional<\/a>\n\t\t\t\t\t<\/h4>\n\t\t\t\t<\/div>\n\t\t\t\t<div id=\"single-collapse-4\" class=\"panel-collapse collapse\">\n\t\t\t\t\t<div class=\"panel-body\">\n<p>O curso de Direito CPCX\/UFMS tem como um de seus objetivos primordiais o oferecimento de processos de aprendizagem aptos para a lapida\u00e7\u00e3o das compet\u00eancias e habilidades do acad\u00eamico indispens\u00e1veis para a satisfa\u00e7\u00e3o das crescentes exig\u00eancias demandadas do profissional atuante nas carreiras jur\u00eddicas. De acordo com tal perfil, o curso de Direito CPCX\/UFMS oferecer\u00e1 processos de aprendizagem que possibilitem ao seu egresso uma s\u00f3lida forma\u00e7\u00e3o geral, human\u00edstica, capacidade de an\u00e1lise, dom\u00ednio de conceitos e da terminologia jur\u00eddica, capacidade de argumenta\u00e7\u00e3o, interpreta\u00e7\u00e3o e valoriza\u00e7\u00e3o dos fen\u00f4menos jur\u00eddicos e sociais, al\u00e9m do dom\u00ednio das formas consensuais de composi\u00e7\u00e3o de conflitos, aliado a uma postura reflexiva e de vis\u00e3o cr\u00edtica que fomente a capacidade e a aptid\u00e3o para a aprendizagem, aut\u00f4noma e din\u00e2mica, indispens\u00e1vel ao e exerc\u00edcio do Direito, presta\u00e7\u00e3o da justi\u00e7a e ao desenvolvimento da cidadania.<\/p>\n<p>Tal profissional deve tamb\u00e9m ser capaz de identificar e exercer sua profiss\u00e3o de acordo com as demandas locais, regionais e nacionais, bem como trabalhar em equipe interdisciplinar e multiprofissional. O egresso dever\u00e1 ser um profissional com as seguintes caracter\u00edsticas:<\/p>\n<ul class=\"list-group\">\n<li   class=\"list-group-item\">\nBuscar permanentemente a forma\u00e7\u00e3o human\u00edstica, t\u00e9cnico-jur\u00eddica e pr\u00e1tica, indispens\u00e1veis \u00e0 adequada compreens\u00e3o interdisciplinar do fen\u00f4meno jur\u00eddico e das transforma\u00e7\u00f5es sociais<br \/>\n<\/li>\n<li   class=\"list-group-item\">\nConduta \u00e9tica associada \u00e0 responsabilidade social e profissional<br \/>\n<\/li>\n<li   class=\"list-group-item\">\nDom\u00ednio da g\u00eanese, dos fundamentos, da evolu\u00e7\u00e3o e do conte\u00fado do ordenamento jur\u00eddico vigente<br \/>\n<\/li>\n<li   class=\"list-group-item\">\nConsci\u00eancia dos problemas de seu tempo e de seu espa\u00e7o<br \/>\n<\/li>\n<li   class=\"list-group-item\">\nSenso \u00e9tico-profissional, associado a responsabilidades sociais, com a compreens\u00e3o da causalidade e finalidade das normas jur\u00eddicas e da busca constante da liberta\u00e7\u00e3o e do aprimoramento da sociedade<br \/>\n<\/li>\n<li   class=\"list-group-item\">\nCapacidade de apreens\u00e3o, vis\u00e3o cr\u00edtica e produ\u00e7\u00e3o criativa do Direito aliado ao racioc\u00ednio l\u00f3gico e \u00e0 consci\u00eancia da necessidade de permanente atualiza\u00e7\u00e3o<br \/>\n<\/li>\n<li   class=\"list-group-item\">\nCapacidade para equacionar problemas e buscar solu\u00e7\u00f5es harm\u00f4nicas com as exig\u00eancias sociais<br \/>\n<\/li>\n<li   class=\"list-group-item\">\nCapacidade de desenvolver formas extrajudiciais de preven\u00e7\u00e3o e solu\u00e7\u00e3o de conflitos individuais e coletivos<br \/>\n<\/li>\n<li   class=\"list-group-item\">\nVis\u00e3o atualizada do mundo e, em particular, consci\u00eancia dos problemas regionais e nacionais<br \/>\n<\/li>\n<li   class=\"list-group-item\">\nEsp\u00edrito de lideran\u00e7a e capacidade de trabalho em grupo; capacidade de adaptar-se a situa\u00e7\u00f5es novas e emergentes, consciente da necessidade de estar em permanente prepara\u00e7\u00e3o profissional e intelectual para enfrentar os desafios em constante mudan\u00e7a regional e nacional<br \/>\n<\/li>\n<\/ul>\n<\/div>\n<\/div>\n<div align=\"justify\">\n<div align=\"justify\">\n<\/div>\n\t\t\t\t<\/div>\n\t\t\t<\/div>\n<div class=\"panel panel-default\">\n\t\t\t\t<div class=\"panel-heading\">\n\t\t\t\t\t<h4 class=\"panel-title\">\n\t\t\t\t\t\t<a class=\"collapsed\" data-toggle=\"collapse\" data-parent=\"#single-collapse\" href=\"#single-collapse-5\">\u00c1reas de Atua\u00e7\u00e3o<\/a>\n\t\t\t\t\t<\/h4>\n\t\t\t\t<\/div>\n\t\t\t\t<div id=\"single-collapse-5\" class=\"panel-collapse collapse\">\n\t\t\t\t\t<div class=\"panel-body\">\n<div align=\"justify\">\n<div align=\"justify\">\n<div align=\"justify\">\n<div align=\"justify\">\n<div align=\"justify\">\n<div align=\"justify\">\n<p style=\"text-align: justify\">O curso de Direito do CPCX permite ao bacharel uma ampla gama de oportunidades profissionais, tanto na iniciativa privada quanto no setor p\u00fablico. Uma vez aprovado no Exame da Ordem dos Advogados do Brasil (OAB), o egresso estar\u00e1 apto a atuar em diferentes \u00e1reas jur\u00eddicas, demonstrando compet\u00eancia, \u00e9tica e responsabilidade social.<\/p>\n<p style=\"text-align: justify\" data-start=\"606\" data-end=\"640\"><strong>Atua\u00e7\u00e3o na Iniciativa Privada<\/strong><\/p>\n<p style=\"text-align: justify\" data-start=\"606\" data-end=\"640\">O bacharel em Direito pode:<\/p>\n<p data-start=\"606\" data-end=\"640\"><ul class=\"list-group\">\n<li   class=\"list-group-item\">\nAtuar como advogado ou consultor jur\u00eddico, de forma aut\u00f4noma ou em escrit\u00f3rios de advocacia<br \/>\n<\/li>\n<li   class=\"list-group-item\">\nIntegrar setores jur\u00eddicos de empresas, associa\u00e7\u00f5es ou funda\u00e7\u00f5es<br \/>\n<\/li>\n<li   class=\"list-group-item\">\nTrabalhar em diversas \u00e1reas do Direito P\u00fablico, como Penal, Tribut\u00e1rio, Constitucional, Previdenci\u00e1rio, Administrativo e Ambiental<br \/>\n<\/li>\n<li   class=\"list-group-item\">\nAtuar nas \u00e1reas do Direito Privado, como Civil, Empresarial e Trabalhista<br \/>\n<\/li>\n<li   class=\"list-group-item\">\nExplorar novos campos do Direito relacionados \u00e0s tecnologias emergentes, \u00e0 defesa de interesses coletivos, difusos, e \u00e0 prote\u00e7\u00e3o de grupos minorit\u00e1rios e\/ou vulner\u00e1vei<br \/>\n<\/li>\n<\/ul>\n<\/div>\n<p data-start=\"606\" data-end=\"640\"><strong>Atua\u00e7\u00e3o em Carreiras P\u00fablicas<\/strong><\/p>\n<p data-start=\"606\" data-end=\"640\">O curso tamb\u00e9m oferece forma\u00e7\u00e3o indispens\u00e1vel para o ingresso em importantes carreiras p\u00fablicas, como:<\/p>\n<p data-start=\"606\" data-end=\"640\"><ul class=\"list-group\">\n<li   class=\"list-group-item\">\nMagistratura, em suas diferentes inst\u00e2ncias (ju\u00edzes de Direito)<br \/>\n<\/li>\n<li   class=\"list-group-item\">\nMinist\u00e9rio P\u00fablico estadual ou federal (promotores de justi\u00e7a)<br \/>\n<\/li>\n<li   class=\"list-group-item\">\nDefensoria P\u00fablica estadual ou federal (defensores p\u00fablicos)<br \/>\n<\/li>\n<li   class=\"list-group-item\">\nAdvocacia-Geral da Uni\u00e3o (AGU)<br \/>\n<\/li>\n<li   class=\"list-group-item\">\nDelegado de Pol\u00edcia, em \u00e2mbito estadual ou federal<br \/>\n<\/li>\n<li   class=\"list-group-item\">\nProcuradorias municipais, estaduais e federais<br \/>\n<\/li>\n<li   class=\"list-group-item\">\nOutras fun\u00e7\u00f5es em \u00f3rg\u00e3os p\u00fablicos de alta relev\u00e2ncia<br \/>\n<\/li>\n<\/ul>\n<\/div>\n<\/div>\n<\/div>\n<div align=\"justify\">\n<div align=\"justify\">\n<div align=\"justify\">\n<div align=\"justify\">\n<p><strong>Compromisso \u00c9tico e Social<\/strong><\/p>\n<p style=\"text-align: justify\" data-start=\"1806\" data-end=\"2111\">Independentemente da \u00e1rea de atua\u00e7\u00e3o, o profissional formado em Direito pauta-se pelo exerc\u00edcio da cidadania, atuando em defesa do Estado Democr\u00e1tico de Direito, da dignidade humana e dos direitos e garantias fundamentais, sempre contribuindo para a constru\u00e7\u00e3o de uma sociedade mais justa e igualit\u00e1ria.<\/p>\n<\/div>\n<\/div>\n<\/div>\n<\/div>\n<\/div>\n<\/div>\n<\/div>\n\t\t\t\t<\/div>\n\t\t\t<\/div>\n<\/div>\n<\/div>\n<div align=\"justify\">\n<div align=\"justify\">\n<p><em><strong>Fonte: <\/strong><a href=\"https:\/\/cpcx.ufms.br\/files\/2021\/02\/Informa\u00e7\u00f5es-gerais-do-Curso-de-Direito-CPCX.pdf\">DOWLOAD DO TEXTO<\/a><\/em><\/p>\n<\/div>\n<\/div>\n","protected":false},"excerpt":{"rendered":"<p>Fonte: DOWLOAD DO TEXTO<\/p>\n","protected":false},"author":7210,"featured_media":5124,"parent":0,"menu_order":0,"comment_status":"closed","ping_status":"closed","template":"page-templates\/page-coordenadorias.php","meta":{"_eb_attr":"","ngg_post_thumbnail":0,"footnotes":""},"coauthors":[140,116],"class_list":["post-5122","page","type-page","status-publish","has-post-thumbnail","hentry"],"_links":{"self":[{"href":"https:\/\/cpcx.ufms.br\/en\/wp-json\/wp\/v2\/pages\/5122","targetHints":{"allow":["GET"]}}],"collection":[{"href":"https:\/\/cpcx.ufms.br\/en\/wp-json\/wp\/v2\/pages"}],"about":[{"href":"https:\/\/cpcx.ufms.br\/en\/wp-json\/wp\/v2\/types\/page"}],"author":[{"embeddable":true,"href":"https:\/\/cpcx.ufms.br\/en\/wp-json\/wp\/v2\/users\/7210"}],"replies":[{"embeddable":true,"href":"https:\/\/cpcx.ufms.br\/en\/wp-json\/wp\/v2\/comments?post=5122"}],"version-history":[{"count":23,"href":"https:\/\/cpcx.ufms.br\/en\/wp-json\/wp\/v2\/pages\/5122\/revisions"}],"predecessor-version":[{"id":12181,"href":"https:\/\/cpcx.ufms.br\/en\/wp-json\/wp\/v2\/pages\/5122\/revisions\/12181"}],"wp:featuredmedia":[{"embeddable":true,"href":"https:\/\/cpcx.ufms.br\/en\/wp-json\/wp\/v2\/media\/5124"}],"wp:attachment":[{"href":"https:\/\/cpcx.ufms.br\/en\/wp-json\/wp\/v2\/media?parent=5122"}],"wp:term":[{"taxonomy":"author","embeddable":true,"href":"https:\/\/cpcx.ufms.br\/en\/wp-json\/wp\/v2\/coauthors?post=5122"}],"curies":[{"name":"wp","href":"https:\/\/api.w.org\/{rel}","templated":true}]}}