{"id":5135,"date":"2019-11-13T15:10:46","date_gmt":"2019-11-13T19:10:46","guid":{"rendered":"https:\/\/cpcx.ufms.br\/?page_id=5135"},"modified":"2026-02-26T15:45:26","modified_gmt":"2026-02-26T19:45:26","slug":"horarios","status":"publish","type":"page","link":"https:\/\/cpcx.ufms.br\/en\/direito\/horarios\/","title":{"rendered":"Hor\u00e1rios 2026\/1"},"content":{"rendered":"<p style=\"text-align: justify\" data-start=\"66\" data-end=\"203\">Nesta p\u00e1gina est\u00e3o dispon\u00edveis os hor\u00e1rios das disciplinas ofertadas no Curso de Direito, organizados conforme o semestre letivo vigente.<\/p>\n<p style=\"text-align: justify\" data-start=\"205\" data-end=\"485\">Os quadros apresentam os <strong>componentes curriculares<\/strong>, <strong>dias da semana<\/strong>, <strong>turnos<\/strong> e <strong>docentes respons\u00e1veis<\/strong>, de acordo com o planejamento acad\u00eamico aprovado. Recomenda-se que os estudantes verifiquem atentamente sua matr\u00edcula e acompanhem eventuais atualiza\u00e7\u00f5es divulgadas pela <strong>Coordena\u00e7\u00e3o<\/strong>.<\/p>\n<p style=\"text-align: justify\" data-start=\"487\" data-end=\"658\">Altera\u00e7\u00f5es poder\u00e3o ocorrer em raz\u00e3o de ajustes institucionais, demandas pedag\u00f3gicas ou adequa\u00e7\u00f5es administrativas, sendo sempre comunicadas pelos canais oficiais do curso.<\/p>\n<p style=\"text-align: justify\" data-start=\"660\" data-end=\"758\">Em caso de d\u00favidas, a <strong>Coordena\u00e7\u00e3o do Curso de Direito<\/strong> permanece \u00e0 disposi\u00e7\u00e3o para esclarecimentos.<\/p>\n<p style=\"text-align: justify\">&nbsp;<\/p>\n<p style=\"text-align: center\"><a href=\"https:\/\/cpcx.ufms.br\/files\/2026\/02\/2026-1-Direito-CPCX-ajustado.pdf\" class=\"pdfemb-viewer\" style=\"\" data-width=\"max\" data-height=\"max\" data-toolbar=\"bottom\" data-toolbar-fixed=\"off\">2026 1 Direito CPCX (ajustado)<\/a>\n<p style=\"text-align: center\"><a href=\"https:\/\/cpcx.ufms.br\/files\/2026\/02\/2026-1-Direito-CPCX-ajustado.pdf\"><strong><em>DOWNLOAD<\/em><\/strong><\/a><\/p>\n<p>&nbsp;<\/p>\n","protected":false},"excerpt":{"rendered":"<p>Nesta p\u00e1gina est\u00e3o dispon\u00edveis os hor\u00e1rios das disciplinas ofertadas no Curso de Direito, organizados conforme o semestre letivo vigente. Os quadros apresentam os componentes curriculares, dias da semana, turnos e docentes respons\u00e1veis, de acordo com o planejamento acad\u00eamico aprovado. Recomenda-se que os estudantes verifiquem atentamente sua matr\u00edcula e acompanhem eventuais atualiza\u00e7\u00f5es divulgadas pela Coordena\u00e7\u00e3o. Altera\u00e7\u00f5es [&hellip;]<\/p>\n","protected":false},"author":7210,"featured_media":0,"parent":5122,"menu_order":0,"comment_status":"closed","ping_status":"closed","template":"","meta":{"_eb_attr":"","ngg_post_thumbnail":0,"footnotes":""},"coauthors":[140,116],"class_list":["post-5135","page","type-page","status-publish","hentry"],"_links":{"self":[{"href":"https:\/\/cpcx.ufms.br\/en\/wp-json\/wp\/v2\/pages\/5135","targetHints":{"allow":["GET"]}}],"collection":[{"href":"https:\/\/cpcx.ufms.br\/en\/wp-json\/wp\/v2\/pages"}],"about":[{"href":"https:\/\/cpcx.ufms.br\/en\/wp-json\/wp\/v2\/types\/page"}],"author":[{"embeddable":true,"href":"https:\/\/cpcx.ufms.br\/en\/wp-json\/wp\/v2\/users\/7210"}],"replies":[{"embeddable":true,"href":"https:\/\/cpcx.ufms.br\/en\/wp-json\/wp\/v2\/comments?post=5135"}],"version-history":[{"count":29,"href":"https:\/\/cpcx.ufms.br\/en\/wp-json\/wp\/v2\/pages\/5135\/revisions"}],"predecessor-version":[{"id":13600,"href":"https:\/\/cpcx.ufms.br\/en\/wp-json\/wp\/v2\/pages\/5135\/revisions\/13600"}],"up":[{"embeddable":true,"href":"https:\/\/cpcx.ufms.br\/en\/wp-json\/wp\/v2\/pages\/5122"}],"wp:attachment":[{"href":"https:\/\/cpcx.ufms.br\/en\/wp-json\/wp\/v2\/media?parent=5135"}],"wp:term":[{"taxonomy":"author","embeddable":true,"href":"https:\/\/cpcx.ufms.br\/en\/wp-json\/wp\/v2\/coauthors?post=5135"}],"curies":[{"name":"wp","href":"https:\/\/api.w.org\/{rel}","templated":true}]}}