{"id":5169,"date":"2019-11-25T10:15:15","date_gmt":"2019-11-25T14:15:15","guid":{"rendered":"https:\/\/cpcx.ufms.br\/?page_id=5169"},"modified":"2026-02-06T11:11:41","modified_gmt":"2026-02-06T15:11:41","slug":"ppc","status":"publish","type":"page","link":"https:\/\/cpcx.ufms.br\/en\/enfermagem\/ppc\/","title":{"rendered":"Projeto Pedag\u00f3gico do Curso &#8211; PPC"},"content":{"rendered":"<p style=\"text-align: justify\" data-start=\"93\" data-end=\"627\">O <strong data-start=\"95\" data-end=\"132\">Projeto Pedag\u00f3gico do Curso (PPC)<\/strong> de <strong data-start=\"136\" data-end=\"164\">Enfermagem \u2013 Bacharelado<\/strong> do <strong data-start=\"168\" data-end=\"240\">C\u00e2mpus de Coxim da Universidade Federal de Mato Grosso do Sul (UFMS)<\/strong> expressa os princ\u00edpios, fundamentos e diretrizes que orientam a forma\u00e7\u00e3o acad\u00eamica e profissional dos(as) estudantes do curso. O documento foi aprovado pela <strong data-start=\"398\" data-end=\"459\">Resolu\u00e7\u00e3o n\u00ba 865-CAS\/CPCX\/UFMS, de 10 de dezembro de 2025<\/strong>, em conson\u00e2ncia com a legisla\u00e7\u00e3o educacional vigente, as Diretrizes Curriculares Nacionais do Curso de Enfermagem e as normativas institucionais da UFMS.<\/p>\n<p style=\"text-align: justify\" data-start=\"629\" data-end=\"1249\">O PPC contempla a organiza\u00e7\u00e3o curricular, o <strong data-start=\"673\" data-end=\"694\">perfil do egresso<\/strong>, os objetivos formativos, as metodologias de ensino, os processos de avalia\u00e7\u00e3o e as estrat\u00e9gias de integra\u00e7\u00e3o entre ensino, pesquisa e extens\u00e3o, considerando as necessidades sociais e de sa\u00fade da regi\u00e3o Norte de Mato Grosso do Sul. A proposta pedag\u00f3gica prioriza a forma\u00e7\u00e3o de <strong data-start=\"972\" data-end=\"1004\">enfermeiros(as) generalistas<\/strong>, com s\u00f3lida base t\u00e9cnico-cient\u00edfica, postura \u00e9tica, compromisso social e capacidade cr\u00edtico-reflexiva para atua\u00e7\u00e3o nos <strong data-start=\"1124\" data-end=\"1164\">diferentes n\u00edveis de aten\u00e7\u00e3o \u00e0 sa\u00fade<\/strong>, em conson\u00e2ncia com os princ\u00edpios do <strong data-start=\"1202\" data-end=\"1234\">Sistema \u00danico de Sa\u00fade (SUS)<\/strong>.<\/p>\n<p style=\"text-align: justify\" data-start=\"1251\" data-end=\"1555\">Neste espa\u00e7o, est\u00e1 disponibilizado o <strong data-start=\"1288\" data-end=\"1306\">PPC na \u00edntegra<\/strong>, garantindo <strong data-start=\"1319\" data-end=\"1336\">transpar\u00eancia<\/strong> e acesso \u00e0 informa\u00e7\u00e3o e conhecimento sobre a estrutura e os objetivos do Curso de Enfermagem do C\u00e2mpus de Coxim, bem como o compromisso institucional da UFMS com a <strong data-start=\"1501\" data-end=\"1554\">qualidade da forma\u00e7\u00e3o superior p\u00fablica e gratuita<\/strong>.<\/p>\n<hr>\n<h3>RESOLU\u00c7\u00c3O<\/h3>\n<p style=\"text-align: center\"><a href=\"https:\/\/cpcx.ufms.br\/files\/2026\/02\/novo-ppc_2025.pdf\" class=\"pdfemb-viewer\" style=\"\" data-width=\"max\" data-height=\"max\" data-toolbar=\"bottom\" data-toolbar-fixed=\"off\">novo-ppc_2025<\/a>\n<p style=\"text-align: center\"><a href=\"https:\/\/cpcx.ufms.br\/files\/2026\/02\/novo-ppc_2025.pdf\"><em><strong>DOWNLOAD<\/strong><\/em><\/a><\/p>\n","protected":false},"excerpt":{"rendered":"<p>O Projeto Pedag\u00f3gico do Curso (PPC) de Enfermagem \u2013 Bacharelado do C\u00e2mpus de Coxim da Universidade Federal de Mato Grosso do Sul (UFMS) expressa os princ\u00edpios, fundamentos e diretrizes que orientam a forma\u00e7\u00e3o acad\u00eamica e profissional dos(as) estudantes do curso. O documento foi aprovado pela Resolu\u00e7\u00e3o n\u00ba 865-CAS\/CPCX\/UFMS, de 10 de dezembro de 2025, em [&hellip;]<\/p>\n","protected":false},"author":7210,"featured_media":0,"parent":574,"menu_order":0,"comment_status":"closed","ping_status":"closed","template":"page-templates\/page-coordenadorias.php","meta":{"_eb_attr":"","ngg_post_thumbnail":0,"footnotes":""},"coauthors":[140,116],"class_list":["post-5169","page","type-page","status-publish","hentry"],"_links":{"self":[{"href":"https:\/\/cpcx.ufms.br\/en\/wp-json\/wp\/v2\/pages\/5169","targetHints":{"allow":["GET"]}}],"collection":[{"href":"https:\/\/cpcx.ufms.br\/en\/wp-json\/wp\/v2\/pages"}],"about":[{"href":"https:\/\/cpcx.ufms.br\/en\/wp-json\/wp\/v2\/types\/page"}],"author":[{"embeddable":true,"href":"https:\/\/cpcx.ufms.br\/en\/wp-json\/wp\/v2\/users\/7210"}],"replies":[{"embeddable":true,"href":"https:\/\/cpcx.ufms.br\/en\/wp-json\/wp\/v2\/comments?post=5169"}],"version-history":[{"count":15,"href":"https:\/\/cpcx.ufms.br\/en\/wp-json\/wp\/v2\/pages\/5169\/revisions"}],"predecessor-version":[{"id":13514,"href":"https:\/\/cpcx.ufms.br\/en\/wp-json\/wp\/v2\/pages\/5169\/revisions\/13514"}],"up":[{"embeddable":true,"href":"https:\/\/cpcx.ufms.br\/en\/wp-json\/wp\/v2\/pages\/574"}],"wp:attachment":[{"href":"https:\/\/cpcx.ufms.br\/en\/wp-json\/wp\/v2\/media?parent=5169"}],"wp:term":[{"taxonomy":"author","embeddable":true,"href":"https:\/\/cpcx.ufms.br\/en\/wp-json\/wp\/v2\/coauthors?post=5169"}],"curies":[{"name":"wp","href":"https:\/\/api.w.org\/{rel}","templated":true}]}}