{"id":5170,"date":"2019-11-25T10:15:15","date_gmt":"2019-11-25T14:15:15","guid":{"rendered":"https:\/\/cpcx.ufms.br\/?page_id=5170"},"modified":"2026-02-04T11:23:29","modified_gmt":"2026-02-04T15:23:29","slug":"enfermagem-plano-de-acao-da-coordenacao","status":"publish","type":"page","link":"https:\/\/cpcx.ufms.br\/en\/enfermagem\/enfermagem-plano-de-acao-da-coordenacao\/","title":{"rendered":"Coordena\u00e7\u00e3o"},"content":{"rendered":"<p style=\"text-align: justify\" data-start=\"123\" data-end=\"345\">A Coordena\u00e7\u00e3o do Curso de Enfermagem \u00e9 respons\u00e1vel pela <strong>organiza\u00e7\u00e3o<\/strong>, <strong>acompanhamento<\/strong> e <strong>desenvolvimento das atividades acad\u00eamicas do curso<\/strong>, atuando de forma integrada com <strong>docentes<\/strong>, <strong>estudantes<\/strong> e a <strong>administra\u00e7\u00e3o universit\u00e1ria<\/strong>.<\/p>\n<p style=\"text-align: justify\" data-start=\"347\" data-end=\"764\">Compete \u00e0 Coordena\u00e7\u00e3o assegurar o cumprimento do Projeto Pedag\u00f3gico do Curso, das diretrizes curriculares nacionais e das normas institucionais, zelando pela qualidade da forma\u00e7\u00e3o <strong>t\u00e9cnica<\/strong>, <strong>cient\u00edfica<\/strong>, <strong>\u00e9tica<\/strong> e <strong>human\u00edstica<\/strong> do enfermeiro. Entre suas atribui\u00e7\u00f5es est\u00e3o o planejamento da oferta de disciplinas, o acompanhamento da trajet\u00f3ria acad\u00eamica dos estudantes e o apoio \u00e0s atividades de ensino, pesquisa e extens\u00e3o.<\/p>\n<p style=\"text-align: justify\" data-start=\"766\" data-end=\"1184\">Cabe ainda \u00e0 Coordena\u00e7\u00e3o articular e acompanhar os est\u00e1gios curriculares e as atividades pr\u00e1ticas, em conson\u00e2ncia com os servi\u00e7os de sa\u00fade e campos de pr\u00e1tica, bem como orientar discentes e docentes em quest\u00f5es acad\u00eamicas e pedag\u00f3gicas. A Coordena\u00e7\u00e3o tamb\u00e9m atua na media\u00e7\u00e3o de demandas acad\u00eamicas, no acompanhamento de atividades complementares e na promo\u00e7\u00e3o de a\u00e7\u00f5es que contribuam para a melhoria cont\u00ednua do curso.<\/p>\n<p style=\"text-align: justify\" data-start=\"1186\" data-end=\"1446\">A Coordena\u00e7\u00e3o do Curso de Enfermagem atua com compromisso institucional, responsabilidade social e di\u00e1logo permanente, visando \u00e0 forma\u00e7\u00e3o de profissionais qualificados para o cuidado em sa\u00fade, alinhados \u00e0s necessidades do Sistema \u00danico de Sa\u00fade e da sociedade.<\/p>\n<hr>\n<table style=\"border-collapse: collapse;width: 100%;height: 136px\">\n<tbody>\n<tr style=\"height: 10px\">\n<td style=\"width: 4.76954%;height: 10px\">&nbsp;<\/td>\n<td style=\"text-align: center;height: 10px;width: 31.8637%\" colspan=\"3\">\n<h2 style=\"text-align: justify\"><strong>Coordenador(a) do Curso<\/strong><\/h2>\n<\/td>\n<td style=\"width: 4.56914%;height: 10px\">&nbsp;<\/td>\n<\/tr>\n<tr style=\"height: 24px\">\n<td style=\"width: 4.76954%;height: 24px\">&nbsp;<\/td>\n<td style=\"text-align: center;width: 31.8637%;height: 24px\"><em>&nbsp;<\/em><\/td>\n<td style=\"width: 5.07013%;height: 24px\">&nbsp;<\/td>\n<td style=\"width: 53.6674%;height: 24px\">&nbsp;<\/td>\n<td style=\"width: 4.56914%;height: 24px\">&nbsp;<\/td>\n<\/tr>\n<tr style=\"height: 24px\">\n<td style=\"width: 4.76954%;height: 10px\">&nbsp;<\/td>\n<td style=\"text-align: center;width: 31.8637%;height: 78px\" rowspan=\"5\"><a href=\"https:\/\/cpcx.ufms.br\/files\/2025\/10\/raquel.png\"><img fetchpriority=\"high\" decoding=\"async\" class=\"alignnone size-medium wp-image-12994\" src=\"https:\/\/cpcx.ufms.br\/files\/2025\/10\/raquel-300x300.png\" alt=\"\" width=\"300\" height=\"300\" srcset=\"https:\/\/cpcx.ufms.br\/files\/2025\/10\/raquel-300x300.png 300w, https:\/\/cpcx.ufms.br\/files\/2025\/10\/raquel-1024x1024.png 1024w, https:\/\/cpcx.ufms.br\/files\/2025\/10\/raquel-150x150.png 150w, https:\/\/cpcx.ufms.br\/files\/2025\/10\/raquel-768x768.png 768w, https:\/\/cpcx.ufms.br\/files\/2025\/10\/raquel-320x320.png 320w, https:\/\/cpcx.ufms.br\/files\/2025\/10\/raquel.png 1080w\" sizes=\"(max-width: 300px) 100vw, 300px\" \/><\/a><\/td>\n<td style=\"width: 5.07013%;height: 10px\">&nbsp;<\/td>\n<td style=\"width: 53.6674%;height: 10px\">\n<h3>Prof. Dra. Raquel da Silva Vieira<\/h3>\n<p><em><a href=\"http:\/\/lattes.cnpq.br\/1529590782726733\">Curr\u00edculo Lattes<\/a><\/em><\/td>\n<td style=\"width: 4.56914%;height: 10px\">&nbsp;<\/td>\n<\/tr>\n<tr style=\"height: 24px\">\n<td style=\"width: 4.76954%;height: 24px\">&nbsp;<\/td>\n<td style=\"width: 5.07013%;height: 24px\">&nbsp;<\/td>\n<td style=\"width: 53.6674%;height: 24px\">&nbsp;<\/td>\n<td style=\"width: 4.56914%;height: 24px\">&nbsp;<\/td>\n<\/tr>\n<tr style=\"height: 10px\">\n<td style=\"width: 4.76954%;height: 10px\">&nbsp;<\/td>\n<td style=\"width: 5.07013%;height: 10px\">&nbsp;<\/td>\n<td style=\"width: 53.6674%;height: 10px\">\n<h4>GEST\u00c3O: Janeiro\/2026 a Janeiro\/2028<\/h4>\n<\/td>\n<td style=\"width: 4.56914%;height: 10px\">&nbsp;<\/td>\n<\/tr>\n<tr style=\"height: 24px\">\n<td style=\"width: 4.76954%;height: 24px\">&nbsp;<\/td>\n<td style=\"width: 5.07013%;height: 24px\">&nbsp;<\/td>\n<td style=\"width: 53.6674%;height: 24px\">&nbsp;<\/td>\n<td style=\"width: 4.56914%;height: 24px\">&nbsp;<\/td>\n<\/tr>\n<tr style=\"height: 10px\">\n<td style=\"width: 4.76954%;height: 10px\">&nbsp;<\/td>\n<td style=\"width: 5.07013%;height: 10px\">&nbsp;<\/td>\n<td style=\"width: 53.6674%;height: 10px\">\n<h4><strong>CONTATO: <a href=\"mailto:enf.cpcx@ufms.br\">enf.cpcx@ufms.br<\/a> <\/strong>\/ (67) 3291-0202 \/ Ramal: 2221<\/h4>\n<\/td>\n<td style=\"width: 4.56914%;height: 10px\">&nbsp;<\/td>\n<\/tr>\n<tr style=\"height: 24px\">\n<td style=\"width: 4.76954%;height: 24px\">&nbsp;<\/td>\n<td style=\"width: 31.8637%;height: 24px\">&nbsp;<\/td>\n<td style=\"width: 5.07013%;height: 24px\">&nbsp;<\/td>\n<td style=\"width: 53.6674%;height: 24px\">&nbsp;<\/td>\n<td style=\"width: 4.56914%;height: 24px\">&nbsp;<\/td>\n<\/tr>\n<\/tbody>\n<\/table>\n<hr>\n<div class=\"panel panel-default\">\n\t\t\t\t<div class=\"panel-heading\">\n\t\t\t\t\t<h4 class=\"panel-title\">\n\t\t\t\t\t\t<a class=\"collapsed\" data-toggle=\"collapse\" data-parent=\"#single-collapse\" href=\"#single-collapse-0\">Hist\u00f3rico de Coordenadores(as)<\/a>\n\t\t\t\t\t<\/h4>\n\t\t\t\t<\/div>\n\t\t\t\t<div id=\"single-collapse-0\" class=\"panel-collapse collapse\">\n\t\t\t\t\t<div class=\"panel-body\">\n<table style=\"border-collapse: collapse;width: 100%;height: 144px\">\n<tbody>\n<tr style=\"height: 24px\">\n<td style=\"width: 4.55912%;height: 24px\">&nbsp;<\/td>\n<td style=\"width: 32.4148%;height: 24px\">&nbsp;<\/td>\n<td style=\"width: 4.85977%;height: 24px\">&nbsp;<\/td>\n<td style=\"width: 54.1332%;height: 24px\">&nbsp;<\/td>\n<td style=\"width: 4.033%;height: 24px\">&nbsp;<\/td>\n<\/tr>\n<tr style=\"height: 24px\">\n<td style=\"width: 4.55912%;height: 24px\">&nbsp;<\/td>\n<td style=\"width: 32.4148%;height: 24px;text-align: center\"><a href=\"https:\/\/cpcx.ufms.br\/files\/2025\/09\/28.png\"><img decoding=\"async\" class=\"alignnone wp-image-12031 size-thumbnail\" src=\"https:\/\/cpcx.ufms.br\/files\/2025\/09\/28-150x150.png\" alt=\"\" width=\"150\" height=\"150\" srcset=\"https:\/\/cpcx.ufms.br\/files\/2025\/09\/28-150x150.png 150w, https:\/\/cpcx.ufms.br\/files\/2025\/09\/28-300x300.png 300w, https:\/\/cpcx.ufms.br\/files\/2025\/09\/28-1024x1024.png 1024w, https:\/\/cpcx.ufms.br\/files\/2025\/09\/28-768x768.png 768w, https:\/\/cpcx.ufms.br\/files\/2025\/09\/28-320x320.png 320w, https:\/\/cpcx.ufms.br\/files\/2025\/09\/28.png 1080w\" sizes=\"(max-width: 150px) 100vw, 150px\" \/><\/a><\/td>\n<td style=\"width: 4.85977%;height: 24px\">&nbsp;<\/td>\n<td style=\"width: 54.1332%;height: 24px\">\n<h3>Prof. Dr. Ana Patr\u00edcia Ara\u00fajo Torquato Lopes<\/h3>\n<h4><span style=\"font-size: 10pt\">GEST\u00c3O: Janeiro\/2024 a Janeiro\/2026<\/span><\/h4>\n<\/td>\n<td style=\"width: 4.033%;height: 24px\">&nbsp;<\/td>\n<\/tr>\n<tr style=\"height: 24px\">\n<td style=\"width: 4.55912%;height: 24px\">&nbsp;<\/td>\n<td style=\"width: 32.4148%;text-align: center;height: 24px\">&nbsp;<\/td>\n<td style=\"width: 4.85977%;height: 24px\">&nbsp;<\/td>\n<td style=\"width: 54.1332%;height: 24px\">&nbsp;<\/td>\n<td style=\"width: 4.033%;height: 24px\">&nbsp;<\/td>\n<\/tr>\n<\/tbody>\n<\/table>\n<\/div>\n\t\t\t\t<\/div>\n\t\t\t<\/div>\n","protected":false},"excerpt":{"rendered":"<p>A Coordena\u00e7\u00e3o do Curso de Enfermagem \u00e9 respons\u00e1vel pela organiza\u00e7\u00e3o, acompanhamento e desenvolvimento das atividades acad\u00eamicas do curso, atuando de forma integrada com docentes, estudantes e a administra\u00e7\u00e3o universit\u00e1ria. Compete \u00e0 Coordena\u00e7\u00e3o assegurar o cumprimento do Projeto Pedag\u00f3gico do Curso, das diretrizes curriculares nacionais e das normas institucionais, zelando pela qualidade da forma\u00e7\u00e3o t\u00e9cnica, cient\u00edfica, [&hellip;]<\/p>\n","protected":false},"author":7210,"featured_media":0,"parent":574,"menu_order":0,"comment_status":"closed","ping_status":"closed","template":"","meta":{"_eb_attr":"","ngg_post_thumbnail":0,"footnotes":""},"coauthors":[140,116],"class_list":["post-5170","page","type-page","status-publish","hentry"],"_links":{"self":[{"href":"https:\/\/cpcx.ufms.br\/en\/wp-json\/wp\/v2\/pages\/5170","targetHints":{"allow":["GET"]}}],"collection":[{"href":"https:\/\/cpcx.ufms.br\/en\/wp-json\/wp\/v2\/pages"}],"about":[{"href":"https:\/\/cpcx.ufms.br\/en\/wp-json\/wp\/v2\/types\/page"}],"author":[{"embeddable":true,"href":"https:\/\/cpcx.ufms.br\/en\/wp-json\/wp\/v2\/users\/7210"}],"replies":[{"embeddable":true,"href":"https:\/\/cpcx.ufms.br\/en\/wp-json\/wp\/v2\/comments?post=5170"}],"version-history":[{"count":22,"href":"https:\/\/cpcx.ufms.br\/en\/wp-json\/wp\/v2\/pages\/5170\/revisions"}],"predecessor-version":[{"id":13500,"href":"https:\/\/cpcx.ufms.br\/en\/wp-json\/wp\/v2\/pages\/5170\/revisions\/13500"}],"up":[{"embeddable":true,"href":"https:\/\/cpcx.ufms.br\/en\/wp-json\/wp\/v2\/pages\/574"}],"wp:attachment":[{"href":"https:\/\/cpcx.ufms.br\/en\/wp-json\/wp\/v2\/media?parent=5170"}],"wp:term":[{"taxonomy":"author","embeddable":true,"href":"https:\/\/cpcx.ufms.br\/en\/wp-json\/wp\/v2\/coauthors?post=5170"}],"curies":[{"name":"wp","href":"https:\/\/api.w.org\/{rel}","templated":true}]}}