{"id":5255,"date":"2019-11-28T21:49:21","date_gmt":"2019-11-29T01:49:21","guid":{"rendered":"https:\/\/cpcx.ufms.br\/?page_id=5255"},"modified":"2025-10-20T09:50:20","modified_gmt":"2025-10-20T13:50:20","slug":"comissao-setorial-de-avaliacao","status":"publish","type":"page","link":"https:\/\/cpcx.ufms.br\/en\/comissoes\/comissao-setorial-de-avaliacao\/","title":{"rendered":"Comiss\u00e3o Setorial de Avalia\u00e7\u00e3o"},"content":{"rendered":"<p>A CSA (<strong>Comiss\u00e3o Setorial de Avalia\u00e7\u00e3o<\/strong>) \u00e9 respons\u00e1vel pela elabora\u00e7\u00e3o dos relat\u00f3rios apontando as fragilidades e potencialidades, para o conhecimento dos gestores, colegiados dos cursos e demais inst\u00e2ncias para que indiquem de forma coletiva as \u00e1reas que devem ser implementadas garantindo assim um processo formativo e cont\u00ednuo da avalia\u00e7\u00e3o.<\/p>\n<table style=\"border-collapse: collapse;width: 100%;height: 34px\">\n<tbody>\n<tr style=\"height: 10px\">\n<td style=\"width: 2.54172%;height: 10px\">&nbsp;<\/td>\n<td style=\"width: 94.4807%;text-align: center;height: 10px\">\n<h4 style=\"text-align: center\"><strong><span style=\"color: #ffffff;font-size: 14pt\"><a class=\"btn btn-primary\" style=\"color: #ffffff\" title=\"Inscri\u00e7\u00f5es\" href=\"https:\/\/siai.ufms.br\" target=\"_blank\" rel=\"noopener\">Responda ao Question\u00e1rio de Avalia\u00e7\u00e3o<\/a><\/span><\/strong><\/h4>\n<\/td>\n<td style=\"width: 2.97745%;height: 10px\">&nbsp;<\/td>\n<\/tr>\n<tr style=\"height: 24px\">\n<td style=\"width: 2.54172%;height: 24px\">&nbsp;<\/td>\n<td style=\"width: 94.4807%;height: 24px\">&nbsp;<\/td>\n<td style=\"width: 2.97745%;height: 24px\">&nbsp;<\/td>\n<\/tr>\n<\/tbody>\n<\/table>\n<div class=\"panel-group\" id=\"custom-collapse-0\">\n<div class=\"panel panel-default\">\n\t\t\t\t<div class=\"panel-heading\">\n\t\t\t\t\t<h4 class=\"panel-title\">\n\t\t\t\t\t\t<a class=\"\" data-toggle=\"collapse\" data-parent=\"#custom-collapse-0\" href=\"#custom-collapse-0-0\">O que \u00e9 a Autoavalia\u00e7\u00e3o Institucional<\/a>\n\t\t\t\t\t<\/h4>\n\t\t\t\t<\/div>\n\t\t\t\t<div id=\"custom-collapse-0-0\" class=\"panel-collapse in\">\n\t\t\t\t\t<div class=\"panel-body\">\n<p style=\"text-align: justify\">Trata-se de um processo global e cont\u00ednuo, envolvendo avalia\u00e7\u00e3o-planejamento-transforma\u00e7\u00e3o-replanejamento. \u201c\u00c9 se olhar no espelho com olhos cr\u00edticos e objetivos e ver refletidas as potencialidades e as imperfei\u00e7\u00f5es e a partir disso fazermos proposi\u00e7\u00f5es para solucionar o que n\u00e3o est\u00e1 adequado\u201d, explica Marize Terezinha Lopes Pereira Peres (professora da UFMS). Os resultados da autoavalia\u00e7\u00e3o s\u00e3o utilizados pela gest\u00e3o da Universidade, possibilitando o aperfei\u00e7oamento do seu desempenho em diversas frentes; e enviados em forma de relat\u00f3rio ao Instituto Nacional de Estudos e Pesquisas Educacionais An\u00edsio Teixeira (INEP), para fins de avalia\u00e7\u00e3o institucional junto ao Minist\u00e9rio da Educa\u00e7\u00e3o (MEC).<\/p>\n<\/div>\n\t\t\t\t<\/div>\n\t\t\t<\/div>\n<div class=\"panel panel-default\">\n\t\t\t\t<div class=\"panel-heading\">\n\t\t\t\t\t<h4 class=\"panel-title\">\n\t\t\t\t\t\t<a class=\"\" data-toggle=\"collapse\" data-parent=\"#custom-collapse-0\" href=\"#custom-collapse-0-1\">Quem \u00e9 respons\u00e1vel pela Autoavalia\u00e7\u00e3o Institucional<\/a>\n\t\t\t\t\t<\/h4>\n\t\t\t\t<\/div>\n\t\t\t\t<div id=\"custom-collapse-0-1\" class=\"panel-collapse in\">\n\t\t\t\t\t<div class=\"panel-body\">\n<p style=\"text-align: justify\">A condu\u00e7\u00e3o \u00e9 de responsabilidade da&nbsp;<a href=\"https:\/\/seavi.ufms.br\/cpa\/\">Comiss\u00e3o Pr\u00f3pria de Avalia\u00e7\u00e3o<\/a>&nbsp;(CPA) da UFMS, que \u00e9 composta por docentes, t\u00e9cnicos-administrativos, discentes da gradua\u00e7\u00e3o e da p\u00f3s-gradua\u00e7\u00e3o e por um representante da sociedade. Trabalhando junto \u00e0 CPA est\u00e3o tamb\u00e9m as Comiss\u00f5es Setoriais de Avalia\u00e7\u00e3o (CSA), existentes em cada Unidade de Administra\u00e7\u00e3o Setorial da UFMS; os coordenadores e colegiados de cursos; os n\u00facleos docentes estruturantes (NDE) e a Ouvidoria. Dando suporte ao processo est\u00e1 ainda a&nbsp;<a href=\"https:\/\/seavi.ufms.br\/\">Secretaria Especial de Avalia\u00e7\u00e3o Institucional<\/a> (SEAVI), criada no in\u00edcio da atual gest\u00e3o da UFMS com o intuito de coordenar e articular as diversas a\u00e7\u00f5es de avalia\u00e7\u00e3o desenvolvidas na Institui\u00e7\u00e3o.<\/p>\n<table style=\"border-collapse: collapse;width: 100%;height: 168px\">\n<tbody>\n<tr style=\"height: 24px\">\n<td style=\"width: 1.26362%;height: 24px\">&nbsp;<\/td>\n<td style=\"width: 30.2397%;height: 24px;text-align: center\" colspan=\"3\">\n<h3><span style=\"font-size: 12pt\"><strong>MEMBROS DA CSA\/CPCX<\/strong><\/span><\/h3>\n<\/td>\n<td style=\"width: 1.11837%;height: 24px\">&nbsp;<\/td>\n<\/tr>\n<tr style=\"height: 24px\">\n<td style=\"width: 1.26362%;height: 24px\">&nbsp;<\/td>\n<td style=\"width: 30.2397%;height: 24px;text-align: center\">\n<h3><span style=\"font-size: 12pt\"><strong>DOCENTES<\/strong><\/span><\/h3>\n<\/td>\n<td style=\"width: 36.122%;height: 24px;text-align: center\">\n<h3><span style=\"font-size: 12pt\"><strong>T\u00c9CNICOS ADMINISTRATIVOS<\/strong><\/span><\/h3>\n<\/td>\n<td style=\"width: 31.2563%;height: 24px;text-align: center\">\n<h3><span style=\"font-size: 12pt\"><strong>DISCENTES<\/strong><\/span><\/h3>\n<\/td>\n<td style=\"width: 1.11837%;height: 24px\">&nbsp;<\/td>\n<\/tr>\n<tr style=\"height: 24px\">\n<td style=\"width: 1.26362%;height: 24px\">&nbsp;<\/td>\n<td style=\"width: 30.2397%;height: 24px;text-align: center\">Deiviston da Silva Aguena<\/td>\n<td style=\"width: 36.122%;height: 24px;text-align: center\">D\u00e1rio Vaneli Junior<\/td>\n<td style=\"width: 31.2563%;height: 24px;text-align: center\">Eline Aparecida Garay Silva<\/td>\n<td style=\"width: 1.11837%;height: 24px\">&nbsp;<\/td>\n<\/tr>\n<tr style=\"height: 24px\">\n<td style=\"width: 1.26362%;height: 24px\">&nbsp;<\/td>\n<td style=\"width: 30.2397%;text-align: center;height: 24px\">Francisco Il\u00eddio Ferreira Rocha<\/td>\n<td style=\"width: 36.122%;text-align: center;height: 24px\">Maria Nilza Silva Oliveira<\/td>\n<td style=\"width: 31.2563%;text-align: center;height: 24px\">&nbsp;<\/td>\n<td style=\"width: 1.11837%;height: 24px\">&nbsp;<\/td>\n<\/tr>\n<tr style=\"height: 24px\">\n<td style=\"width: 1.26362%;height: 24px\">&nbsp;<\/td>\n<td style=\"width: 30.2397%;text-align: center;height: 24px\">Ju\u00e7ara Zanoni do Nascimento<\/td>\n<td style=\"width: 36.122%;text-align: center;height: 24px\">Maicon Cezar Azambuja da Cunha<\/td>\n<td style=\"width: 31.2563%;text-align: center;height: 24px\">&nbsp;<\/td>\n<td style=\"width: 1.11837%;height: 24px\">&nbsp;<\/td>\n<\/tr>\n<tr style=\"height: 24px\">\n<td style=\"width: 1.26362%;height: 24px\">&nbsp;<\/td>\n<td style=\"width: 30.2397%;text-align: center;height: 24px\">Naiara Gajo Silva<\/td>\n<td style=\"width: 36.122%;text-align: center;height: 24px\">Vilson Cresc\u00eancio de Jesus<\/td>\n<td style=\"width: 31.2563%;text-align: center;height: 24px\">&nbsp;<\/td>\n<td style=\"width: 1.11837%;height: 24px\">&nbsp;<\/td>\n<\/tr>\n<tr style=\"height: 24px\">\n<td style=\"width: 1.26362%;height: 24px\">&nbsp;<\/td>\n<td style=\"width: 30.2397%;height: 24px\">&nbsp;<\/td>\n<td style=\"width: 36.122%;height: 24px\">&nbsp;<\/td>\n<td style=\"width: 31.2563%;height: 24px\">&nbsp;<\/td>\n<td style=\"width: 1.11837%;height: 24px\">&nbsp;<\/td>\n<\/tr>\n<\/tbody>\n<\/table>\n<p style=\"text-align: justify\"><\/div>\n\t\t\t\t<\/div>\n\t\t\t<\/div>\n<div class=\"panel panel-default\">\n\t\t\t\t<div class=\"panel-heading\">\n\t\t\t\t\t<h4 class=\"panel-title\">\n\t\t\t\t\t\t<a class=\"\" data-toggle=\"collapse\" data-parent=\"#custom-collapse-0\" href=\"#custom-collapse-0-2\">Relat\u00f3rios<\/a>\n\t\t\t\t\t<\/h4>\n\t\t\t\t<\/div>\n\t\t\t\t<div id=\"custom-collapse-0-2\" class=\"panel-collapse in\">\n\t\t\t\t\t<div class=\"panel-body\">\n<p style=\"text-align: justify\" data-start=\"169\" data-end=\"444\">Nesta se\u00e7\u00e3o encontram-se dispon\u00edveis os relat\u00f3rios anuais elaborados pela Comiss\u00e3o Setorial de Avalia\u00e7\u00e3o (CSA) do C\u00e2mpus Coxim. Esses documentos re\u00fanem informa\u00e7\u00f5es, an\u00e1lises e resultados referentes aos processos de autoavalia\u00e7\u00e3o institucional realizados em anos anteriores.<\/p>\n<p style=\"text-align: justify\" data-start=\"446\" data-end=\"774\">Os relat\u00f3rios t\u00eam como objetivo apresentar o acompanhamento das a\u00e7\u00f5es desenvolvidas, os indicadores de desempenho e as percep\u00e7\u00f5es da comunidade acad\u00eamica sobre as diversas dimens\u00f5es institucionais. Servem como base para o planejamento e a melhoria cont\u00ednua das atividades de ensino, pesquisa, extens\u00e3o e gest\u00e3o administrativa.<\/p>\n<p style=\"text-align: justify\" data-start=\"776\" data-end=\"969\">A consulta a esses relat\u00f3rios permite compreender a evolu\u00e7\u00e3o do campus ao longo dos anos, contribuindo para a transpar\u00eancia, a participa\u00e7\u00e3o e o fortalecimento da cultura de avalia\u00e7\u00e3o na UFMS.<\/p>\n<table style=\"border-collapse: collapse;width: 100%;height: 192px\">\n<tbody>\n<tr>\n<td style=\"width: 3.99416%\">&nbsp;<\/td>\n<td style=\"width: 93.7545%\">&nbsp;<\/td>\n<td style=\"width: 2.25124%\">&nbsp;<\/td>\n<\/tr>\n<tr style=\"height: 24px\">\n<td style=\"width: 3.99416%;height: 24px\">&nbsp;<\/td>\n<td style=\"width: 93.7545%;height: 24px\"><a href=\"https:\/\/cpcx.ufms.br\/files\/2019\/11\/RELAT\u00d3RIO_CSA_CPCX_16_04_2019.pdf\">RELAT\u00d3RIO_CSA_CPCX_2018<\/a><\/td>\n<td style=\"width: 2.25124%;height: 24px\">&nbsp;<\/td>\n<\/tr>\n<tr style=\"height: 24px\">\n<td style=\"width: 3.99416%;height: 24px\">&nbsp;<\/td>\n<td style=\"width: 93.7545%;height: 24px\"><a href=\"https:\/\/cpcx.ufms.br\/files\/2020\/02\/Relat\u00f3rio-Final-de-Avalia\u00e7\u00e3o-Institucional-do-CPCX-2019.docx\">RELAT\u00d3RIO_CSA_CPCX_2019<\/a><\/td>\n<td style=\"width: 2.25124%;height: 24px\">&nbsp;<\/td>\n<\/tr>\n<tr style=\"height: 24px\">\n<td style=\"width: 3.99416%;height: 24px\">&nbsp;<\/td>\n<td style=\"width: 93.7545%;height: 24px\"><a href=\"https:\/\/cpcx.ufms.br\/files\/2019\/11\/Relat\u00f3rio_de_Atividades_da_Dire\u00e7\u00e3o_para_CSA_-__2019.pdf\">RELAT\u00d3RIO_CSA_CPCX_2020<\/a><\/td>\n<td style=\"width: 2.25124%;height: 24px\">&nbsp;<\/td>\n<\/tr>\n<tr style=\"height: 24px\">\n<td style=\"width: 3.99416%;height: 24px\">&nbsp;<\/td>\n<td style=\"width: 93.7545%;height: 24px\"><a href=\"https:\/\/cpcx.ufms.br\/files\/2022\/04\/Relatorio-Avaliacao-Institucional-CSA-CPCX-2021-31-03-2022.pdf\">RELAT\u00d3RIO_CSA_CPCX_2021<\/a><\/td>\n<td style=\"width: 2.25124%;height: 24px\">&nbsp;<\/td>\n<\/tr>\n<tr style=\"height: 24px\">\n<td style=\"width: 3.99416%;height: 24px\">&nbsp;<\/td>\n<td style=\"width: 93.7545%;height: 24px\"><a href=\"https:\/\/cpcx.ufms.br\/files\/2023\/03\/Relatorio-2022.pdf\">RELAT\u00d3RIO_CSA_CPCX_2022<\/a><\/td>\n<td style=\"width: 2.25124%;height: 24px\">&nbsp;<\/td>\n<\/tr>\n<tr style=\"height: 24px\">\n<td style=\"width: 3.99416%;height: 24px\">&nbsp;<\/td>\n<td style=\"width: 93.7545%;height: 24px\"><a href=\"https:\/\/cpcx.ufms.br\/files\/2024\/03\/RELATORIO-AVALIACAO-INSTITUCIONAL-CSA-CPCX-2023-FINAL.pdf\">RELAT\u00d3RIO_CSA_CPCX_2023<\/a><\/td>\n<td style=\"width: 2.25124%;height: 24px\">&nbsp;<\/td>\n<\/tr>\n<tr>\n<td style=\"width: 3.99416%\">&nbsp;<\/td>\n<td style=\"width: 93.7545%\"><a href=\"https:\/\/cpcx.ufms.br\/files\/2025\/10\/RELATA\u0303_RIO-INSTITUCIONAL-2024-CPCX-ENVIADO.pdf\">RELAT\u00d3RIO_CSA_CPCX_2024<\/a><\/td>\n<td style=\"width: 2.25124%\">&nbsp;<\/td>\n<\/tr>\n<tr style=\"height: 24px\">\n<td style=\"width: 3.99416%;height: 24px\">&nbsp;<\/td>\n<td style=\"width: 93.7545%;height: 24px\">&nbsp;<\/td>\n<td style=\"width: 2.25124%;height: 24px\">&nbsp;<\/td>\n<\/tr>\n<\/tbody>\n<\/table>\n<p style=\"text-align: justify\"><\/div>\n\t\t\t\t<\/div>\n\t\t\t<\/div>\n<p style=\"text-align: justify\"><div class=\"panel panel-default\">\n\t\t\t\t<div class=\"panel-heading\">\n\t\t\t\t\t<h4 class=\"panel-title\">\n\t\t\t\t\t\t<a class=\"\" data-toggle=\"collapse\" data-parent=\"#custom-collapse-0\" href=\"#custom-collapse-0-3\">Portarias<\/a>\n\t\t\t\t\t<\/h4>\n\t\t\t\t<\/div>\n\t\t\t\t<div id=\"custom-collapse-0-3\" class=\"panel-collapse in\">\n\t\t\t\t\t<div class=\"panel-body\">\n<p style=\"text-align: justify\" data-start=\"169\" data-end=\"444\">Nesta se\u00e7\u00e3o s\u00e3o disponibilizadas as portarias de nomea\u00e7\u00e3o e reestrutura\u00e7\u00e3o da Comiss\u00e3o Setorial de Avalia\u00e7\u00e3o (CSA) do C\u00e2mpus Coxim.<br data-start=\"962\" data-end=\"965\">As portarias formalizam a composi\u00e7\u00e3o da comiss\u00e3o em cada per\u00edodo e podem ser consultadas nos links abaixo:<\/p>\n<table style=\"border-collapse: collapse;width: 100%;height: 58px\">\n<tbody>\n<tr style=\"height: 24px\">\n<td style=\"width: 3.99416%;height: 24px\">&nbsp;<\/td>\n<td style=\"width: 93.7545%;height: 24px\">&nbsp;<\/td>\n<td style=\"width: 2.25124%;height: 24px\">&nbsp;<\/td>\n<\/tr>\n<tr style=\"height: 24px\">\n<td style=\"width: 3.99416%;height: 24px\">&nbsp;<\/td>\n<td style=\"width: 93.7545%;height: 24px\"><a href=\"https:\/\/cpcx.ufms.br\/files\/2025\/10\/SEI-23457.000018_2020-09.pdf\">PORTARIA_N\u00ba_46_CSA_CPCX_2023-2026<\/a><\/td>\n<td style=\"width: 2.25124%;height: 24px\">&nbsp;<\/td>\n<\/tr>\n<tr style=\"height: 24px\">\n<td style=\"width: 3.99416%;height: 10px\">&nbsp;<\/td>\n<td style=\"width: 93.7545%;height: 10px\">&nbsp;<\/td>\n<td style=\"width: 2.25124%;height: 10px\">&nbsp;<\/td>\n<\/tr>\n<\/tbody>\n<\/table>\n<p style=\"text-align: justify\"><\/div>\n\t\t\t\t<\/div>\n\t\t\t<\/div>\n<p style=\"text-align: justify\"><\/div>\n","protected":false},"excerpt":{"rendered":"<p>A CSA (Comiss\u00e3o Setorial de Avalia\u00e7\u00e3o) \u00e9 respons\u00e1vel pela elabora\u00e7\u00e3o dos relat\u00f3rios apontando as fragilidades e potencialidades, para o conhecimento dos gestores, colegiados dos cursos e demais inst\u00e2ncias para que indiquem de forma coletiva as \u00e1reas que devem ser implementadas garantindo assim um processo formativo e cont\u00ednuo da avalia\u00e7\u00e3o. &nbsp; Responda ao Question\u00e1rio de Avalia\u00e7\u00e3o [&hellip;]<\/p>\n","protected":false},"author":7210,"featured_media":12846,"parent":11847,"menu_order":0,"comment_status":"closed","ping_status":"closed","template":"page-templates\/page-coordenadorias.php","meta":{"_eb_attr":"","ngg_post_thumbnail":0,"footnotes":""},"coauthors":[140,116],"class_list":["post-5255","page","type-page","status-publish","has-post-thumbnail","hentry"],"_links":{"self":[{"href":"https:\/\/cpcx.ufms.br\/en\/wp-json\/wp\/v2\/pages\/5255","targetHints":{"allow":["GET"]}}],"collection":[{"href":"https:\/\/cpcx.ufms.br\/en\/wp-json\/wp\/v2\/pages"}],"about":[{"href":"https:\/\/cpcx.ufms.br\/en\/wp-json\/wp\/v2\/types\/page"}],"author":[{"embeddable":true,"href":"https:\/\/cpcx.ufms.br\/en\/wp-json\/wp\/v2\/users\/7210"}],"replies":[{"embeddable":true,"href":"https:\/\/cpcx.ufms.br\/en\/wp-json\/wp\/v2\/comments?post=5255"}],"version-history":[{"count":30,"href":"https:\/\/cpcx.ufms.br\/en\/wp-json\/wp\/v2\/pages\/5255\/revisions"}],"predecessor-version":[{"id":12861,"href":"https:\/\/cpcx.ufms.br\/en\/wp-json\/wp\/v2\/pages\/5255\/revisions\/12861"}],"up":[{"embeddable":true,"href":"https:\/\/cpcx.ufms.br\/en\/wp-json\/wp\/v2\/pages\/11847"}],"wp:featuredmedia":[{"embeddable":true,"href":"https:\/\/cpcx.ufms.br\/en\/wp-json\/wp\/v2\/media\/12846"}],"wp:attachment":[{"href":"https:\/\/cpcx.ufms.br\/en\/wp-json\/wp\/v2\/media?parent=5255"}],"wp:term":[{"taxonomy":"author","embeddable":true,"href":"https:\/\/cpcx.ufms.br\/en\/wp-json\/wp\/v2\/coauthors?post=5255"}],"curies":[{"name":"wp","href":"https:\/\/api.w.org\/{rel}","templated":true}]}}