{"id":5265,"date":"2019-11-29T10:13:40","date_gmt":"2019-11-29T14:13:40","guid":{"rendered":"https:\/\/cpcx.ufms.br\/?page_id=5265"},"modified":"2025-11-02T08:26:18","modified_gmt":"2025-11-02T12:26:18","slug":"regulamento-de-laboratorio","status":"publish","type":"page","link":"https:\/\/cpcx.ufms.br\/en\/suporte-de-ti\/regulamento-de-laboratorio\/","title":{"rendered":"Regulamento dos Laborat\u00f3rios"},"content":{"rendered":"<p data-start=\"233\" data-end=\"492\">Os laborat\u00f3rios do <strong data-start=\"252\" data-end=\"278\">C\u00e2mpus de Coxim (CPCX)<\/strong> da <strong data-start=\"282\" data-end=\"335\">Universidade Federal de Mato Grosso do Sul (UFMS)<\/strong> s\u00e3o espa\u00e7os destinados ao ensino, \u00e0 pesquisa e \u00e0 extens\u00e3o, oferecendo infraestrutura e equipamentos que apoiam as atividades acad\u00eamicas e administrativas.<\/p>\n<p data-start=\"494\" data-end=\"791\">Para garantir o bom uso desses ambientes, a seguran\u00e7a dos usu\u00e1rios e a preserva\u00e7\u00e3o dos recursos, foi elaborado o <strong data-start=\"607\" data-end=\"647\">Regulamento dos Laborat\u00f3rios do CPCX<\/strong>, documento que estabelece normas de utiliza\u00e7\u00e3o, responsabilidades e condutas esperadas de todos os usu\u00e1rios \u2014 discentes, docentes e t\u00e9cnicos.<\/p>\n<p data-start=\"793\" data-end=\"823\">O regulamento orienta sobre:<\/p>\n<ul>\n<li data-start=\"826\" data-end=\"877\">Utiliza\u00e7\u00e3o adequada dos equipamentos e softwares;<\/li>\n<li data-start=\"826\" data-end=\"877\">Procedimentos de agendamento e acesso;<\/li>\n<li data-start=\"826\" data-end=\"877\">Regras de seguran\u00e7a e comportamento nos ambientes laboratoriais;<\/li>\n<li data-start=\"826\" data-end=\"877\">Responsabilidades quanto \u00e0 manuten\u00e7\u00e3o e conserva\u00e7\u00e3o do patrim\u00f4nio p\u00fablico.<\/li>\n<\/ul>\n<hr>\n<h2>REGULAMENTO<\/h2>\n<p style=\"text-align: center\"><a href=\"https:\/\/cpcx.ufms.br\/files\/2025\/11\/SEI_5414662_Minuta.pdf\" class=\"pdfemb-viewer\" style=\"\" data-width=\"max\" data-height=\"max\" data-toolbar=\"bottom\" data-toolbar-fixed=\"off\">SEI_5414662_Minuta<\/a>\n<p style=\"text-align: center\"><strong><a href=\"https:\/\/cpcx.ufms.br\/files\/2025\/11\/SEI_5414662_Minuta.pdf\">DOWNLOAD<\/a><\/strong><\/p>\n","protected":false},"excerpt":{"rendered":"<p>Os laborat\u00f3rios do C\u00e2mpus de Coxim (CPCX) da Universidade Federal de Mato Grosso do Sul (UFMS) s\u00e3o espa\u00e7os destinados ao ensino, \u00e0 pesquisa e \u00e0 extens\u00e3o, oferecendo infraestrutura e equipamentos que apoiam as atividades acad\u00eamicas e administrativas. Para garantir o bom uso desses ambientes, a seguran\u00e7a dos usu\u00e1rios e a preserva\u00e7\u00e3o dos recursos, foi elaborado [&hellip;]<\/p>\n","protected":false},"author":7210,"featured_media":0,"parent":2664,"menu_order":0,"comment_status":"closed","ping_status":"closed","template":"page-templates\/page-coordenadorias.php","meta":{"_eb_attr":"","ngg_post_thumbnail":0,"footnotes":""},"coauthors":[140,116],"class_list":["post-5265","page","type-page","status-publish","hentry"],"_links":{"self":[{"href":"https:\/\/cpcx.ufms.br\/en\/wp-json\/wp\/v2\/pages\/5265","targetHints":{"allow":["GET"]}}],"collection":[{"href":"https:\/\/cpcx.ufms.br\/en\/wp-json\/wp\/v2\/pages"}],"about":[{"href":"https:\/\/cpcx.ufms.br\/en\/wp-json\/wp\/v2\/types\/page"}],"author":[{"embeddable":true,"href":"https:\/\/cpcx.ufms.br\/en\/wp-json\/wp\/v2\/users\/7210"}],"replies":[{"embeddable":true,"href":"https:\/\/cpcx.ufms.br\/en\/wp-json\/wp\/v2\/comments?post=5265"}],"version-history":[{"count":5,"href":"https:\/\/cpcx.ufms.br\/en\/wp-json\/wp\/v2\/pages\/5265\/revisions"}],"predecessor-version":[{"id":13187,"href":"https:\/\/cpcx.ufms.br\/en\/wp-json\/wp\/v2\/pages\/5265\/revisions\/13187"}],"up":[{"embeddable":true,"href":"https:\/\/cpcx.ufms.br\/en\/wp-json\/wp\/v2\/pages\/2664"}],"wp:attachment":[{"href":"https:\/\/cpcx.ufms.br\/en\/wp-json\/wp\/v2\/media?parent=5265"}],"wp:term":[{"taxonomy":"author","embeddable":true,"href":"https:\/\/cpcx.ufms.br\/en\/wp-json\/wp\/v2\/coauthors?post=5265"}],"curies":[{"name":"wp","href":"https:\/\/api.w.org\/{rel}","templated":true}]}}