{"id":569,"date":"2015-03-17T13:57:07","date_gmt":"2015-03-17T17:57:07","guid":{"rendered":"http:\/\/cpcx.draconis.ufms.br\/?page_id=569"},"modified":"2025-10-29T14:35:05","modified_gmt":"2025-10-29T18:35:05","slug":"letras","status":"publish","type":"page","link":"https:\/\/cpcx.ufms.br\/en\/letras\/","title":{"rendered":"Letras"},"content":{"rendered":"<div class=\"panel-group\" id=\"custom-collapse-0\">\n<div class=\"panel panel-default\">\n\t\t\t\t<div class=\"panel-heading\">\n\t\t\t\t\t<h4 class=\"panel-title\">\n\t\t\t\t\t\t<a class=\"\" data-toggle=\"collapse\" data-parent=\"#custom-collapse-0\" href=\"#custom-collapse-0-0\">Informa\u00e7\u00f5es Gerais do Curso<\/a>\n\t\t\t\t\t<\/h4>\n\t\t\t\t<\/div>\n\t\t\t\t<div id=\"custom-collapse-0-0\" class=\"panel-collapse in\">\n\t\t\t\t\t<div class=\"panel-body\">\nModalidade de ensino:&nbsp;Presencial<br \/>\nPer\u00edodo:&nbsp;Noturno (segunda-feira a sexta-feira) e s\u00e1bado no per\u00edodo matutino.<br \/>\nDura\u00e7\u00e3o do curso: 8 semestres<br \/>\nForma\u00e7\u00e3o: Licenciado em L\u00edngua Portuguesa\/Letras<br \/>\n<\/div>\n\t\t\t\t<\/div>\n\t\t\t<\/div>\n<div class=\"panel panel-default\">\n\t\t\t\t<div class=\"panel-heading\">\n\t\t\t\t\t<h4 class=\"panel-title\">\n\t\t\t\t\t\t<a class=\"collapsed\" data-toggle=\"collapse\" data-parent=\"#custom-collapse-0\" href=\"#custom-collapse-0-1\">Objetivos do Curso<\/a>\n\t\t\t\t\t<\/h4>\n\t\t\t\t<\/div>\n\t\t\t\t<div id=\"custom-collapse-0-1\" class=\"panel-collapse collapse\">\n\t\t\t\t\t<div class=\"panel-body\">\nO objetivo do Curso de Letras \u00e9 formar profissionais interculturalmente competentes, capazes de:<\/p>\n<ul class=\"list-group\">\n<li   class=\"list-group-item\">\nLidar de <strong>forma cr\u00edtica<\/strong> com as <strong>linguagens<\/strong> e <strong>conscientes<\/strong> de sua <strong>inser\u00e7\u00e3o na sociedade e das rela\u00e7\u00f5es com o outro<\/strong>.<br \/>\n<\/li>\n<li   class=\"list-group-item\">\nO profissional em Letras deve ter <strong>dom\u00ednio do uso da l\u00edngua<\/strong> ou das l\u00ednguas que sejam objeto de seus estudos, em termos de sua <strong>estrutura<\/strong>, <strong>funcionamento<\/strong> e <strong>manifesta\u00e7\u00f5es culturais<\/strong>, al\u00e9m de ter <strong>consci\u00eancia das variedades lingu\u00edsticas e culturais<\/strong>.<br \/>\n<\/li>\n<li   class=\"list-group-item\">\nDeve ser capaz de<strong> refletir teoricamente<\/strong> sobre a <strong>linguagem<\/strong>, fazer uso de <strong>novas tecnologias<\/strong> e de compreender sua forma\u00e7\u00e3o profissional como processo <strong>cont\u00ednuo<\/strong>, <strong>aut\u00f4nomo<\/strong> e <strong>permanente<\/strong>. A <strong>pesquisa<\/strong> e a <strong>extens\u00e3o<\/strong> devem articular-se neste processo.<br \/>\n<\/li>\n<li   class=\"list-group-item\">\nO profissional deve, ainda, ter <strong>capacidade de reflex\u00e3o cr\u00edtica<\/strong> sobre temas e quest\u00f5es relativas aos <strong>conhecimentos lingu\u00edsticos e liter\u00e1rios<\/strong>.<br \/>\n<\/li>\n<\/ul>\n<\/div>\n\t\t\t\t<\/div>\n\t\t\t<\/div>\n<div class=\"panel panel-default\">\n\t\t\t\t<div class=\"panel-heading\">\n\t\t\t\t\t<h4 class=\"panel-title\">\n\t\t\t\t\t\t<a class=\"collapsed\" data-toggle=\"collapse\" data-parent=\"#custom-collapse-0\" href=\"#custom-collapse-0-2\">Atividades Inerentes<\/a>\n\t\t\t\t\t<\/h4>\n\t\t\t\t<\/div>\n\t\t\t\t<div id=\"custom-collapse-0-2\" class=\"panel-collapse collapse\">\n\t\t\t\t\t<div class=\"panel-body\">\nO licenciado de Letras atuar\u00e1 como professor podendo tamb\u00e9m trabalhar, nos casos especiais, em:<\/p>\n<ul class=\"list-group\">\n<li   class=\"list-group-item\">\nEmpresas de setor p\u00fablico ou privado, editoras, jornais, revistas;<br \/>\n<\/li>\n<li   class=\"list-group-item\">\n\u00d3rg\u00e3os de difus\u00e3o cultural, como revisor e editor de textos variados.<br \/>\n<\/li>\n<\/ul>\n<\/div>\n\t\t\t\t<\/div>\n\t\t\t<\/div>\n<div class=\"panel panel-default\">\n\t\t\t\t<div class=\"panel-heading\">\n\t\t\t\t\t<h4 class=\"panel-title\">\n\t\t\t\t\t\t<a class=\"collapsed\" data-toggle=\"collapse\" data-parent=\"#custom-collapse-0\" href=\"#custom-collapse-0-3\">\u00c1reas de Atua\u00e7\u00e3o e Exerc\u00edco Profissional<\/a>\n\t\t\t\t\t<\/h4>\n\t\t\t\t<\/div>\n\t\t\t\t<div id=\"custom-collapse-0-3\" class=\"panel-collapse collapse\">\n\t\t\t\t\t<div class=\"panel-body\">\n<p>O profissional de Letras estar\u00e1 habilitado a lecionar :<br \/>\n<ul class=\"list-group\">\n<li   class=\"list-group-item\">\nEm escolas p\u00fablicas e nas escolas particulares da Educa\u00e7\u00e3o B\u00e1sica;<br \/>\n<\/li>\n<li   class=\"list-group-item\">\nEm cursos pr\u00e9-vestibulares ou empresas e nos processos de letramento com os seguintes conte\u00fados: L\u00edngua Portuguesa, Literatura, Gram\u00e1tica, Reda\u00e7\u00e3o, Editora\u00e7\u00e3o e Revis\u00e3o.<br \/>\n<\/li>\n<\/ul>\n<\/div>\n\t\t\t\t<\/div>\n\t\t\t<\/div>\n<\/div>\n<p><em><strong>Fonte: <\/strong>Cat\u00e1logo de cursos 2011 &#8211; A UFMS E AS PROFISS\u00d5ES<\/em><\/p>\n","protected":false},"excerpt":{"rendered":"<p>Fonte: Cat\u00e1logo de cursos 2011 &#8211; A UFMS E AS PROFISS\u00d5ES<\/p>\n","protected":false},"author":60,"featured_media":13009,"parent":0,"menu_order":0,"comment_status":"closed","ping_status":"open","template":"page-templates\/page-coordenadorias.php","meta":{"_eb_attr":"","ngg_post_thumbnail":0,"footnotes":""},"coauthors":[133,116],"class_list":["post-569","page","type-page","status-publish","has-post-thumbnail","hentry"],"_links":{"self":[{"href":"https:\/\/cpcx.ufms.br\/en\/wp-json\/wp\/v2\/pages\/569","targetHints":{"allow":["GET"]}}],"collection":[{"href":"https:\/\/cpcx.ufms.br\/en\/wp-json\/wp\/v2\/pages"}],"about":[{"href":"https:\/\/cpcx.ufms.br\/en\/wp-json\/wp\/v2\/types\/page"}],"author":[{"embeddable":true,"href":"https:\/\/cpcx.ufms.br\/en\/wp-json\/wp\/v2\/users\/60"}],"replies":[{"embeddable":true,"href":"https:\/\/cpcx.ufms.br\/en\/wp-json\/wp\/v2\/comments?post=569"}],"version-history":[{"count":22,"href":"https:\/\/cpcx.ufms.br\/en\/wp-json\/wp\/v2\/pages\/569\/revisions"}],"predecessor-version":[{"id":13018,"href":"https:\/\/cpcx.ufms.br\/en\/wp-json\/wp\/v2\/pages\/569\/revisions\/13018"}],"wp:featuredmedia":[{"embeddable":true,"href":"https:\/\/cpcx.ufms.br\/en\/wp-json\/wp\/v2\/media\/13009"}],"wp:attachment":[{"href":"https:\/\/cpcx.ufms.br\/en\/wp-json\/wp\/v2\/media?parent=569"}],"wp:term":[{"taxonomy":"author","embeddable":true,"href":"https:\/\/cpcx.ufms.br\/en\/wp-json\/wp\/v2\/coauthors?post=569"}],"curies":[{"name":"wp","href":"https:\/\/api.w.org\/{rel}","templated":true}]}}