{"id":574,"date":"2015-03-17T13:59:52","date_gmt":"2015-03-17T17:59:52","guid":{"rendered":"http:\/\/cpcx.draconis.ufms.br\/?page_id=574"},"modified":"2025-09-05T14:18:02","modified_gmt":"2025-09-05T18:18:02","slug":"enfermagem","status":"publish","type":"page","link":"https:\/\/cpcx.ufms.br\/en\/enfermagem\/","title":{"rendered":"Enfermagem"},"content":{"rendered":"<p align=\"justify\"><div class=\"panel panel-default\">\n\t\t\t\t<div class=\"panel-heading\">\n\t\t\t\t\t<h4 class=\"panel-title\">\n\t\t\t\t\t\t<a class=\"\" data-toggle=\"collapse\" data-parent=\"#single-collapse\" href=\"#single-collapse-0\">Informa\u00e7\u00f5es Gerais do Curso<\/a>\n\t\t\t\t\t<\/h4>\n\t\t\t\t<\/div>\n\t\t\t\t<div id=\"single-collapse-0\" class=\"panel-collapse in\">\n\t\t\t\t\t<div class=\"panel-body\">\n<strong data-start=\"306\" data-end=\"331\">Modalidade de ensino:<\/strong> Presencial<br data-start=\"342\" data-end=\"345\"><strong data-start=\"345\" data-end=\"357\">Per\u00edodo:<\/strong> Diurno<br data-start=\"364\" data-end=\"367\"><strong data-start=\"367\" data-end=\"388\">Dura\u00e7\u00e3o do curso:<\/strong> 10 semestres<br data-start=\"401\" data-end=\"404\"><strong data-start=\"404\" data-end=\"417\">Forma\u00e7\u00e3o:<\/strong> Bacharelado em Enfermagem<br data-start=\"443\" data-end=\"446\"><strong data-start=\"446\" data-end=\"460\">Profiss\u00e3o:<\/strong> Enfermeira(o)<br \/>\n<\/div>\n\t\t\t\t<\/div>\n\t\t\t<\/div>\n<p align=\"justify\"><div class=\"panel panel-default\">\n\t\t\t\t<div class=\"panel-heading\">\n\t\t\t\t\t<h4 class=\"panel-title\">\n\t\t\t\t\t\t<a class=\"collapsed\" data-toggle=\"collapse\" data-parent=\"#single-collapse\" href=\"#single-collapse-1\">Objetivos do Curso<\/a>\n\t\t\t\t\t<\/h4>\n\t\t\t\t<\/div>\n\t\t\t\t<div id=\"single-collapse-1\" class=\"panel-collapse collapse\">\n\t\t\t\t\t<div class=\"panel-body\">\n<p style=\"text-align: justify\" data-start=\"509\" data-end=\"639\">O curso visa formar enfermeiro(a) <strong data-start=\"543\" data-end=\"570\">generalista e humanista<\/strong>, com conhecimento t\u00e9cnico-cient\u00edfico, cr\u00edtico e reflexivo, capaz de:<\/p>\n<ul style=\"text-align: justify\">\n<li data-start=\"509\" data-end=\"639\">Identificar as necessidades individuais e coletivas da popula\u00e7\u00e3o e intervir no processo sa\u00fade-doen\u00e7a com uma vis\u00e3o global de seus determinantes biol\u00f3gicos, sociais, pol\u00edticos e culturais mais prevalentes no perfil epidemiol\u00f3gico nacional, com <strong data-start=\"886\" data-end=\"910\">\u00eanfase loco-regional<\/strong>;<\/li>\n<li data-start=\"509\" data-end=\"639\">Garantir a <strong data-start=\"927\" data-end=\"969\">qualidade da assist\u00eancia de enfermagem<\/strong> em todos os n\u00edveis de aten\u00e7\u00e3o \u00e0 sa\u00fade, assegurando a integralidade da aten\u00e7\u00e3o e do cuidado, em conson\u00e2ncia com os fundamentos e princ\u00edpios da Pol\u00edtica Nacional de Sa\u00fade.<\/li>\n<\/ul>\n<p align=\"justify\"><\/div>\n\t\t\t\t<\/div>\n\t\t\t<\/div>\n<p align=\"justify\"><div class=\"panel panel-default\">\n\t\t\t\t<div class=\"panel-heading\">\n\t\t\t\t\t<h4 class=\"panel-title\">\n\t\t\t\t\t\t<a class=\"collapsed\" data-toggle=\"collapse\" data-parent=\"#single-collapse\" href=\"#single-collapse-2\">Atividades Inerentes<\/a>\n\t\t\t\t\t<\/h4>\n\t\t\t\t<\/div>\n\t\t\t\t<div id=\"single-collapse-2\" class=\"panel-collapse collapse\">\n\t\t\t\t\t<div class=\"panel-body\">\n<p data-start=\"1177\" data-end=\"1238\">O(a) profissional formado(a) poder\u00e1 desempenhar atividades como:<\/p>\n<ol>\n<li data-start=\"1177\" data-end=\"1238\">Dire\u00e7\u00e3o, supervis\u00e3o, programa\u00e7\u00e3o, coordena\u00e7\u00e3o, orienta\u00e7\u00e3o e responsabilidade t\u00e9cnica do servi\u00e7o de enfermagem de institui\u00e7\u00f5es p\u00fablicas e privadas, bem como de empresas prestadoras desses servi\u00e7os;<\/li>\n<li data-start=\"1177\" data-end=\"1238\">Planejamento, organiza\u00e7\u00e3o, execu\u00e7\u00e3o, supervis\u00e3o e avalia\u00e7\u00e3o das atividades di\u00e1rias de enfermagem sob sua responsabilidade;<\/li>\n<li data-start=\"1177\" data-end=\"1238\">Execu\u00e7\u00e3o de cuidados de enfermagem a pacientes graves, com risco de vida e de maior complexidade t\u00e9cnica;<\/li>\n<li data-start=\"1177\" data-end=\"1238\">Realiza\u00e7\u00e3o de consultas de enfermagem, prescri\u00e7\u00e3o da assist\u00eancia e de medicamentos estabelecidos em programas de sa\u00fade p\u00fablica, conforme rotina aprovada pela institui\u00e7\u00e3o;<\/li>\n<li data-start=\"1177\" data-end=\"1238\">Consultoria, auditoria e emiss\u00e3o de pareceres sobre mat\u00e9ria de enfermagem;<\/li>\n<li data-start=\"1177\" data-end=\"1238\">Planejamento e colabora\u00e7\u00e3o em programas de capacita\u00e7\u00e3o e projetos de pesquisa;<\/li>\n<li data-start=\"1177\" data-end=\"1238\">Educa\u00e7\u00e3o em sa\u00fade;<\/li>\n<li data-start=\"1177\" data-end=\"1238\">Exerc\u00edcio da doc\u00eancia, respeitando a legisla\u00e7\u00e3o espec\u00edfica, entre outras.<\/li>\n<\/ol>\n<p align=\"justify\"><\/div>\n\t\t\t\t<\/div>\n\t\t\t<\/div>\n<p style=\"text-align: justify\" align=\"justify\"><div class=\"panel panel-default\">\n\t\t\t\t<div class=\"panel-heading\">\n\t\t\t\t\t<h4 class=\"panel-title\">\n\t\t\t\t\t\t<a class=\"collapsed\" data-toggle=\"collapse\" data-parent=\"#single-collapse\" href=\"#single-collapse-3\">\u00c1reas de Atua\u00e7\u00e3o<\/a>\n\t\t\t\t\t<\/h4>\n\t\t\t\t<\/div>\n\t\t\t\t<div id=\"single-collapse-3\" class=\"panel-collapse collapse\">\n\t\t\t\t\t<div class=\"panel-body\">\n<p data-start=\"2152\" data-end=\"2260\">O enfermeiro formado poder\u00e1 atuar em <strong data-start=\"2189\" data-end=\"2231\">todos os n\u00edveis de assist\u00eancia \u00e0 sa\u00fade<\/strong>, p\u00fablicos ou privados, como:<\/p>\n<ul>\n<li data-start=\"2152\" data-end=\"2260\">Hospitais, ambulat\u00f3rios e cl\u00ednicas de enfermagem;<\/li>\n<li data-start=\"2152\" data-end=\"2260\">Atendimento pr\u00e9-hospitalar e unidades b\u00e1sicas de sa\u00fade;<\/li>\n<li data-start=\"2152\" data-end=\"2260\">Empresas, institui\u00e7\u00f5es de pesquisa, atendimento domiciliar (Home-Care);<\/li>\n<li data-start=\"2152\" data-end=\"2260\">Consultoria, auditoria e assessoria;<\/li>\n<li data-start=\"2152\" data-end=\"2260\">Institui\u00e7\u00f5es de ensino (cursos t\u00e9cnicos, gradua\u00e7\u00e3o e p\u00f3s-gradua\u00e7\u00e3o);<\/li>\n<li data-start=\"2152\" data-end=\"2260\">Asilos, creches, ind\u00fastrias;<\/li>\n<li data-start=\"2152\" data-end=\"2260\">For\u00e7as Armadas;<\/li>\n<li data-start=\"2152\" data-end=\"2260\">Com\u00e9rcio de produtos farmac\u00eauticos e m\u00e9dico-hospitalares, entre outros.<\/li>\n<\/ul>\n<p style=\"text-align: justify\" align=\"justify\"><\/div>\n\t\t\t\t<\/div>\n\t\t\t<\/div>\n<p><em><strong>Fonte:<\/strong> Cat\u00e1logo de cursos 2011 \u2013 A UFMS E AS PROFISS\u00d5ES<\/em><\/p>\n","protected":false},"excerpt":{"rendered":"<p>Fonte: Cat\u00e1logo de cursos 2011 \u2013 A UFMS E AS PROFISS\u00d5ES<\/p>\n","protected":false},"author":60,"featured_media":6256,"parent":0,"menu_order":0,"comment_status":"closed","ping_status":"open","template":"page-templates\/page-coordenadorias.php","meta":{"_eb_attr":"","ngg_post_thumbnail":0,"footnotes":""},"coauthors":[133,116],"class_list":["post-574","page","type-page","status-publish","has-post-thumbnail","hentry"],"_links":{"self":[{"href":"https:\/\/cpcx.ufms.br\/en\/wp-json\/wp\/v2\/pages\/574","targetHints":{"allow":["GET"]}}],"collection":[{"href":"https:\/\/cpcx.ufms.br\/en\/wp-json\/wp\/v2\/pages"}],"about":[{"href":"https:\/\/cpcx.ufms.br\/en\/wp-json\/wp\/v2\/types\/page"}],"author":[{"embeddable":true,"href":"https:\/\/cpcx.ufms.br\/en\/wp-json\/wp\/v2\/users\/60"}],"replies":[{"embeddable":true,"href":"https:\/\/cpcx.ufms.br\/en\/wp-json\/wp\/v2\/comments?post=574"}],"version-history":[{"count":16,"href":"https:\/\/cpcx.ufms.br\/en\/wp-json\/wp\/v2\/pages\/574\/revisions"}],"predecessor-version":[{"id":12029,"href":"https:\/\/cpcx.ufms.br\/en\/wp-json\/wp\/v2\/pages\/574\/revisions\/12029"}],"wp:featuredmedia":[{"embeddable":true,"href":"https:\/\/cpcx.ufms.br\/en\/wp-json\/wp\/v2\/media\/6256"}],"wp:attachment":[{"href":"https:\/\/cpcx.ufms.br\/en\/wp-json\/wp\/v2\/media?parent=574"}],"wp:term":[{"taxonomy":"author","embeddable":true,"href":"https:\/\/cpcx.ufms.br\/en\/wp-json\/wp\/v2\/coauthors?post=574"}],"curies":[{"name":"wp","href":"https:\/\/api.w.org\/{rel}","templated":true}]}}