{"id":5964,"date":"2020-07-24T15:37:45","date_gmt":"2020-07-24T19:37:45","guid":{"rendered":"https:\/\/cpcx.ufms.br\/?page_id=5964"},"modified":"2020-08-19T17:17:36","modified_gmt":"2020-08-19T21:17:36","slug":"edital-professor-substituto-letras-2020","status":"publish","type":"page","link":"https:\/\/cpcx.ufms.br\/en\/edital-professor-substituto-letras-2020\/","title":{"rendered":"Edital Professor Substituto Letras &#8211; 2020"},"content":{"rendered":"<h1>Etapa 1 &#8211; EDITAL COMPLETO<\/h1>\n<a href=\"https:\/\/cpcx.ufms.br\/files\/2020\/07\/Edital_35_inicial.pdf\" class=\"pdfemb-viewer\" style=\"\" data-width=\"max\" data-height=\"max\" data-toolbar=\"bottom\" data-toolbar-fixed=\"off\">Edital_35_inicial<\/a>\n<p><a href=\"https:\/\/cpcx.ufms.br\/files\/2020\/07\/Edital_35_inicial.pdf\">Download<\/a><\/p>\n<h1>Etapa 2 &#8211; ENCERRAMENTO DE INSCRI\u00c7\u00c3O<\/h1>\n<a href=\"https:\/\/cpcx.ufms.br\/files\/2020\/08\/Ata_01_encerramento_das_inscri\u00e7\u00f5es.pdf\" class=\"pdfemb-viewer\" style=\"\" data-width=\"max\" data-height=\"max\" data-toolbar=\"bottom\" data-toolbar-fixed=\"off\">Ata_01_encerramento_das_inscri\u00e7\u00f5es<\/a>\n<p><a href=\"https:\/\/cpcx.ufms.br\/files\/2020\/07\/Edital_35_inicial.pdf\">Download<\/a><\/p>\n<h1>Etapa 3 &#8211; HOMOLOGA\u00c7\u00c3O DAS INSCRI\u00c7\u00d5ES PARA SELE\u00c7\u00c3O DE CANDIDATOS A PROFESSOR SUBSTITUTO<\/h1>\n<a href=\"https:\/\/cpcx.ufms.br\/files\/2020\/08\/edital-deferimento-assinado.pdf\" class=\"pdfemb-viewer\" style=\"\" data-width=\"max\" data-height=\"max\" data-toolbar=\"bottom\" data-toolbar-fixed=\"off\">edital deferimento assinado<\/a>\n<p><a href=\"https:\/\/cpcx.ufms.br\/files\/2020\/08\/edital-deferimento-assinado.pdf\">Download<\/a><\/p>\n<h1>Etapa 4 &#8211; AN\u00c1LISE DE RECURSOS &#8211; SELE\u00c7\u00c3O DE CANDIDATOS A PROFESSOR SUBSTITUTO &#8211; LETRAS<\/h1>\n<a href=\"https:\/\/cpcx.ufms.br\/files\/2020\/08\/Ata-Recursos-insc.-assinada.pdf\" class=\"pdfemb-viewer\" style=\"\" data-width=\"max\" data-height=\"max\" data-toolbar=\"bottom\" data-toolbar-fixed=\"off\">Ata Recursos insc. assinada<\/a>\n<p><a href=\"https:\/\/cpcx.ufms.br\/files\/2020\/08\/Ata-Recursos-insc.-assinada.pdf\">Downlaod<\/a><\/p>\n<h1>Etapa 5 &#8211; SORTEIO DO TEMA DA PROVA DID\u00c1TICA<\/h1>\n<a href=\"https:\/\/cpcx.ufms.br\/files\/2020\/08\/Ata-03-sorteio-assinada-1.pdf\" class=\"pdfemb-viewer\" style=\"\" data-width=\"max\" data-height=\"max\" data-toolbar=\"bottom\" data-toolbar-fixed=\"off\">Ata 03 sorteio assinada (1)<\/a>\n<p><a href=\"https:\/\/cpcx.ufms.br\/files\/2020\/08\/Ata-03-sorteio-assinada-1.pdf\">Downlaod<\/a><\/p>\n<h1>Etapa 6 &#8211; AVALIA\u00c7\u00c3O DA PROVA ESCRITA<\/h1>\n<a href=\"https:\/\/cpcx.ufms.br\/files\/2020\/08\/Ata-04-p-escrita-assinada.pdf\" class=\"pdfemb-viewer\" style=\"\" data-width=\"max\" data-height=\"max\" data-toolbar=\"bottom\" data-toolbar-fixed=\"off\">Ata 04 p escrita assinada<\/a>\n<p><a href=\"https:\/\/cpcx.ufms.br\/files\/2020\/08\/Ata-04-p-escrita-assinada.pdf\">Downlaod<\/a><\/p>\n<h1>Etapa 7 &#8211; AVALIA\u00c7\u00c3O DA PROVA DID\u00c1TICA<\/h1>\n<a href=\"https:\/\/cpcx.ufms.br\/files\/2020\/08\/Ata-05-p-did\u00e1tica-assinada.pdf\" class=\"pdfemb-viewer\" style=\"\" data-width=\"max\" data-height=\"max\" data-toolbar=\"bottom\" data-toolbar-fixed=\"off\">Ata 05 p did\u00e1tica assinada<\/a>\n<p><a href=\"https:\/\/cpcx.ufms.br\/files\/2020\/08\/Ata-05-p-did\u00e1tica-assinada.pdf\">Downlaod<\/a><\/p>\n<h1>Etapa 8 &#8211; AVALIA\u00c7\u00c3O DA PROVA T\u00cdTULOS<\/h1>\n<a href=\"https:\/\/cpcx.ufms.br\/files\/2020\/08\/Ata-06-p-t\u00edtulos-assinada.pdf\" class=\"pdfemb-viewer\" style=\"\" data-width=\"max\" data-height=\"max\" data-toolbar=\"bottom\" data-toolbar-fixed=\"off\">Ata 06 p t\u00edtulos assinada<\/a>\n<p><a href=\"https:\/\/cpcx.ufms.br\/files\/2020\/08\/Ata-06-p-t\u00edtulos-assinada.pdf\">Downlaod<\/a><\/p>\n<h1>Etapa 9 &#8211; RESULTADO DA SELE\u00c7\u00c3O DE CANDIDATOS A PROFESSOR SUBSTITUTO<\/h1>\n<a href=\"https:\/\/cpcx.ufms.br\/files\/2020\/08\/Edital-final-assinado.pdf\" class=\"pdfemb-viewer\" style=\"\" data-width=\"max\" data-height=\"max\" data-toolbar=\"bottom\" data-toolbar-fixed=\"off\">Edital final assinado<\/a>\n<p><a href=\"https:\/\/cpcx.ufms.br\/files\/2020\/08\/Edital-final-assinado.pdf\">Download<\/a><\/p>\n<h1>Etapa 10 &#8211; DIVULGA\u00c7\u00c3O PROVA DID\u00c1TICA&nbsp;<\/h1>\n<p><a href=\"https:\/\/drive.google.com\/file\/d\/1Of16eR9J501hcIhSxUCt8r62ca0h09-T\/view?usp=sharing\">Condidato 01<\/a><\/p>\n<p><a href=\"https:\/\/drive.google.com\/file\/d\/1GPGkPSMW8H4zAwFNTJKyoNwbOfnFzHXC\/view?usp=sharing\">Condidato 03<\/a><\/p>\n","protected":false},"excerpt":{"rendered":"<p>Etapa 1 &#8211; EDITAL COMPLETO Download Etapa 2 &#8211; ENCERRAMENTO DE INSCRI\u00c7\u00c3O Download Etapa 3 &#8211; HOMOLOGA\u00c7\u00c3O DAS INSCRI\u00c7\u00d5ES PARA SELE\u00c7\u00c3O DE CANDIDATOS A PROFESSOR SUBSTITUTO Download Etapa 4 &#8211; AN\u00c1LISE DE RECURSOS &#8211; SELE\u00c7\u00c3O DE CANDIDATOS A PROFESSOR SUBSTITUTO &#8211; LETRAS Downlaod Etapa 5 &#8211; SORTEIO DO TEMA DA PROVA DID\u00c1TICA Downlaod Etapa 6 [&hellip;]<\/p>\n","protected":false},"author":7210,"featured_media":0,"parent":0,"menu_order":0,"comment_status":"closed","ping_status":"closed","template":"","meta":{"_eb_attr":"","ngg_post_thumbnail":0,"footnotes":""},"coauthors":[],"class_list":["post-5964","page","type-page","status-publish","hentry"],"_links":{"self":[{"href":"https:\/\/cpcx.ufms.br\/en\/wp-json\/wp\/v2\/pages\/5964","targetHints":{"allow":["GET"]}}],"collection":[{"href":"https:\/\/cpcx.ufms.br\/en\/wp-json\/wp\/v2\/pages"}],"about":[{"href":"https:\/\/cpcx.ufms.br\/en\/wp-json\/wp\/v2\/types\/page"}],"author":[{"embeddable":true,"href":"https:\/\/cpcx.ufms.br\/en\/wp-json\/wp\/v2\/users\/7210"}],"replies":[{"embeddable":true,"href":"https:\/\/cpcx.ufms.br\/en\/wp-json\/wp\/v2\/comments?post=5964"}],"version-history":[{"count":12,"href":"https:\/\/cpcx.ufms.br\/en\/wp-json\/wp\/v2\/pages\/5964\/revisions"}],"predecessor-version":[{"id":6146,"href":"https:\/\/cpcx.ufms.br\/en\/wp-json\/wp\/v2\/pages\/5964\/revisions\/6146"}],"wp:attachment":[{"href":"https:\/\/cpcx.ufms.br\/en\/wp-json\/wp\/v2\/media?parent=5964"}],"wp:term":[{"taxonomy":"author","embeddable":true,"href":"https:\/\/cpcx.ufms.br\/en\/wp-json\/wp\/v2\/coauthors?post=5964"}],"curies":[{"name":"wp","href":"https:\/\/api.w.org\/{rel}","templated":true}]}}