{"id":5990,"date":"2020-08-03T13:42:18","date_gmt":"2020-08-03T17:42:18","guid":{"rendered":"https:\/\/cpcx.ufms.br\/?page_id=5990"},"modified":"2021-04-09T13:31:29","modified_gmt":"2021-04-09T17:31:29","slug":"eleicao-2021-2025","status":"publish","type":"page","link":"https:\/\/cpcx.ufms.br\/en\/eleicoes\/eleicao-2021-2025\/","title":{"rendered":"Elei\u00e7\u00e3o &#8211; 2021"},"content":{"rendered":"<h1>1 &#8211; RESOLU\u00c7\u00c3O N\u00ba 145-CAS\/CPCX\/UFMS, DE 9 DE MAR\u00c7O DE 2021<\/h1>\n<a href=\"https:\/\/cpcx.ufms.br\/files\/2021\/03\/Republicada_____CPCX__n_145__de_11_03_2021.pdf\" class=\"pdfemb-viewer\" style=\"\" data-width=\"max\" data-height=\"max\" data-toolbar=\"bottom\" data-toolbar-fixed=\"off\">Republicada_____CPCX__n_145__de_11_03_2021<\/a>\n<p><a href=\"https:\/\/cpcx.ufms.br\/files\/2021\/03\/Republicada_____CPCX__n_145__de_11_03_2021.pdf\">DOWNLOAD<\/a><\/p>\n<h1>2 &#8211; EDITAL DE DIVULGA\u00c7\u00c3O CPCX\/UFMS N\u00ba 5, DE 11 DE MAR\u00c7O DE 2021<\/h1>\n<a href=\"https:\/\/cpcx.ufms.br\/files\/2021\/03\/SEI_UFMS___2450415___Edital_5.pdf\" class=\"pdfemb-viewer\" style=\"\" data-width=\"max\" data-height=\"max\" data-toolbar=\"bottom\" data-toolbar-fixed=\"off\">SEI_UFMS___2450415___Edital_5<\/a>\n<p><a href=\"https:\/\/cpcx.ufms.br\/files\/2021\/03\/SEI_UFMS___2450415___Edital_5.pdf\">DOWNLOAD<\/a><\/p>\n<p>&nbsp;<\/p>\n<h1>3 &#8211; EDITAL DE DIVULGA\u00c7\u00c3O CPCX\/UFMS N\u00ba 7, DE 17 DE MAR\u00c7O DE 2021<\/h1>\n<a href=\"https:\/\/cpcx.ufms.br\/files\/2021\/03\/SEI_UFMS___2460412___Edital___7.pdf\" class=\"pdfemb-viewer\" style=\"\" data-width=\"max\" data-height=\"max\" data-toolbar=\"bottom\" data-toolbar-fixed=\"off\">SEI_UFMS___2460412___Edital___7<\/a>\n<p><a href=\"https:\/\/cpcx.ufms.br\/files\/2021\/03\/SEI_UFMS___2460412___Edital___7.pdf\">DOWNLOAD<\/a><\/p>\n<p>&nbsp;<\/p>\n<h1>4 &#8211; EDITAL DE DIVULGA\u00c7\u00c3O CPCX\/UFMS N\u00ba 9, DE 22 DE MAR\u00c7O DE 2021<\/h1>\n<a href=\"https:\/\/cpcx.ufms.br\/files\/2021\/03\/SEI_UFMS___2468631___Edital_9.pdf\" class=\"pdfemb-viewer\" style=\"\" data-width=\"max\" data-height=\"max\" data-toolbar=\"bottom\" data-toolbar-fixed=\"off\">SEI_UFMS___2468631___Edital_9<\/a>\n<p><a href=\"https:\/\/cpcx.ufms.br\/files\/2021\/03\/SEI_UFMS___2468631___Edital_9.pdf\">DOWNLOAD<\/a><\/p>\n<p>&nbsp;<\/p>\n<h1>5 &#8211; EDITAL DE DIVULGA\u00c7\u00c3O CPCX\/UFMS N\u00ba 10, DE 06 DE ABRIL DE 2021<\/h1>\n<a href=\"https:\/\/cpcx.ufms.br\/files\/2021\/04\/SEI_UFMS-2492454-Edital-10-mesclado.pdf\" class=\"pdfemb-viewer\" style=\"\" data-width=\"max\" data-height=\"max\" data-toolbar=\"bottom\" data-toolbar-fixed=\"off\">SEI_UFMS - 2492454 - Edital 10-mesclado<\/a>\n<p><a href=\"https:\/\/cpcx.ufms.br\/files\/2021\/04\/SEI_UFMS-2492454-Edital-10-mesclado.pdf\">DOWNLOAD<\/a><\/p>\n<p>&nbsp;<\/p>\n<h1 style=\"text-align: center\">PASSO A PASSO &#8211; VOTA\u00c7\u00c3O:<\/h1>\n<a href=\"https:\/\/cpcx.ufms.br\/files\/2020\/08\/Helios-UFMS-Sistema-de-vota\u00e7\u00e3o-eletr\u00f4nica.pdf\" class=\"pdfemb-viewer\" style=\"\" data-width=\"max\" data-height=\"max\" data-toolbar=\"bottom\" data-toolbar-fixed=\"off\">Helios UFMS - Sistema de vota\u00e7\u00e3o eletr\u00f4nica<\/a>\n<p><a href=\"https:\/\/cpcx.ufms.br\/files\/2020\/08\/Helios-UFMS-Sistema-de-vota\u00e7\u00e3o-eletr\u00f4nica.pdf\">DOWNLOAD<\/a><\/p>\n","protected":false},"excerpt":{"rendered":"<p>1 &#8211; RESOLU\u00c7\u00c3O N\u00ba 145-CAS\/CPCX\/UFMS, DE 9 DE MAR\u00c7O DE 2021 DOWNLOAD 2 &#8211; EDITAL DE DIVULGA\u00c7\u00c3O CPCX\/UFMS N\u00ba 5, DE 11 DE MAR\u00c7O DE 2021 DOWNLOAD &nbsp; 3 &#8211; EDITAL DE DIVULGA\u00c7\u00c3O CPCX\/UFMS N\u00ba 7, DE 17 DE MAR\u00c7O DE 2021 DOWNLOAD &nbsp; 4 &#8211; EDITAL DE DIVULGA\u00c7\u00c3O CPCX\/UFMS N\u00ba 9, DE 22 DE [&hellip;]<\/p>\n","protected":false},"author":7210,"featured_media":0,"parent":6567,"menu_order":0,"comment_status":"closed","ping_status":"closed","template":"","meta":{"_eb_attr":"","ngg_post_thumbnail":0,"footnotes":""},"coauthors":[],"class_list":["post-5990","page","type-page","status-publish","hentry"],"_links":{"self":[{"href":"https:\/\/cpcx.ufms.br\/en\/wp-json\/wp\/v2\/pages\/5990","targetHints":{"allow":["GET"]}}],"collection":[{"href":"https:\/\/cpcx.ufms.br\/en\/wp-json\/wp\/v2\/pages"}],"about":[{"href":"https:\/\/cpcx.ufms.br\/en\/wp-json\/wp\/v2\/types\/page"}],"author":[{"embeddable":true,"href":"https:\/\/cpcx.ufms.br\/en\/wp-json\/wp\/v2\/users\/7210"}],"replies":[{"embeddable":true,"href":"https:\/\/cpcx.ufms.br\/en\/wp-json\/wp\/v2\/comments?post=5990"}],"version-history":[{"count":26,"href":"https:\/\/cpcx.ufms.br\/en\/wp-json\/wp\/v2\/pages\/5990\/revisions"}],"predecessor-version":[{"id":6678,"href":"https:\/\/cpcx.ufms.br\/en\/wp-json\/wp\/v2\/pages\/5990\/revisions\/6678"}],"up":[{"embeddable":true,"href":"https:\/\/cpcx.ufms.br\/en\/wp-json\/wp\/v2\/pages\/6567"}],"wp:attachment":[{"href":"https:\/\/cpcx.ufms.br\/en\/wp-json\/wp\/v2\/media?parent=5990"}],"wp:term":[{"taxonomy":"author","embeddable":true,"href":"https:\/\/cpcx.ufms.br\/en\/wp-json\/wp\/v2\/coauthors?post=5990"}],"curies":[{"name":"wp","href":"https:\/\/api.w.org\/{rel}","templated":true}]}}