{"id":604,"date":"2015-03-18T16:24:46","date_gmt":"2015-03-18T20:24:46","guid":{"rendered":"http:\/\/cpcx.draconis.ufms.br\/?page_id=604"},"modified":"2025-09-10T14:43:43","modified_gmt":"2025-09-10T18:43:43","slug":"sistemas-de-informacao","status":"publish","type":"page","link":"https:\/\/cpcx.ufms.br\/en\/sistemas-de-informacao\/","title":{"rendered":"Sistemas de Informa\u00e7\u00e3o"},"content":{"rendered":"<table style=\"border-collapse: collapse;width: 100%\">\n<tbody>\n<tr>\n<td style=\"text-align: justify;vertical-align: top;width: 20.891659%\" width=\"30%\"><strong>Dura\u00e7\u00e3o do Curso:<br \/>\n<\/strong>8 semestres<br \/>\n<strong><br \/>\nPer\u00edodo:&nbsp;<\/strong>Noturno<br \/>\nS\u00e1bado: manh\u00e3 e tarde<br \/>\n<strong><br \/>\nModalidade de Ensino:<br \/>\n<\/strong>Presencial<strong>N\u00famero de Vagas: <\/strong>50<strong>C\u00f3digo E-MEC: <\/strong>59109<\/td>\n<td style=\"text-align: justify;vertical-align: top;width: 79.002876%\"><strong>Forma de Ingresso:<\/strong><\/p>\n<p style=\"padding-left: 40px\">O ingresso ocorre mediante Sistema Unificado de Sele\u00e7\u00e3o (SiSU) baseado no desempenho do Exame Nacional do Ensino M\u00e9dio (ENEM), Vestibular, Passe \u2013 Sistema de Avalia\u00e7\u00e3o Continuada; movimenta\u00e7\u00e3o interna, transfer\u00eancias de outras IES e portadores de diplomas de curso de gradua\u00e7\u00e3o em n\u00edvel superior, na exist\u00eancia de vaga; e transfer\u00eancia compuls\u00f3ria.<\/p>\n<p style=\"padding-left: 40px\">Saiba mais em <a href=\"https:\/\/ingresso.ufms.br\/\">https:\/\/ingresso.ufms.br\/<\/a><\/p>\n<p><strong>Objetivos do Curso:<\/strong><\/p>\n<p style=\"padding-left: 40px\">O objetivo geral do Curso de Sistemas de Informa\u00e7\u00e3o\/CPCX \u00e9 formar profissionais aptos para o desenvolvimento, implanta\u00e7\u00e3o e manuten\u00e7\u00e3o de sistemas de informa\u00e7\u00e3o que melhorem a produtividade das organiza\u00e7\u00f5es. Os objetivos espec\u00edficos do Curso de Sistemas de Informa\u00e7\u00e3o\/CPCX est\u00e3o relacionados com as habilidades e compet\u00eancias e s\u00e3o os seguintes:<\/p>\n<ul>\n<li>Formar profissionais com capacidade t\u00e9cnica, cient\u00edfica e humana para o exerc\u00edcio das atividades pertinentes \u00e0 \u00e1rea de sistemas da informa\u00e7\u00e3o, conhecedores e seguidores dos padr\u00f5es \u00e9ticos e morais da \u00e1rea de sua profiss\u00e3o;<\/li>\n<li>Formar profissionais empreendedores que contribuam para o desenvolvimento regional atrav\u00e9s do fortalecimento econ\u00f4mico da comunidade em que se inserem;<\/li>\n<li>Formar profissionais que contribuam para o desenvolvimento cient\u00edfico e tecnol\u00f3gico da \u00e1rea de sistemas de informa\u00e7\u00e3o;<\/li>\n<li>Formar profissionais com capacidade de adapta\u00e7\u00e3o r\u00e1pida e permanente aos avan\u00e7os das tecnologias da informa\u00e7\u00e3o.<\/li>\n<\/ul>\n<p><strong>Profiss\u00e3o:<\/strong><\/p>\n<p style=\"padding-left: 40px\">Analista de Sistemas, Desenvolvedor Full Stack, profissional de Tecnologia da Informa\u00e7\u00e3o.<\/p>\n<p><strong>Forma\u00e7\u00e3o:<\/strong><\/p>\n<p style=\"padding-left: 40px\">Bacharel em Sistemas de Informa\u00e7\u00e3o<\/p>\n<\/td>\n<\/tr>\n<\/tbody>\n<\/table>\n<div style=\"text-align: center\">\n<h4><strong><span style=\"color: #ffffff\"><br \/>\n<a class=\"btn btn-primary\" style=\"color: #ffffff\" title=\"Dados do Curso\" href=\"http:\/\/sien.ufms.br\/cursos\/view\/0803\" target=\"_blank\" rel=\"noopener noreferrer\">Dados do Curso<\/a><a class=\"btn btn-primary\" style=\"color: #ffffff\" title=\"Estrutura Curricular\" href=\"http:\/\/sien.ufms.br\/cursos\/grade\/0803\" target=\"_blank\" rel=\"noopener noreferrer\">Estrutura Curricular<\/a><a class=\"btn btn-primary\" style=\"color: #ffffff\" title=\"Matriz Currilar\" href=\"https:\/\/ensino.ufms.br\/cursos\/prerequisitomatriz\/0803\" target=\"_blank\" rel=\"noopener noreferrer\">Matriz<\/a><a class=\"btn btn-primary\" style=\"color: #ffffff\" title=\"Docentes do curso\" href=\"http:\/\/sien.ufms.br\/cursos\/docentes\/0803\" target=\"_blank\" rel=\"noopener noreferrer\">Docentes do curso<\/a><\/span><\/strong><\/h4>\n<\/div>\n<p><strong>Atividades Inerentes:<\/strong><\/p>\n<ul>\n<li>selecionar, configurar e gerenciar tecnologias da Informa\u00e7\u00e3o nas organiza\u00e7\u00f5es;<\/li>\n<li>atuar nas organiza\u00e7\u00f5es p\u00fablicas e privadas, para atingir os objetivos organizacionais, usando as modernas tecnologias da informa\u00e7\u00e3o;<\/li>\n<li>identificar oportunidades de mudan\u00e7as e projetar solu\u00e7\u00f5es usando tecnologias da informa\u00e7\u00e3o nas organiza\u00e7\u00f5es;<\/li>\n<li>comparar solu\u00e7\u00f5es alternativas para demandas organizacionais, incluindo a an\u00e1lise de risco e integra\u00e7\u00e3o das solu\u00e7\u00f5es propostas;<\/li>\n<li>gerenciar, manter e garantir a seguran\u00e7a dos sistemas de informa\u00e7\u00e3o e da infraestrutura de Tecnologia da Informa\u00e7\u00e3o de uma organiza\u00e7\u00e3o;<\/li>\n<li>modelar e implementar solu\u00e7\u00f5es de Tecnologia de Informa\u00e7\u00e3o em variados dom\u00ednios de aplica\u00e7\u00e3o.<\/li>\n<\/ul>\n<p><strong>\u00c1reas de Atua\u00e7\u00e3o e Exerc\u00edcio Profissional<\/strong><\/p>\n<p style=\"padding-left: 40px\">Empresas particulares ou p\u00fablicas, nacionais ou multinacionais, que possuem a tecnologia da informa\u00e7\u00e3o como um dos seus ramos de atividade. Tamb\u00e9m em centros de pesquisa e institui\u00e7\u00f5es de ensino.<\/p>\n<p style=\"padding-left: 40px\">Associa\u00e7\u00f5es e Entidades de Classe: SBC \u2013 Sociedade Brasileira de Computa\u00e7\u00e3o.<\/p>\n<p><strong>Projeto Pedag\u00f3gico de Curso<\/strong><\/p>\n<ul>\n<li><a href=\"https:\/\/boletimoficial.ufms.br\/bse\/publicacao?id=474703\">RES COEG 666, de 30 de novembro de 2022. PCC Completo.<\/a><\/li>\n<li><del><a href=\"https:\/\/boletimoficial.ufms.br\/bse\/publicacao?id=151457\">RES COEG 19, de 18 de janeiro de 2013. PPC Completo.(revogado)<\/a><\/del><\/li>\n<li><del><a href=\"https:\/\/boletimoficial.ufms.br\/bse\/publicacao?id=192620\">RES COEG 304, de 23 de julho de 2014. Altera a Matriz Curricular e CH para 3009 horas. (revogado)<\/a><\/del><\/li>\n<li><del><a href=\"https:\/\/boletimoficial.ufms.br\/bse\/publicacao?id=292813\">RES COGRAD 506, de 16 de agosto de 2017. Retira pr\u00e9-requisito de Algoritmos e Programa\u00e7\u00e3o II. (revogado)<\/a>&nbsp;<\/del><\/li>\n<\/ul>\n<p><strong>Grupos de WhatApp<\/strong><\/p>\n<table style=\"border-collapse: collapse;width: 100%;height: 234px\">\n<tbody>\n<tr style=\"height: 234px\">\n<td style=\"width: 50%;height: 234px\"><a href=\"https:\/\/chat.whatsapp.com\/IU1tETdPQJV6Yqn5LOok2U\">Grupo Geral com estudantes, egressos e professores<\/a><\/p>\n<p><a href=\"https:\/\/cpcx.ufms.br\/files\/2024\/03\/Imagem-JPEG-4FA9-A72A-34-0.jpg\"><img decoding=\"async\" class=\"wp-image-10076 size-medium alignleft\" src=\"https:\/\/cpcx.ufms.br\/files\/2024\/03\/Imagem-JPEG-4FA9-A72A-34-0-224x300.jpg\" alt=\"\" width=\"120px\" srcset=\"https:\/\/cpcx.ufms.br\/files\/2024\/03\/Imagem-JPEG-4FA9-A72A-34-0-224x300.jpg 224w, https:\/\/cpcx.ufms.br\/files\/2024\/03\/Imagem-JPEG-4FA9-A72A-34-0-239x320.jpg 239w, https:\/\/cpcx.ufms.br\/files\/2024\/03\/Imagem-JPEG-4FA9-A72A-34-0.jpg 408w\" sizes=\"(max-width: 224px) 100vw, 224px\" \/><\/a><\/td>\n<td style=\"width: 50%;height: 234px\"><a href=\"https:\/\/chat.whatsapp.com\/FAwuJIWAJWg3icx4o9hwVW\">Grupo de Avisos Importantes da coordena\u00e7\u00e3o<\/a><\/p>\n<p><img decoding=\"async\" class=\"alignnone wp-image-10075 size-medium\" src=\"https:\/\/cpcx.ufms.br\/files\/2024\/03\/IMG_FD1F62971F3C-1-287x300.jpeg\" alt=\"qrcode WhatsApp\" width=\"150px\" srcset=\"https:\/\/cpcx.ufms.br\/files\/2024\/03\/IMG_FD1F62971F3C-1-287x300.jpeg 287w, https:\/\/cpcx.ufms.br\/files\/2024\/03\/IMG_FD1F62971F3C-1-307x320.jpeg 307w, https:\/\/cpcx.ufms.br\/files\/2024\/03\/IMG_FD1F62971F3C-1.jpeg 502w\" sizes=\"(max-width: 287px) 100vw, 287px\" \/><\/td>\n<\/tr>\n<\/tbody>\n<\/table>\n<p>&nbsp;<\/p>\n","protected":false},"excerpt":{"rendered":"<p>Dura\u00e7\u00e3o do Curso: 8 semestres Per\u00edodo:&nbsp;Noturno S\u00e1bado: manh\u00e3 e tarde Modalidade de Ensino: PresencialN\u00famero de Vagas: 50C\u00f3digo E-MEC: 59109 Forma de Ingresso: O ingresso ocorre mediante Sistema Unificado de Sele\u00e7\u00e3o (SiSU) baseado no desempenho do Exame Nacional do Ensino M\u00e9dio (ENEM), Vestibular, Passe \u2013 Sistema de Avalia\u00e7\u00e3o Continuada; movimenta\u00e7\u00e3o interna, transfer\u00eancias de outras IES e [&hellip;]<\/p>\n","protected":false},"author":60,"featured_media":7328,"parent":0,"menu_order":0,"comment_status":"closed","ping_status":"open","template":"page-templates\/page-coordenadorias.php","meta":{"_eb_attr":"","ngg_post_thumbnail":0,"footnotes":""},"coauthors":[133,118],"class_list":["post-604","page","type-page","status-publish","has-post-thumbnail","hentry"],"_links":{"self":[{"href":"https:\/\/cpcx.ufms.br\/en\/wp-json\/wp\/v2\/pages\/604","targetHints":{"allow":["GET"]}}],"collection":[{"href":"https:\/\/cpcx.ufms.br\/en\/wp-json\/wp\/v2\/pages"}],"about":[{"href":"https:\/\/cpcx.ufms.br\/en\/wp-json\/wp\/v2\/types\/page"}],"author":[{"embeddable":true,"href":"https:\/\/cpcx.ufms.br\/en\/wp-json\/wp\/v2\/users\/60"}],"replies":[{"embeddable":true,"href":"https:\/\/cpcx.ufms.br\/en\/wp-json\/wp\/v2\/comments?post=604"}],"version-history":[{"count":46,"href":"https:\/\/cpcx.ufms.br\/en\/wp-json\/wp\/v2\/pages\/604\/revisions"}],"predecessor-version":[{"id":12158,"href":"https:\/\/cpcx.ufms.br\/en\/wp-json\/wp\/v2\/pages\/604\/revisions\/12158"}],"wp:featuredmedia":[{"embeddable":true,"href":"https:\/\/cpcx.ufms.br\/en\/wp-json\/wp\/v2\/media\/7328"}],"wp:attachment":[{"href":"https:\/\/cpcx.ufms.br\/en\/wp-json\/wp\/v2\/media?parent=604"}],"wp:term":[{"taxonomy":"author","embeddable":true,"href":"https:\/\/cpcx.ufms.br\/en\/wp-json\/wp\/v2\/coauthors?post=604"}],"curies":[{"name":"wp","href":"https:\/\/api.w.org\/{rel}","templated":true}]}}