{"id":6042,"date":"2020-08-07T11:13:27","date_gmt":"2020-08-07T15:13:27","guid":{"rendered":"https:\/\/cpcx.ufms.br\/?page_id=6042"},"modified":"2020-08-07T11:26:42","modified_gmt":"2020-08-07T15:26:42","slug":"semana-de-desenvolvimento-profissional","status":"publish","type":"page","link":"https:\/\/cpcx.ufms.br\/en\/semana-de-desenvolvimento-profissional\/","title":{"rendered":"Semana de Desenvolvimento Profissional"},"content":{"rendered":"<p>&nbsp;<\/p>\n<table class=\"c28\" style=\"height: 2360px\">\n<tbody>\n<tr class=\"c19\" style=\"height: 56px\">\n<td class=\"c14\" style=\"height: 56px\" colspan=\"1\" rowspan=\"1\">\n<p class=\"c13\"><strong><span class=\"c9 c1 c12\">Atividade<\/span><\/strong><\/p>\n<\/td>\n<td class=\"c2\" style=\"height: 56px\" colspan=\"1\" rowspan=\"1\">\n<p class=\"c13\"><strong><span class=\"c9 c1 c12\">Respons\u00e1veis e Participantes<\/span><\/strong><\/p>\n<\/td>\n<td class=\"c20\" style=\"height: 56px\" colspan=\"1\" rowspan=\"1\">\n<p class=\"c13\"><strong><span class=\"c9 c1 c12\">Dia <\/span><\/strong><\/p>\n<\/td>\n<td class=\"c17\" style=\"height: 56px\" colspan=\"1\" rowspan=\"1\">\n<p class=\"c13\"><strong><span class=\"c9 c1 c12\">Hor\u00e1rio <\/span><\/strong><\/p>\n<\/td>\n<\/tr>\n<tr class=\"c19\" style=\"height: 368px\">\n<td class=\"c14\" style=\"height: 368px\" colspan=\"1\" rowspan=\"1\">\n<p class=\"c13\"><span class=\"c1\">Mesa Redonda: <\/span><span class=\"c7 c1\">&nbsp;Devo pesquisar na<br \/>\ngradua\u00e7\u00e3o? Relatos de experi\u00eancias para a forma\u00e7\u00e3o<br \/>\ncontinuada.&nbsp;<\/span><\/p>\n<p class=\"c13\"><span class=\"c1 c23 c21\">Sala: <\/span><span class=\"c10\"><a class=\"c0\" href=\"https:\/\/www.google.com\/url?q=https:\/\/meet.google.com\/sbs-yfjz-ujx&amp;sa=D&amp;ust=1596817297633000&amp;usg=AOvVaw3Iukz7dYj7BCRA6p_ruEjr\">https:\/\/meet.google.com\/sbs-yfjz-ujx<\/a><\/span><\/p>\n<\/td>\n<td class=\"c2\" style=\"height: 368px\" colspan=\"1\" rowspan=\"1\">\n<p class=\"c13\"><span class=\"c7 c1\">RESPONS\u00c1VEL PELA ATIVIDADE: Profa. Dra. Silvana Aparecida<br \/>\nda Silva Zanchett ;<\/span><\/p>\n<p class=\"c13 c15\">&nbsp;<\/p>\n<p class=\"c13\"><span class=\"c7 c1\">PARTICIPANTES:<\/span><\/p>\n<p class=\"c13\"><span class=\"c7 c1\">&#8211; Profa. Dra. Silvana Aparecida da Silva Zanchett (coordenadora<br \/>\nda mesa-redonda);<\/span><\/p>\n<p class=\"c13\"><span class=\"c7 c1\">&#8211; Prof. Dr. Carlos Eduardo da Costa Campos;<\/span><\/p>\n<p class=\"c13\"><span class=\"c1 c7\">&#8211; Prof. Me.&nbsp;Ary Albuquerque Cavalcanti J\u00fanior;<\/span><\/p>\n<p class=\"c13\"><span class=\"c1 c23 c21\">&#8211; &nbsp;Profa. Ma.&nbsp;&nbsp;Michelle Alves Muller<br \/>\nProen\u00e7a.<\/span><\/p>\n<p>&nbsp;<\/td>\n<td class=\"c20\" style=\"height: 368px\" colspan=\"1\" rowspan=\"1\">\n<p class=\"c13\"><span class=\"c1 c23 c21\">19 de agosto de 2020<\/span><\/p>\n<\/td>\n<td class=\"c17\" style=\"height: 368px\" colspan=\"1\" rowspan=\"1\">\n<p class=\"c13\"><span class=\"c9 c1 c12\">19:00 \u00e0s 22:00 h<\/span><\/p>\n<\/td>\n<\/tr>\n<tr class=\"c19\" style=\"height: 544px\">\n<td class=\"c14\" style=\"height: 544px\" colspan=\"1\" rowspan=\"1\">\n<p class=\"c3\"><span class=\"c1 c4\">Mesa Redonda: <\/span><span class=\"c8 c1\">O protagonismo da<br \/>\nEnfermagem e os campos de atua\u00e7\u00e3o.<\/span><\/p>\n<p id=\"h.gjdgxs\" class=\"c3\"><span class=\"c1 c22 c21\">Sala: <\/span><span class=\"c5\"><a class=\"c0\" href=\"https:\/\/www.google.com\/url?q=https:\/\/meet.google.com\/gdh-fppx-rzh&amp;sa=D&amp;ust=1596817297637000&amp;usg=AOvVaw2p0KeJHQe7CeSe41EC4qze\">https:\/\/meet.google.com\/gdh-fppx-rzh<\/a><\/span><\/p>\n<\/td>\n<td class=\"c2\" style=\"height: 544px\" colspan=\"1\" rowspan=\"1\">\n<p class=\"c3\"><span class=\"c9 c1 c22\">RESPONS\u00c1VEIS PELA ATIVIDADE: Profa. Dra. Katia Motta e<br \/>\nProfa. Dra. Beatriz Maria Jorge;<\/span><\/p>\n<p class=\"c3 c15\">&nbsp;<\/p>\n<p class=\"c3\"><span class=\"c9 c1 c22\">PARTICIPANTES:<\/span><\/p>\n<p class=\"c3\"><span class=\"c1 c22\">Profa. Dra.&nbsp;<\/span><span class=\"c8 c1\">Beatriz Maria<br \/>\nJorge;<\/span><\/p>\n<p class=\"c3\"><span class=\"c8 c1\">Enf. Esp. Juliana Santos Attilio;<\/span><\/p>\n<p class=\"c3\"><span class=\"c8 c1\">Prof. Dr. \u00cdtalo Rodolfo Silva;<\/span><\/p>\n<p class=\"c3\"><span class=\"c8 c1\">Enf. Me. Nayara Frais de Andrade Reith;<\/span><\/p>\n<p class=\"c3\"><span class=\"c8 c1\">&nbsp;Enf. Esp. Emileide dos Santos Almeida Vaz;<\/span><\/p>\n<p class=\"c3\"><span class=\"c8 c1\">&nbsp;Profa. Dra. Cassia Barbosa Reis;<\/span><\/p>\n<p class=\"c3\"><span class=\"c8 c1\">Enf. Esp. Bruna Andrade dos Santos Oliveira;<\/span><\/p>\n<p class=\"c3\"><span class=\"c1 c21 c22\">Enf. Camiliany Pereira da Silva;<\/span><\/p>\n<p class=\"c13 c15\">&nbsp;<\/p>\n<\/td>\n<td class=\"c20\" style=\"height: 544px\" colspan=\"1\" rowspan=\"1\">\n<p class=\"c13\"><span class=\"c22 c21 c26\">19 de agosto de 2020 <\/span><\/p>\n<\/td>\n<td class=\"c17\" style=\"height: 544px\" colspan=\"1\" rowspan=\"1\">\n<p class=\"c13\"><span class=\"c26 c22 c21\">19:00 \u00e0s 22:00 h<\/span><\/p>\n<\/td>\n<\/tr>\n<tr class=\"c19\" style=\"height: 280px\">\n<td class=\"c14\" style=\"height: 280px\" colspan=\"1\" rowspan=\"1\">\n<p class=\"c13\"><span class=\"c1\">Mesa Redonda: <\/span><span class=\"c9 c1 c4 c21\">Professores (as): as<br \/>\nnovas tecnologias de ensino nas licenciaturas e outros desafios da atualidade na vida<br \/>\ndocente.<\/span><\/p>\n<p class=\"c13\"><span class=\"c1 c23 c21\">Sala: <\/span><span class=\"c10\"><a class=\"c0\" href=\"https:\/\/www.google.com\/url?q=https:\/\/meet.google.com\/sbs-yfjz-ujx&amp;sa=D&amp;ust=1596817297641000&amp;usg=AOvVaw2SxqHDpqlgojAbBkIpBs8m\">https:\/\/meet.google.com\/sbs-yfjz-ujx<\/a><\/span><\/p>\n<\/td>\n<td class=\"c2\" style=\"height: 280px\" colspan=\"1\" rowspan=\"1\">\n<p class=\"c13\"><span class=\"c1 c23 c21\">RESPONS\u00c1VEL PELA ATIVIDADE: <\/span><span class=\"c1 c4 c21\">Profa. Dra. Tiana Andreza Melo Antunes<\/span><\/p>\n<p class=\"c13 c15\">&nbsp;<\/p>\n<p class=\"c13\"><span class=\"c7 c1\">PARTICIPANTES:<\/span><\/p>\n<p class=\"c13\"><span class=\"c9 c1 c4 c21\">&#8211; Profa. Dra. Tiana Andreza Melo Antunes (coordenadora da<br \/>\nmesa-redonda);<\/span><\/p>\n<p class=\"c13\"><span class=\"c9 c1 c4 c21\">&#8211; Prof. Dr. Fabr\u00edcio Augusto Souza Gomes; <\/span><\/p>\n<p class=\"c13\"><span class=\"c1 c4 c21\">&#8211; Profa. Dra. M\u00e1rcia Andrade Morais Cabral.<\/span><\/p>\n<\/td>\n<td class=\"c20\" style=\"height: 280px\" colspan=\"1\" rowspan=\"1\">\n<p class=\"c13\"><span class=\"c9 c1 c12\">20 de agosto de 2020<\/span><\/p>\n<\/td>\n<td class=\"c17\" style=\"height: 280px\" colspan=\"1\" rowspan=\"1\">\n<p class=\"c13\"><span class=\"c9 c1 c12\">19:00 \u00e0s 22:00 h<\/span><\/p>\n<\/td>\n<\/tr>\n<tr class=\"c19\" style=\"height: 384px\">\n<td class=\"c14\" style=\"height: 384px\" colspan=\"1\" rowspan=\"1\">\n<p class=\"c3\"><span class=\"c9 c1 c4\">Mesa Redonda: \u00c1reas de atua\u00e7\u00e3o do<br \/>\nProfissional de TI no mercado de Trabalho.<br \/>\n<\/span><\/p>\n<p class=\"c3\"><span class=\"c1 c4\">Sala: <\/span><span class=\"c24 c21\">&nbsp;<\/span><span class=\"c5\"><a class=\"c0\" href=\"https:\/\/www.google.com\/url?q=https:\/\/meet.google.com\/rda-ynai-gin&amp;sa=D&amp;ust=1596817297644000&amp;usg=AOvVaw3CGpL1JUaiJ_DK7oy_M3yO\">https:\/\/meet.google.com\/rda-ynai-gin<\/a><\/span><\/p>\n<\/td>\n<td class=\"c2\" style=\"height: 384px\" colspan=\"1\" rowspan=\"1\">\n<p class=\"c13\"><span class=\"c1 c23 c21\">RESPONS\u00c1VEL PELA ATIVIDADE: <\/span><span class=\"c9 c1 c4\">&nbsp;Profa. Ma.Priscila Martins <\/span><\/p>\n<p class=\"c13 c15\">&nbsp;<\/p>\n<p class=\"c13\"><span class=\"c7 c1\">PARTICIPANTES:<\/span><\/p>\n<p class=\"c13\"><span class=\"c9 c1 c4\">&#8211; Facilitadores: Professor Dr. Keiller Nogueira (Computing<br \/>\nScience, University of Stirling, Scotland, UK) e egressos do Curso de Sistemas de<br \/>\nInforma\u00e7\u00e3o.<\/span><\/p>\n<p class=\"c13\"><span class=\"c9 c1 c4\">&#8211; Mediadora: Professora Ma. Priscila Martins. <\/span><\/p>\n<p class=\"c13 c15\">&nbsp;<\/p>\n<p class=\"c13 c15\">&nbsp;<\/p>\n<p class=\"c13 c15\">&nbsp;<\/p>\n<\/td>\n<td class=\"c20\" style=\"height: 384px\" colspan=\"1\" rowspan=\"1\">\n<p class=\"c13\"><span class=\"c1 c4\">20 de agosto de 2020<\/span><\/p>\n<\/td>\n<td class=\"c17\" style=\"height: 384px\" colspan=\"1\" rowspan=\"1\">\n<p class=\"c13\"><span class=\"c1 c4\">19:00 &nbsp;\u00e0s 22:00 h<\/span><\/p>\n<\/td>\n<\/tr>\n<tr class=\"c19\" style=\"height: 384px\">\n<td class=\"c14\" style=\"height: 384px\" colspan=\"1\" rowspan=\"1\">\n<p class=\"c3\"><span class=\"c9 c1 c4\">Mesa Redonda: \u00c1reas de atua\u00e7\u00e3o do<br \/>\nProfissional de TI no mercado de Trabalho.<\/span><\/p>\n<p class=\"c3\"><span class=\"c1 c4\">Sala: <\/span><span class=\"c21 c24\">&nbsp;<\/span><span class=\"c5\"><a class=\"c0\" href=\"https:\/\/www.google.com\/url?q=https:\/\/meet.google.com\/rda-ynai-gin&amp;sa=D&amp;ust=1596817297648000&amp;usg=AOvVaw3Q8OxWI0ikMaYrYd-Yw3Oi\">https:\/\/meet.google.com\/rda-ynai-gin<\/a><\/span><span class=\"c9 c1 c4\"><br \/>\n<\/span><\/p>\n<\/td>\n<td class=\"c2\" style=\"height: 384px\" colspan=\"1\" rowspan=\"1\">\n<p class=\"c13\"><span class=\"c1 c23 c21\">RESPONS\u00c1VEL PELA ATIVIDADE: <\/span><span class=\"c9 c1 c4\">&nbsp;Profa. Ma.Priscila Martins <\/span><\/p>\n<p class=\"c13 c15\">&nbsp;<\/p>\n<p class=\"c13\"><span class=\"c7 c1\">PARTICIPANTES:<\/span><\/p>\n<p class=\"c13\"><span class=\"c9 c1 c4\">&#8211; Facilitadores: Professor Dr. Keiller Nogueira (Computing<br \/>\nScience, University of Stirling, Scotland, UK) e egressos do Curso de Sistemas de<br \/>\nInforma\u00e7\u00e3o.<\/span><\/p>\n<p class=\"c13\"><span class=\"c9 c1 c4\">&#8211; Mediadora: Professora Ma. Priscila Martins <\/span><\/p>\n<p class=\"c13 c15\">&nbsp;<\/p>\n<p class=\"c13 c15\">&nbsp;<\/p>\n<p class=\"c13 c15\">&nbsp;<\/p>\n<\/td>\n<td class=\"c20\" style=\"height: 384px\" colspan=\"1\" rowspan=\"1\">\n<p class=\"c13\"><span class=\"c1 c4\">21 de agosto de 2020<\/span><\/p>\n<\/td>\n<td class=\"c17\" style=\"height: 384px\" colspan=\"1\" rowspan=\"1\">\n<p class=\"c13\"><span class=\"c1 c4\">19:00 &nbsp;\u00e0s 22:00 h<\/span><\/p>\n<\/td>\n<\/tr>\n<tr class=\"c19\" style=\"height: 344px\">\n<td class=\"c14\" style=\"height: 344px\" colspan=\"1\" rowspan=\"1\">\n<p class=\"c13\"><span class=\"c1\">Mesa Redonda: <\/span><span class=\"c7 c1\">&nbsp;Devo pesquisar na<br \/>\ngradua\u00e7\u00e3o? Relatos de experi\u00eancias para a forma\u00e7\u00e3o<br \/>\ncontinuada.&nbsp;<\/span><\/p>\n<p class=\"c13\"><span class=\"c1 c21 c23\">Sala: <\/span><span class=\"c10\"><a class=\"c0\" href=\"https:\/\/www.google.com\/url?q=https:\/\/meet.google.com\/sbs-yfjz-ujx&amp;sa=D&amp;ust=1596817297652000&amp;usg=AOvVaw1oqUmSE476HLZSperJ7975\">https:\/\/meet.google.com\/sbs-yfjz-ujx<\/a><\/span><\/p>\n<\/td>\n<td class=\"c2\" style=\"height: 344px\" colspan=\"1\" rowspan=\"1\">\n<p class=\"c13\"><span class=\"c7 c1\">RESPONS\u00c1VEL PELA ATIVIDADE: Profa. Dra. Eliene Dias de<br \/>\nOliveira<\/span><\/p>\n<p class=\"c13 c15\">&nbsp;<\/p>\n<p class=\"c13\"><span class=\"c7 c1\">PARTICIPANTES:<\/span><\/p>\n<p class=\"c13\"><span class=\"c7 c1\">&#8211; Profa. Dra. Eliene Dias de Oliveira (coordenadora da<br \/>\nmesa-redonda);<\/span><\/p>\n<p class=\"c13\"><span class=\"c7 c1\">&#8211; Prof. Dr. Renato Jales Silva Junior<\/span><\/p>\n<p class=\"c13\"><span class=\"c7 c1\">&nbsp;&#8211; Prof. Dr. Marcos Louren\u00e7o de Amorim;<\/span><\/p>\n<p class=\"c13 c15\">&nbsp;<\/p>\n<\/td>\n<td class=\"c20\" style=\"height: 344px\" colspan=\"1\" rowspan=\"1\">\n<p class=\"c13\"><span class=\"c1 c23 c21\">21 de agosto de 2020<\/span><\/p>\n<\/td>\n<td class=\"c17\" style=\"height: 344px\" colspan=\"1\" rowspan=\"1\">\n<p class=\"c13\"><span class=\"c9 c1 c12\">19:00 \u00e0s 22:00 h<\/span><\/p>\n<\/td>\n<\/tr>\n<\/tbody>\n<\/table>\n<p>&nbsp;<\/p>\n","protected":false},"excerpt":{"rendered":"<p>&nbsp; Atividade Respons\u00e1veis e Participantes Dia Hor\u00e1rio Mesa Redonda: &nbsp;Devo pesquisar na gradua\u00e7\u00e3o? Relatos de experi\u00eancias para a forma\u00e7\u00e3o continuada.&nbsp; Sala: https:\/\/meet.google.com\/sbs-yfjz-ujx RESPONS\u00c1VEL PELA ATIVIDADE: Profa. Dra. Silvana Aparecida da Silva Zanchett ; &nbsp; PARTICIPANTES: &#8211; Profa. Dra. Silvana Aparecida da Silva Zanchett (coordenadora da mesa-redonda); &#8211; Prof. Dr. Carlos Eduardo da Costa Campos; &#8211; [&hellip;]<\/p>\n","protected":false},"author":7210,"featured_media":0,"parent":0,"menu_order":0,"comment_status":"closed","ping_status":"closed","template":"page-templates\/clean-page.php","meta":{"_eb_attr":"","ngg_post_thumbnail":0,"footnotes":""},"coauthors":[],"class_list":["post-6042","page","type-page","status-publish","hentry"],"_links":{"self":[{"href":"https:\/\/cpcx.ufms.br\/en\/wp-json\/wp\/v2\/pages\/6042","targetHints":{"allow":["GET"]}}],"collection":[{"href":"https:\/\/cpcx.ufms.br\/en\/wp-json\/wp\/v2\/pages"}],"about":[{"href":"https:\/\/cpcx.ufms.br\/en\/wp-json\/wp\/v2\/types\/page"}],"author":[{"embeddable":true,"href":"https:\/\/cpcx.ufms.br\/en\/wp-json\/wp\/v2\/users\/7210"}],"replies":[{"embeddable":true,"href":"https:\/\/cpcx.ufms.br\/en\/wp-json\/wp\/v2\/comments?post=6042"}],"version-history":[{"count":13,"href":"https:\/\/cpcx.ufms.br\/en\/wp-json\/wp\/v2\/pages\/6042\/revisions"}],"predecessor-version":[{"id":6056,"href":"https:\/\/cpcx.ufms.br\/en\/wp-json\/wp\/v2\/pages\/6042\/revisions\/6056"}],"wp:attachment":[{"href":"https:\/\/cpcx.ufms.br\/en\/wp-json\/wp\/v2\/media?parent=6042"}],"wp:term":[{"taxonomy":"author","embeddable":true,"href":"https:\/\/cpcx.ufms.br\/en\/wp-json\/wp\/v2\/coauthors?post=6042"}],"curies":[{"name":"wp","href":"https:\/\/api.w.org\/{rel}","templated":true}]}}