{"id":6072,"date":"2020-08-13T09:59:38","date_gmt":"2020-08-13T13:59:38","guid":{"rendered":"https:\/\/cpcx.ufms.br\/?page_id=6072"},"modified":"2026-02-25T13:49:09","modified_gmt":"2026-02-25T17:49:09","slug":"horarios","status":"publish","type":"page","link":"https:\/\/cpcx.ufms.br\/en\/letras\/horarios\/","title":{"rendered":"Hor\u00e1rios 2026\/1"},"content":{"rendered":"<p style=\"text-align: justify\" data-start=\"94\" data-end=\"225\">Nesta p\u00e1gina est\u00e3o dispon\u00edveis os hor\u00e1rios das disciplinas ofertadas no curso de <strong>Letras<\/strong>, organizados por per\u00edodo e semestre letivo.<\/p>\n<p style=\"text-align: justify\" data-start=\"227\" data-end=\"509\">As informa\u00e7\u00f5es contemplam <strong>dias da semana<\/strong>, <strong>turnos<\/strong>, <strong>docentes<\/strong> <strong>respons\u00e1veis<\/strong> e <strong>componentes<\/strong> <strong>curriculares<\/strong>, conforme planejamento acad\u00eamico vigente. Recomenda-se que os estudantes verifiquem atentamente sua matr\u00edcula e acompanhem poss\u00edveis atualiza\u00e7\u00f5es divulgadas pela <strong>Coordena\u00e7\u00e3o do Curso<\/strong>.<\/p>\n<p style=\"text-align: justify\" data-start=\"511\" data-end=\"705\">Eventuais ajustes de hor\u00e1rio poder\u00e3o ocorrer em raz\u00e3o de demandas acad\u00eamicas, adequa\u00e7\u00f5es institucionais ou necessidades pedag\u00f3gicas, sendo devidamente comunicados pelos canais oficiais do curso.<\/p>\n<p style=\"text-align: justify\" data-start=\"707\" data-end=\"793\">Em caso de d\u00favidas, os estudantes devem entrar em contato com a <strong>Coordena\u00e7\u00e3o de Letras<\/strong>.<\/p>\n<p style=\"text-align: justify\">&nbsp;<\/p>\n<p style=\"text-align: center\"><a href=\"https:\/\/cpcx.ufms.br\/files\/2026\/02\/Hora\u0301rios-do-curso-de-Letras-2026.1.pdf\" class=\"pdfemb-viewer\" style=\"\" data-width=\"max\" data-height=\"max\" data-toolbar=\"bottom\" data-toolbar-fixed=\"off\">Hora\u0301rios do curso de Letras 2026.1<\/a>\n<p style=\"text-align: center\"><strong><em><a href=\"https:\/\/cpcx.ufms.br\/files\/2026\/02\/Hora\u0301rios-do-curso-de-Letras-2026.1.pdf\" target=\"_blank\" rel=\"noopener\">DOWNLOAD<\/a><\/em><\/strong><\/p>\n","protected":false},"excerpt":{"rendered":"<p>Nesta p\u00e1gina est\u00e3o dispon\u00edveis os hor\u00e1rios das disciplinas ofertadas no curso de Letras, organizados por per\u00edodo e semestre letivo. As informa\u00e7\u00f5es contemplam dias da semana, turnos, docentes respons\u00e1veis e componentes curriculares, conforme planejamento acad\u00eamico vigente. Recomenda-se que os estudantes verifiquem atentamente sua matr\u00edcula e acompanhem poss\u00edveis atualiza\u00e7\u00f5es divulgadas pela Coordena\u00e7\u00e3o do Curso. Eventuais ajustes de [&hellip;]<\/p>\n","protected":false},"author":7210,"featured_media":0,"parent":569,"menu_order":0,"comment_status":"closed","ping_status":"closed","template":"","meta":{"_eb_attr":"","ngg_post_thumbnail":0,"footnotes":""},"coauthors":[140,116],"class_list":["post-6072","page","type-page","status-publish","hentry"],"_links":{"self":[{"href":"https:\/\/cpcx.ufms.br\/en\/wp-json\/wp\/v2\/pages\/6072","targetHints":{"allow":["GET"]}}],"collection":[{"href":"https:\/\/cpcx.ufms.br\/en\/wp-json\/wp\/v2\/pages"}],"about":[{"href":"https:\/\/cpcx.ufms.br\/en\/wp-json\/wp\/v2\/types\/page"}],"author":[{"embeddable":true,"href":"https:\/\/cpcx.ufms.br\/en\/wp-json\/wp\/v2\/users\/7210"}],"replies":[{"embeddable":true,"href":"https:\/\/cpcx.ufms.br\/en\/wp-json\/wp\/v2\/comments?post=6072"}],"version-history":[{"count":16,"href":"https:\/\/cpcx.ufms.br\/en\/wp-json\/wp\/v2\/pages\/6072\/revisions"}],"predecessor-version":[{"id":13578,"href":"https:\/\/cpcx.ufms.br\/en\/wp-json\/wp\/v2\/pages\/6072\/revisions\/13578"}],"up":[{"embeddable":true,"href":"https:\/\/cpcx.ufms.br\/en\/wp-json\/wp\/v2\/pages\/569"}],"wp:attachment":[{"href":"https:\/\/cpcx.ufms.br\/en\/wp-json\/wp\/v2\/media?parent=6072"}],"wp:term":[{"taxonomy":"author","embeddable":true,"href":"https:\/\/cpcx.ufms.br\/en\/wp-json\/wp\/v2\/coauthors?post=6072"}],"curies":[{"name":"wp","href":"https:\/\/api.w.org\/{rel}","templated":true}]}}